{"id":10,"date":"2024-03-19T09:26:35","date_gmt":"2024-03-19T16:26:35","guid":{"rendered":"https:\/\/samhealth.org\/ihn\/?page_id=10"},"modified":"2026-03-12T16:34:32","modified_gmt":"2026-03-12T23:34:32","slug":"sus-beneficios","status":"publish","type":"page","link":"https:\/\/ihntogether.org\/es\/your-benefits\/","title":{"rendered":"Sus beneficios"},"content":{"rendered":"<section id=\"block_c765735f987b2a64bd4eb387c98541bc\" class=\"shs-block block-section grid-container has-gray-warm-background-color\" >\n\t\t<div class=\"entry-content\">\n\n<h1 class=\"wp-block-heading\" id=\"h-your-benefits\">Sus beneficios<\/h1>\n\n<\/div>\n\t<\/section>\n\n\n\n<section id=\"block_0dabb5a8789d36fbfe4f5b994619c0a4\" class=\"shs-block block-section grid-container has-white-background-color\" >\n\t\t<div class=\"entry-content\">\n\n<h2 class=\"wp-block-heading has-text-align-left\">IHN-CCO es su plan de salud de Oregon en los condados de Benton, Lincoln y Linn<\/h2>\n\n\n<section id=\"block_2c1b5c3bdd0b67edbce7bbd51274778e\" class=\"shs-block two-columns\">\n<div class=\"entry-content two-column-grid\">\n<div class=\"entry-content shs-block column\">\n\n<h3 class=\"wp-block-heading\">Inf\u00f3rmese sobre su cobertura IHN-CCO y su tarjeta de identificaci\u00f3n de miembro.<\/h3>\n\n\n\n<figure class=\"wp-block-embed is-type-video is-provider-youtube wp-block-embed-youtube wp-embed-aspect-16-9 wp-has-aspect-ratio\"><div class=\"wp-block-embed__wrapper\">\n<iframe loading=\"lazy\" title=\"IHN-CCO es su plan de salud en Oregon\" width=\"500\" height=\"281\" src=\"https:\/\/www.youtube.com\/embed\/ELz2WJUtfWw?feature=oembed&#038;rel=0\" frameborder=\"0\" allow=\"accelerometer; autoplay; clipboard-write; encrypted-media; gyroscope; picture-in-picture; web-share\" referrerpolicy=\"strict-origin-when-cross-origin\" allowfullscreen><\/iframe>\n<\/div><\/figure>\n\n<\/div>\n\n\n<div class=\"entry-content shs-block column\">\n\n<h3 class=\"wp-block-heading\">Conozca su cobertura de IHN-CCO y su tarjeta de identificaci\u00f3n de miembro.<\/h3>\n\n\n\n<figure class=\"wp-block-embed is-type-video is-provider-youtube wp-block-embed-youtube wp-embed-aspect-16-9 wp-has-aspect-ratio\"><div class=\"wp-block-embed__wrapper\">\n<iframe loading=\"lazy\" title=\"IHN-CCO es su plan de salud de Oregon\" width=\"500\" height=\"281\" src=\"https:\/\/www.youtube.com\/embed\/wqVZpIcwO9g?feature=oembed&#038;rel=0\" frameborder=\"0\" allow=\"accelerometer; autoplay; clipboard-write; encrypted-media; gyroscope; picture-in-picture; web-share\" referrerpolicy=\"strict-origin-when-cross-origin\" allowfullscreen><\/iframe>\n<\/div><\/figure>\n\n<\/div>\n\n<\/div>\n<\/section>\n\n\n\n<h2 class=\"wp-block-heading\">Aproveche al m\u00e1ximo su plan de salud de Oregon<\/h2>\n\n\n\n<p>Conozca los tipos de cobertura, vea qu\u00e9 est\u00e1 (y qu\u00e9 no est\u00e1) cubierto, revise qu\u00e9 servicios est\u00e1n disponibles y acceda a formularios e informaci\u00f3n \u00fatiles para ayudarlo a obtener una excelente atenci\u00f3n a trav\u00e9s de IHN-CCO, su organizaci\u00f3n de atenci\u00f3n coordinada para Benton, Lincoln, Linn y partes de los condados de Marion y Polk. <\/p>\n\n\n\n<h3 class=\"wp-block-heading\"><strong>M\u00e9dico<\/strong><\/h3>\n\n\n\n<p>\u00bfEnfermo? Vamos a ayudarte a recuperarte. \u00bfTe sientes bien? \u00a1Vamos a mantenerte as\u00ed!<\/p>\n\n\n\n<p>Obtenga informaci\u00f3n sobre chequeos, vacunas, diagn\u00f3sticos (pruebas para descubrir qu\u00e9 est\u00e1 mal), atenci\u00f3n de emergencia, planificaci\u00f3n familiar, atenci\u00f3n durante el embarazo y el reci\u00e9n nacido, tratamiento de adicciones y m\u00e1s.<\/p>\n\n\n\n<div class=\"wp-block-buttons is-layout-flex wp-block-buttons-is-layout-flex\">\n<div class=\"wp-block-button\"><a class=\"wp-block-button__link wp-element-button\" href=\"https:\/\/ihntogether.org\/es\/sus-beneficios\/medico\/\">Sus beneficios m\u00e9dicos<\/a><\/div>\n<\/div>\n\n\n\n<h3 class=\"wp-block-heading\"><strong>Dental<\/strong><\/h3>\n\n\n\n<p>Desde limpiezas de rutina hasta endodoncias, podemos ayudarle a seguir sonriendo.<\/p>\n\n\n\n<p>Aprenda sobre radiograf\u00edas, empastes, extracciones, coronas, ex\u00e1menes y evaluaciones, dentaduras postizas, atenci\u00f3n de emergencia y m\u00e1s.<\/p>\n\n\n\n<div class=\"wp-block-buttons is-layout-flex wp-block-buttons-is-layout-flex\">\n<div class=\"wp-block-button\"><a class=\"wp-block-button__link wp-element-button\" href=\"https:\/\/ihntogether.org\/es\/sus-beneficios\/dental\/\">Sus beneficios dentales<\/a><\/div>\n<\/div>\n\n\n\n<h3 class=\"wp-block-heading\"><strong>Salud conductual<\/strong><\/h3>\n\n\n\n<p>Un consejero lo escuchar\u00e1 y le ayudar\u00e1 a determinar si el tratamiento de salud mental es adecuado para usted.<\/p>\n\n\n\n<p>Obtenga informaci\u00f3n sobre evaluaci\u00f3n, asesoramiento, terapia grupal\/familiar, administraci\u00f3n de medicamentos, servicios de crisis, administraci\u00f3n de casos, servicios residenciales y m\u00e1s.<\/p>\n\n\n\n<div class=\"wp-block-buttons is-layout-flex wp-block-buttons-is-layout-flex\">\n<div class=\"wp-block-button\"><a class=\"wp-block-button__link wp-element-button\" href=\"https:\/\/ihntogether.org\/es\/sus-beneficios\/salud-conductual\/\">Sus beneficios de salud conductual<\/a><\/div>\n<\/div>\n\n\n\n<h3 class=\"wp-block-heading\"><strong>Medicamentos con receta<\/strong><\/h3>\n\n\n\n<p>Si su proveedor m\u00e9dico, dental o de salud mental de IHN-CCO le recet\u00f3 un medicamento, es probable que est\u00e9 cubierto. Nuestro formulario incluye todos los medicamentos que cubrimos; si necesita un medicamento que no est\u00e1 en el formulario, su m\u00e9dico puede solicitar una excepci\u00f3n.<\/p>\n\n\n\n<div class=\"wp-block-buttons is-layout-flex wp-block-buttons-is-layout-flex\">\n<div class=\"wp-block-button\"><a class=\"wp-block-button__link wp-element-button\" href=\"https:\/\/ihntogether.org\/es\/sus-beneficios\/medicamentos-recetados\/\">Sus beneficios de prescripci\u00f3n<\/a><\/div>\n<\/div>\n\n\n\n<h3 class=\"wp-block-heading\" id=\"h-climate-housing-amp-nutrition\"><strong>Clima, vivienda y nutrici\u00f3n<\/strong><\/h3>\n\n\n\n<p>Las necesidades sociales relacionadas con la salud (HRSN, por sus siglas en ingl\u00e9s) son necesidades sociales y econ\u00f3micas que afectan su capacidad para mantener la salud y el bienestar. A trav\u00e9s de la exenci\u00f3n de Medicaid 1115 de Oregon, el estado podr\u00e1 cubrir nuevos servicios de HRSN para miembros elegibles del Plan de Salud de Oregon (OHP, por sus siglas en ingl\u00e9s). Los servicios pueden incluir: apoyo clim\u00e1tico, apoyo de vivienda y\/o apoyo nutricional. <\/p>\n\n\n\n<div class=\"wp-block-buttons is-layout-flex wp-block-buttons-is-layout-flex\">\n<div class=\"wp-block-button\"><a class=\"wp-block-button__link wp-element-button\" href=\"https:\/\/ihntogether.org\/es\/transformando-la-atencion-sanitaria\/necesidades-sociales-relacionadas-con-la-salud\/\">Servicios de HRSN<\/a><\/div>\n<\/div>\n\n\n\n<h3 class=\"wp-block-heading\"><strong>Servicios no cubiertos<\/strong><\/h3>\n\n\n\n<p>No todos los servicios est\u00e1n cubiertos por el Plan de Salud de Oregon. Conozca qu\u00e9 servicios no est\u00e1n cubiertos, qu\u00e9 servicios est\u00e1n limitados y qu\u00e9 hacer si necesita un servicio o tratamiento que no est\u00e1 cubierto.<\/p>\n\n\n\n<div class=\"wp-block-buttons is-layout-flex wp-block-buttons-is-layout-flex\">\n<div class=\"wp-block-button\"><a class=\"wp-block-button__link wp-element-button\" href=\"https:\/\/ihntogether.org\/es\/sus-beneficios\/servicios-no-cubiertos\/\">Ver Servicios No Cubiertos<\/a><\/div>\n<\/div>\n\n\n\n<h3 class=\"wp-block-heading\" id=\"h-see-your-member-handbook\"><strong>Consulte su Manual del Miembro<\/strong><\/h3>\n\n\n\n<p>Para obtener una descripci\u00f3n completa de todos los beneficios y servicios disponibles para usted, consulte su manual IHN-CCO:<\/p>\n\n\n\n<div class=\"wp-block-buttons is-layout-flex wp-block-buttons-is-layout-flex\">\n<div class=\"wp-block-button\"><a class=\"wp-block-button__link wp-element-button\" href=\"https:\/\/samhealthplans.org\/wp-content\/uploads\/sites\/3\/2023\/06\/Member-Handbook-IHN-CCO.pdf\" target=\"_blank\" rel=\"noreferrer noopener\">Manual del miembro (English)<\/a><\/div>\n\n\n\n<div class=\"wp-block-button\"><a class=\"wp-block-button__link wp-element-button\" href=\"https:\/\/samhealthplans.org\/wp-content\/uploads\/sites\/3\/2023\/06\/Member-Handbook-IHN-CCO-Spanish.pdf\" target=\"_blank\" rel=\"noreferrer noopener\">Manual del miembro (espa\u00f1ol)<\/a><\/div>\n<\/div>\n\n<\/div>\n\t<\/section>\n\n\n\n<section id=\"block_2e2226a7e7c6f68ceba6b6ee76d34441\" class=\"shs-block block-section grid-container has-gray-warm-background-color has-full-bleed-image\" >\n\t\t\t<figure class=\"image\"\n\t\t\tstyle=\"background-image: url(https:\/\/ihntogether.org\/wp-content\/uploads\/sites\/4\/2023\/12\/woman-reading-through-paperwork-RECT.jpg)\" \t\t\t>\n\t\t\t<img loading=\"lazy\" decoding=\"async\" width=\"800\" height=\"533\" src=\"https:\/\/ihntogether.org\/wp-content\/uploads\/sites\/4\/2023\/12\/woman-reading-through-paperwork-RECT.jpg\" class=\"attachment-full size-full\" alt=\"\" srcset=\"https:\/\/ihntogether.org\/wp-content\/uploads\/sites\/4\/2023\/12\/woman-reading-through-paperwork-RECT.jpg 800w, https:\/\/ihntogether.org\/wp-content\/uploads\/sites\/4\/2023\/12\/woman-reading-through-paperwork-RECT-300x200.jpg 300w, https:\/\/ihntogether.org\/wp-content\/uploads\/sites\/4\/2023\/12\/woman-reading-through-paperwork-RECT-768x512.jpg 768w, https:\/\/ihntogether.org\/wp-content\/uploads\/sites\/4\/2023\/12\/woman-reading-through-paperwork-RECT-150x100.jpg 150w\" sizes=\"auto, (max-width: 800px) 100vw, 800px\" \/>\t\t<\/figure>\n\t\t<div class=\"entry-content\">\n\n<h2 class=\"wp-block-heading\">\u00bfC\u00f3mo hago\u2026?<\/h2>\n\n\n\n<p>Aprenda a qui\u00e9n contactar para obtener citas, ayuda y si tiene una queja.<\/p>\n\n\n\n<div class=\"wp-block-buttons is-layout-flex wp-block-buttons-is-layout-flex\">\n<div class=\"wp-block-button\"><a class=\"wp-block-button__link wp-element-button\" href=\"https:\/\/ihntogether.org\/es\/sus-beneficios\/como-hago\/\">\u00bfC\u00f3mo hago\u2026?<\/a><\/div>\n<\/div>\n\n<\/div>\n\t<\/section>\n\n\n\n<section id=\"block_feacca52c33b7fc74613c0c8fd040e07\" class=\"shs-block block-section grid-container has-white-background-color has-full-bleed-image col-reverse\" >\n\t\t\t<figure class=\"image\"\n\t\t\tstyle=\"background-image: url(https:\/\/ihntogether.org\/wp-content\/uploads\/sites\/4\/2023\/12\/dad-reading-book-to-son.jpg)\" \t\t\t>\n\t\t\t<img loading=\"lazy\" decoding=\"async\" width=\"800\" height=\"512\" src=\"https:\/\/ihntogether.org\/wp-content\/uploads\/sites\/4\/2023\/12\/dad-reading-book-to-son.jpg\" class=\"attachment-full size-full\" alt=\"\" srcset=\"https:\/\/ihntogether.org\/wp-content\/uploads\/sites\/4\/2023\/12\/dad-reading-book-to-son.jpg 800w, https:\/\/ihntogether.org\/wp-content\/uploads\/sites\/4\/2023\/12\/dad-reading-book-to-son-300x192.jpg 300w, https:\/\/ihntogether.org\/wp-content\/uploads\/sites\/4\/2023\/12\/dad-reading-book-to-son-768x492.jpg 768w, https:\/\/ihntogether.org\/wp-content\/uploads\/sites\/4\/2023\/12\/dad-reading-book-to-son-156x100.jpg 156w\" sizes=\"auto, (max-width: 800px) 100vw, 800px\" \/>\t\t<\/figure>\n\t\t<div class=\"entry-content\">\n\n<h2 class=\"wp-block-heading\">Renueve su plan de salud de Oregon<\/h2>\n\n\n\n<p>Si alguien en su hogar recibi\u00f3 una carta de la Oregon Health Authority (OHA) solicitando renovar el Plan de Salud de Oregon (OHP) para su hogar, aprenda c\u00f3mo renovar su cobertura.<\/p>\n\n\n\n<div class=\"wp-block-buttons is-layout-flex wp-block-buttons-is-layout-flex\">\n<div class=\"wp-block-button\"><a class=\"wp-block-button__link wp-element-button\" href=\"https:\/\/ihntogether.org\/es\/sus-beneficios\/renovacion-de-su-plan-de-salud-de-oregon\/\">Descubra c\u00f3mo<\/a><\/div>\n<\/div>\n\n<\/div>\n\t<\/section>\n\n\n\n<section id=\"block_93d49d0e4ae86b0c3c721ade12ae29f3\" class=\"shs-block block-section grid-container has-breeze-background-color\" >\n\t\t<div class=\"entry-content\">\n\n<h2 class=\"wp-block-heading\">Formularios de membres\u00eda<\/h2>\n\n\n\n<p>Ya sea que est\u00e9 solicitando una audiencia o apelaci\u00f3n, quiera cambiar su plan dental o proveedor de atenci\u00f3n primaria, o quiera seleccionar un representante autorizado para trabajar con su plan de salud en su nombre, hay un formulario para eso (y m\u00e1s).<\/p>\n\n\n\n<div class=\"wp-block-buttons is-content-justification-center is-layout-flex wp-container-core-buttons-is-layout-16018d1d wp-block-buttons-is-layout-flex\">\n<div class=\"wp-block-button\"><a class=\"wp-block-button__link has-text-align-center wp-element-button\" href=\"https:\/\/ihntogether.org\/es\/sus-beneficios\/formas\/\">Ir a Formularios<\/a><\/div>\n<\/div>\n\n<\/div>\n\t<\/section>\n\n\n\n<section id=\"block_d1104b1f790e26ea7f102466cfb4c5a2\" class=\"shs-block block-section grid-container has-white-background-color has-full-bleed-image\" >\n\t\t\t<figure class=\"image\"\n\t\t\tstyle=\"background-image: url(https:\/\/ihntogether.org\/wp-content\/uploads\/sites\/4\/2023\/12\/Woman-raising-hand.jpg)\" \t\t\t>\n\t\t\t<img loading=\"lazy\" decoding=\"async\" width=\"900\" height=\"576\" src=\"https:\/\/ihntogether.org\/wp-content\/uploads\/sites\/4\/2023\/12\/Woman-raising-hand.jpg\" class=\"attachment-full size-full\" alt=\"\" srcset=\"https:\/\/ihntogether.org\/wp-content\/uploads\/sites\/4\/2023\/12\/Woman-raising-hand.jpg 900w, https:\/\/ihntogether.org\/wp-content\/uploads\/sites\/4\/2023\/12\/Woman-raising-hand-300x192.jpg 300w, https:\/\/ihntogether.org\/wp-content\/uploads\/sites\/4\/2023\/12\/Woman-raising-hand-768x492.jpg 768w, https:\/\/ihntogether.org\/wp-content\/uploads\/sites\/4\/2023\/12\/Woman-raising-hand-156x100.jpg 156w\" sizes=\"auto, (max-width: 900px) 100vw, 900px\" \/>\t\t<\/figure>\n\t\t<div class=\"entry-content\">\n\n<h2 class=\"wp-block-heading\">\u00bfQuiere ayudar a mejorar la atenci\u00f3n sanitaria en su comunidad?<\/h2>\n\n\n\n<p>\u00a1\u00danase a nuestro Consejo Asesor Comunitario! El Consejo est\u00e1 buscando miembros de IHN-CCO como usted (o padres de miembros) que est\u00e9n interesados en influir en la atenci\u00f3n m\u00e9dica de nuestros miembros. Inf\u00f3rmese sobre el trabajo del Consejo y explore sus opciones para participar.<\/p>\n\n\n\n<div class=\"wp-block-buttons is-layout-flex wp-block-buttons-is-layout-flex\">\n<div class=\"wp-block-button\"><a class=\"wp-block-button__link wp-element-button\" href=\"https:\/\/ihntogether.org\/es\/consejo-asesor-comunitario\/\">\u00danase al Consejo<\/a><\/div>\n<\/div>\n\n<\/div>\n\t<\/section>\n\n\n\n<section id=\"block_c765735f987b2a64bd4eb387c98541bc\" class=\"shs-block block-section grid-container has-gray-warm-background-color\" >\n\t\t<div class=\"entry-content\">\n\n<h2 class=\"wp-block-heading\">Derechos y responsabilidades de los miembros<\/h2>\n\n\n\n<p>Sus \u201cderechos\u201d son las cosas que puede contar con recibir de IHN-CCO. Sus \u201cresponsabilidades\u201d son las cosas que necesitamos de usted. Como persona con cobertura de OHP, usted tiene muchos derechos y responsabilidades.<\/p>\n\n\n\n<div class=\"wp-block-buttons is-content-justification-center is-layout-flex wp-container-core-buttons-is-layout-16018d1d wp-block-buttons-is-layout-flex\">\n<div class=\"wp-block-button\"><a class=\"wp-block-button__link has-text-align-center wp-element-button\" href=\"https:\/\/ihntogether.org\/es\/sus-beneficios\/derechos-y-responsabilidades-de-los-miembros\/\">Derechos y responsabilidades<\/a><\/div>\n<\/div>\n\n<\/div>\n\t<\/section>\n\n\n\n<section id=\"block_0f522a97f3398f1cf83e73ec65bab607\" class=\"shs-block block-section grid-container has-white-background-color has-full-bleed-image col-reverse\" >\n\t\t\t<figure class=\"image\"\n\t\t\tstyle=\"background-image: url(https:\/\/ihntogether.org\/wp-content\/uploads\/sites\/4\/2023\/12\/woman-checking-phone-SS.jpg)\" \t\t\t>\n\t\t\t<img loading=\"lazy\" decoding=\"async\" width=\"1920\" height=\"1080\" src=\"https:\/\/ihntogether.org\/wp-content\/uploads\/sites\/4\/2023\/12\/woman-checking-phone-SS.jpg\" class=\"attachment-full size-full\" alt=\"Mujer sentada en los escalones revisando su tel\u00e9fono celular.\" srcset=\"https:\/\/ihntogether.org\/wp-content\/uploads\/sites\/4\/2023\/12\/woman-checking-phone-SS.jpg 1920w, https:\/\/ihntogether.org\/wp-content\/uploads\/sites\/4\/2023\/12\/woman-checking-phone-SS-300x169.jpg 300w, https:\/\/ihntogether.org\/wp-content\/uploads\/sites\/4\/2023\/12\/woman-checking-phone-SS-1024x576.jpg 1024w, https:\/\/ihntogether.org\/wp-content\/uploads\/sites\/4\/2023\/12\/woman-checking-phone-SS-768x432.jpg 768w, https:\/\/ihntogether.org\/wp-content\/uploads\/sites\/4\/2023\/12\/woman-checking-phone-SS-1536x864.jpg 1536w, https:\/\/ihntogether.org\/wp-content\/uploads\/sites\/4\/2023\/12\/woman-checking-phone-SS-178x100.jpg 178w\" sizes=\"auto, (max-width: 1920px) 100vw, 1920px\" \/>\t\t<\/figure>\n\t\t<div class=\"entry-content\">\n\n<h2 class=\"wp-block-heading\">Su portal de miembros<\/h2>\n\n\n\n<p>Su portal para miembros, My Health Plan, le brinda acceso seguro, las 24 horas del d\u00eda, los 7 d\u00edas de la semana, a informaci\u00f3n valiosa sobre los beneficios de su plan de salud. Vis\u00edtelo hoy para ver:<\/p>\n\n\n\n<ul class=\"wp-block-list\">\n<li>Reclamaciones procesadas por su plan de salud.<\/li>\n\n\n\n<li>Detalles sobre su elegibilidad.<\/li>\n<\/ul>\n\n\n\n<div class=\"wp-block-buttons is-layout-flex wp-block-buttons-is-layout-flex\">\n<div class=\"wp-block-button\"><a class=\"wp-block-button__link wp-element-button\" href=\"https:\/\/shp-ihn.healthtrioconnect.com\/\" target=\"_blank\" rel=\"noreferrer noopener\">Ir a Mi Plan de Salud<\/a><\/div>\n<\/div>\n\n<\/div>\n\t<\/section>","protected":false},"excerpt":{"rendered":"<p>Obtenga una descripci\u00f3n general de los beneficios que le otorga la membres\u00eda de IHN-CCO.<\/p>","protected":false},"author":11,"featured_media":0,"parent":0,"menu_order":1,"comment_status":"closed","ping_status":"closed","template":"","meta":{"_acf_changed":false,"_searchwp_excluded":"","_shs_workflow_notes":"","_shs_exclude_from_navigation":false,"_shs_promote_article_on_blogs":"","footnotes":""},"class_list":["post-10","page","type-page","status-publish","hentry"],"acf":[],"_links":{"self":[{"href":"https:\/\/ihntogether.org\/es\/wp-json\/wp\/v2\/pages\/10","targetHints":{"allow":["GET"]}}],"collection":[{"href":"https:\/\/ihntogether.org\/es\/wp-json\/wp\/v2\/pages"}],"about":[{"href":"https:\/\/ihntogether.org\/es\/wp-json\/wp\/v2\/types\/page"}],"author":[{"embeddable":true,"href":"https:\/\/ihntogether.org\/es\/wp-json\/wp\/v2\/users\/11"}],"replies":[{"embeddable":true,"href":"https:\/\/ihntogether.org\/es\/wp-json\/wp\/v2\/comments?post=10"}],"version-history":[{"count":3,"href":"https:\/\/ihntogether.org\/es\/wp-json\/wp\/v2\/pages\/10\/revisions"}],"predecessor-version":[{"id":4914,"href":"https:\/\/ihntogether.org\/es\/wp-json\/wp\/v2\/pages\/10\/revisions\/4914"}],"wp:attachment":[{"href":"https:\/\/ihntogether.org\/es\/wp-json\/wp\/v2\/media?parent=10"}],"curies":[{"name":"Gracias","href":"https:\/\/api.w.org\/{rel}","templated":true}]}}