{"id":12,"date":"2024-03-19T12:24:42","date_gmt":"2024-03-19T19:24:42","guid":{"rendered":"https:\/\/samhealth.org\/ihn\/?page_id=12"},"modified":"2026-03-10T13:54:15","modified_gmt":"2026-03-10T20:54:15","slug":"encontrar-atencion","status":"publish","type":"page","link":"https:\/\/ihntogether.org\/es\/find-care\/","title":{"rendered":"Encuentra atenci\u00f3n"},"content":{"rendered":"<section id=\"block_4bc696b3b4351dc522d6d9614442a6db\" class=\"shs-block block-section grid-container has-gray-warm-background-color\" >\n\t\t<div class=\"entry-content\">\n\n<h1 class=\"wp-block-heading\" id=\"h-find-care\">Encuentra atenci\u00f3n<\/h1>\n\n<\/div>\n\t<\/section>\n\n\n<section class=\"shs-block hero grid-container has-ash-background-color has-content-left\" style=\"background-image: url(https:\/\/ihntogether.org\/wp-content\/uploads\/sites\/4\/woman-checking-provider-directory-SS.jpg); background-position:50% 50%;\">\n\t\t\t<div class=\"hero-content-group\">\n\t\t<div class=\"hero-content has-contrast-box\" style=\"\">\n\n\t\t\t\n\t\t\t<h1 class=\"hero-title\">\n\t\t\t<span class=\"hero-title--part is-m\">\u00bfBuscas un proveedor?<\/span>\n\t\t\t\t\t\t<\/h1>\n\n\t\t\t\t\t\t<p>Directorio de proveedores de IHN-CCO para ayudarle a encontrar proveedores dentro de la red cubiertos por su plan.<\/p>\n\t\t\t\n\t\t\t\t\t\t\t<a href=\"https:\/\/samhealthplans.providerlenz.com\/home?directory=medicaid\" target=\"_blank\" class=\"shs-button\" rel=\"noopener\">Encuentre un proveedor<\/a>\n\t\t\t\t\t<\/div>\n\t\t\t<\/div>\n\t\n<\/section>\n\n\n\n<section id=\"block_0d2ac01289d3bf69f7559689dc9d9692\" class=\"shs-block block-section grid-container has-white-background-color\" >\n\t\t<div class=\"entry-content\">\n\n<h2 class=\"wp-block-heading\">Busque en nuestro directorio de proveedores<\/h2>\n\n\n\n<p>Busque en nuestros directorios una cl\u00ednica de atenci\u00f3n de urgencia, sin cita previa, pedi\u00e1trica o de salud mental cerca de usted. Se incluyen los hospitales locales.<\/p>\n\n\n\n<div class=\"wp-block-buttons is-layout-flex wp-block-buttons-is-layout-flex\">\n<div class=\"wp-block-button\"><a class=\"wp-block-button__link wp-element-button\" href=\"https:\/\/samhealthplans.providerlenz.com\/home?directory=medicaid\" target=\"_blank\" rel=\"noreferrer noopener\">Proveedores de b\u00fasqueda<\/a><\/div>\n<\/div>\n\n\n\n<p><a href=\"https:\/\/ihntogether.org\/es\/encontrar-atencion\/directorio-de-proveedores-de-consejos-de-navegacion\/\">Obtenga consejos<\/a>&nbsp;para buscar en el Directorio de Proveedores.<\/p>\n\n\n\n<h2 class=\"wp-block-heading\" id=\"choose-or-change\">Elija o cambie su proveedor de atenci\u00f3n primaria<\/h2>\n\n\n\n<p>\u00bfEst\u00e1 eligiendo a su m\u00e9dico de atenci\u00f3n primaria por primera vez? \u00bfEst\u00e1 cambiando de proveedor? \u00bfNecesita encontrar un proveedor de atenci\u00f3n especializada o un dentista? Podemos ayudarlo.&nbsp;<\/p>\n\n\n\n<p>IHN-CCO lo ayudar\u00e1 a elegir un proveedor de atenci\u00f3n primaria (PCP) o a cambiar su PCP si ya se le ha asignado uno. Aseg\u00farese de informarnos si est\u00e1 recibiendo servicios m\u00e9dicos que necesita continuar. IHN-CCO no limita el PCP que elija, siempre que est\u00e9 en la red de proveedores de IHN-CCO y acepte nuevos pacientes. Busque en el directorio de proveedores un PCP dentro de la red, o puede&nbsp;<a href=\"https:\/\/ihntogether.org\/es\/contactenos\/\">Cont\u00e1ctenos.<\/a><\/p>\n\n<\/div>\n\t<\/section>\n\n\n\n<section id=\"block_c7dea0f4a7757359eab38e020c840444\" class=\"shs-block block-section grid-container has-charcoal-background-color has-full-bleed-image col-reverse\" >\n\t\t\t<figure class=\"image\"\n\t\t\tstyle=\"background-image: url(https:\/\/ihntogether.org\/wp-content\/uploads\/sites\/4\/2023\/12\/mom-with-sick-child-using-telehealth-307-CIR.jpg)\" \t\t\t>\n\t\t\t<img loading=\"lazy\" decoding=\"async\" width=\"684\" height=\"684\" src=\"https:\/\/ihntogether.org\/wp-content\/uploads\/sites\/4\/2023\/12\/mom-with-sick-child-using-telehealth-307-CIR.jpg\" class=\"attachment-full size-full\" alt=\"\" srcset=\"https:\/\/ihntogether.org\/wp-content\/uploads\/sites\/4\/2023\/12\/mom-with-sick-child-using-telehealth-307-CIR.jpg 684w, https:\/\/ihntogether.org\/wp-content\/uploads\/sites\/4\/2023\/12\/mom-with-sick-child-using-telehealth-307-CIR-300x300.jpg 300w, https:\/\/ihntogether.org\/wp-content\/uploads\/sites\/4\/2023\/12\/mom-with-sick-child-using-telehealth-307-CIR-150x150.jpg 150w, https:\/\/ihntogether.org\/wp-content\/uploads\/sites\/4\/2023\/12\/mom-with-sick-child-using-telehealth-307-CIR-425x425.jpg 425w, https:\/\/ihntogether.org\/wp-content\/uploads\/sites\/4\/2023\/12\/mom-with-sick-child-using-telehealth-307-CIR-100x100.jpg 100w\" sizes=\"auto, (max-width: 684px) 100vw, 684px\" \/>\t\t<\/figure>\n\t\t<div class=\"entry-content\">\n\n<h2 class=\"wp-block-heading\">Reciba atenci\u00f3n desde cualquier lugar<\/h2>\n\n\n\n<p>Teladoc es un servicio de telesalud. Est\u00e1 disponible todos los d\u00edas del a\u00f1o, las 24 horas del d\u00eda, para los miembros. Proporciona atenci\u00f3n m\u00e9dica a pedido, incluidas las consultas por video, desde un sitio web o una aplicaci\u00f3n m\u00f3vil.<\/p>\n\n\n\n<p>Teladoc es una opci\u00f3n para recibir atenci\u00f3n m\u00e1s inmediata cuando est\u00e1s fuera de la ciudad o tu proveedor de atenci\u00f3n primaria no est\u00e1 disponible. Las visitas a Teladoc son gratuitas.<\/p>\n\n\n\n<p>Los proveedores de Teladoc pueden diagnosticar, tratar y recetar medicamentos para afecciones que no son de emergencia, como tratamientos para la gripe, dolores de garganta, infecciones oculares, bronquitis y mucho m\u00e1s.<\/p>\n\n\n\n<p>\u00a1Crea tu cuenta hoy!<\/p>\n\n\n\n<p>Ir a&nbsp;<a href=\"https:\/\/www.teladoc.com\/\" target=\"_blank\" rel=\"noreferrer noopener\">teladoc.com<\/a>. Los usuarios que utilicen el servicio por primera vez deber\u00e1n crear una cuenta. Puede seguir las instrucciones paso a paso en el sitio web.<\/p>\n\n\n\n<p>Tambi\u00e9n puede llamar a Teladoc al&nbsp;<strong>800-TELADOC<\/strong><br>(<strong><a href=\"tel:800-835-2362\">800-835-2362<\/a><\/strong>), (TTY&nbsp;<strong><a href=\"tel:855-636-1578\">855-636-1578<\/a><\/strong>).<\/p>\n\n<\/div>\n\t<\/section>\n\n\n\n<section id=\"block_5c87984f16b0fa2da5931e54d8e19949\" class=\"shs-block block-section grid-container has-white-background-color has-full-bleed-image\" >\n\t\t\t<figure class=\"image\"\n\t\t\tstyle=\"background-image: url(https:\/\/ihntogether.org\/wp-content\/uploads\/sites\/4\/2023\/12\/Nurse-Advice-TR.jpg)\" \t\t\t>\n\t\t\t<img loading=\"lazy\" decoding=\"async\" width=\"900\" height=\"576\" src=\"https:\/\/ihntogether.org\/wp-content\/uploads\/sites\/4\/2023\/12\/Nurse-Advice-TR.jpg\" class=\"attachment-full size-full\" alt=\"\" srcset=\"https:\/\/ihntogether.org\/wp-content\/uploads\/sites\/4\/2023\/12\/Nurse-Advice-TR.jpg 900w, https:\/\/ihntogether.org\/wp-content\/uploads\/sites\/4\/2023\/12\/Nurse-Advice-TR-300x192.jpg 300w, https:\/\/ihntogether.org\/wp-content\/uploads\/sites\/4\/2023\/12\/Nurse-Advice-TR-768x492.jpg 768w, https:\/\/ihntogether.org\/wp-content\/uploads\/sites\/4\/2023\/12\/Nurse-Advice-TR-156x100.jpg 156w\" sizes=\"auto, (max-width: 900px) 100vw, 900px\" \/>\t\t<\/figure>\n\t\t<div class=\"entry-content\">\n\n<h2 class=\"wp-block-heading\">Llame a nuestra l\u00ednea de asesoramiento de enfermer\u00eda<\/h2>\n\n\n\n<p>Cuando tenga preguntas sobre salud, la l\u00ednea de asesoramiento de enfermer\u00eda est\u00e1 disponible las 24 horas, los 7 d\u00edas de la semana para ayudarlo, como un servicio para los miembros de IHN-CCO.<\/p>\n\n\n\n<ul class=\"wp-block-list\">\n<li>Entiende por qu\u00e9 te sientes como te sientes.<\/li>\n\n\n\n<li>Decide el mejor lugar para recibir atenci\u00f3n.<\/li>\n\n\n\n<li>Obtenga m\u00e1s informaci\u00f3n sobre lo que su proveedor ha dicho sobre su salud.<\/li>\n\n\n\n<li>Explora tus opciones de atenci\u00f3n.<\/li>\n\n\n\n<li>Inf\u00f3rmese sobre los medicamentos que su proveedor quiere que usted tome.<\/li>\n<\/ul>\n\n\n\n<p>Llamar&nbsp;<a href=\"tel:844-219-3816\">844-219-3816<\/a>, (TTY <a href=\"tel:800-735-2900\">800-735-2900<\/a>).<br><strong>En caso de emergencia, llame al 911 inmediatamente.<\/strong><\/p>\n\n<\/div>\n\t<\/section>\n\n\n\n<section id=\"block_4bc696b3b4351dc522d6d9614442a6db\" class=\"shs-block block-section grid-container has-gray-warm-background-color\" >\n\t\t<div class=\"entry-content\">\n\n<h2 class=\"wp-block-heading\">Trabajadores de la salud tradicionales<\/h2>\n\n\n\n<p>IHN-CCO cuenta con trabajadores de la salud tradicionales que pueden brindarle recursos y educaci\u00f3n, y trabajar con usted en lo que necesite. Obtenga m\u00e1s informaci\u00f3n sobre lo que hace un trabajador de la salud tradicional y c\u00f3mo este tipo de proveedor puede ayudarlo.<\/p>\n\n\n\n<div class=\"wp-block-buttons is-layout-flex wp-block-buttons-is-layout-flex\">\n<div class=\"wp-block-button\"><a class=\"wp-block-button__link wp-element-button\" href=\"https:\/\/ihntogether.org\/es\/encontrar-atencion\/trabajadores-de-salud-tradicionales\/\" target=\"_blank\" rel=\"noreferrer noopener\">Aprenda sobre los trabajadores de la salud tradicionales<\/a><\/div>\n<\/div>\n\n<\/div>\n\t<\/section>\n\n\n\n<section id=\"block_0d2ac01289d3bf69f7559689dc9d9692\" class=\"shs-block block-section grid-container has-white-background-color\" >\n\t\t<div class=\"entry-content\">\n\n<h2 class=\"wp-block-heading\">Planes dentales<\/h2>\n\n\n\n<p>Actualmente, IHN-CCO colabora con cuatro planes dentales. Puede llamar a un plan o buscar proveedores dentales de IHN-CCO en el Directorio de proveedores de planes de salud de Samaritan:<\/p>\n\n\n\n<div class=\"wp-block-buttons is-layout-flex wp-block-buttons-is-layout-flex\">\n<div class=\"wp-block-button\"><a class=\"wp-block-button__link wp-element-button\" href=\"https:\/\/samhealthplans.providerlenz.com\/home?directory=dental\" target=\"_blank\" rel=\"noreferrer noopener\">Buscar proveedores de servicios dentales<\/a><\/div>\n<\/div>\n\n\n\n<h3 class=\"wp-block-heading\" id=\"h-advantage-dental\">Advantage Dental<\/h3>\n\n\n\n<ul class=\"wp-block-list\">\n<li>Busque en el directorio en l\u00ednea o llame&nbsp;&nbsp;<a href=\"tel:866-268-9631\">866-268-9631<\/a>, (TTY&nbsp;&nbsp;<a href=\"tel:866-268-9617\">866-268-9617<\/a>).<\/li>\n<\/ul>\n\n\n\n<h3 class=\"wp-block-heading\">Capitol Dental Care<\/h3>\n\n\n\n<ul class=\"wp-block-list\">\n<li>Busque en el directorio en l\u00ednea o llame&nbsp;&nbsp;<a href=\"tel:800-525-6800\">800-525-6800<\/a>, (TTY&nbsp;&nbsp;<a href=\"tel:800-735-2900\">800-735-2900<\/a>).<\/li>\n<\/ul>\n\n\n\n<h3 class=\"wp-block-heading\">Moda\/Oregon Dental Services<\/h3>\n\n\n\n<ul class=\"wp-block-list\">\n<li>Busque en el directorio en l\u00ednea o llame&nbsp;&nbsp;<a href=\"tel:800-342-0526\">800-342-0526<\/a>, (TTY&nbsp;&nbsp;<a href=\"tel:800-342-0526\">800-342-0526<\/a>).<\/li>\n<\/ul>\n\n\n\n<h3 class=\"wp-block-heading\">Willamette Dental Group<\/h3>\n\n\n\n<ul class=\"wp-block-list\">\n<li>Busque en el directorio en l\u00ednea o llame&nbsp;&nbsp;<a href=\"tel:855-433-6825\">855-433-6825<\/a>&nbsp;Opci\u00f3n 3, (TTY&nbsp;&nbsp;<a href=\"tel:800-735-1232\">800-735-1232<\/a>).<\/li>\n<\/ul>\n\n<\/div>\n\t<\/section>\n\n\n\n<section id=\"block_7ffb16aa7535b47b03812f3398ef40b5\" class=\"shs-block block-section grid-container has-breeze-background-color has-full-bleed-image\" >\n\t\t\t<figure class=\"image\"\n\t\t\tstyle=\"background-image: url(https:\/\/ihntogether.org\/wp-content\/uploads\/sites\/4\/2023\/12\/Girl-reading-on-moms-lap.jpg)\" \t\t\t>\n\t\t\t<img loading=\"lazy\" decoding=\"async\" width=\"800\" height=\"533\" src=\"https:\/\/ihntogether.org\/wp-content\/uploads\/sites\/4\/2023\/12\/Girl-reading-on-moms-lap.jpg\" class=\"attachment-full size-full\" alt=\"\" srcset=\"https:\/\/ihntogether.org\/wp-content\/uploads\/sites\/4\/2023\/12\/Girl-reading-on-moms-lap.jpg 800w, https:\/\/ihntogether.org\/wp-content\/uploads\/sites\/4\/2023\/12\/Girl-reading-on-moms-lap-300x200.jpg 300w, https:\/\/ihntogether.org\/wp-content\/uploads\/sites\/4\/2023\/12\/Girl-reading-on-moms-lap-768x512.jpg 768w, https:\/\/ihntogether.org\/wp-content\/uploads\/sites\/4\/2023\/12\/Girl-reading-on-moms-lap-150x100.jpg 150w\" sizes=\"auto, (max-width: 800px) 100vw, 800px\" \/>\t\t<\/figure>\n\t\t<div class=\"entry-content\">\n\n<h2 class=\"wp-block-heading\">Farmacias<\/h2>\n\n\n\n<p>IHN-CCO cuenta con una red nacional de farmacias contratadas. La mayor\u00eda de las principales cadenas de farmacias y muchas farmacias independientes tienen contratos con IHN-CCO y pueden surtir recetas para nuestros miembros.<\/p>\n\n\n\n<div class=\"wp-block-buttons is-layout-flex wp-block-buttons-is-layout-flex\">\n<div class=\"wp-block-button\"><a class=\"wp-block-button__link wp-element-button\" href=\"https:\/\/samhealthplans.providerlenz.com\/home?directory=pharmacy\" target=\"_blank\" rel=\"noreferrer noopener\">Buscar Farmacias<\/a><\/div>\n<\/div>\n\n<\/div>\n\t<\/section>\n\n\n\n<section id=\"block_0d2ac01289d3bf69f7559689dc9d9692\" class=\"shs-block block-section grid-container has-white-background-color\" >\n\t\t<div class=\"entry-content\">\n\n<h2 class=\"wp-block-heading\">\u00bfC\u00f3mo podemos ayudarle a recibir atenci\u00f3n?<\/h2>\n\n\n\n<p>IHN-CCO ofrece muchos servicios especiales para ayudarle a encontrar y recibir atenci\u00f3n.<\/p>\n\n\n\n<div class=\"wp-block-buttons is-layout-flex wp-block-buttons-is-layout-flex\">\n<div class=\"wp-block-button\"><a class=\"wp-block-button__link wp-element-button\" href=\"https:\/\/ihntogether.org\/es\/mas-servicios\/transporte\/\">Viajes gratis a citas<\/a><\/div>\n<\/div>\n\n\n\n<div class=\"wp-block-buttons is-layout-flex wp-block-buttons-is-layout-flex\">\n<div class=\"wp-block-button\"><a class=\"wp-block-button__link wp-element-button\" href=\"https:\/\/ihntogether.org\/es\/mas-servicios\/interpretes\/\">Int\u00e9rpretes<\/a><\/div>\n<\/div>\n\n\n\n<div class=\"wp-block-buttons is-layout-flex wp-block-buttons-is-layout-flex\">\n<div class=\"wp-block-button\"><a class=\"wp-block-button__link wp-element-button\" href=\"https:\/\/ihntogether.org\/es\/mas-servicios\/coordinacion-de-cuidados\/\">Ayuda para necesidades excepcionales<\/a><\/div>\n<\/div>\n\n<\/div>\n\t<\/section>","protected":false},"excerpt":{"rendered":"<p>Busque en nuestros directorios una cl\u00ednica de atenci\u00f3n de urgencia, sin cita previa, pedi\u00e1trica o de salud mental cerca de usted. Se incluyen los hospitales locales.<\/p>","protected":false},"author":18,"featured_media":0,"parent":0,"menu_order":3,"comment_status":"closed","ping_status":"closed","template":"","meta":{"_acf_changed":true,"_searchwp_excluded":"","_shs_workflow_notes":"Make content edits to THIS page.","_shs_exclude_from_navigation":false,"_shs_promote_article_on_blogs":"","footnotes":""},"class_list":["post-12","page","type-page","status-publish","hentry"],"acf":[],"_links":{"self":[{"href":"https:\/\/ihntogether.org\/es\/wp-json\/wp\/v2\/pages\/12","targetHints":{"allow":["GET"]}}],"collection":[{"href":"https:\/\/ihntogether.org\/es\/wp-json\/wp\/v2\/pages"}],"about":[{"href":"https:\/\/ihntogether.org\/es\/wp-json\/wp\/v2\/types\/page"}],"author":[{"embeddable":true,"href":"https:\/\/ihntogether.org\/es\/wp-json\/wp\/v2\/users\/18"}],"replies":[{"embeddable":true,"href":"https:\/\/ihntogether.org\/es\/wp-json\/wp\/v2\/comments?post=12"}],"version-history":[{"count":1,"href":"https:\/\/ihntogether.org\/es\/wp-json\/wp\/v2\/pages\/12\/revisions"}],"predecessor-version":[{"id":4900,"href":"https:\/\/ihntogether.org\/es\/wp-json\/wp\/v2\/pages\/12\/revisions\/4900"}],"wp:attachment":[{"href":"https:\/\/ihntogether.org\/es\/wp-json\/wp\/v2\/media?parent=12"}],"curies":[{"name":"Gracias","href":"https:\/\/api.w.org\/{rel}","templated":true}]}}