{"id":120,"date":"2023-11-16T11:23:29","date_gmt":"2023-11-16T19:23:29","guid":{"rendered":"https:\/\/samhealth.org\/ihn\/?page_id=120"},"modified":"2026-03-02T15:36:53","modified_gmt":"2026-03-02T23:36:53","slug":"formas","status":"publish","type":"page","link":"https:\/\/ihntogether.org\/es\/your-benefits\/forms\/","title":{"rendered":"Formularios"},"content":{"rendered":"<section id=\"block_4c7bbb8092758ae680690393b3744430\" class=\"shs-block block-section grid-container has-gray-warm-background-color\" >\n\t\t<div class=\"entry-content\">\n\n<h1 class=\"wp-block-heading\" id=\"h-your-forms\">Tus formularios<\/h1>\n\n<\/div>\n\t<\/section>\n\n\n\n<section id=\"block_61d43b51d61f41c818e867c60cf47617\" class=\"shs-block block-section grid-container has-white-background-color\" >\n\t\t<div class=\"entry-content\">\n\n<h2 class=\"wp-block-heading\">Usted o su proveedor pueden necesitar estos formularios relacionados con la cobertura<\/h2>\n\n\n\n<figure class=\"wp-block-table is-style-color\"><table class=\"has-fixed-layout\"><tbody><tr><th><a href=\"https:\/\/samhealthplans.org\/wp-content\/uploads\/sites\/3\/2023\/06\/appeal-request-form.pdf\" target=\"_blank\" rel=\"noreferrer noopener\">Formulario de solicitud de apelaci\u00f3n (English)<\/a><br><a href=\"https:\/\/samhealthplans.org\/wp-content\/uploads\/sites\/3\/2023\/12\/appeal-request-form-spanish.pdf\" target=\"_blank\" rel=\"noreferrer noopener\">Formulario de solicitud de apelaci\u00f3n (espa\u00f1ol)<\/a><\/th><td>P\u00eddale a IHN-CCO que cambie una decisi\u00f3n tomada sobre su cobertura m\u00e9dica.<\/td><\/tr><tr><th><strong><a href=\"https:\/\/samhealthplans.org\/wp-content\/uploads\/sites\/3\/Authorized-Representative-Form-SHP-IHN-CCO-Members.pdf\" target=\"_blank\" rel=\"noreferrer noopener\">Formulario de representante autorizado (English)<\/a><\/strong><br><a href=\"https:\/\/samhealthplans.org\/wp-content\/uploads\/sites\/3\/Authorized-Representative-Form-SHP-IHN-CCO-Members-Spanish.pdf\" target=\"_blank\" rel=\"noreferrer noopener\">Formulario de representante autorizado (espa\u00f1ol)<\/a><br><\/th><td>Complete este formulario si desea autorizar a alguien a hablar o tomar decisiones en su nombre sobre su seguro m\u00e9dico y sus beneficios. Esto incluye solicitar servicios o comunicarse con usted en relaci\u00f3n con la coordinaci\u00f3n de su atenci\u00f3n m\u00e9dica, sus beneficios, sus reclamaciones y otra informaci\u00f3n de salud.&nbsp;<\/td><\/tr><tr><th><a href=\"https:\/\/samhealthplans.org\/wp-content\/uploads\/sites\/3\/2023\/06\/flexible-services-request-form-ihn-cco.pdf\" target=\"_blank\" rel=\"noreferrer noopener\">Formulario de solicitud de servicios flexibles (English)<\/a><br><a href=\"https:\/\/samhealthplans.org\/wp-content\/uploads\/sites\/3\/2023\/12\/flexible-services-request-form-IHN-spanish.pdf\" target=\"_blank\" rel=\"noopener\">Formulario de solicitud de servicios flexibles (espa\u00f1ol)<\/a><\/th><td>Solicitar servicios relacionados con la salud que OHP no cubre. <br>Revisar el&nbsp;<a href=\"https:\/\/samhealthplans.org\/wp-content\/uploads\/sites\/3\/2023\/06\/flexible-services-instructions-ihn-cco.pdf\" target=\"_blank\" rel=\"noreferrer noopener\">Instrucciones de servicios flexibles (English)<\/a>&nbsp;<a href=\"https:\/\/samhealthplans.org\/wp-content\/uploads\/sites\/3\/2023\/12\/flexible-services-instructions-IHN-spanish.pdf\" target=\"_blank\" rel=\"noreferrer noopener\">Instrucciones de Servicios Flexibles (Espa\u00f1ol)<\/a>.<\/td><\/tr><tr><th><a href=\"https:\/\/apps.state.or.us\/Forms\/Served\/de0443.pdf\" target=\"_blank\" rel=\"noreferrer noopener\">Formulario de solicitud de audiencia (English)<\/a><\/th><td>Solicitar una audiencia administrativa al Departamento de Programas de Asistencia M\u00e9dica (DMAP).<\/td><\/tr><tr><th><a href=\"https:\/\/samhealthplans.org\/wp-content\/uploads\/sites\/3\/2023\/06\/prior-auth-medication-exception-form.pdf\" target=\"_blank\" rel=\"noreferrer noopener\">Excepci\u00f3n de medicaci\u00f3n (English)<\/a><\/th><td>Solicite medicamentos m\u00e9dicamente necesarios que normalmente no est\u00e1n cubiertos en nuestro formulario o solicite medicamentos que requieren autorizaci\u00f3n previa.<\/td><\/tr><tr><th><a href=\"https:\/\/samhealthplans.org\/wp-content\/uploads\/sites\/3\/2023\/06\/prior-auth-request-form.pdf\" target=\"_blank\" rel=\"noreferrer noopener\">Autorizaci\u00f3n previa \u2013 Formulario de remisi\u00f3n (English)<\/a><\/th><td>Solicite una autorizaci\u00f3n previa para los servicios m\u00e9dicos que desea que IHN-CCO cubra.<\/td><\/tr><tr><th><strong><a href=\"https:\/\/ihntogether.org\/wp-content\/uploads\/sites\/4\/2024\/01\/IHN-CCO-Physician-Incentive-Brochure.pdf\" target=\"_blank\" rel=\"noreferrer noopener\">Folleto de incentivos para m\u00e9dicos (English)<\/a><\/strong><\/th><td>Conozca c\u00f3mo IHN-CCO paga a un proveedor o grupo de proveedores.<\/td><\/tr><tr><td>&nbsp;<a href=\"https:\/\/samhealthplans.org\/wp-content\/uploads\/sites\/3\/2023\/06\/record-request-form-shp-and-ihn-cco.pdf\" target=\"_blank\" rel=\"noreferrer noopener\"><strong>Formulario de solicitud de registro (English)<\/strong><\/a><\/td><td>&nbsp;Utilice este formulario si usted es miembro o alguien que no es el miembro (o su representante legal) y necesita solicitar una copia del registro del miembro para el cual se requiere la autorizaci\u00f3n del miembro.<\/td><\/tr><\/tbody><\/table><\/figure>\n\n<\/div>\n\t<\/section>","protected":false},"excerpt":{"rendered":"<p>Formularios de miembros de la IHN-CCO de uso com\u00fan.<\/p>","protected":false},"author":18,"featured_media":0,"parent":10,"menu_order":11,"comment_status":"closed","ping_status":"closed","template":"","meta":{"_acf_changed":false,"_searchwp_excluded":"","_shs_workflow_notes":"Updated all forms to the corresponding Media Libraries. 1-24-2024  All links should be functioning correctly.","_shs_exclude_from_navigation":false,"_shs_promote_article_on_blogs":"","footnotes":""},"class_list":["post-120","page","type-page","status-publish","hentry"],"acf":[],"_links":{"self":[{"href":"https:\/\/ihntogether.org\/es\/wp-json\/wp\/v2\/pages\/120","targetHints":{"allow":["GET"]}}],"collection":[{"href":"https:\/\/ihntogether.org\/es\/wp-json\/wp\/v2\/pages"}],"about":[{"href":"https:\/\/ihntogether.org\/es\/wp-json\/wp\/v2\/types\/page"}],"author":[{"embeddable":true,"href":"https:\/\/ihntogether.org\/es\/wp-json\/wp\/v2\/users\/18"}],"replies":[{"embeddable":true,"href":"https:\/\/ihntogether.org\/es\/wp-json\/wp\/v2\/comments?post=120"}],"version-history":[{"count":2,"href":"https:\/\/ihntogether.org\/es\/wp-json\/wp\/v2\/pages\/120\/revisions"}],"predecessor-version":[{"id":4837,"href":"https:\/\/ihntogether.org\/es\/wp-json\/wp\/v2\/pages\/120\/revisions\/4837"}],"up":[{"embeddable":true,"href":"https:\/\/ihntogether.org\/es\/wp-json\/wp\/v2\/pages\/10"}],"wp:attachment":[{"href":"https:\/\/ihntogether.org\/es\/wp-json\/wp\/v2\/media?parent=120"}],"curies":[{"name":"Gracias","href":"https:\/\/api.w.org\/{rel}","templated":true}]}}