{"id":122,"date":"2023-11-16T11:24:12","date_gmt":"2023-11-16T19:24:12","guid":{"rendered":"https:\/\/samhealth.org\/ihn\/?page_id=122"},"modified":"2026-03-10T13:38:49","modified_gmt":"2026-03-10T20:38:49","slug":"derechos-y-responsabilidades-de-los-miembros","status":"publish","type":"page","link":"https:\/\/ihntogether.org\/es\/your-benefits\/member-rights-and-responsibilities\/","title":{"rendered":"Derechos y responsabilidades de los miembros"},"content":{"rendered":"<section id=\"block_1470c3b0a40a07a7fe473055a9c71b70\" class=\"shs-block block-section grid-container has-gray-warm-background-color\" >\n\t\t<div class=\"entry-content\">\n\n<h1 class=\"wp-block-heading\" id=\"h-member-rights-amp-responsibilities\">Derechos y responsabilidades de los miembros<\/h1>\n\n<\/div>\n\t<\/section>\n\n\n\n<section id=\"block_dff091a683093d1ddefeacad9e63553a\" class=\"shs-block block-section grid-container has-white-background-color\" >\n\t\t<div class=\"entry-content\">\n\n<h2 class=\"wp-block-heading\">Eres un miembro valioso<\/h2>\n\n\n\n<p>Sus \u201cderechos\u201d son las cosas que puede contar con que le brindaremos. Sus \u201cresponsabilidades\u201d son las cosas que necesitamos de usted. Como persona con cobertura de IHN-CCO, usted tiene muchos derechos y responsabilidades.<\/p>\n\n\n\n<div class=\"wp-block-buttons is-layout-flex wp-block-buttons-is-layout-flex\">\n<div class=\"wp-block-button\"><a class=\"wp-block-button__link wp-element-button\" href=\"https:\/\/ihntogether.org\/wp-content\/uploads\/sites\/4\/2024\/01\/IHN-CCO-Member-Rights-Responsibilities-Spanish-Audio.mp3\">Escuche una grabaci\u00f3n de audio (Espa\u00f1ol)<\/a><\/div>\n<\/div>\n\n\n\n<div id=\"block_9ba4c773cc066a3660595d0e0d3b7c9a\" class=\"shs-block accordion\">\n\t<h3 class=\"accordion-title\">\n\t\t<button\n\t\t\ttype=\"button\"\n\t\t\tid=\"accordion_title_69d7a336a03907.94727647\"\n\t\t\tclass=\"accordion-control\" aria-expanded=\"false\"\n\t\t\taria-controls=\"accordion_panel_69d7a336a03941.16792044\">Con qu\u00e9 puede contar de nosotros <span class=\"iconfont-chevron-right\"><\/span><\/button>\n\t<\/h3>\n\t<section\n\t\tid=\"accordion_panel_69d7a336a03941.16792044\"\n\t\tclass=\"accordion-panel\"\n\t\taria-labelledby=\"accordion_title_69d7a336a03907.94727647\" style=\"height:0\">\n\t\t<div class=\"entry-content\">\n\n<p>Como miembro de InterCommunity Health Network CCO (IHN-CCO) y Oregon Health Plan (OHP), tiene muchos derechos, entre ellos, elegir su propio proveedor y presentar una queja ante nosotros. A continuaci\u00f3n, se incluye una lista completa de lo que puede esperar de IHN-CCO:<\/p>\n\n\n\n<h4 class=\"wp-block-heading\"><strong>Acceso<\/strong><\/h4>\n\n\n\n<ul class=\"wp-block-list\">\n<li>Elija un proveedor de atenci\u00f3n primaria (PCP) dentro de la red cuando se inscriba por primera vez y cambie su PCP en otros momentos.<\/li>\n\n\n\n<li>Aprenda sobre las CCO y el sistema de atenci\u00f3n m\u00e9dica.<\/li>\n\n\n\n<li>Obtenga servicios de salud conductual y planificaci\u00f3n familiar sin una remisi\u00f3n o aprobaci\u00f3n previa.<\/li>\n\n\n\n<li>Solicite servicios lo m\u00e1s cerca posible de su hogar y en un entorno no tradicional que le resulte m\u00e1s f\u00e1cil de utilizar. Obtenga servicios dentro de un radio de 30 millas en una zona urbana o de 60 millas fuera de una ciudad.<\/li>\n\n\n\n<li>Si es necesario, h\u00e1gase un examen de abuso sexual sin aprobaci\u00f3n previa y puede auto-referirse.<\/li>\n\n\n\n<li>Obtenga atenci\u00f3n de emergencia, a cualquier hora del d\u00eda o de la noche (incluidos fines de semana y feriados) sin necesidad de aprobaci\u00f3n previa.\n<ul class=\"wp-block-list\">\n<li>Obtenga atenci\u00f3n m\u00e9dica de emergencia lo antes posible.<\/li>\n\n\n\n<li>Obtenga atenci\u00f3n urgente dentro de 72 horas (tres d\u00edas).<\/li>\n\n\n\n<li>Obtenga atenci\u00f3n m\u00e9dica (atenci\u00f3n preventiva) dentro de las cuatro semanas o seg\u00fan lo requieran las reglas de coordinaci\u00f3n de atenci\u00f3n.<\/li>\n\n\n\n<li>Obtenga atenci\u00f3n dental de emergencia dentro de las 24 horas.<\/li>\n\n\n\n<li>Obtenga atenci\u00f3n dental urgente dentro de una semana o seg\u00fan sea necesario.<\/li>\n\n\n\n<li>Obtenga atenci\u00f3n m\u00e9dica de salud conductual urgente dentro de las 24 horas.<\/li>\n<\/ul>\n<\/li>\n\n\n\n<li>Para las mujeres embarazadas miembros, obtenga atenci\u00f3n en los siguientes plazos:\n<ul class=\"wp-block-list\">\n<li>Obtenga atenci\u00f3n dental de emergencia dentro de las 24 horas.<\/li>\n\n\n\n<li>Obtenga atenci\u00f3n dental urgente dentro de una o dos semanas, seg\u00fan sea necesario.<\/li>\n<\/ul>\n<\/li>\n\n\n\n<li>Obtenga una referencia a especialistas para los servicios cubiertos que necesita seg\u00fan su salud.<\/li>\n\n\n\n<li>Consulta a algunos especialistas sin remisi\u00f3n.<\/li>\n\n\n\n<li>Obtenga ayuda para utilizar el sistema de atenci\u00f3n sanitaria y obtener los recursos que necesita. Esto podr\u00eda incluir:\n<ul class=\"wp-block-list\">\n<li>Int\u00e9rpretes de atenci\u00f3n m\u00e9dica certificados o calificados.<\/li>\n\n\n\n<li>Trabajadores de salud tradicionales certificados.<\/li>\n\n\n\n<li>Trabajadores de salud comunitarios.<\/li>\n\n\n\n<li>Especialistas en bienestar entre pares.<\/li>\n\n\n\n<li>Las doulas<\/li>\n\n\n\n<li>Navegantes personales de salud.<\/li>\n<\/ul>\n<\/li>\n\n\n\n<li>Obtenga algunos servicios de salud por su cuenta si es menor de 18 a\u00f1os. OHP tiene un folleto llamado \u201cEntender el consentimiento y la confidencialidad de los menores en la atenci\u00f3n m\u00e9dica en Oregon\u201d. Este folleto le informa sobre los tipos de servicios que los menores pueden obtener por su cuenta. Tambi\u00e9n le informa sobre c\u00f3mo se puede compartir la informaci\u00f3n de atenci\u00f3n m\u00e9dica de los menores.&nbsp;<a href=\"https:\/\/www.oregon.gov\/oha\/ph\/healthypeoplefamilies\/youth\/pages\/resources.aspx\" target=\"_blank\" rel=\"noreferrer noopener\">Encuentre este folleto en l\u00ednea<\/a>.<\/li>\n\n\n\n<li>Obtenga viaje a servicios cubiertos, sin costo alguno.<\/li>\n\n\n\n<li>Compartir informaci\u00f3n con IHN-CCO de forma electr\u00f3nica. Puede optar por hacerlo o no.&nbsp;<\/li>\n<\/ul>\n\n\n\n<h4 class=\"wp-block-heading\"><strong>Cuidado<\/strong><\/h4>\n\n\n\n<ul class=\"wp-block-list\">\n<li>Ayude activamente a desarrollar su plan de tratamiento o haga que su familia participe en su plan de tratamiento.<\/li>\n\n\n\n<li>Obtenga informaci\u00f3n sobre las opciones de tratamiento cubiertas y no cubiertas por OHP para su afecci\u00f3n.<\/li>\n\n\n\n<li>Aceptar o rechazar el tratamiento (excepto los servicios ordenados por el tribunal) y que le informen c\u00f3mo le afectar\u00e1.<\/li>\n\n\n\n<li>Hazte las pruebas que necesitas para saber qu\u00e9 condici\u00f3n tienes.<\/li>\n\n\n\n<li>Obtenga coordinaci\u00f3n de atenci\u00f3n, atenci\u00f3n basada en la comunidad y ayuda con la transici\u00f3n de la atenci\u00f3n.<\/li>\n\n\n\n<li>Obtenga atenci\u00f3n m\u00e9dica en un idioma y una cultura que tienen como objetivo reducir la necesidad de visitas al hospital o al hogar de ancianos.&nbsp;<\/li>\n\n\n\n<li>Tenga un contacto constante y estable con un equipo de atenci\u00f3n que se encarga de la gesti\u00f3n completa de su atenci\u00f3n.<\/li>\n\n\n\n<li>Obtenga servicios cubiertos que le ayuden a mantenerse saludable.<\/li>\n\n\n\n<li>Tenga un historial cl\u00ednico actualizado por su m\u00e9dico.<\/li>\n\n\n\n<li>Consultar y obtener una copia de su historial m\u00e9dico, a menos que exista una raz\u00f3n legal que no lo permita. Puede solicitar que se modifique o corrija lo que figura en su historial.<\/li>\n\n\n\n<li>Env\u00ede su historial m\u00e9dico a otro m\u00e9dico.<\/li>\n\n\n\n<li>Tenga una directiva anticipada o un poder notarial y haga que sus m\u00e9dicos lo cumplan.<\/li>\n\n\n\n<li>Reciba una carta si le niegan un servicio o si se produce un cambio en el servicio. Es posible que no reciba una carta si la ley no lo exige.<\/li>\n\n\n\n<li>Inf\u00f3rmese con antelaci\u00f3n si su visita no se realizar\u00e1.<\/li>\n\n\n\n<li>Obtenga servicios cubiertos sin tener que pagar copagos.<\/li>\n\n\n\n<li>Obtenga una segunda opini\u00f3n de un m\u00e9dico de nuestra red. Si necesita un m\u00e9dico fuera de nuestra red, podemos ayudarlo a encontrar uno. Puede obtener una segunda opini\u00f3n sin costo alguno.<\/li>\n\n\n\n<li>Obtenga la opini\u00f3n de su m\u00e9dico sobre los tratamientos disponibles para usted.<\/li>\n<\/ul>\n\n\n\n<h4 class=\"wp-block-heading\"><strong>Apoyo<\/strong><\/h4>\n\n\n\n<ul class=\"wp-block-list\">\n<li>Invite a un amigo, familiar o ayudante a sus visitas.<\/li>\n\n\n\n<li>Cuente con un ayudante que coordinar\u00e1 su atenci\u00f3n en el mejor lugar para usted.<\/li>\n\n\n\n<li>Preg\u00fantenos c\u00f3mo conectarse con personas que puedan apoyar su salud y bienestar general.<\/li>\n\n\n\n<li>Solicite una audiencia con el estado si no est\u00e1 de acuerdo con nuestra respuesta de apelaci\u00f3n.<\/li>\n\n\n\n<li>Obtenga un int\u00e9rprete aprobado por el estado, sin costo para usted.<\/li>\n\n\n\n<li>Obtenga atenci\u00f3n y servicios centrados en la persona que le brinden opciones, independencia y dignidad.&nbsp;<\/li>\n\n\n\n<li>Ejercite sus derechos como miembro sin consecuencias negativas.&nbsp;<\/li>\n\n\n\n<li>Obtenga coordinaci\u00f3n de atenci\u00f3n, atenci\u00f3n basada en la comunidad y ayuda con las transiciones de atenci\u00f3n de una manera que funcione con su idioma y cultura para reducir la necesidad de visitas al hospital o al centro de enfermer\u00eda.<\/li>\n\n\n\n<li>Comparta sus inquietudes con el Defensor del Pueblo de OHP. Ellos pueden ayudarlo a defender sus intereses. Puede comunicarse con el Defensor del Pueblo de OHP en&nbsp;<a href=\"tel:877-642-0540\">877-642-0540<\/a>&nbsp;(TTY <strong><a href=\"tel:711\">711<\/a><\/strong>).&nbsp;<\/li>\n<\/ul>\n\n\n\n<h4 class=\"wp-block-heading\"><strong>No discriminaci\u00f3n<\/strong><\/h4>\n\n\n\n<ul class=\"wp-block-list\">\n<li>Ser tratado con dignidad y respeto.<\/li>\n\n\n\n<li>Sea tratado por sus m\u00e9dicos igual que ellos tratan a todos sus pacientes.<\/li>\n\n\n\n<li>Consigue manuales y cartas que puedas entender.<\/li>\n\n\n\n<li>Obtenga servicios y asistencia que se adapten a sus necesidades culturales y ling\u00fc\u00edsticas. Esto incluye ayudas y servicios auxiliares.<\/li>\n\n\n\n<li>Tener el mismo acceso a la atenci\u00f3n que todos los miembros, sin importar su edad o sexo.<\/li>\n\n\n\n<li>Presente una queja o apelaci\u00f3n y obtenga una respuesta nuestra sin una mala reacci\u00f3n de su plan o proveedor.<\/li>\n\n\n\n<li>No ser restringido ni confinado a menos que est\u00e9 permitido o sea necesario.<\/li>\n\n\n\n<li>Para presentar una queja o para obtener m\u00e1s informaci\u00f3n sobre sus derechos, consulte nuestro Aviso de no discriminaci\u00f3n:\n<ul class=\"wp-block-list\">\n<li><a href=\"https:\/\/ihntogether.org\/wp-content\/uploads\/sites\/4\/Nondiscrimination-Notice-English.pdf\" target=\"_blank\" rel=\"noreferrer noopener\">Aviso de no discriminaci\u00f3n (English)<\/a>.<\/li>\n\n\n\n<li><a href=\"https:\/\/ihntogether.org\/wp-content\/uploads\/sites\/4\/Nondiscrimination-Notice-Spanish.pdf\" target=\"_blank\" rel=\"noreferrer noopener\">Aviso de no discriminaci\u00f3n (Espa\u00f1ol)<\/a>.<\/li>\n<\/ul>\n<\/li>\n<\/ul>\n\n<\/div>\n\t<\/section>\n<\/div>\n\n\n\n<div id=\"block_ec4fe03fa4a11c48412121d6de3fe965\" class=\"shs-block accordion\">\n\t<h3 class=\"accordion-title\">\n\t\t<button\n\t\t\ttype=\"button\"\n\t\t\tid=\"accordion_title_69d7a336a08a83.80351264\"\n\t\t\tclass=\"accordion-control\" aria-expanded=\"false\"\n\t\t\taria-controls=\"accordion_panel_69d7a336a08ab7.99671706\">Lo que necesitamos de usted <span class=\"iconfont-chevron-right\"><\/span><\/button>\n\t<\/h3>\n\t<section\n\t\tid=\"accordion_panel_69d7a336a08ab7.99671706\"\n\t\tclass=\"accordion-panel\"\n\t\taria-labelledby=\"accordion_title_69d7a336a08a83.80351264\" style=\"height:0\">\n\t\t<div class=\"entry-content\">\n\n<p>Ser miembro de IHN-CCO tambi\u00e9n significa que tiene responsabilidades con nosotros. Para ayudarnos a brindarle el mejor servicio, usted acepta lo siguiente:<\/p>\n\n\n\n<h4 class=\"wp-block-heading\"><strong>Trabaje con su equipo de atenci\u00f3n<\/strong><\/h4>\n\n\n\n<ul class=\"wp-block-list\">\n<li>Busque un m\u00e9dico u otro proveedor con el que pueda trabajar y cu\u00e9ntele sobre su salud.<\/li>\n\n\n\n<li>Trate a todos los miembros de su equipo de atenci\u00f3n m\u00e9dica y a su personal con el mismo respeto que desea.<\/li>\n\n\n\n<li>Sea puntual a sus visitas.<\/li>\n\n\n\n<li>Llame al consultorio de su m\u00e9dico al menos un d\u00eda antes de su visita si no puede asistir.<\/li>\n\n\n\n<li>Realice chequeos anuales, visitas de bienestar y otros servicios para prevenir enfermedades y mantenerse saludable.<\/li>\n\n\n\n<li>Acuda a su m\u00e9dico de cabecera para todas sus necesidades de atenci\u00f3n m\u00e9dica, a menos que sea una emergencia.<\/li>\n\n\n\n<li>Comun\u00edquese con su m\u00e9dico antes de acudir a atenci\u00f3n de urgencia o sala de emergencias, a menos que su afecci\u00f3n ponga en peligro su vida.<\/li>\n\n\n\n<li>Sea honesto con su m\u00e9dico para que su historial m\u00e9dico sea correcto.<\/li>\n\n\n\n<li>Ayude a su m\u00e9dico a obtener registros m\u00e9dicos de otros m\u00e9dicos. Es posible que tenga que firmar un documento para dar su aprobaci\u00f3n.<\/li>\n\n\n\n<li>Haz preguntas cuando no entiendas.<\/li>\n\n\n\n<li>Utilice los recursos de su equipo de atenci\u00f3n m\u00e9dica para tomar decisiones informadas sobre su atenci\u00f3n.<\/li>\n\n\n\n<li>Ayude a su m\u00e9dico a crear un plan de atenci\u00f3n.<\/li>\n\n\n\n<li>Siga el plan de tratamiento que acord\u00f3 con su equipo de atenci\u00f3n m\u00e9dica.<\/li>\n\n\n\n<li>Informe al consultorio de su m\u00e9dico que tiene IHN-CCO y mu\u00e9streles su tarjeta de identificaci\u00f3n si se la piden.<\/li>\n\n\n\n<li>Pagar por servicios que usted acepta recibir y que no est\u00e1n cubiertos por IHN-CCO.<\/li>\n<\/ul>\n\n\n\n<h4 class=\"wp-block-heading\"><strong>Informar<\/strong><\/h4>\n\n\n\n<ul class=\"wp-block-list\">\n<li>Llame al Servicio de atenci\u00f3n al cliente de OHP al&nbsp;<a href=\"tel:800-699-9075\">800-699-9075<\/a>&nbsp;(TTY <strong><strong><a href=\"tel:711\">711<\/a><\/strong><\/strong>) cuando:\n<ul class=\"wp-block-list\">\n<li>Usted o un miembro de su familia se muda dentro o fuera de su casa.<\/li>\n\n\n\n<li>Cambia tu n\u00famero de tel\u00e9fono.<\/li>\n\n\n\n<li>Quedas embarazada, ya no est\u00e1s embarazada o tienes a tu beb\u00e9.<\/li>\n\n\n\n<li>Debe informar cualquier otro seguro m\u00e9dico (o informarlo en reporttpl.org).<\/li>\n<\/ul>\n<\/li>\n\n\n\n<li>Proporcione a IHN-CCO informaci\u00f3n sobre otras fuentes que pagan por su atenci\u00f3n. Reembolse a IHN-CCO cualquier factura que hayamos pagado si recibe un acuerdo m\u00e9dico.<\/li>\n\n\n\n<li>Informe a IHN-CCO si tiene alguna queja o reclamo.<\/li>\n<\/ul>\n\n<\/div>\n\t<\/section>\n<\/div>\n\n<\/div>\n\t<\/section>\n\n\n\n<section id=\"block_dff091a683093d1ddefeacad9e63553a\" class=\"shs-block block-section grid-container has-white-background-color\" >\n\t\t<div class=\"entry-content\">\n\n<h2 class=\"wp-block-heading\">Sus derechos de privacidad<\/h2>\n\n\n\n<p>El Aviso de pr\u00e1cticas de privacidad describe sus derechos de privacidad y nuestras responsabilidades para salvaguardar su informaci\u00f3n m\u00e9dica.<\/p>\n\n\n\n<ul class=\"wp-block-list\">\n<li><a href=\"https:\/\/samhealthplans.org\/wp-content\/uploads\/sites\/3\/2023\/06\/privacy-practices-notice-ihn-cco.pdf\" target=\"_blank\" rel=\"noreferrer noopener\">Aviso de pr\u00e1cticas de privacidad: Su informaci\u00f3n. Sus derechos. Nuestras responsabilidades (English).<\/a><\/li>\n\n\n\n<li><a href=\"https:\/\/samhealthplans.org\/wp-content\/uploads\/sites\/3\/2023\/06\/privacy-practices-notice-ihn-cco-spanish.pdf\" target=\"_blank\" rel=\"noreferrer noopener\">Aviso de Pr\u00e1cticas de Privacidad: Su informaci\u00f3n. Sus derechos. Nuestras responsabilidades <strong><\/strong><\/a><strong><a href=\"tel:711\">(Espa\u00f1ol)<\/a><\/strong>.&nbsp;<\/li>\n<\/ul>\n\n<\/div>\n\t<\/section>\n\n\n\n<section id=\"block_1470c3b0a40a07a7fe473055a9c71b70\" class=\"shs-block block-section grid-container has-gray-warm-background-color\" >\n\t\t<div class=\"entry-content\">\n\n<h2 class=\"wp-block-heading\">Transici\u00f3n de atenci\u00f3n<\/h2>\n\n\n\n<p><strong>Puede seguir recibiendo atenci\u00f3n mientras cambia de plan.<\/strong><\/p>\n\n\n\n<p>Algunos miembros que cambian de plan OHP pueden seguir recibiendo los mismos servicios y ver al mismo equipo de atenci\u00f3n m\u00e9dica. Eso significa que la atenci\u00f3n no cambiar\u00e1 cuando cambie de plan CCO o pase a un plan de pago por servicio o lo deje de pagar. Si tiene problemas de salud graves, sus planes nuevos y antiguos deben funcionar en conjunto. Esto es para garantizar que reciba la atenci\u00f3n y los servicios que necesita. Consulte su Manual para miembros o lea nuestro\u00a0<a href=\"https:\/\/samaritanhealthservices.navexone.com\/content\/docview\/?docid=15115&amp;app=pt&amp;source=unspecified&amp;public=true\" target=\"_blank\" rel=\"noreferrer noopener\">Pol\u00edtica de transici\u00f3n de atenci\u00f3n (English)<\/a>.<\/p>\n\n<\/div>\n\t<\/section>\n\n\n\n<section id=\"block_dff091a683093d1ddefeacad9e63553a\" class=\"shs-block block-section grid-container has-white-background-color\" >\n\t\t<div class=\"entry-content\">\n\n<h2 class=\"wp-block-heading\" id=\"h-view-your-member-handbook\">Ver su Manual del Miembro<\/h2>\n\n\n\n<p>La informaci\u00f3n de esta p\u00e1gina es un resumen de sus beneficios de IHN-CCO. Para obtener una descripci\u00f3n completa de los beneficios y servicios disponibles para usted, lea su IHN-CCO <a href=\"https:\/\/samhealthplans.org\/wp-content\/uploads\/sites\/3\/2023\/06\/Member-Handbook-IHN-CCO.pdf\" target=\"_blank\" rel=\"noreferrer noopener\">Manual del miembro (English)<\/a> y <a href=\"https:\/\/samhealthplans.org\/wp-content\/uploads\/sites\/3\/2023\/06\/Member-Handbook-IHN-CCO-Spanish.pdf\" target=\"_blank\" rel=\"noreferrer noopener\">Manual del miembro (espa\u00f1ol)<\/a>.<\/p>\n\n<\/div>\n\t<\/section>","protected":false},"excerpt":{"rendered":"<p>Inf\u00f3rmese sobre sus derechos y responsabilidades como miembro.<\/p>","protected":false},"author":11,"featured_media":0,"parent":10,"menu_order":12,"comment_status":"closed","ping_status":"closed","template":"","meta":{"_acf_changed":false,"_searchwp_excluded":"","_shs_workflow_notes":"Sharon updated links to PDFs 1\/2024.","_shs_exclude_from_navigation":false,"_shs_promote_article_on_blogs":"","footnotes":""},"class_list":["post-122","page","type-page","status-publish","hentry"],"acf":[],"_links":{"self":[{"href":"https:\/\/ihntogether.org\/es\/wp-json\/wp\/v2\/pages\/122","targetHints":{"allow":["GET"]}}],"collection":[{"href":"https:\/\/ihntogether.org\/es\/wp-json\/wp\/v2\/pages"}],"about":[{"href":"https:\/\/ihntogether.org\/es\/wp-json\/wp\/v2\/types\/page"}],"author":[{"embeddable":true,"href":"https:\/\/ihntogether.org\/es\/wp-json\/wp\/v2\/users\/11"}],"replies":[{"embeddable":true,"href":"https:\/\/ihntogether.org\/es\/wp-json\/wp\/v2\/comments?post=122"}],"version-history":[{"count":1,"href":"https:\/\/ihntogether.org\/es\/wp-json\/wp\/v2\/pages\/122\/revisions"}],"predecessor-version":[{"id":4890,"href":"https:\/\/ihntogether.org\/es\/wp-json\/wp\/v2\/pages\/122\/revisions\/4890"}],"up":[{"embeddable":true,"href":"https:\/\/ihntogether.org\/es\/wp-json\/wp\/v2\/pages\/10"}],"wp:attachment":[{"href":"https:\/\/ihntogether.org\/es\/wp-json\/wp\/v2\/media?parent=122"}],"curies":[{"name":"Gracias","href":"https:\/\/api.w.org\/{rel}","templated":true}]}}