{"id":124,"date":"2023-11-16T11:24:43","date_gmt":"2023-11-16T19:24:43","guid":{"rendered":"https:\/\/samhealth.org\/ihn\/?page_id=124"},"modified":"2025-12-17T10:10:32","modified_gmt":"2025-12-17T18:10:32","slug":"aprobacion-previa","status":"publish","type":"page","link":"https:\/\/ihntogether.org\/es\/your-benefits\/prior-approval\/","title":{"rendered":"Aprobaci\u00f3n previa"},"content":{"rendered":"<section id=\"block_815b80dfa043d78c2915f961a96371f0\" class=\"shs-block block-section grid-container has-gray-warm-background-color\" >\n\t\t<div class=\"entry-content\">\n\n<h1 class=\"wp-block-heading\" id=\"h-prior-approval\">Aprobaci\u00f3n previa<\/h1>\n\n<\/div>\n\t<\/section>\n\n\n\n<section id=\"block_760bad5a453fe3a6fdeef24d5cda8eff\" class=\"shs-block block-section grid-container has-white-background-color\" >\n\t\t<div class=\"entry-content\">\n\n<h2 class=\"wp-block-heading\">\u00bfQu\u00e9 es la aprobaci\u00f3n previa?<\/h2>\n\n\n\n<p>Algunos servicios m\u00e9dicos, procedimientos quir\u00fargicos y medicamentos requieren la aprobaci\u00f3n por escrito de IHN-CCO antes de que pueda obtenerlos. Este proceso se denomina autorizaci\u00f3n previa, tambi\u00e9n llamada aprobaci\u00f3n previa. B\u00e1sicamente significa que su proveedor debe pedirle permiso para recetarle un medicamento o someterlo a un tratamiento, servicio o cirug\u00eda que no est\u00e9 cubierto por su plan de salud.<\/p>\n\n\n\n<h2 class=\"wp-block-heading\">\u00bfC\u00f3mo funciona?<\/h2>\n\n\n\n<p>Su proveedor llena un formulario solicitando permiso para administrarle un medicamento, tratamiento, servicio o cirug\u00eda en particular. Si se aprueba, IHN-CCO lo cubrir\u00e1 hasta cierto punto. Si no, IHN-CCO puede recomendar una alternativa que est\u00e9 cubierta, o usted puede optar por obtener el medicamento, tratamiento, servicio o cirug\u00eda de todos modos y cubrir los costos usted mismo.&nbsp;<\/p>\n\n\n\n<h2 class=\"wp-block-heading\">\u00bfQu\u00e9 requiere aprobaci\u00f3n?<\/h2>\n\n\n\n<p>IHN-CCO revisa y actualiza su Lista de Aprobaciones Previas anualmente.<\/p>\n\n\n\n<p>Es posible que se necesiten autorizaciones previas para algunos servicios de salud. El plan de salud utiliza pautas y normas para revisar las solicitudes de autorizaci\u00f3n previa. Se puede acceder a los recursos de pautas y normas mediante los enlaces que aparecen a continuaci\u00f3n.<\/p>\n\n\n\n<div class=\"wp-block-buttons is-layout-flex wp-block-buttons-is-layout-flex\">\n<div class=\"wp-block-button\"><a class=\"wp-block-button__link wp-element-button\" href=\"https:\/\/samhealthplans.org\/plan-members\/criteria-care-guidelines\/\" target=\"_blank\" rel=\"noreferrer noopener\">Directrices del MCG<\/a><\/div>\n<\/div>\n\n<\/div>\n\t<\/section>\n\n\n\n<section id=\"block_760bad5a453fe3a6fdeef24d5cda8eff\" class=\"shs-block block-section grid-container has-white-background-color\" >\n\t\t<div class=\"entry-content\">\n\n<div id=\"block_5d97e648c9493bcc4bb32dcb9fa6de22\" class=\"shs-block accordion\">\n\t<h3 class=\"accordion-title\">\n\t\t<button\n\t\t\ttype=\"button\"\n\t\t\tid=\"accordion_title_69d7b68c3de7a5.00684027\"\n\t\t\tclass=\"accordion-control\" aria-expanded=\"false\"\n\t\t\taria-controls=\"accordion_panel_69d7b68c3de804.96659836\">Servicios m\u00e9dicos y procedimientos quir\u00fargicos <span class=\"iconfont-chevron-right\"><\/span><\/button>\n\t<\/h3>\n\t<section\n\t\tid=\"accordion_panel_69d7b68c3de804.96659836\"\n\t\tclass=\"accordion-panel\"\n\t\taria-labelledby=\"accordion_title_69d7b68c3de7a5.00684027\" style=\"height:0\">\n\t\t<div class=\"entry-content\">\n\n<p>Algunos servicios, procedimientos, suministros y equipos m\u00e9dicos requieren la aprobaci\u00f3n por escrito de IHN-CCO antes de ser realizados o suministrados. Toda la cobertura est\u00e1 limitada por las Reglas Administrativas de Oregon y la&nbsp;<a href=\"https:\/\/www.oregon.gov\/oha\/hpa\/dsi-herc\/Pages\/index.aspx\" target=\"_blank\" rel=\"noreferrer noopener\">Lista de prioridades de la Comisi\u00f3n de Revisi\u00f3n de Evidencias de Salud de Oreg\u00f3n (HERC)<\/a>&nbsp;Puede revisar y rechazar servicios que no sean m\u00e9dicamente apropiados.<\/p>\n\n\n\n<p><strong>IHN-CCO puede revisar y rechazar servicios que no sean m\u00e9dicamente apropiados.<\/strong><\/p>\n\n\n\n<p>Se consideran servicios y suministros m\u00e9dicos m\u00e9dicamente apropiados necesarios para la prevenci\u00f3n, el diagn\u00f3stico o el tratamiento de una condici\u00f3n o lesi\u00f3n m\u00e9dica o de salud mental, y que son:<\/p>\n\n\n\n<ul class=\"wp-block-list\">\n<li>Consistente con los s\u00edntomas de una condici\u00f3n de salud o el tratamiento de una condici\u00f3n de salud.<\/li>\n\n\n\n<li>Cumplen con los est\u00e1ndares de buenas pr\u00e1cticas de salud, son generalmente aceptados por la comunidad m\u00e9dica, utilizan medicina basada en evidencia y se consideran efectivos.<\/li>\n\n\n\n<li>No s\u00f3lo para la conveniencia del afiliado o de un proveedor del servicio o de suministros m\u00e9dicos.<\/li>\n\n\n\n<li>El servicio m\u00e9dico o suministro m\u00e9dico m\u00e1s eficaz que se pueda proporcionar de forma segura al miembro.<\/li>\n\n\n\n<li>A determinaci\u00f3n de IHN-CCO con base en la informaci\u00f3n y documentaci\u00f3n disponible, de acuerdo con los t\u00e9rminos del Plan.<\/li>\n<\/ul>\n\n\n\n<ul class=\"wp-block-list\">\n<li><a href=\"https:\/\/samhealthplans.org\/wp-content\/uploads\/sites\/3\/2023\/12\/prior-approval-list-ihn-cco.pdf\" target=\"_blank\" rel=\"noreferrer noopener\">Lista de aprobaciones previas 2025 (English)<\/a>.<\/li>\n\n\n\n<li><a href=\"https:\/\/samhealthplans.org\/wp-content\/uploads\/sites\/3\/2023\/06\/prior-approval-list-ihn-cco-spanish.pdf\" target=\"_blank\" rel=\"noreferrer noopener\">Lista de aprobaciones previas 2025 (Espa\u00f1ol)<\/a>.<\/li>\n<\/ul>\n\n\n\n<ul class=\"wp-block-list\">\n<li><a href=\"https:\/\/samhealthplans.org\/wp-content\/uploads\/sites\/3\/2026-prior-approval-list-ihn-cco.pdf\" target=\"_blank\" rel=\"noreferrer noopener\">Lista de aprobaci\u00f3n previa de 2026 (English)<\/a>.<\/li>\n\n\n\n<li><a href=\"https:\/\/samhealthplans.org\/wp-content\/uploads\/sites\/3\/2026-prior-approval-list-ihn-cco-spanish.pdf\" target=\"_blank\" rel=\"noreferrer noopener\">Lista de aprobaci\u00f3n previa de 2026 (Espa\u00f1ol)<\/a>.<\/li>\n<\/ul>\n\n\n\n<p>&nbsp;<\/p>\n\n<\/div>\n\t<\/section>\n<\/div>\n\n\n\n<div id=\"block_d2d202b1b3279ae3f1d0280fdd8dc454\" class=\"shs-block accordion\">\n\t<h3 class=\"accordion-title\">\n\t\t<button\n\t\t\ttype=\"button\"\n\t\t\tid=\"accordion_title_69d7b68c3e0893.60581109\"\n\t\t\tclass=\"accordion-control\" aria-expanded=\"false\"\n\t\t\taria-controls=\"accordion_panel_69d7b68c3e08a2.28314997\">Servicios dentales y procedimientos quir\u00fargicos <span class=\"iconfont-chevron-right\"><\/span><\/button>\n\t<\/h3>\n\t<section\n\t\tid=\"accordion_panel_69d7b68c3e08a2.28314997\"\n\t\tclass=\"accordion-panel\"\n\t\taria-labelledby=\"accordion_title_69d7b68c3e0893.60581109\" style=\"height:0\">\n\t\t<div class=\"entry-content\">\n\n<p>Para obtener una lista completa de los servicios que requieren aprobaci\u00f3n, comun\u00edquese directamente con su plan dental.<\/p>\n\n\n\n<p>Servicios Advantage Dental<br><a href=\"tel:866-268-9631\">866-268-9631<\/a>&nbsp;(TTY&nbsp;<a href=\"tel:866-268-9617\">866-268-9617<\/a>)<br><a href=\"http:\/\/www.advantagedental.com\/\" target=\"_blank\" rel=\"noreferrer noopener\">ventajadental.com<\/a><\/p>\n\n\n\n<p>Capitol Dental Care<br><a href=\"tel:800-525-6800\">800-525-6800<\/a>&nbsp;(TTY&nbsp;<a href=\"tel:800-735-2900\">800-735-2900<\/a>)<br><a href=\"https:\/\/www.interdent.com\/capitoldentalcare\/\" target=\"_blank\" rel=\"noreferrer noopener\">capitoldentalcare.com<\/a><\/p>\n\n\n\n<p>Servicios dentales de Oreg\u00f3n<br><a href=\"tel:800-342-0526\">800-342-0526<\/a>&nbsp;(TTY&nbsp;<a href=\"tel:800-342-0526\">800-342-0526<\/a>&nbsp;x711)<br><a href=\"https:\/\/www.modahealth.com\/ohp\" target=\"_blank\" rel=\"noreferrer noopener\">modahealth.com\/ohp<\/a><\/p>\n\n\n\n<p>Willamette Dental Group<br><a href=\"tel:855-433-6825\">855-433-6825<\/a>&nbsp;Opci\u00f3n 3 (TTY&nbsp;<a href=\"tel:800-735-1232\">800-735-1232<\/a>)<br><a href=\"http:\/\/www.willamettedental.com\/\" target=\"_blank\" rel=\"noreferrer noopener\">willamettedental.com<\/a><\/p>\n\n<\/div>\n\t<\/section>\n<\/div>\n\n\n\n<div id=\"block_8d4e07efde28a6a76ebedef7fff6f5db\" class=\"shs-block accordion\">\n\t<h3 class=\"accordion-title\">\n\t\t<button\n\t\t\ttype=\"button\"\n\t\t\tid=\"accordion_title_69d7b68c3e1e88.87106233\"\n\t\t\tclass=\"accordion-control\" aria-expanded=\"false\"\n\t\t\taria-controls=\"accordion_panel_69d7b68c3e1ea8.71656660\">Medicamentos con receta <span class=\"iconfont-chevron-right\"><\/span><\/button>\n\t<\/h3>\n\t<section\n\t\tid=\"accordion_panel_69d7b68c3e1ea8.71656660\"\n\t\tclass=\"accordion-panel\"\n\t\taria-labelledby=\"accordion_title_69d7b68c3e1e88.87106233\" style=\"height:0\">\n\t\t<div class=\"entry-content\">\n\n<p>Algunos de sus medicamentos recetados pueden requerir autorizaci\u00f3n previa. Para saber si su medicamento requiere autorizaci\u00f3n previa, por favor&nbsp;<a href=\"https:\/\/client.formularynavigator.com\/Search.aspx?siteCode=9624425849\" target=\"_blank\" rel=\"noreferrer noopener\">Busque en nuestra lista de medicamentos<\/a>.<\/p>\n\n<\/div>\n\t<\/section>\n<\/div>\n\n<\/div>\n\t<\/section>\n\n\n\n<section id=\"block_815b80dfa043d78c2915f961a96371f0\" class=\"shs-block block-section grid-container has-gray-warm-background-color\" >\n\t\t<div class=\"entry-content\">\n\n<h2 class=\"wp-block-heading\">Informaci\u00f3n relacionada<\/h2>\n\n\n\n<p><a href=\"https:\/\/ihntogether.org\/es\/sus-beneficios\/servicios-no-cubiertos\/\" target=\"_blank\" rel=\"noreferrer noopener\">C\u00f3mo gestionar servicios no cubiertos<\/a><\/p>\n\n\n\n<p><a href=\"https:\/\/www.oregon.gov\/oha\/HPA\/DSI-HERC\/Pages\/Prioritized-List.aspx\" target=\"_blank\" rel=\"noreferrer noopener\">Ver la lista priorizada de servicios de salud del OHP<\/a><\/p>\n\n<\/div>\n\t<\/section>","protected":false},"excerpt":{"rendered":"<p>Conozca la lista de aprobaci\u00f3n previa de IHN-CCO.<\/p>","protected":false},"author":18,"featured_media":0,"parent":10,"menu_order":13,"comment_status":"closed","ping_status":"closed","template":"","meta":{"_acf_changed":false,"_searchwp_excluded":"","_shs_workflow_notes":"","_shs_exclude_from_navigation":false,"_shs_promote_article_on_blogs":"","footnotes":""},"class_list":["post-124","page","type-page","status-publish","hentry"],"acf":[],"_links":{"self":[{"href":"https:\/\/ihntogether.org\/es\/wp-json\/wp\/v2\/pages\/124","targetHints":{"allow":["GET"]}}],"collection":[{"href":"https:\/\/ihntogether.org\/es\/wp-json\/wp\/v2\/pages"}],"about":[{"href":"https:\/\/ihntogether.org\/es\/wp-json\/wp\/v2\/types\/page"}],"author":[{"embeddable":true,"href":"https:\/\/ihntogether.org\/es\/wp-json\/wp\/v2\/users\/18"}],"replies":[{"embeddable":true,"href":"https:\/\/ihntogether.org\/es\/wp-json\/wp\/v2\/comments?post=124"}],"version-history":[{"count":0,"href":"https:\/\/ihntogether.org\/es\/wp-json\/wp\/v2\/pages\/124\/revisions"}],"up":[{"embeddable":true,"href":"https:\/\/ihntogether.org\/es\/wp-json\/wp\/v2\/pages\/10"}],"wp:attachment":[{"href":"https:\/\/ihntogether.org\/es\/wp-json\/wp\/v2\/media?parent=124"}],"curies":[{"name":"Gracias","href":"https:\/\/api.w.org\/{rel}","templated":true}]}}