{"id":126,"date":"2023-11-16T11:25:13","date_gmt":"2023-11-16T19:25:13","guid":{"rendered":"https:\/\/samhealth.org\/ihn\/?page_id=126"},"modified":"2026-03-12T16:36:01","modified_gmt":"2026-03-12T23:36:01","slug":"manual-del-miembro","status":"publish","type":"page","link":"https:\/\/ihntogether.org\/es\/your-benefits\/member-handbook\/","title":{"rendered":"Manual del miembro"},"content":{"rendered":"<section id=\"block_a9caef26f905ffdb3fed74625b624580\" class=\"shs-block block-section grid-container has-gray-warm-background-color\" >\n\t\t<div class=\"entry-content\">\n\n<h1 class=\"wp-block-heading\" id=\"h-member-handbook\">Manual del miembro<\/h1>\n\n<\/div>\n\t<\/section>\n\n\n\n<section id=\"block_95385a96c4a471848951c542b8e0afb7\" class=\"shs-block block-section grid-container has-white-background-color\" >\n\t\t<div class=\"entry-content\">\n\n<h2 class=\"wp-block-heading\">Ver su Manual del Miembro<\/h2>\n\n\n\n<p>La informaci\u00f3n de esta p\u00e1gina es un resumen de sus beneficios de IHN-CCO. Para obtener una descripci\u00f3n completa de los beneficios y servicios disponibles para usted, lea su IHN-CCO <a href=\"https:\/\/samhealthplans.org\/wp-content\/uploads\/sites\/3\/2023\/06\/Member-Handbook-IHN-CCO.pdf\" target=\"_blank\" rel=\"noreferrer noopener\">Manual del miembro (English)<\/a> y <a href=\"https:\/\/samhealthplans.org\/wp-content\/uploads\/sites\/3\/2023\/06\/Member-Handbook-IHN-CCO-Spanish.pdf\" target=\"_blank\" rel=\"noreferrer noopener\">Manual del Miembro (Espa\u00f1ol).<\/a><\/p>\n\n\n\n<p>Si desea una copia impresa de su manual para miembros, llame al Servicio de atenci\u00f3n al cliente y solic\u00edtela. Una vez que solicite una copia, la recibir\u00e1 en cinco d\u00edas.<\/p>\n\n<\/div>\n\t<\/section>","protected":false},"excerpt":{"rendered":"<p>Para obtener una descripci\u00f3n completa de los beneficios y servicios disponibles para usted, lea el manual del miembro.<\/p>","protected":false},"author":11,"featured_media":0,"parent":10,"menu_order":14,"comment_status":"closed","ping_status":"closed","template":"","meta":{"_acf_changed":false,"_searchwp_excluded":"","_shs_workflow_notes":"SS - Updated Member Handbook link to 2025 handbook SHP Media library.","_shs_exclude_from_navigation":false,"_shs_promote_article_on_blogs":"","footnotes":""},"class_list":["post-126","page","type-page","status-publish","hentry"],"acf":[],"_links":{"self":[{"href":"https:\/\/ihntogether.org\/es\/wp-json\/wp\/v2\/pages\/126","targetHints":{"allow":["GET"]}}],"collection":[{"href":"https:\/\/ihntogether.org\/es\/wp-json\/wp\/v2\/pages"}],"about":[{"href":"https:\/\/ihntogether.org\/es\/wp-json\/wp\/v2\/types\/page"}],"author":[{"embeddable":true,"href":"https:\/\/ihntogether.org\/es\/wp-json\/wp\/v2\/users\/11"}],"replies":[{"embeddable":true,"href":"https:\/\/ihntogether.org\/es\/wp-json\/wp\/v2\/comments?post=126"}],"version-history":[{"count":2,"href":"https:\/\/ihntogether.org\/es\/wp-json\/wp\/v2\/pages\/126\/revisions"}],"predecessor-version":[{"id":4916,"href":"https:\/\/ihntogether.org\/es\/wp-json\/wp\/v2\/pages\/126\/revisions\/4916"}],"up":[{"embeddable":true,"href":"https:\/\/ihntogether.org\/es\/wp-json\/wp\/v2\/pages\/10"}],"wp:attachment":[{"href":"https:\/\/ihntogether.org\/es\/wp-json\/wp\/v2\/media?parent=126"}],"curies":[{"name":"Gracias","href":"https:\/\/api.w.org\/{rel}","templated":true}]}}