{"id":13,"date":"2024-03-19T12:21:00","date_gmt":"2024-03-19T19:21:00","guid":{"rendered":"https:\/\/samhealth.org\/ihn\/?page_id=13"},"modified":"2025-11-24T16:07:16","modified_gmt":"2025-11-25T00:07:16","slug":"en-tu-comunidad","status":"publish","type":"page","link":"https:\/\/ihntogether.org\/es\/in-your-community\/","title":{"rendered":"En tu comunidad"},"content":{"rendered":"<section id=\"block_c5d428472ac72255bf44f81ac8892ad9\" class=\"shs-block block-section grid-container has-gray-warm-background-color\" >\n\t\t<div class=\"entry-content\">\n\n<h1 class=\"wp-block-heading\" id=\"h-in-your-community\">En tu comunidad<\/h1>\n\n\n\n<h2 class=\"wp-block-heading\">Proporcionar recursos para ayudar a los miembros, socios comunitarios y proveedores<\/h2>\n\n<\/div>\n\t<\/section>\n\n\n\n<section id=\"block_e5d70adfa4120c21297286474c684bb2\" class=\"shs-block block-section grid-container has-white-background-color\" >\n\t\t<div class=\"entry-content\">\n\n<h2 class=\"wp-block-heading\">Lo que encontrar\u00e1 en esta secci\u00f3n del sitio web de IHN-CCO<\/h2>\n\n\n\n<p>Cada encabezado a continuaci\u00f3n enlaza directamente a la p\u00e1gina descrita.<\/p>\n\n\n\n<h3 class=\"wp-block-heading\"><a href=\"https:\/\/ihntogether.org\/es\/en-tu-comunidad\/promocion-y-prevencion-de-la-salud-conductual\/\" data-type=\"page\" data-id=\"41\">Promoci\u00f3n y recursos para la salud conductual<\/a><\/h3>\n\n\n\n<ul class=\"wp-block-list\">\n<li>Obtenga m\u00e1s informaci\u00f3n sobre la salud conductual; encuentre recursos de capacitaci\u00f3n, as\u00ed como informaci\u00f3n descargable y basada en la Web.<\/li>\n<\/ul>\n\n\n\n<h3 class=\"wp-block-heading\"><a href=\"https:\/\/ihntogether.org\/es\/en-tu-comunidad\/recursos-locales\/\" data-type=\"page\" data-id=\"166\">Recursos locales<\/a><\/h3>\n\n\n\n<ul class=\"wp-block-list\">\n<li>Encuentre enlaces a recursos \u00fatiles en su comunidad local que puedan ayudarlo con sus necesidades.<\/li>\n<\/ul>\n\n\n\n<h3 class=\"wp-block-heading\"><a href=\"https:\/\/ihntogether.org\/es\/en-tu-comunidad\/orientacion-para-miembros\/\" data-type=\"page\" data-id=\"3712\">Orientaci\u00f3n para miembros<\/a><\/h3>\n\n\n\n<ul class=\"wp-block-list\">\n<li>Conozca el compromiso de IHN-CCO con sus miembros en tiempos de incertidumbre y encuentre una lista de preguntas frecuentes sobre su atenci\u00f3n, cobertura, privacidad y otras inquietudes.<\/li>\n<\/ul>\n\n\n\n<h3 class=\"wp-block-heading\"><a href=\"https:\/\/ihntogether.org\/es\/en-tu-comunidad\/recursos-de-formacion\/\" data-type=\"page\" data-id=\"3648\">Recursos de capacitaci\u00f3n<\/a><\/h3>\n\n\n\n<ul class=\"wp-block-list\">\n<li>Encuentre recursos de capacitaci\u00f3n para proveedores y socios comunitarios relacionados con los determinantes sociales de la salud.<\/li>\n<\/ul>\n\n\n\n<h3 class=\"wp-block-heading\"><a href=\"https:\/\/ihntogether.org\/es\/en-tu-comunidad\/recursos-contra-la-trata-de-personas\/\" data-type=\"page\" data-id=\"162\">Recursos contra la trata de personas<\/a><\/h3>\n\n\n\n<ul class=\"wp-block-list\">\n<li>Aprenda m\u00e1s sobre la trata de personas. Encuentre enlaces a recursos y oportunidades de capacitaci\u00f3n locales y nacionales.<\/li>\n<\/ul>\n\n\n\n<h3 class=\"wp-block-heading\"><a href=\"https:\/\/ihntogether.org\/es\/en-tu-comunidad\/evaluacion-sanitaria-regional\/\" data-type=\"page\" data-id=\"168\">Evaluaci\u00f3n regional de salud<\/a><\/h3>\n\n\n\n<ul class=\"wp-block-list\">\n<li>Vea las conclusiones clave de la Evaluaci\u00f3n Regional de Salud. Acceda a este informe completo que examina las tendencias y necesidades de atenci\u00f3n m\u00e9dica en nuestra \u00e1rea de servicio de tres condados.<\/li>\n<\/ul>\n\n<\/div>\n\t<\/section>\n\n\n\n<section id=\"block_053f718330993d4bd74e5783273705bd\" class=\"shs-block block-slim-section grid-container has-ash-background-color\">\n\n\t<div class=\"entry-content\">\n\n<h2 class=\"wp-block-heading\">Suscr\u00edbete al bolet\u00edn informativo de la IHN-CCO<\/h2>\n\n\n\n<p>Mant\u00e9ngase informado sobre la atenci\u00f3n m\u00e9dica en los condados Benton, Lincoln y Linn suscribi\u00e9ndose a nuestro correo electr\u00f3nico.<br>\u00a1Gracias por su inter\u00e9s en InterCommunity Health Network CCO!<\/p>\n\n\n\n<div class=\"wp-block-buttons is-layout-flex wp-block-buttons-is-layout-flex\">\n<div class=\"wp-block-button\"><a class=\"wp-block-button__link wp-element-button\" href=\"https:\/\/ihntogether.org\/es\/en-tu-comunidad\/suscribete-a-nuestros-correos-electronicos\/\" target=\"_blank\" rel=\"noreferrer noopener\">Suscribir<\/a><\/div>\n<\/div>\n\n<\/div>\n\n\t<\/section>\n\n\n<section id=\"block_e964f71660b84bc4cac4dbc52a8bcf3e\" class=\"shs-block block-related-news has-white-background-color\">\n\t<div class=\"list-grid\">\n\t\t<div class=\"list-grid--title\">\n\t\t\t\t\t\t<h2>\n\t\t\t\tLea las \u00faltimas noticias de IHN-CCO\t\t\t<\/h2>\n\t\t\t\t<a href=\"https:\/\/ihntogether.org\/es\/como-servimos\/noticias\/\" target=\"_blank\" class=\"shs-button\">Ver m\u00e1s noticias<\/a>\t\t\t\t<\/div>\n\t\t\t\t<div class=\"list-grid--layout cols-3\">\n\t\t\t<article class=\"cta--news shs-element-click\">\n\t<img loading=\"lazy\" decoding=\"async\" width=\"360\" height=\"303\" src=\"https:\/\/ihntogether.org\/wp-content\/uploads\/co-Mobile-Medicine-01.jpg\" class=\"attachment-cta size-cta wp-post-image\" alt=\"Cuatro mujeres, dos vestidas de blanco, una de azul y otra de negro, posan frente a un mural en una unidad m\u00e9dica m\u00f3vil.\" \/>\t<h3>\n\t\t<a href=\"https:\/\/samhealth.org\/es\/news\/mobile-prenatal-postpartum-clinic-launches-with-successful-open-house\/\" target=\"_blank\" rel=\"noopener\">\n\t\t\tSe inaugura una cl\u00ednica m\u00f3vil prenatal y posparto con una exitosa jornada de puertas abiertas.\t\t<\/a>\n\t<\/h3>\n<\/article>\n<article class=\"cta--news shs-element-click\">\n\t<img loading=\"lazy\" decoding=\"async\" width=\"360\" height=\"300\" src=\"https:\/\/ihntogether.org\/wp-content\/uploads\/StreetMedicine-CO.jpg\" class=\"attachment-cta size-cta wp-post-image\" alt=\"El Dr. Cosimo Storniolo y una enfermera del equipo de Medicina Callejera de la Cl\u00ednica de Salud Intercomunitaria Samaritana preparan el equipo necesario para atender a la comunidad.\" \/>\t<h3>\n\t\t<a href=\"https:\/\/samhealth.org\/es\/news\/street-medicine-in-action\/\" target=\"_blank\" rel=\"noopener\">\n\t\t\tLa medicina callejera ofrece esperanza y sanaci\u00f3n en las calles de Albany.\t\t<\/a>\n\t<\/h3>\n<\/article>\n<article class=\"cta--news shs-element-click\">\n\t<img loading=\"lazy\" decoding=\"async\" width=\"360\" height=\"300\" src=\"https:\/\/ihntogether.org\/wp-content\/uploads\/sites\/4\/child-with-sister-CO.jpg\" class=\"attachment-cta size-cta wp-post-image\" alt=\"Una hermana mayor abraza a su hermana peque\u00f1a.\" \/>\t<h3>\n\t\t<a href=\"https:\/\/ihntogether.org\/es\/news\/innovative-health-care-change\/\">\n\t\t\tLas voces de la comunidad impulsan cambios innovadores en la atenci\u00f3n m\u00e9dica.\t\t<\/a>\n\t<\/h3>\n<\/article>\n\t\t<\/div>\n\t<\/div>\n\t<\/section>","protected":false},"excerpt":{"rendered":"<p>Conozca los recursos que encontrar\u00e1 dentro de la secci\u00f3n \u201cEn su comunidad\u201d de este sitio web.<\/p>","protected":false},"author":11,"featured_media":0,"parent":0,"menu_order":4,"comment_status":"closed","ping_status":"closed","template":"","meta":{"_acf_changed":false,"_searchwp_excluded":"","_shs_workflow_notes":"","_shs_exclude_from_navigation":false,"_shs_promote_article_on_blogs":"","footnotes":""},"class_list":["post-13","page","type-page","status-publish","hentry"],"acf":[],"_links":{"self":[{"href":"https:\/\/ihntogether.org\/es\/wp-json\/wp\/v2\/pages\/13","targetHints":{"allow":["GET"]}}],"collection":[{"href":"https:\/\/ihntogether.org\/es\/wp-json\/wp\/v2\/pages"}],"about":[{"href":"https:\/\/ihntogether.org\/es\/wp-json\/wp\/v2\/types\/page"}],"author":[{"embeddable":true,"href":"https:\/\/ihntogether.org\/es\/wp-json\/wp\/v2\/users\/11"}],"replies":[{"embeddable":true,"href":"https:\/\/ihntogether.org\/es\/wp-json\/wp\/v2\/comments?post=13"}],"version-history":[{"count":0,"href":"https:\/\/ihntogether.org\/es\/wp-json\/wp\/v2\/pages\/13\/revisions"}],"wp:attachment":[{"href":"https:\/\/ihntogether.org\/es\/wp-json\/wp\/v2\/media?parent=13"}],"curies":[{"name":"Gracias","href":"https:\/\/api.w.org\/{rel}","templated":true}]}}