{"id":131,"date":"2023-11-16T13:10:04","date_gmt":"2023-11-16T21:10:04","guid":{"rendered":"https:\/\/samhealth.org\/ihn\/?page_id=131"},"modified":"2025-03-25T14:08:45","modified_gmt":"2025-03-25T21:08:45","slug":"transporte","status":"publish","type":"page","link":"https:\/\/ihntogether.org\/es\/more-services\/transportation\/","title":{"rendered":"Transporte"},"content":{"rendered":"<section id=\"\" class=\"shs-block block-section grid-container has-gray-warm-background-color\" >\n\t\t<div class=\"entry-content\">\n\n<h1 class=\"wp-block-heading\" id=\"h-transportation\">Transporte<\/h1>\n\n<\/div>\n\t<\/section>\n\n\n\n<section id=\"\" class=\"shs-block block-section grid-container has-white-background-color has-full-bleed-image\" >\n\t\t\t<figure class=\"image\"\n\t\t\tstyle=\"background-image: url(https:\/\/ihntogether.org\/wp-content\/uploads\/sites\/4\/2023\/12\/Senior-woman-talking-on-phone.jpg)\" \t\t\t>\n\t\t\t<img loading=\"lazy\" decoding=\"async\" width=\"900\" height=\"576\" src=\"https:\/\/ihntogether.org\/wp-content\/uploads\/sites\/4\/2023\/12\/Senior-woman-talking-on-phone.jpg\" class=\"attachment-full size-full\" alt=\"\" srcset=\"https:\/\/ihntogether.org\/wp-content\/uploads\/sites\/4\/2023\/12\/Senior-woman-talking-on-phone.jpg 900w, https:\/\/ihntogether.org\/wp-content\/uploads\/sites\/4\/2023\/12\/Senior-woman-talking-on-phone-300x192.jpg 300w, https:\/\/ihntogether.org\/wp-content\/uploads\/sites\/4\/2023\/12\/Senior-woman-talking-on-phone-768x492.jpg 768w, https:\/\/ihntogether.org\/wp-content\/uploads\/sites\/4\/2023\/12\/Senior-woman-talking-on-phone-156x100.jpg 156w\" sizes=\"auto, (max-width: 900px) 100vw, 900px\" \/>\t\t<\/figure>\n\t\t<div class=\"entry-content\">\n\n<h2 class=\"wp-block-heading\">Consigue un viaje<\/h2>\n\n\n\n<p>Podemos ayudarlo si no tiene c\u00f3mo llegar a sus citas con el m\u00e9dico, el dentista o el consejero y, en algunas emergencias, a una farmacia. Este servicio est\u00e1 disponible sin costo para usted. Si necesita ayuda para llegar a sus citas o a otros servicios cubiertos por OHP, llame a Cascade West Ride Line. Cascade West Ride Line puede darle un boleto de autob\u00fas o una tarifa de taxi. O puede pagar la gasolina para usted, un familiar o un amigo que lo lleve. Si debe viajar durante la noche para recibir servicios aprobados, podemos ayudarlo a pagar la comida y el alojamiento.<\/p>\n\n\n\n<p>Si necesita programar un viaje, llame a Cascade West Ride Line de lunes a viernes, de 8 a m a 5 p m al&nbsp;<a href=\"tel:541-924-8738\">541-924-8738<\/a>, sin costo&nbsp;<a href=\"tel:866-724-2975\">866-724-2975<\/a>, TTY <a href=\"tel:711\">711<\/a>.<\/p>\n\n\n\n<ul class=\"wp-block-list\">\n<li>Apellido y nombre.<\/li>\n\n\n\n<li>Fecha y hora de la cita.<\/li>\n\n\n\n<li>Direcci\u00f3n de la instalaci\u00f3n.<\/li>\n\n\n\n<li>Motivo y duraci\u00f3n del nombramiento.<\/li>\n<\/ul>\n\n\n\n<p>Programa de transporte m\u00e9dico que no sea de emergencia (NEMT) <a href=\"https:\/\/ihntogether.org\/wp-content\/uploads\/sites\/4\/2024\/01\/rideline-transportation-flyer.pdf\" target=\"_blank\" rel=\"noreferrer noopener\">(English)<\/a>&nbsp;o <a href=\"https:\/\/ihntogether.org\/wp-content\/uploads\/sites\/4\/2024\/01\/ihn-cco-rideline-transportation-flyer-spanish.pdf\" rel=\"nofollow\">(Espa\u00f1ol)<\/a>.<\/p>\n\n<\/div>\n\t<\/section>","protected":false},"excerpt":{"rendered":"<p>Inf\u00f3rmese sobre los servicios de transporte que est\u00e1n disponibles para los miembros.<\/p>","protected":false},"author":18,"featured_media":0,"parent":11,"menu_order":3,"comment_status":"closed","ping_status":"closed","template":"","meta":{"_acf_changed":false,"_searchwp_excluded":"","_shs_workflow_notes":"SS- Updated PDFs to RideLine.","_shs_exclude_from_navigation":false,"_shs_promote_article_on_blogs":"","footnotes":""},"class_list":["post-131","page","type-page","status-publish","hentry"],"acf":[],"_links":{"self":[{"href":"https:\/\/ihntogether.org\/es\/wp-json\/wp\/v2\/pages\/131","targetHints":{"allow":["GET"]}}],"collection":[{"href":"https:\/\/ihntogether.org\/es\/wp-json\/wp\/v2\/pages"}],"about":[{"href":"https:\/\/ihntogether.org\/es\/wp-json\/wp\/v2\/types\/page"}],"author":[{"embeddable":true,"href":"https:\/\/ihntogether.org\/es\/wp-json\/wp\/v2\/users\/18"}],"replies":[{"embeddable":true,"href":"https:\/\/ihntogether.org\/es\/wp-json\/wp\/v2\/comments?post=131"}],"version-history":[{"count":0,"href":"https:\/\/ihntogether.org\/es\/wp-json\/wp\/v2\/pages\/131\/revisions"}],"up":[{"embeddable":true,"href":"https:\/\/ihntogether.org\/es\/wp-json\/wp\/v2\/pages\/11"}],"wp:attachment":[{"href":"https:\/\/ihntogether.org\/es\/wp-json\/wp\/v2\/media?parent=131"}],"curies":[{"name":"Gracias","href":"https:\/\/api.w.org\/{rel}","templated":true}]}}