{"id":135,"date":"2023-11-16T13:12:09","date_gmt":"2023-11-16T21:12:09","guid":{"rendered":"https:\/\/samhealth.org\/ihn\/?page_id=135"},"modified":"2025-12-23T09:46:22","modified_gmt":"2025-12-23T17:46:22","slug":"adiccion-al-tabaco","status":"publish","type":"page","link":"https:\/\/ihntogether.org\/es\/more-services\/tobacco-addiction\/","title":{"rendered":"Tabaco y adicci\u00f3n"},"content":{"rendered":"<section id=\"block_db8a6039aac68d53f4d2defdbcb90606\" class=\"shs-block block-section grid-container has-gray-warm-background-color\" >\n\t\t<div class=\"entry-content\">\n\n<h1 class=\"wp-block-heading\" id=\"h-tobacco-amp-addiction-services\">Servicios para el tabaco y las adicciones<\/h1>\n\n<\/div>\n\t<\/section>\n\n\n\n<section id=\"block_c1b1b8c1cf47ccd9b670167dfe0db7be\" class=\"shs-block block-section grid-container has-white-background-color\" >\n\t\t<div class=\"entry-content\">\n\n<h2 class=\"wp-block-heading\">Dejar el tabaco<\/h2>\n\n\n\n<p>Queremos que est\u00e9s lo m\u00e1s saludable posible. Nuestro plan incluye servicios que pueden ayudarte a dejar de consumir productos de tabaco, drogas y alcohol y encaminarte hacia una mejor salud. Si quieres dejar de consumir productos de tabaco, pero no puedes hacerlo solo, explora estos servicios cubiertos:<\/p>\n\n\n\n<ul class=\"wp-block-list\">\n<li>Sesiones de tratamiento (hasta 10 sesiones cada tres meses).<\/li>\n\n\n\n<li>Productos recetados y de venta libre (como chicles, parches y medicamentos orales).<\/li>\n\n\n\n<li>Asesoramiento individual y grupal.<\/li>\n<\/ul>\n\n\n\n<p>La IHN-CCO tambi\u00e9n ofrece otras formas de ayudarlo a dejar de consumir tabaco, incluidos programas telef\u00f3nicos. Puede llamar a la l\u00ednea para dejar de fumar de Oregon al:<\/p>\n\n\n\n<ul class=\"wp-block-list\">\n<li>800-Salir-Ahora&nbsp;<a href=\"tel:800-784-8669\">(800-784-8669<\/a>) para miembros de habla inglesa.<\/li>\n\n\n\n<li>855-Dejelo-Ya&nbsp;<a href=\"tel:855-335-3569\">(855-335-3569<\/a>) para miembros de habla hispana.<\/li>\n\n\n\n<li><a href=\"tel:877-777-6534\">877-777-6534<\/a>&nbsp;para usuarios de TTY.<\/li>\n<\/ul>\n\n\n\n<p>Para obtener m\u00e1s informaci\u00f3n sobre las opciones de clases,&nbsp;<a href=\"https:\/\/ihntogether.org\/es\/contactenos\/\">Cont\u00e1ctenos<\/a>.<\/p>\n\n<\/div>\n\t<\/section>\n\n\n\n<section id=\"block_e20ada7c2a9e6e0e56a21753b6fbdc8e\" class=\"shs-block block-section grid-container has-ash-background-color has-full-bleed-image\" >\n\t\t\t<figure class=\"image\"\n\t\t\tstyle=\"background-image: url(https:\/\/ihntogether.org\/wp-content\/uploads\/sites\/4\/2023\/12\/Pensive-Woman.jpg)\" \t\t\t>\n\t\t\t<img loading=\"lazy\" decoding=\"async\" width=\"900\" height=\"576\" src=\"https:\/\/ihntogether.org\/wp-content\/uploads\/sites\/4\/2023\/12\/Pensive-Woman.jpg\" class=\"attachment-full size-full\" alt=\"\" srcset=\"https:\/\/ihntogether.org\/wp-content\/uploads\/sites\/4\/2023\/12\/Pensive-Woman.jpg 900w, https:\/\/ihntogether.org\/wp-content\/uploads\/sites\/4\/2023\/12\/Pensive-Woman-300x192.jpg 300w, https:\/\/ihntogether.org\/wp-content\/uploads\/sites\/4\/2023\/12\/Pensive-Woman-768x492.jpg 768w, https:\/\/ihntogether.org\/wp-content\/uploads\/sites\/4\/2023\/12\/Pensive-Woman-156x100.jpg 156w\" sizes=\"auto, (max-width: 900px) 100vw, 900px\" \/>\t\t<\/figure>\n\t\t<div class=\"entry-content\">\n\n<h2 class=\"wp-block-heading\">Tratamiento de drogas y alcohol<\/h2>\n\n\n\n<p>Si cree que necesita ver a alguien por un problema de alcohol o drogas, hable con su proveedor de atenci\u00f3n primaria (PCP) o llame directamente a un proveedor de drogas y alcohol.<\/p>\n\n\n\n<p>Los proveedores de servicios de drogas y alcohol cuentan con capacitaci\u00f3n y experiencia adicionales para ayudar a las personas que tambi\u00e9n reciben servicios de salud mental. No necesita una derivaci\u00f3n de su m\u00e9dico de cabecera para estos servicios. Para encontrar un proveedor, busque Alcohol and Drug en nuestro directorio de proveedores especializados o ll\u00e1menos si tiene preguntas.<\/p>\n\n\n\n<div class=\"wp-block-buttons is-layout-flex wp-block-buttons-is-layout-flex\">\n<div class=\"wp-block-button\"><a class=\"wp-block-button__link wp-element-button\" href=\"https:\/\/samhealthplans.providerlenz.com\/home?directory=medicaid\" target=\"_blank\" rel=\"noreferrer noopener\">Encuentra atenci\u00f3n<\/a><\/div>\n<\/div>\n\n<\/div>\n\t<\/section>\n\n\n\n<section id=\"block_db8a6039aac68d53f4d2defdbcb90606\" class=\"shs-block block-section grid-container has-gray-warm-background-color\" >\n\t\t<div class=\"entry-content\">\n\n<h2 class=\"wp-block-heading\" id=\"h-affect-therapeutics-personalized-recovery-support\">Affect Therapeutics: apoyo personalizado para la recuperaci\u00f3n<\/h2>\n\n\n\n<p>Affect Therapeutics es un nuevo servicio para miembros mayores de 18 a\u00f1os a quienes se les haya diagnosticado un trastorno por consumo de sustancias. Algunos ejemplos son el consumo de alcohol, estimulantes, opioides o cannabis. Si re\u00fane los requisitos, es importante que acceda a la aplicaci\u00f3n para comenzar el tratamiento tan pronto como reciba el diagn\u00f3stico. El tratamiento temprano es clave para una recuperaci\u00f3n exitosa.<br><br>El programa Affect Therapeutics cuenta con una aplicaci\u00f3n terap\u00e9utica digital, telesalud y gesti\u00f3n de medicamentos. Es un programa privado para ayudar. Algunas caracter\u00edsticas son:<br><br>Nuestro programa de recuperaci\u00f3n de adicciones a las drogas y al alcohol mediante telesalud funciona desde una aplicaci\u00f3n en su tel\u00e9fono inteligente.<\/p>\n\n\n\n<ul class=\"wp-block-list\">\n<li>Las consultas m\u00e9dicas y de asesoramiento se realizan mediante videoconferencia segura en la aplicaci\u00f3n, por lo que puedes asistir a ellas desde cualquier lugar.<\/li>\n\n\n\n<li>Las recompensas financieras reales por el progreso de la recuperaci\u00f3n le ayudar\u00e1n a mantenerse motivado.<\/li>\n\n\n\n<li>Nuestros proveedores m\u00e9dicos pueden recetar medicamentos para ayudarle a controlar sus antojos.<\/li>\n\n\n\n<li>Nuestro equipo de apoyo le ayuda a reconstruir su vida con asistencia para empleo, vivienda, ayuda m\u00e9dica, administraci\u00f3n financiera y m\u00e1s.<\/li>\n<\/ul>\n\n\n\n<p>Para obtener m\u00e1s informaci\u00f3n, visite <a href=\"https:\/\/url.avanan.click\/v2\/___http:\/www.joinaffect.com___.YXAzOnNhbWhlYWx0aDphOm86MjA5OTgzOGQ1ZTg5OGY3YTkzOGUyZTViNzFmNDhjM2Q6Njo2ZWVlOjMzOTkwNzBjNThjZmQ0OWJmYTEyMGZlZDE1ZWViMmE5YmYyZDMwMDdhYjRiNTYyMTkxMjYzNmZkYjE2YzVkODE6aDpUOk4\" target=\"_blank\" rel=\"noreferrer noopener\">JoinAffect.com<\/a> o llamar <a href=\"tel:323-522-2218\">323-522-2218<\/a>. <\/p>\n\n<\/div>\n\t<\/section>\n\n\n\n<section id=\"block_c1b1b8c1cf47ccd9b670167dfe0db7be\" class=\"shs-block block-section grid-container has-white-background-color\" >\n\t\t<div class=\"entry-content\">\n\n<h2 class=\"wp-block-heading\">Dejar de jugar<\/h2>\n\n\n\n<p>Si el juego le est\u00e1 causando problemas en su vida, le recomendamos que busque ayuda. La ayuda es gratuita, se mantendr\u00e1 en privado y funciona. Los servicios de tratamiento y asesoramiento est\u00e1n disponibles de forma gratuita para cualquier residente de Oreg\u00f3n que tenga problemas relacionados con el juego, ya sea como jugador problem\u00e1tico o como familiar o amigo de un jugador problem\u00e1tico.<\/p>\n\n\n\n<p>Hay ayuda disponible las 24 horas del d\u00eda, los siete d\u00edas de la semana para cualquier persona que est\u00e9 preocupada por su adicci\u00f3n al juego. Tambi\u00e9n hay ayuda disponible si le preocupa la adicci\u00f3n al juego de un miembro de su familia. Puede obtener una derivaci\u00f3n a un programa de tratamiento gratuito u obtener ayuda de inmediato llamando a la l\u00ednea de ayuda para problemas con el juego al 877-MY-LIMIT&nbsp;<a href=\"tel:877-695-4648\">(877-695-4648<\/a>). Puede chatear en l\u00ednea con un asesor de juegos de azar certificado en&nbsp;<a href=\"https:\/\/1877mylimit.org\/\" target=\"_blank\" rel=\"noreferrer noopener\">1877mylimit.org<\/a>, De lunes a viernes de 9 a m a 9 p m.<\/p>\n\n\n\n<h2 class=\"wp-block-heading\">Otros recursos que pueden interesarle:<\/h2>\n\n\n\n<p><a href=\"https:\/\/samhealthplans.org\/wp-content\/uploads\/sites\/3\/2023\/06\/How-Smoking-Affects-You.pdf\" target=\"_blank\" rel=\"noreferrer noopener\">C\u00f3mo te afecta el tabaquismo (English)<\/a>\u00a0<a href=\"https:\/\/samhealthplans.org\/wp-content\/uploads\/sites\/3\/2023\/06\/How-Smoking-Affects-You-Spanish.pdf\" target=\"_blank\" rel=\"noreferrer noopener\">C\u00f3mo te afecta el tabaquismo (Espa\u00f1ol)<\/a><br><a href=\"https:\/\/ihntogether.org\/wp-content\/uploads\/sites\/4\/2024\/01\/Opioid-Fact-Sheet-Oregon-PainWise.pdf\" target=\"_blank\" rel=\"noreferrer noopener\">Uso de opioides \u2013 Painwise (English)<\/a><\/p>\n\n<\/div>\n\t<\/section>\n\n\n\n<p><\/p>","protected":false},"excerpt":{"rendered":"<p>Obtenga informaci\u00f3n sobre los servicios contra el tabaco y la adicci\u00f3n que est\u00e1n disponibles para los miembros.<\/p>","protected":false},"author":18,"featured_media":0,"parent":11,"menu_order":5,"comment_status":"closed","ping_status":"closed","template":"","meta":{"_acf_changed":false,"_searchwp_excluded":"","_shs_workflow_notes":"Updated the links.","_shs_exclude_from_navigation":false,"_shs_promote_article_on_blogs":"","footnotes":""},"class_list":["post-135","page","type-page","status-publish","hentry"],"acf":[],"_links":{"self":[{"href":"https:\/\/ihntogether.org\/es\/wp-json\/wp\/v2\/pages\/135","targetHints":{"allow":["GET"]}}],"collection":[{"href":"https:\/\/ihntogether.org\/es\/wp-json\/wp\/v2\/pages"}],"about":[{"href":"https:\/\/ihntogether.org\/es\/wp-json\/wp\/v2\/types\/page"}],"author":[{"embeddable":true,"href":"https:\/\/ihntogether.org\/es\/wp-json\/wp\/v2\/users\/18"}],"replies":[{"embeddable":true,"href":"https:\/\/ihntogether.org\/es\/wp-json\/wp\/v2\/comments?post=135"}],"version-history":[{"count":0,"href":"https:\/\/ihntogether.org\/es\/wp-json\/wp\/v2\/pages\/135\/revisions"}],"up":[{"embeddable":true,"href":"https:\/\/ihntogether.org\/es\/wp-json\/wp\/v2\/pages\/11"}],"wp:attachment":[{"href":"https:\/\/ihntogether.org\/es\/wp-json\/wp\/v2\/media?parent=135"}],"curies":[{"name":"Gracias","href":"https:\/\/api.w.org\/{rel}","templated":true}]}}