{"id":137,"date":"2023-11-16T13:13:02","date_gmt":"2023-11-16T21:13:02","guid":{"rendered":"https:\/\/samhealth.org\/ihn\/?page_id=137"},"modified":"2026-03-25T12:33:14","modified_gmt":"2026-03-25T19:33:14","slug":"para-futuras-mamas","status":"publish","type":"page","link":"https:\/\/ihntogether.org\/es\/more-services\/for-expecting-mothers\/","title":{"rendered":"Para estar esperando un beb\u00e9"},"content":{"rendered":"<section id=\"block_df169f185b208aef0e0fcd1ac58e5446\" class=\"shs-block block-section grid-container has-gray-warm-background-color\" >\n\t\t<div class=\"entry-content\">\n\n<h1 class=\"wp-block-heading\" id=\"h-services-for-expecting-a-baby\">Servicios para embarazadas<\/h1>\n\n<\/div>\n\t<\/section>\n\n\n\n<section id=\"block_f5ecfcf73dcba88bc6ebf24fd7344085\" class=\"shs-block block-section grid-container has-white-background-color\" >\n\t\t<div class=\"entry-content\">\n\n<h2 class=\"wp-block-heading\" id=\"h-if-you-are-pregnant-we-provide-extra-services-to-help-keep-you-amp-your-baby-healthy\">Si est\u00e1 embarazada, le brindamos servicios adicionales para ayudarla a usted y a su beb\u00e9 a mantenerse saludables<\/h2>\n\n\n\n<p>Cubrimos la atenci\u00f3n durante el embarazo. Si queda embarazada, es importante que se lo comunique de inmediato al Servicio de atenci\u00f3n al cliente de OHP. Mientras est\u00e9 embarazada, puede obtener m\u00e1s beneficios. Tambi\u00e9n es importante informar al Servicio de atenci\u00f3n al cliente de OHP cuando finalice su embarazo. Puede llamarlos al&nbsp;<a href=\"tel:800-699-9075\">800-699-9075<\/a>&nbsp;(TTY <strong><a href=\"tel:711\">711<\/a><\/strong>).<\/p>\n\n\n\n<p>Lee el <a href=\"https:\/\/samhealthplans.org\/wp-content\/uploads\/sites\/3\/Maternal-and-Infant-Handbook-IHN-CCO.pdf\" target=\"_blank\" rel=\"noreferrer noopener\">Manual para madres y beb\u00e9s<\/a> Para obtener m\u00e1s informaci\u00f3n sobre su cobertura.<\/p>\n\n\n\n<p>Los servicios est\u00e1n cubiertos cuando los presta un proveedor dentro de la red. Para obtener una descripci\u00f3n completa de sus beneficios y servicios, consulte el Manual para Miembros de IHN-CCO.<\/p>\n\n\n\n<p>Los beneficios est\u00e1n sujetos a cambios.<\/p>\n\n\n\n<p><a href=\"https:\/\/samhealthplans.org\/wp-content\/uploads\/sites\/3\/2023\/06\/Member-Handbook-IHN-CCO.pdf\" target=\"_blank\" rel=\"noreferrer noopener\">Manual del miembro (English)<\/a><br><a href=\"https:\/\/samhealthplans.org\/wp-content\/uploads\/sites\/3\/2023\/06\/Member-Handbook-IHN-CCO-Spanish.pdf\" target=\"_blank\" rel=\"noreferrer noopener\">Manual del miembro (espa\u00f1ol)<\/a><\/p>\n\n<\/div>\n\t<\/section>\n\n\n\n<section id=\"block_df169f185b208aef0e0fcd1ac58e5446\" class=\"shs-block block-section grid-container has-gray-warm-background-color\" >\n\t\t<div class=\"entry-content\">\n\n<h2 class=\"wp-block-heading\" id=\"h-other-resources-you-may-be-interested-in\">Otros recursos que pueden interesarle:<\/h2>\n\n\n\n<p><a href=\"https:\/\/health.bentoncountyor.gov\/infants-children-and-new-parents\/\" target=\"_blank\" rel=\"noreferrer noopener\">Condado Benton: salud perinatal, materna, infantil y familiar<\/a><\/p>\n\n\n\n<p><a href=\"https:\/\/www.co.lincoln.or.us\/676\/Maternal-Child-Family-Health\" target=\"_blank\" rel=\"noreferrer noopener\">Condado Lincoln \u2013 Salud materna, infantil y familiar<\/a><\/p>\n\n\n\n<p><a href=\"https:\/\/www.linncountyhealth.org\/services\/families\/\" target=\"_blank\" rel=\"noreferrer noopener\">Condado Linn: Familias, beb\u00e9s y ni\u00f1os<\/a><\/p>\n\n\n\n<p><a href=\"https:\/\/www.communitydoulaprogram.org\/\" target=\"_blank\" rel=\"noreferrer noopener\">Programa de Doula Comunitaria<\/a><\/p>\n\n\n\n<p><a href=\"https:\/\/www.communitydoulaprogram.org\/es\/monarch-on-4th\/\" target=\"_blank\" rel=\"noreferrer noopener\">Monarch on 4th: Tu centro comunitario de apoyo para familias<\/a>&nbsp;<\/p>\n\n<\/div>\n\t<\/section>","protected":false},"excerpt":{"rendered":"<p>Inf\u00f3rmese sobre los servicios disponibles para futuras madres.<\/p>","protected":false},"author":18,"featured_media":0,"parent":11,"menu_order":6,"comment_status":"closed","ping_status":"closed","template":"","meta":{"_acf_changed":false,"_searchwp_excluded":"","_shs_workflow_notes":"Sharon updated PDF links 1\/2024.","_shs_exclude_from_navigation":false,"_shs_promote_article_on_blogs":"","footnotes":""},"class_list":["post-137","page","type-page","status-publish","hentry"],"acf":[],"_links":{"self":[{"href":"https:\/\/ihntogether.org\/es\/wp-json\/wp\/v2\/pages\/137","targetHints":{"allow":["GET"]}}],"collection":[{"href":"https:\/\/ihntogether.org\/es\/wp-json\/wp\/v2\/pages"}],"about":[{"href":"https:\/\/ihntogether.org\/es\/wp-json\/wp\/v2\/types\/page"}],"author":[{"embeddable":true,"href":"https:\/\/ihntogether.org\/es\/wp-json\/wp\/v2\/users\/18"}],"replies":[{"embeddable":true,"href":"https:\/\/ihntogether.org\/es\/wp-json\/wp\/v2\/comments?post=137"}],"version-history":[{"count":2,"href":"https:\/\/ihntogether.org\/es\/wp-json\/wp\/v2\/pages\/137\/revisions"}],"predecessor-version":[{"id":4919,"href":"https:\/\/ihntogether.org\/es\/wp-json\/wp\/v2\/pages\/137\/revisions\/4919"}],"up":[{"embeddable":true,"href":"https:\/\/ihntogether.org\/es\/wp-json\/wp\/v2\/pages\/11"}],"wp:attachment":[{"href":"https:\/\/ihntogether.org\/es\/wp-json\/wp\/v2\/media?parent=137"}],"curies":[{"name":"Gracias","href":"https:\/\/api.w.org\/{rel}","templated":true}]}}