{"id":139,"date":"2023-11-16T13:14:06","date_gmt":"2023-11-16T21:14:06","guid":{"rendered":"https:\/\/samhealth.org\/ihn\/?page_id=139"},"modified":"2024-11-14T11:51:59","modified_gmt":"2024-11-14T19:51:59","slug":"para-padres-adoptivos","status":"publish","type":"page","link":"https:\/\/ihntogether.org\/es\/more-services\/for-foster-parents\/","title":{"rendered":"Para padres adoptivos"},"content":{"rendered":"<section id=\"block_c8090fa58e005b81895ac610511be791\" class=\"shs-block block-section grid-container has-gray-warm-background-color\" >\n\t\t<div class=\"entry-content\">\n\n<h1 class=\"wp-block-heading\" id=\"h-services-for-foster-resource-parents\">Servicios para padres de acogida (de recursos)<\/h1>\n\n<\/div>\n\t<\/section>\n\n\n\n<section id=\"block_43bd7e1a922b46b357bc57c97a38105d\" class=\"shs-block block-section grid-container has-white-background-color\" >\n\t\t<div class=\"entry-content\">\n\n<h2 class=\"wp-block-heading\">\u00bfPor qu\u00e9 una evaluaci\u00f3n f\u00edsica?<\/h2>\n\n\n\n<p>Todos los ni\u00f1os que ingresan a hogares de acogida en Oregon deben someterse a una evaluaci\u00f3n de salud mental, f\u00edsica y dental. Es posible que los ni\u00f1os que ingresan a hogares de acogida hayan tenido o no visitas regulares con su m\u00e9dico y hayan recibido vacunas infantiles. Algunos ni\u00f1os pueden tener problemas m\u00e9dicos cr\u00f3nicos que no se han identificado o que no se han controlado.<\/p>\n\n\n\n<p>Realizar un examen f\u00edsico dentro de los primeros 30 d\u00edas despu\u00e9s de que el ni\u00f1o ingresa al hogar de acogida puede ayudar a detectar problemas, comenzar o completar las vacunas que el ni\u00f1o pueda haber omitido y responder cualquier pregunta de salud que pueda tener el padre de acogida.<\/p>\n\n<\/div>\n\t<\/section>\n\n\n\n<section id=\"block_c8090fa58e005b81895ac610511be791\" class=\"shs-block block-section grid-container has-gray-warm-background-color\" >\n\t\t<div class=\"entry-content\">\n\n<h2 class=\"wp-block-heading\">\u00bfPor qu\u00e9 una evaluaci\u00f3n mental?<\/h2>\n\n\n\n<p>Los estudios muestran que los ni\u00f1os que han sido retirados de sus hogares y colocados en hogares de acogida, incluso los m\u00e1s peque\u00f1os, tienen tasas m\u00e1s altas que el promedio de problemas de salud mental y conductual.<\/p>\n\n\n\n<p>Obtener un examen de salud mental r\u00e1pido dentro de los 60 d\u00edas posteriores a la colocaci\u00f3n en un hogar de acogida puede ayudar a identificar signos de posibles problemas y brindarle herramientas para ayudar a su hijo de acogida a comprender y superar sus sentimientos.<\/p>\n\n<\/div>\n\t<\/section>\n\n\n\n<section id=\"block_43bd7e1a922b46b357bc57c97a38105d\" class=\"shs-block block-section grid-container has-white-background-color\" >\n\t\t<div class=\"entry-content\">\n\n<h2 class=\"wp-block-heading\">\u00bfPor qu\u00e9 una evaluaci\u00f3n dental?<\/h2>\n\n\n\n<p>A menudo, los ni\u00f1os no acuden al dentista hasta que tienen un problema. Esto puede causar muchos problemas, entre ellos: dolor, dificultad para masticar y hablar.<\/p>\n\n\n\n<p>Un examen dental oportuno dentro de los 30 d\u00edas posteriores a la colocaci\u00f3n en un hogar de acogida es importante para detectar un problema de manera temprana y\/o prevenir que ocurra.<\/p>\n\n<\/div>\n\t<\/section>\n\n\n\n<section id=\"block_43bd7e1a922b46b357bc57c97a38105d\" class=\"shs-block block-section grid-container has-white-background-color\" >\n\t\t<div class=\"entry-content\">\n\n<h2 class=\"wp-block-heading\">\u00bfCu\u00e1ndo debo evaluar a mi hijo adoptivo (sustituto)?<\/h2>\n\n\n\n<figure class=\"wp-block-table is-style-color\"><table><thead><tr><th>Tipo de evaluaci\u00f3n<\/th><th>Fecha de vencimiento<\/th><th>Edad del ni\u00f1o<\/th><\/tr><\/thead><tbody><tr><th>Evaluaci\u00f3n f\u00edsica<\/th><td>Fecha de vencimiento Dentro de 30 d\u00edas<\/td><td>Edad del ni\u00f1o Todos los ni\u00f1os independientemente de su edad.<\/td><\/tr><tr><th>Evaluaci\u00f3n mental<\/th><td>Fecha de vencimiento Dentro de 60 d\u00edas<\/td><td>Edad del ni\u00f1o Todos los ni\u00f1os de 3 a\u00f1os en adelante. Ni\u00f1os de 0 a 2 a\u00f1os seg\u00fan recomendaci\u00f3n del m\u00e9dico.<\/td><\/tr><tr><th>Evaluaci\u00f3n dental<\/th><td>Fecha de vencimiento Dentro de 30 d\u00edas<\/td><td>Edad del ni\u00f1o Todos los ni\u00f1os de 1 a\u00f1o en adelante.<\/td><\/tr><\/tbody><\/table><\/figure>\n\n<\/div>\n\t<\/section>\n\n\n\n<section id=\"block_0c3db09caf100a6e4680e4ef600796da\" class=\"shs-block block-section grid-container has-breeze-background-color\" >\n\t\t<div class=\"entry-content\">\n\n<h2 class=\"wp-block-heading\">Encompass: Juntos por la salud y el bienestar, coordinaci\u00f3n de cuidados para ni\u00f1os<\/h2>\n\n\n\n<p>El programa Encompass brinda servicios de coordinaci\u00f3n de atenci\u00f3n para ni\u00f1os en hogares de acogida en los condados Benton, Lincoln y Linn. Encompass atiende a ni\u00f1os bajo custodia del ODHS que tienen cobertura de IHN-CCO. El programa ayuda a los ni\u00f1os bajo custodia del ODHS que est\u00e1n ubicados en hogares de acogida certificados, ubicados con familiares y aquellos que permanecen con sus padres biol\u00f3gicos. El programa tambi\u00e9n puede ayudar a quienes tienen la tutela legal de un ni\u00f1o o ni\u00f1os. Revise la\u00a0<a href=\"https:\/\/ihntogether.org\/wp-content\/uploads\/sites\/4\/2024\/01\/Encompass-Care-for-Children-Flyer.pdf\" target=\"_blank\" rel=\"noreferrer noopener\">Volante Encompass (English)<\/a>\u00a0Para m\u00e1s informaci\u00f3n.<\/p>\n\n\n\n<h4 class=\"wp-block-heading\">Para m\u00e1s informaci\u00f3n contacte con:&nbsp;<a href=\"mailto:encompass@samhealth.org\">encompass@samhealth.org<\/a><\/h4>\n\n<\/div>\n\t<\/section>\n\n\n\n<section id=\"block_2b973fabc20c72c589c5701d4678efc7\" class=\"shs-block block-section grid-container has-white-background-color has-full-bleed-image\" >\n\t\t\t<figure class=\"image\"\n\t\t\tstyle=\"background-image: url(https:\/\/ihntogether.org\/wp-content\/uploads\/sites\/4\/2023\/12\/Woman-raising-hand.jpg)\" \t\t\t>\n\t\t\t<img loading=\"lazy\" decoding=\"async\" width=\"900\" height=\"576\" src=\"https:\/\/ihntogether.org\/wp-content\/uploads\/sites\/4\/2023\/12\/Woman-raising-hand.jpg\" class=\"attachment-full size-full\" alt=\"\" srcset=\"https:\/\/ihntogether.org\/wp-content\/uploads\/sites\/4\/2023\/12\/Woman-raising-hand.jpg 900w, https:\/\/ihntogether.org\/wp-content\/uploads\/sites\/4\/2023\/12\/Woman-raising-hand-300x192.jpg 300w, https:\/\/ihntogether.org\/wp-content\/uploads\/sites\/4\/2023\/12\/Woman-raising-hand-768x492.jpg 768w, https:\/\/ihntogether.org\/wp-content\/uploads\/sites\/4\/2023\/12\/Woman-raising-hand-156x100.jpg 156w\" sizes=\"auto, (max-width: 900px) 100vw, 900px\" \/>\t\t<\/figure>\n\t\t<div class=\"entry-content\">\n\n<h2 class=\"wp-block-heading\">\u00bfQuiere ayudar a mejorar la atenci\u00f3n sanitaria en su comunidad?<\/h2>\n\n\n\n<p>\u00a1\u00danase a nuestro Consejo Asesor Comunitario! El Consejo est\u00e1 buscando miembros de IHN-CCO como usted (o padres de miembros) que est\u00e9n interesados en influir en la atenci\u00f3n m\u00e9dica de nuestros miembros. Inf\u00f3rmese sobre el trabajo del Consejo y explore sus opciones para participar.<\/p>\n\n\n\n<div class=\"wp-block-buttons is-layout-flex wp-block-buttons-is-layout-flex\">\n<div class=\"wp-block-button\"><a class=\"wp-block-button__link wp-element-button\" href=\"https:\/\/ihntogether.org\/es\/consejo-asesor-comunitario\/\">\u00danase al Consejo<\/a><\/div>\n<\/div>\n\n<\/div>\n\t<\/section>\n\n\n\n<section id=\"block_c8090fa58e005b81895ac610511be791\" class=\"shs-block block-section grid-container has-gray-warm-background-color\" >\n\t\t<div class=\"entry-content\">\n\n<h2 class=\"wp-block-heading\">Otros recursos que pueden interesarle:<\/h2>\n\n\n\n<p><a href=\"https:\/\/ihntogether.org\/wp-content\/uploads\/sites\/4\/2024\/01\/Health-Assessments-for-Children-in-Substitute-Care.pdf\" target=\"_blank\" rel=\"noreferrer noopener\">Evaluaciones de salud para ni\u00f1os en cuidado sustituto (English)<\/a><br><a href=\"https:\/\/ihntogether.org\/wp-content\/uploads\/sites\/4\/2024\/01\/Health-Assessments-for-Children-in-Substitute-Care-Spanish.pdf\" target=\"_blank\" rel=\"noreferrer noopener\">Evaluaciones de salud para ni\u00f1os en cuidado sustituto (Espa\u00f1ol)<\/a><br><a href=\"https:\/\/samhealthplans.org\/wp-content\/uploads\/sites\/3\/2023\/06\/immunization-schedule-0-6-years.pdf\" target=\"_blank\" rel=\"noreferrer noopener\">Calendario de vacunaci\u00f3n: 0-6 a\u00f1os (English)<\/a><br><a href=\"https:\/\/samhealthplans.org\/wp-content\/uploads\/sites\/3\/2023\/06\/immunization-schedule-7-18-years.pdf\" target=\"_blank\" rel=\"noreferrer noopener\">Calendario de vacunaci\u00f3n: 7-18 a\u00f1os (English)<\/a><\/p>\n\n\n\n<div class=\"wp-block-buttons is-layout-flex wp-block-buttons-is-layout-flex\">\n<div class=\"wp-block-button\"><a class=\"wp-block-button__link wp-element-button\" href=\"https:\/\/ihntogether.org\/es\/mas-servicios\/para-ninos\/\">M\u00e1s servicios para ni\u00f1os<\/a><\/div>\n<\/div>\n\n<\/div>\n\t<\/section>","protected":false},"excerpt":{"rendered":"<p>Inf\u00f3rmese sobre algunos servicios disponibles para padres adoptivos.<\/p>","protected":false},"author":18,"featured_media":0,"parent":11,"menu_order":7,"comment_status":"closed","ping_status":"closed","template":"","meta":{"_acf_changed":false,"_searchwp_excluded":"","_shs_workflow_notes":"Sharon Updated the PDF links.","_shs_exclude_from_navigation":false,"_shs_promote_article_on_blogs":"","footnotes":""},"class_list":["post-139","page","type-page","status-publish","hentry"],"acf":[],"_links":{"self":[{"href":"https:\/\/ihntogether.org\/es\/wp-json\/wp\/v2\/pages\/139","targetHints":{"allow":["GET"]}}],"collection":[{"href":"https:\/\/ihntogether.org\/es\/wp-json\/wp\/v2\/pages"}],"about":[{"href":"https:\/\/ihntogether.org\/es\/wp-json\/wp\/v2\/types\/page"}],"author":[{"embeddable":true,"href":"https:\/\/ihntogether.org\/es\/wp-json\/wp\/v2\/users\/18"}],"replies":[{"embeddable":true,"href":"https:\/\/ihntogether.org\/es\/wp-json\/wp\/v2\/comments?post=139"}],"version-history":[{"count":0,"href":"https:\/\/ihntogether.org\/es\/wp-json\/wp\/v2\/pages\/139\/revisions"}],"up":[{"embeddable":true,"href":"https:\/\/ihntogether.org\/es\/wp-json\/wp\/v2\/pages\/11"}],"wp:attachment":[{"href":"https:\/\/ihntogether.org\/es\/wp-json\/wp\/v2\/media?parent=139"}],"curies":[{"name":"Gracias","href":"https:\/\/api.w.org\/{rel}","templated":true}]}}