{"id":14,"date":"2024-03-19T12:43:54","date_gmt":"2024-03-19T19:43:54","guid":{"rendered":"https:\/\/samhealth.org\/ihn\/?page_id=14"},"modified":"2025-11-24T16:06:16","modified_gmt":"2025-11-25T00:06:16","slug":"transformando-la-atencion-sanitaria","status":"publish","type":"page","link":"https:\/\/ihntogether.org\/es\/transforming-health-care\/","title":{"rendered":"Transformando la atenci\u00f3n sanitaria"},"content":{"rendered":"<section id=\"block_bb8421bd9d2794807731a65d44c67211\" class=\"shs-block block-section grid-container has-gray-warm-background-color\" >\n\t\t<div class=\"entry-content\">\n\n<h1 class=\"wp-block-heading\" id=\"h-transforming-health-care\">Transformando la atenci\u00f3n sanitaria<\/h1>\n\n\n\n<h2 class=\"wp-block-heading\">Obtenga informaci\u00f3n sobre proyectos piloto y nuevos servicios, revise informes y participe<\/h2>\n\n<\/div>\n\t<\/section>\n\n\n\n<section id=\"block_95967074e1c7d1a2a712be9a18b194dd\" class=\"shs-block block-section grid-container has-white-background-color has-full-bleed-image\" >\n\t\t\t<figure class=\"image\"\n\t\t\tstyle=\"background-image: url(https:\/\/ihntogether.org\/wp-content\/uploads\/sites\/4\/grandma-reading-with-grandkids-RECT.jpg)\" \t\t\t>\n\t\t\t<img loading=\"lazy\" decoding=\"async\" width=\"960\" height=\"520\" src=\"https:\/\/ihntogether.org\/wp-content\/uploads\/sites\/4\/grandma-reading-with-grandkids-RECT.jpg\" class=\"attachment-full size-full\" alt=\"Una abuela ley\u00e9ndoles a sus dos nietos desde una tableta.\" srcset=\"https:\/\/ihntogether.org\/wp-content\/uploads\/sites\/4\/grandma-reading-with-grandkids-RECT.jpg 960w, https:\/\/ihntogether.org\/wp-content\/uploads\/sites\/4\/grandma-reading-with-grandkids-RECT-300x163.jpg 300w, https:\/\/ihntogether.org\/wp-content\/uploads\/sites\/4\/grandma-reading-with-grandkids-RECT-768x416.jpg 768w, https:\/\/ihntogether.org\/wp-content\/uploads\/sites\/4\/grandma-reading-with-grandkids-RECT-18x10.jpg 18w, https:\/\/ihntogether.org\/wp-content\/uploads\/sites\/4\/grandma-reading-with-grandkids-RECT-185x100.jpg 185w\" sizes=\"auto, (max-width: 960px) 100vw, 960px\" \/>\t\t<\/figure>\n\t\t<div class=\"entry-content\">\n\n<h2 class=\"wp-block-heading\">Mejorar los resultados de salud<\/h2>\n\n\n\n<p>El Plan de Transformaci\u00f3n de IHN-CCO fue aprobado por los Centros de Servicios de Medicare y Medicaid en 2013. El plan ayuda a crear programas y proyectos que mejoran la atenci\u00f3n m\u00e9dica local en los condados de Benton, Lincoln y Linn.<br>La IHN-CCO y la Oregon Health Authority (OHA) trabajan juntas para ayudar a alcanzar los objetivos del sistema de salud de Oreg\u00f3n y fomentar la mejora continua de la calidad. Se reconoce que la transformaci\u00f3n es un proceso continuo y que el plan de transformaci\u00f3n de la IHN-CCO evolucionar\u00e1 y deber\u00eda evolucionar con el tiempo, con los objetivos permanentes de mejorar los resultados de salud, aumentar la satisfacci\u00f3n de los miembros y reducir los costos generales.<\/p>\n\n<\/div>\n\t<\/section>\n\n\n\n<section id=\"block_bb8421bd9d2794807731a65d44c67211\" class=\"shs-block block-section grid-container has-gray-warm-background-color\" >\n\t\t<div class=\"entry-content\">\n\n<h2 class=\"wp-block-heading\" id=\"h-see-ihn-cco-s-transformation-pilots-amp-projects\">Vea los proyectos y pilotos de transformaci\u00f3n de IHN-CCO<\/h2>\n\n\n\n<p>IHN-CCO financia y apoya programas piloto y proyectos que mejoran la atenci\u00f3n m\u00e9dica local en los condados de Benton, Lincoln y Linn.&nbsp;<\/p>\n\n\n\n<div class=\"wp-block-buttons is-layout-flex wp-block-buttons-is-layout-flex\">\n<div class=\"wp-block-button\"><a class=\"wp-block-button__link wp-element-button\" href=\"https:\/\/ihntogether.org\/es\/transformando-la-atencion-sanitaria\/proyectos-piloto\/\">M\u00e1s informaci\u00f3n<\/a><\/div>\n<\/div>\n\n<\/div>\n\t<\/section>\n\n\n\n<section id=\"block_505d4884b7c14515cfabdccd2d5da1a7\" class=\"shs-block block-section grid-container has-white-background-color\" >\n\t\t<div class=\"entry-content\">\n\n<h2 class=\"wp-block-heading\">Conozca los nuevos servicios: Necesidades sociales relacionadas con la salud&nbsp;<\/h2>\n\n\n\n<p>A trav\u00e9s de la exenci\u00f3n de Medicaid 1115 de Oregon, el estado podr\u00e1 cubrir nuevos servicios para los miembros del Plan de Salud de Oregon (OHP) denominados necesidades sociales relacionadas con la salud (HRSN, por sus siglas en ingl\u00e9s). Las organizaciones y los socios comunitarios ser\u00e1n fundamentales para esta labor y podr\u00edan recibir fondos para ayudar con estas iniciativas.<\/p>\n\n\n\n<div class=\"wp-block-buttons is-layout-flex wp-block-buttons-is-layout-flex\">\n<div class=\"wp-block-button\"><a class=\"wp-block-button__link wp-element-button\" href=\"https:\/\/ihntogether.org\/es\/transformando-la-atencion-sanitaria\/necesidades-sociales-relacionadas-con-la-salud\/\">M\u00e1s informaci\u00f3n<\/a><\/div>\n<\/div>\n\n<\/div>\n\t<\/section>\n\n\n\n<section id=\"block_bb8421bd9d2794807731a65d44c67211\" class=\"shs-block block-section grid-container has-gray-warm-background-color\" >\n\t\t<div class=\"entry-content\">\n\n<h2 class=\"wp-block-heading\">Comprenda la estrategia de transformaci\u00f3n y calidad de IHN-CCO<\/h2>\n\n\n\n<p>Encuentre los \u00faltimos informes de la Estrategia de Transformaci\u00f3n y Calidad para conocer nuestras \u00e1reas de enfoque, proyectos y entregables.<\/p>\n\n\n\n<div class=\"wp-block-buttons is-layout-flex wp-block-buttons-is-layout-flex\">\n<div class=\"wp-block-button\"><a class=\"wp-block-button__link wp-element-button\" href=\"https:\/\/ihntogether.org\/es\/transformando-la-atencion-sanitaria\/informes-de-transformacion\/\">Ver informes<\/a><\/div>\n<\/div>\n\n<\/div>\n\t<\/section>\n\n\n\n<section id=\"block_505d4884b7c14515cfabdccd2d5da1a7\" class=\"shs-block block-section grid-container has-white-background-color\" >\n\t\t<div class=\"entry-content\">\n\n<h2 class=\"wp-block-heading\">Flujos de financiaci\u00f3n de la IHN-CCO<\/h2>\n\n\n\n<p>Obtenga m\u00e1s informaci\u00f3n sobre c\u00f3mo apoyar la atenci\u00f3n m\u00e9dica local en colaboraci\u00f3n con la IHN-CCO. Inf\u00f3rmese sobre la convocatoria de propuestas actual y el proceso para presentar una propuesta piloto al Comit\u00e9 de Transformaci\u00f3n del Sistema de Prestaci\u00f3n.<\/p>\n\n\n\n<div class=\"wp-block-buttons is-layout-flex wp-block-buttons-is-layout-flex\">\n<div class=\"wp-block-button\"><a class=\"wp-block-button__link wp-element-button\" href=\"https:\/\/ihntogether.org\/es\/transformando-la-atencion-sanitaria\/fondos\/\">M\u00e1s informaci\u00f3n<\/a><\/div>\n<\/div>\n\n<\/div>\n\t<\/section>\n\n\n\n<section id=\"block_5824c0eb84081c2ce97364ec407bca81\" class=\"shs-block block-slim-section grid-container has-ash-background-color\">\n\n\t<div class=\"entry-content\">\n\n<h2 class=\"wp-block-heading\">Suscr\u00edbete al bolet\u00edn informativo de la IHN-CCO<\/h2>\n\n\n\n<p>Mant\u00e9ngase informado sobre la atenci\u00f3n m\u00e9dica en los condados Benton, Lincoln y Linn suscribi\u00e9ndose a nuestro correo electr\u00f3nico.<br>\u00a1Gracias por su inter\u00e9s en InterCommunity Health Network CCO!<\/p>\n\n\n\n<div class=\"wp-block-buttons is-layout-flex wp-block-buttons-is-layout-flex\">\n<div class=\"wp-block-button\"><a class=\"wp-block-button__link wp-element-button\" href=\"https:\/\/ihntogether.org\/es\/en-tu-comunidad\/suscribete-a-nuestros-correos-electronicos\/\" target=\"_blank\" rel=\"noreferrer noopener\">Suscribir<\/a><\/div>\n<\/div>\n\n<\/div>\n\n\t<\/section>\n\n\n<section id=\"block_ba8cf72fee005186289904115933a72b\" class=\"shs-block block-related-news has-white-background-color\">\n\t<div class=\"list-grid\">\n\t\t<div class=\"list-grid--title\">\n\t\t\t\t\t\t<h2>\n\t\t\t\tLea las \u00faltimas noticias de IHN-CCO\t\t\t<\/h2>\n\t\t\t\t<a href=\"https:\/\/ihntogether.org\/es\/como-servimos\/noticias\/\" target=\"_blank\" class=\"shs-button\">Ver m\u00e1s noticias<\/a>\t\t\t\t<\/div>\n\t\t\t\t<div class=\"list-grid--layout cols-3\">\n\t\t\t<article class=\"cta--news shs-element-click\">\n\t<img loading=\"lazy\" decoding=\"async\" width=\"360\" height=\"303\" src=\"https:\/\/ihntogether.org\/wp-content\/uploads\/co-Mobile-Medicine-01.jpg\" class=\"attachment-cta size-cta wp-post-image\" alt=\"Cuatro mujeres, dos vestidas de blanco, una de azul y otra de negro, posan frente a un mural en una unidad m\u00e9dica m\u00f3vil.\" \/>\t<h3>\n\t\t<a href=\"https:\/\/samhealth.org\/es\/news\/mobile-prenatal-postpartum-clinic-launches-with-successful-open-house\/\" target=\"_blank\" rel=\"noopener\">\n\t\t\tSe inaugura una cl\u00ednica m\u00f3vil prenatal y posparto con una exitosa jornada de puertas abiertas.\t\t<\/a>\n\t<\/h3>\n<\/article>\n<article class=\"cta--news shs-element-click\">\n\t<img loading=\"lazy\" decoding=\"async\" width=\"360\" height=\"300\" src=\"https:\/\/ihntogether.org\/wp-content\/uploads\/StreetMedicine-CO.jpg\" class=\"attachment-cta size-cta wp-post-image\" alt=\"El Dr. Cosimo Storniolo y una enfermera del equipo de Medicina Callejera de la Cl\u00ednica de Salud Intercomunitaria Samaritana preparan el equipo necesario para atender a la comunidad.\" \/>\t<h3>\n\t\t<a href=\"https:\/\/samhealth.org\/es\/news\/street-medicine-in-action\/\" target=\"_blank\" rel=\"noopener\">\n\t\t\tLa medicina callejera ofrece esperanza y sanaci\u00f3n en las calles de Albany.\t\t<\/a>\n\t<\/h3>\n<\/article>\n<article class=\"cta--news shs-element-click\">\n\t<img loading=\"lazy\" decoding=\"async\" width=\"360\" height=\"300\" src=\"https:\/\/ihntogether.org\/wp-content\/uploads\/sites\/4\/corvallis-housing-first-staff-CO.jpg\" class=\"attachment-cta size-cta wp-post-image\" alt=\"Una foto de grupo de 12 miembros del personal de Corvallis Housing First.\" \/>\t<h3>\n\t\t<a href=\"https:\/\/ihntogether.org\/es\/news\/third-street-commons-builds-housing-support-in-corvallis\/\">\n\t\t\tThird Street Commons crea apoyo para la vivienda en Corvallis\t\t<\/a>\n\t<\/h3>\n<\/article>\n\t\t<\/div>\n\t<\/div>\n\t<\/section>","protected":false},"excerpt":{"rendered":"<p>Conozca el Plan de Transformaci\u00f3n de IHN-CCO para desarrollar programas y proyectos que mejoren la atenci\u00f3n m\u00e9dica local en los condados de Benton, Lincoln y Linn. <\/p>","protected":false},"author":11,"featured_media":0,"parent":0,"menu_order":5,"comment_status":"closed","ping_status":"closed","template":"","meta":{"_acf_changed":false,"_searchwp_excluded":"","_shs_workflow_notes":"Make content edits to THIS page.","_shs_exclude_from_navigation":true,"_shs_promote_article_on_blogs":"","footnotes":""},"class_list":["post-14","page","type-page","status-publish","hentry"],"acf":[],"_links":{"self":[{"href":"https:\/\/ihntogether.org\/es\/wp-json\/wp\/v2\/pages\/14","targetHints":{"allow":["GET"]}}],"collection":[{"href":"https:\/\/ihntogether.org\/es\/wp-json\/wp\/v2\/pages"}],"about":[{"href":"https:\/\/ihntogether.org\/es\/wp-json\/wp\/v2\/types\/page"}],"author":[{"embeddable":true,"href":"https:\/\/ihntogether.org\/es\/wp-json\/wp\/v2\/users\/11"}],"replies":[{"embeddable":true,"href":"https:\/\/ihntogether.org\/es\/wp-json\/wp\/v2\/comments?post=14"}],"version-history":[{"count":0,"href":"https:\/\/ihntogether.org\/es\/wp-json\/wp\/v2\/pages\/14\/revisions"}],"wp:attachment":[{"href":"https:\/\/ihntogether.org\/es\/wp-json\/wp\/v2\/media?parent=14"}],"curies":[{"name":"Gracias","href":"https:\/\/api.w.org\/{rel}","templated":true}]}}