{"id":141,"date":"2023-11-16T13:16:17","date_gmt":"2023-11-16T21:16:17","guid":{"rendered":"https:\/\/samhealth.org\/ihn\/?page_id=141"},"modified":"2026-02-06T08:22:09","modified_gmt":"2026-02-06T16:22:09","slug":"para-ninos","status":"publish","type":"page","link":"https:\/\/ihntogether.org\/es\/more-services\/for-children\/","title":{"rendered":"Servicios para ni\u00f1os"},"content":{"rendered":"<section id=\"block_f951d1c8c91699d2f8955b4fff4e5214\" class=\"shs-block block-section grid-container has-gray-warm-background-color\" >\n\t\t<div class=\"entry-content\">\n\n<h1 class=\"wp-block-heading\" id=\"h-services-for-children\">Servicios para ni\u00f1os<\/h1>\n\n<\/div>\n\t<\/section>\n\n\n\n<section id=\"block_5c3449cf0c595aa767fc7d05e35b90e8\" class=\"shs-block block-section grid-container has-white-background-color\" >\n\t\t<div class=\"entry-content\">\n\n<h2 class=\"wp-block-heading\">IHN-CCO puede ayudar a que su beb\u00e9, ni\u00f1o o adolescente se sienta bien<\/h2>\n\n\n\n<figure class=\"wp-block-table is-style-color\"><table><tbody><tr><td><strong>Visitas de control de beb\u00e9s, ni\u00f1os y adolescentes<\/strong><\/td><td>Su m\u00e9dico tambi\u00e9n quiere ver a su hijo cuando se encuentra bien. IHN-CCO cubre las visitas de control, seg\u00fan lo recomendado por su m\u00e9dico, para ayudarle a mantener sano a su hijo.<br><br>Estas visitas pueden ayudarle a entender c\u00f3mo est\u00e1 creciendo y aprendiendo su hijo, y le permiten hablar sobre cualquier inquietud que pueda tener sobre el desarrollo de su hijo. Llame a su proveedor para programar una cita y averiguar con qu\u00e9 frecuencia debe programar una visita de control.<\/td><\/tr><tr><td><strong>Servicios dentales<\/strong><\/td><td>Es dif\u00edcil saber si hay un problema en la boca de su hijo sin un chequeo regular. IHN-CCO ofrece dos chequeos al a\u00f1o. Los chequeos incluyen servicios preventivos para su hijo, como limpiezas, tratamientos con fl\u00faor y selladores dentales.<br><br>Contacta con tu&nbsp;<a href=\"https:\/\/ihntogether.org\/es\/sus-beneficios\/dental\/\">organizaci\u00f3n de atenci\u00f3n dental<\/a>.<\/td><\/tr><tr><td><strong>Servicios de salud mental<\/strong><\/td><td>Los ni\u00f1os con problemas de conducta son elegibles para que su atenci\u00f3n sea coordinada a trav\u00e9s de Wraparound o Intensive Care Coordination. Estos servicios re\u00fanen a un equipo de profesionales y apoyos naturales para comprender y satisfacer las necesidades individualizadas de la familia y el joven. El proceso de planificaci\u00f3n puede involucrar a cualquier persona en la vida del ni\u00f1o que el joven y la familia consideren importante, formando un equipo para que se pueda desarrollar un plan de apoyo. Para aquellos j\u00f3venes y familias que necesitan m\u00e1s que terapia individual y familiar, hay una variedad de servicios intensivos disponibles cuando sea necesario y acordado por la familia y el joven y seg\u00fan se incluya en su plan de tratamiento de salud mental o plan de atenci\u00f3n. Estos pueden incluir, entre otros:<br><br>\u2022 <strong>Gesti\u00f3n de casos:<\/strong> Servicios proporcionados para ayudar a las personas que residen en un entorno comunitario o est\u00e1n en transici\u00f3n a un entorno comunitario a obtener acceso a los servicios m\u00e9dicos, sociales, educativos, de derechos y otros servicios aplicables deseados.<br>\u2022 <strong>Entrenamiento de habilidades:<\/strong> Proporciona informaci\u00f3n y capacitaci\u00f3n a personas y familias dise\u00f1adas para ayudar con el desarrollo de habilidades en \u00e1reas que incluyen, entre otras, manejo de la ira, reducci\u00f3n del estr\u00e9s, resoluci\u00f3n de conflictos, autoestima, interacciones entre padres e hijos, relaciones personales, concientizaci\u00f3n sobre drogas y alcohol, apoyo conductual, manejo de s\u00edntomas, acceso a servicios comunitarios y vida diaria.<br>\u2022 <strong>Servicios de apoyo entre pares para j\u00f3venes y familias:<\/strong> Servicios y apoyo basados en la comunidad proporcionados por pares y especialistas en apoyo de pares a personas o familiares con experiencias de vida similares.<br>\u2022 <strong>Respiro:<\/strong> Incluye apoyos planificados y de emergencia dise\u00f1ados para brindar un alivio temporal de la atenci\u00f3n para mantener un entorno de vida estable y seguro. El cuidado de relevo puede brindarse dentro o fuera del hogar. El cuidado de relevo incluye supervisi\u00f3n y apoyo conductual de acuerdo con las estrategias especificadas en el plan de servicio.<br>\u2022 <strong>Tratamiento conductual intensivo en el hogar (IIBHT):<\/strong> Un programa para ni\u00f1os que ofrece una combinaci\u00f3n de servicios y apoyos prestados en un entorno comunitario a un ni\u00f1o de cero a 20 a\u00f1os de edad y sus familias.<br><br>Si usted es el tutor de un ni\u00f1o y cree que su hijo y su familia podr\u00edan beneficiarse de estos servicios, comun\u00edquese con su proveedor de salud mental o con el coordinador de atenci\u00f3n integral o cuidados intensivos para que lo ayude a determinar qu\u00e9 servicios est\u00e1n disponibles y cu\u00e1les son los m\u00e1s adecuados para satisfacer sus necesidades. El servicio de atenci\u00f3n al cliente de IHN-CCO tambi\u00e9n puede ayudarlo a conectarse con nuestro Departamento de coordinaci\u00f3n de atenci\u00f3n si actualmente no recibe servicios.<\/td><\/tr><tr><td><strong>Vacunas<\/strong><\/td><td>Las vacunas est\u00e1n cubiertas como parte de su atenci\u00f3n m\u00e9dica. Ayudar\u00e1n a proteger a su hijo de enfermedades da\u00f1inas. Vea los calendarios de vacunaci\u00f3n de su hijo:<br><a href=\"https:\/\/samhealthplans.org\/wp-content\/uploads\/sites\/3\/2023\/06\/immunization-schedule-0-6-years.pdf\" target=\"_blank\" rel=\"noreferrer noopener\">Calendario de vacunaci\u00f3n: 0-6 a\u00f1os (English)<\/a><br><a href=\"https:\/\/samhealthplans.org\/wp-content\/uploads\/sites\/3\/2023\/06\/immunization-schedule-7-18-years.pdf\" target=\"_blank\" rel=\"noreferrer noopener\">Calendario de vacunaci\u00f3n: 7-18 a\u00f1os (English)<\/a><\/td><\/tr><tr><td><strong>Aud\u00edfonos<\/strong><\/td><td>Si su hijo ha sido aprobado para usar aud\u00edfonos, IHN-CCO le proporcionar\u00e1 dos aud\u00edfonos cada tres a\u00f1os.<\/td><\/tr><tr><td><strong>Visi\u00f3n y cuidado ocular<\/strong><\/td><td>IHN-CCO brinda atenci\u00f3n para corregir la visi\u00f3n y anteojos para ni\u00f1os.&nbsp;<a href=\"https:\/\/ihntogether.org\/es\/contactenos\/\">Cont\u00e1ctenos<\/a>&nbsp;para ver qui\u00e9n est\u00e1 cubierto para proporcionar estos servicios.<\/td><\/tr><\/tbody><\/table><\/figure>\n\n\n\n<p>&nbsp;Ayude a su hijo a comenzar con el pie derecho posible utilizando estos servicios disponibles para \u00e9l.<\/p>\n\n<\/div>\n\t<\/section>\n\n\n\n<section id=\"block_fa6fa9bc999c5ce28ee493a84a1979aa\" class=\"shs-block block-section grid-container has-breeze-background-color has-full-bleed-image col-reverse\" >\n\t\t\t<figure class=\"image\"\n\t\t\tstyle=\"background-image: url(https:\/\/ihntogether.org\/wp-content\/uploads\/sites\/4\/Well-Child-Checks-2026-RECT.jpg)\" \t\t\t>\n\t\t\t<img loading=\"lazy\" decoding=\"async\" width=\"960\" height=\"766\" src=\"https:\/\/ihntogether.org\/wp-content\/uploads\/sites\/4\/Well-Child-Checks-2026-RECT.jpg\" class=\"attachment-full size-full\" alt=\"Ilustraci\u00f3n colorida de un hombre y una mujer regando un \u00e1rbol. El concepto es la necesidad de cuidar a los ni\u00f1os y apoyar su desarrollo.\" srcset=\"https:\/\/ihntogether.org\/wp-content\/uploads\/sites\/4\/Well-Child-Checks-2026-RECT.jpg 960w, https:\/\/ihntogether.org\/wp-content\/uploads\/sites\/4\/Well-Child-Checks-2026-RECT-300x239.jpg 300w, https:\/\/ihntogether.org\/wp-content\/uploads\/sites\/4\/Well-Child-Checks-2026-RECT-768x613.jpg 768w, https:\/\/ihntogether.org\/wp-content\/uploads\/sites\/4\/Well-Child-Checks-2026-RECT-15x12.jpg 15w, https:\/\/ihntogether.org\/wp-content\/uploads\/sites\/4\/Well-Child-Checks-2026-RECT-125x100.jpg 125w\" sizes=\"auto, (max-width: 960px) 100vw, 960px\" \/>\t\t<\/figure>\n\t\t<div class=\"entry-content\">\n\n<h2 class=\"wp-block-heading\">Ayude a su hijo a crecer con \u00e9xito. Reserve su chequeo de bienestar para 2026.<\/h2>\n\n\n\n<p>Anual <strong>control de ni\u00f1o sano<\/strong> Ayuda a realizar un seguimiento del crecimiento, apoyar el desarrollo y detectar problemas de forma temprana para que su hijo pueda seguir creciendo, aprendiendo y prosperando.<\/p>\n\n\n\n<p><strong>Qu\u00e9 esperar:<\/strong><\/p>\n\n\n\n<ul class=\"wp-block-list\">\n<li>Un chequeo de salud de la cabeza a los pies.<\/li>\n\n\n\n<li>Vacunas y ex\u00e1menes de detecci\u00f3n.<\/li>\n\n\n\n<li>Orientaci\u00f3n sobre crecimiento y comportamiento.<\/li>\n\n\n\n<li>Es hora de tus preguntas.<\/li>\n<\/ul>\n\n\n\n<p>Plante las semillas de la salud durante toda la vida. <strong>Programe su chequeo de ni\u00f1o sano hoy.<\/strong><\/p>\n\n\n\n<div class=\"wp-block-buttons is-layout-flex wp-block-buttons-is-layout-flex\">\n<div class=\"wp-block-button\"><a class=\"wp-block-button__link wp-element-button\" href=\"tel:541-243-0345\">Llama al 541-243-0345<\/a><\/div>\n<\/div>\n\n\n\n<p><em>Este n\u00famero de tel\u00e9fono es solo para programar controles de ni\u00f1o sano.<\/em><\/p>\n\n<\/div>\n\t<\/section>\n\n\n\n<section id=\"block_5c3449cf0c595aa767fc7d05e35b90e8\" class=\"shs-block block-section grid-container has-white-background-color\" >\n\t\t<div class=\"entry-content\">\n\n<h2 class=\"wp-block-heading\">Otros recursos que pueden interesarle:<\/h2>\n\n\n\n<p><a href=\"https:\/\/samhealthplans.org\/wp-content\/uploads\/sites\/3\/2023\/06\/immunization-schedule-0-6-years.pdf\" target=\"_blank\" rel=\"noreferrer noopener\">Calendario de vacunaci\u00f3n: 0-6 a\u00f1os (English)<\/a><br><a href=\"https:\/\/samhealthplans.org\/wp-content\/uploads\/sites\/3\/2023\/06\/immunization-schedule-7-18-years.pdf\" target=\"_blank\" rel=\"noreferrer noopener\">Calendario de vacunaci\u00f3n: 7-18 a\u00f1os (English)<\/a><\/p>\n\n<\/div>\n\t<\/section>\n\n\n\n<section id=\"block_91019b8da8271e1f2ac844e609ce8c72\" class=\"shs-block block-section grid-container has-gray-warm-background-color has-full-bleed-image\" >\n\t\t\t<figure class=\"image\"\n\t\t\tstyle=\"background-image: url(https:\/\/ihntogether.org\/wp-content\/uploads\/sites\/4\/2023\/12\/Woman-raising-hand.jpg)\" \t\t\t>\n\t\t\t<img loading=\"lazy\" decoding=\"async\" width=\"900\" height=\"576\" src=\"https:\/\/ihntogether.org\/wp-content\/uploads\/sites\/4\/2023\/12\/Woman-raising-hand.jpg\" class=\"attachment-full size-full\" alt=\"\" srcset=\"https:\/\/ihntogether.org\/wp-content\/uploads\/sites\/4\/2023\/12\/Woman-raising-hand.jpg 900w, https:\/\/ihntogether.org\/wp-content\/uploads\/sites\/4\/2023\/12\/Woman-raising-hand-300x192.jpg 300w, https:\/\/ihntogether.org\/wp-content\/uploads\/sites\/4\/2023\/12\/Woman-raising-hand-768x492.jpg 768w, https:\/\/ihntogether.org\/wp-content\/uploads\/sites\/4\/2023\/12\/Woman-raising-hand-156x100.jpg 156w\" sizes=\"auto, (max-width: 900px) 100vw, 900px\" \/>\t\t<\/figure>\n\t\t<div class=\"entry-content\">\n\n<h2 class=\"wp-block-heading\">\u00bfQuiere ayudar a mejorar la atenci\u00f3n sanitaria en su comunidad?<\/h2>\n\n\n\n<p>\u00a1\u00danase a nuestro Consejo Asesor Comunitario! El Consejo est\u00e1 buscando miembros de IHN-CCO como usted (o padres de miembros) que est\u00e9n interesados en influir en la atenci\u00f3n m\u00e9dica de nuestros miembros. Inf\u00f3rmese sobre el trabajo del Consejo y explore sus opciones para participar.<\/p>\n\n\n\n<div class=\"wp-block-buttons is-layout-flex wp-block-buttons-is-layout-flex\">\n<div class=\"wp-block-button\"><a class=\"wp-block-button__link wp-element-button\" href=\"https:\/\/ihntogether.org\/es\/consejo-asesor-comunitario\/\">\u00danase al Consejo<\/a><\/div>\n<\/div>\n\n<\/div>\n\t<\/section>","protected":false},"excerpt":{"rendered":"<p>Inf\u00f3rmese sobre los servicios disponibles para los ni\u00f1os.<\/p>","protected":false},"author":18,"featured_media":0,"parent":11,"menu_order":8,"comment_status":"closed","ping_status":"closed","template":"","meta":{"_acf_changed":false,"_searchwp_excluded":"","_shs_workflow_notes":"Sharon updated PDF links 1\/23\/2024.","_shs_exclude_from_navigation":false,"_shs_promote_article_on_blogs":"","footnotes":""},"class_list":["post-141","page","type-page","status-publish","hentry"],"acf":[],"_links":{"self":[{"href":"https:\/\/ihntogether.org\/es\/wp-json\/wp\/v2\/pages\/141","targetHints":{"allow":["GET"]}}],"collection":[{"href":"https:\/\/ihntogether.org\/es\/wp-json\/wp\/v2\/pages"}],"about":[{"href":"https:\/\/ihntogether.org\/es\/wp-json\/wp\/v2\/types\/page"}],"author":[{"embeddable":true,"href":"https:\/\/ihntogether.org\/es\/wp-json\/wp\/v2\/users\/18"}],"replies":[{"embeddable":true,"href":"https:\/\/ihntogether.org\/es\/wp-json\/wp\/v2\/comments?post=141"}],"version-history":[{"count":0,"href":"https:\/\/ihntogether.org\/es\/wp-json\/wp\/v2\/pages\/141\/revisions"}],"up":[{"embeddable":true,"href":"https:\/\/ihntogether.org\/es\/wp-json\/wp\/v2\/pages\/11"}],"wp:attachment":[{"href":"https:\/\/ihntogether.org\/es\/wp-json\/wp\/v2\/media?parent=141"}],"curies":[{"name":"Gracias","href":"https:\/\/api.w.org\/{rel}","templated":true}]}}