{"id":143,"date":"2023-11-16T13:17:23","date_gmt":"2023-11-16T21:17:23","guid":{"rendered":"https:\/\/samhealth.org\/ihn\/?page_id=143"},"modified":"2026-03-10T14:03:38","modified_gmt":"2026-03-10T21:03:38","slug":"para-miembros-con-diabetes","status":"publish","type":"page","link":"https:\/\/ihntogether.org\/es\/more-services\/for-members-with-diabetes\/","title":{"rendered":"Para miembros con diabetes"},"content":{"rendered":"<section id=\"block_c6ffff23f0784251d1b6ef02b68b76eb\" class=\"shs-block block-section grid-container has-gray-warm-background-color\" >\n\t\t<div class=\"entry-content\">\n\n<h1 class=\"wp-block-heading\" id=\"h-services-for-members-with-diabetes\">Servicios para miembros con diabetes<\/h1>\n\n<\/div>\n\t<\/section>\n\n\n\n<section id=\"block_75d2ee091c9c6226a75838e245e557ee\" class=\"shs-block block-section grid-container has-white-background-color\" >\n\t\t<div class=\"entry-content\">\n\n<h2 class=\"wp-block-heading\">Acceso gratuito a beneficios para la diabetes<\/h2>\n\n\n\n<p>Cuidar su diabetes puede ser complicado. Para facilitarle las cosas, hemos enumerado a continuaci\u00f3n todos los beneficios gratuitos para la diabetes. Esto le ayudar\u00e1 a comprender d\u00f3nde obtener cada beneficio. Si necesita ayuda en alg\u00fan momento, por favor&nbsp;<a href=\"https:\/\/ihntogether.org\/es\/contactenos\/\" target=\"_blank\" rel=\"noreferrer noopener\">Cont\u00e1ctenos<\/a>.<\/p>\n\n\n\n<figure class=\"wp-block-table is-style-color\"><table><tbody><tr><td>De su m\u00e9dico<\/td><td>Su proveedor de atenci\u00f3n primaria puede ayudarlo con lo siguiente:<br><br>\u2022 An\u00e1lisis de sangre HbA1C (para comprobar el control del az\u00facar en sangre).<br>\u2022 Prueba de colesterol en sangre.<br>\u2022 An\u00e1lisis de orina (para detectar prote\u00ednas en la orina)<br>\u2022 Asesoramiento para dejar de fumar.<br>\u2022 Educaci\u00f3n sobre diabetes.<br>\u2022 Terapia nutricional m\u00e9dica.<br>\u2022 Vacunas\/inyecciones (gripe, neumon\u00eda, hepatitis B).<br><br>\u00bfBusca un proveedor de atenci\u00f3n primaria?\u00a0<a href=\"https:\/\/ihntogether.org\/es\/encontrar-atencion\/busqueda-de-proveedores\/\" target=\"_blank\" rel=\"noreferrer noopener\">Encuentra atenci\u00f3n<\/a>\u00a0o\u00a0<a href=\"https:\/\/ihntogether.org\/es\/contactenos\/\" target=\"_blank\" rel=\"noreferrer noopener\">Cont\u00e1ctenos<\/a>\u00a0para pedir ayuda.<\/td><\/tr><tr><th>De parte de su dentista<\/th><td>Llame a su organizaci\u00f3n de atenci\u00f3n dental para un examen dental preventivo gratuito.<br>\u00bfBuscas un dentista? Aqu\u00ed tienes una lista de nuestros&nbsp;<a href=\"https:\/\/ihntogether.org\/es\/sus-beneficios\/dental\/\" target=\"_blank\" rel=\"noreferrer noopener\">Organizaciones de atenci\u00f3n dental<\/a>&nbsp;o&nbsp;<a href=\"https:\/\/ihntogether.org\/es\/contactenos\/\" target=\"_blank\" rel=\"noreferrer noopener\">Cont\u00e1ctenos<\/a>&nbsp;para pedir ayuda.<\/td><\/tr><tr><th>De su oftalm\u00f3logo<\/th><td>Llame a su proveedor que figura en su\u00a0<a href=\"https:\/\/ihntogether.org\/es\/encontrar-atencion\/busqueda-de-proveedores\/\" target=\"_blank\" rel=\"noreferrer noopener\">Directorio de proveedores de IHN-CCO<\/a>\u00a0para programar un examen de ojos dilatados.<\/td><\/tr><tr><th>Suministros m\u00e9dicos<\/th><td>Llame a cualquier proveedor de productos m\u00e9dicos duraderos que figure en su\u00a0<a href=\"https:\/\/ihntogether.org\/es\/encontrar-atencion\/busqueda-de-proveedores\/\" target=\"_blank\" rel=\"noreferrer noopener\">Directorio de proveedores de IHN-CCO<\/a>:<br><br>\u2022 Zapatos para diab\u00e9ticos.<br>\u2022 Monitoreo de glucosa en sangre (medidor, tiras reactivas, lancetas).<br>\u2022 Bomba de insulina y suministros (puede requerirse autorizaci\u00f3n previa).<\/td><\/tr><tr><th>De tu farmacia<\/th><td>Los siguientes medicamentos est\u00e1n disponibles en cualquier farmacia:<br><br>\u2022 Medicamentos para la diabetes.<br>\u2022 Medicamentos para la presi\u00f3n arterial.<br>\u2022 Insulina inyectable, jeringas, gasas con alcohol y agujas.<br>\u2022 Dejar de tomar medicamentos para dejar el tabaco.<br><br>Por favor revise su&nbsp;<a href=\"https:\/\/ihntogether.org\/es\/sus-beneficios\/medicamentos-recetados\/\" target=\"_blank\" rel=\"noreferrer noopener\">medicamentos recetados<\/a>&nbsp;Para m\u00e1s informaci\u00f3n.<\/td><\/tr><\/tbody><\/table><\/figure>\n\n<\/div>\n\t<\/section>\n\n\n\n<section id=\"block_c6ffff23f0784251d1b6ef02b68b76eb\" class=\"shs-block block-section grid-container has-gray-warm-background-color\" >\n\t\t<div class=\"entry-content\">\n\n<h2 class=\"wp-block-heading\">Otros recursos que pueden interesarle:<\/h2>\n\n\n\n<p><a href=\"https:\/\/samhealthplans.org\/wp-content\/uploads\/sites\/3\/2023\/06\/managing-diabetes-brochure-patient-resource.pdf\" target=\"_blank\" rel=\"noreferrer noopener\">Informaci\u00f3n sobre la diabetes (English)<\/a><br><a href=\"https:\/\/samhealthplans.org\/wp-content\/uploads\/sites\/3\/2023\/06\/diabetes-education-flyer-patient-resource.pdf\" target=\"_blank\" rel=\"noreferrer noopener\">Educaci\u00f3n y apoyo sobre diabetes (English)<\/a> <br><a href=\"https:\/\/www.samhealth.org\/health-services\/classes-and-events\" target=\"_blank\" rel=\"noreferrer noopener\">Vea nuestro calendario de pr\u00f3ximas clases sobre diabetes<\/a><\/p>\n\n<\/div>\n\t<\/section>","protected":false},"excerpt":{"rendered":"<p>Obtenga informaci\u00f3n sobre los servicios disponibles para miembros con diabetes.<\/p>","protected":false},"author":18,"featured_media":0,"parent":11,"menu_order":9,"comment_status":"closed","ping_status":"closed","template":"","meta":{"_acf_changed":false,"_searchwp_excluded":"","_shs_workflow_notes":"Updated all PDF links.  The link to diabetes classes on SHS will need to be updated.","_shs_exclude_from_navigation":false,"_shs_promote_article_on_blogs":"","footnotes":""},"class_list":["post-143","page","type-page","status-publish","hentry"],"acf":[],"_links":{"self":[{"href":"https:\/\/ihntogether.org\/es\/wp-json\/wp\/v2\/pages\/143","targetHints":{"allow":["GET"]}}],"collection":[{"href":"https:\/\/ihntogether.org\/es\/wp-json\/wp\/v2\/pages"}],"about":[{"href":"https:\/\/ihntogether.org\/es\/wp-json\/wp\/v2\/types\/page"}],"author":[{"embeddable":true,"href":"https:\/\/ihntogether.org\/es\/wp-json\/wp\/v2\/users\/18"}],"replies":[{"embeddable":true,"href":"https:\/\/ihntogether.org\/es\/wp-json\/wp\/v2\/comments?post=143"}],"version-history":[{"count":3,"href":"https:\/\/ihntogether.org\/es\/wp-json\/wp\/v2\/pages\/143\/revisions"}],"predecessor-version":[{"id":4906,"href":"https:\/\/ihntogether.org\/es\/wp-json\/wp\/v2\/pages\/143\/revisions\/4906"}],"up":[{"embeddable":true,"href":"https:\/\/ihntogether.org\/es\/wp-json\/wp\/v2\/pages\/11"}],"wp:attachment":[{"href":"https:\/\/ihntogether.org\/es\/wp-json\/wp\/v2\/media?parent=143"}],"curies":[{"name":"Gracias","href":"https:\/\/api.w.org\/{rel}","templated":true}]}}