{"id":145,"date":"2023-11-16T13:17:54","date_gmt":"2023-11-16T21:17:54","guid":{"rendered":"https:\/\/samhealth.org\/ihn\/?page_id=145"},"modified":"2025-12-17T12:51:29","modified_gmt":"2025-12-17T20:51:29","slug":"coordinacion-de-cuidados","status":"publish","type":"page","link":"https:\/\/ihntogether.org\/es\/more-services\/care-coordination\/","title":{"rendered":"Coordinaci\u00f3n de atenci\u00f3n"},"content":{"rendered":"<section id=\"block_9045963c1b8cf80abb7652dccf9c785a\" class=\"shs-block block-section grid-container has-gray-warm-background-color\" >\n\t\t<div class=\"entry-content\">\n\n<h1 class=\"wp-block-heading\" id=\"h-care-coordination\">Coordinaci\u00f3n de atenci\u00f3n<\/h1>\n\n<\/div>\n\t<\/section>\n\n\n\n<section id=\"block_a35d9ce1da38f991ffa2323d4c0296fd\" class=\"shs-block block-section grid-container has-white-background-color\" >\n\t\t<div class=\"entry-content\">\n\n<h2 class=\"wp-block-heading\">Obtenga apoyo para sus necesidades de atenci\u00f3n m\u00e9dica<\/h2>\n\n\n\n<p>Queremos asegurarnos de que reciba la atenci\u00f3n que necesita mientras atiende afecciones complicadas. Las personas con necesidades excepcionales o enfermedades cr\u00f3nicas pueden necesitar una gesti\u00f3n de atenci\u00f3n adicional. IHN-CCO puede ayudar.<\/p>\n\n<\/div>\n\t<\/section>\n\n\n\n<section id=\"block_9045963c1b8cf80abb7652dccf9c785a\" class=\"shs-block block-section grid-container has-gray-warm-background-color\" >\n\t\t<div class=\"entry-content\">\n\n<h2 class=\"wp-block-heading\" id=\"h-care-coordination-services\">Servicios de coordinaci\u00f3n de atenci\u00f3n<\/h2>\n\n\n\n<p>Como miembro de la IHN-CCO, usted tiene acceso a servicios de coordinaci\u00f3n de atenci\u00f3n.<\/p>\n\n\n\n<h3 class=\"wp-block-heading\" id=\"h-what-is-care-coordination\"><strong>\u00bfQu\u00e9 es la coordinaci\u00f3n de la atenci\u00f3n?<\/strong><\/h3>\n\n\n\n<ul class=\"wp-block-list\">\n<li>La coordinaci\u00f3n de la atenci\u00f3n es la forma en que IHN-CCO se asegura de que todos los beneficios que usted tiene trabajen juntos para respaldar sus necesidades de salud.<\/li>\n\n\n\n<li>Puede contar con un equipo de coordinaci\u00f3n de atenci\u00f3n que trabajar\u00e1 con usted para ayudarlo a obtener la atenci\u00f3n adecuada en el momento adecuado.<\/li>\n\n\n\n<li>El equipo de coordinaci\u00f3n de atenci\u00f3n puede ayudarlo a encontrar m\u00e9dicos, comprender su seguro y obtener servicios.<\/li>\n\n\n\n<li>Pueden ayudar con necesidades no m\u00e9dicas, como vivienda, comida y transporte.<\/li>\n<\/ul>\n\n\n\n<h3 class=\"wp-block-heading\" id=\"h-role-of-a-care-coordinator\"><strong>Rol de un coordinador de atenci\u00f3n:<\/strong><\/h3>\n\n\n\n<ul class=\"wp-block-list\">\n<li>Un coordinador de atenci\u00f3n es un profesional de la salud especialmente capacitado.<\/li>\n\n\n\n<li>Su objetivo es trabajar con usted y sus proveedores de atenci\u00f3n m\u00e9dica.&nbsp;<\/li>\n\n\n\n<li>Hablar con su coordinador de atenci\u00f3n es importante para gestionar su salud y bienestar.&nbsp;<\/li>\n\n\n\n<li>Pueden brindar orientaci\u00f3n y coordinar servicios.<em>.<\/em><\/li>\n\n\n\n<li>Pueden coordinarse con otros programas con los que est\u00e9 trabajando para asegurarse de que se satisfagan sus necesidades.<\/li>\n<\/ul>\n\n\n\n<h3 class=\"wp-block-heading\" id=\"h-benefits-of-having-a-care-coordinator\"><strong>Beneficios de tener un coordinador de atenci\u00f3n:<\/strong><\/h3>\n\n\n\n<ul class=\"wp-block-list\">\n<li>Ayuda con sus condiciones de salud y medicamentos.<\/li>\n\n\n\n<li>Coordinamos servicios y podemos conectarlo con recursos comunitarios.<\/li>\n\n\n\n<li>Junto con su equipo de atenci\u00f3n, puede ayudar a desarrollar un plan de atenci\u00f3n. Este plan describe sus objetivos de salud y los pasos para alcanzarlos.<\/li>\n\n\n\n<li>A medida que sus necesidades cambien, su plan de atenci\u00f3n se puede actualizar.<\/li>\n\n\n\n<li>Puede tener una copia de su plan de atenci\u00f3n.<\/li>\n<\/ul>\n\n\n\n<h3 class=\"wp-block-heading\" id=\"h-how-to-get-started\"><strong>C\u00f3mo empezar:<\/strong><\/h3>\n\n\n\n<ul class=\"wp-block-list\">\n<li>Si tiene necesidades complejas, se le asignar\u00e1 un coordinador de atenci\u00f3n que se comunicar\u00e1 con usted.<\/li>\n\n\n\n<li>Si no tiene asignado un Coordinador de atenci\u00f3n y desea que un coordinador de atenci\u00f3n lo ayude a administrar una necesidad de salud o desarrollar un plan de atenci\u00f3n, comun\u00edquese con el servicio de atenci\u00f3n al cliente.<\/li>\n<\/ul>\n\n\n\n<p>Si tiene preguntas, necesita m\u00e1s ayuda o desea ponerse en contacto con un coordinador de atenci\u00f3n, por favor&nbsp;<a href=\"https:\/\/ihntogether.org\/es\/contactenos\/\" target=\"_blank\" rel=\"noreferrer noopener\">Cont\u00e1ctenos<\/a>.<\/p>\n\n<\/div>\n\t<\/section>","protected":false},"excerpt":{"rendered":"<p>Obtenga informaci\u00f3n sobre los servicios de coordinaci\u00f3n de atenci\u00f3n y los servicios de administraci\u00f3n de cuidados intensivos disponibles para algunos miembros.<\/p>","protected":false},"author":18,"featured_media":0,"parent":11,"menu_order":10,"comment_status":"closed","ping_status":"closed","template":"","meta":{"_acf_changed":false,"_searchwp_excluded":"","_shs_workflow_notes":"","_shs_exclude_from_navigation":false,"_shs_promote_article_on_blogs":"","footnotes":""},"class_list":["post-145","page","type-page","status-publish","hentry"],"acf":[],"_links":{"self":[{"href":"https:\/\/ihntogether.org\/es\/wp-json\/wp\/v2\/pages\/145","targetHints":{"allow":["GET"]}}],"collection":[{"href":"https:\/\/ihntogether.org\/es\/wp-json\/wp\/v2\/pages"}],"about":[{"href":"https:\/\/ihntogether.org\/es\/wp-json\/wp\/v2\/types\/page"}],"author":[{"embeddable":true,"href":"https:\/\/ihntogether.org\/es\/wp-json\/wp\/v2\/users\/18"}],"replies":[{"embeddable":true,"href":"https:\/\/ihntogether.org\/es\/wp-json\/wp\/v2\/comments?post=145"}],"version-history":[{"count":0,"href":"https:\/\/ihntogether.org\/es\/wp-json\/wp\/v2\/pages\/145\/revisions"}],"up":[{"embeddable":true,"href":"https:\/\/ihntogether.org\/es\/wp-json\/wp\/v2\/pages\/11"}],"wp:attachment":[{"href":"https:\/\/ihntogether.org\/es\/wp-json\/wp\/v2\/media?parent=145"}],"curies":[{"name":"Gracias","href":"https:\/\/api.w.org\/{rel}","templated":true}]}}