{"id":149,"date":"2023-11-16T13:23:01","date_gmt":"2023-11-16T21:23:01","guid":{"rendered":"https:\/\/samhealth.org\/ihn\/?page_id=149"},"modified":"2024-11-14T12:20:04","modified_gmt":"2024-11-14T20:20:04","slug":"interoperabilidad-y-aplicaciones-de-terceros","status":"publish","type":"page","link":"https:\/\/ihntogether.org\/es\/more-services\/interoperability-and-third-party-apps\/","title":{"rendered":"Interoperabilidad y aplicaciones de terceros"},"content":{"rendered":"<section id=\"\" class=\"shs-block block-section grid-container has-white-background-color\" >\n\t\t<div class=\"entry-content\">\n\n<h1 class=\"wp-block-heading\" id=\"h-interoperability-amp-third-party-apps\">Interoperabilidad y aplicaciones de terceros<\/h1>\n\n<\/div>\n\t<\/section>\n\n\n\n<section id=\"\" class=\"shs-block block-section grid-container has-gray-warm-background-color\" >\n\t\t<div class=\"entry-content\">\n\n<p>Los miembros de Samaritan Health Plans y de InterCommunity Health Network Coordinated Care Organization (ambos se denominar\u00e1n \u201cel Plan\u201d) podr\u00e1n acceder a su informaci\u00f3n de atenci\u00f3n m\u00e9dica mediante una computadora o un dispositivo m\u00f3vil. Esto incluye la b\u00fasqueda en los directorios de proveedores y farmacias.&nbsp;<\/p>\n\n\n\n<h3 class=\"wp-block-heading\">Acceso a su informaci\u00f3n de salud&nbsp;<\/h3>\n\n\n\n<p>Este servicio es posible gracias a que se permite que aplicaciones de terceros accedan a su informaci\u00f3n m\u00e9dica desde el Plan, que luego la pone a su disposici\u00f3n a trav\u00e9s de la interfaz de la aplicaci\u00f3n. Esto solo puede suceder despu\u00e9s de que usted les haya dado su autorizaci\u00f3n para hacerlo. Los miembros no est\u00e1n obligados a permitir que una aplicaci\u00f3n de terceros acceda a sus datos.<\/p>\n\n\n\n<h3 class=\"wp-block-heading\">La regla de acceso del paciente<\/h3>\n\n\n\n<p>La Norma de Interoperabilidad y Acceso de Pacientes (\u201cLa Norma\u201d) de los Centers for Medicare &amp; Medicaid Services (CMS) exige que el Plan ofrezca y mantenga una forma segura y basada en est\u00e1ndares que permita a todos los miembros acceder f\u00e1cilmente a sus registros m\u00e9dicos a trav\u00e9s de aplicaciones de terceros de su elecci\u00f3n. Estos registros m\u00e9dicos incluyen reclamos de seguros m\u00e9dicos y otra informaci\u00f3n enviada al Plan por proveedores de atenci\u00f3n m\u00e9dica y hospitales. Tambi\u00e9n puede incluir costos y otra informaci\u00f3n cl\u00ednica.<\/p>\n\n\n\n<h3 class=\"wp-block-heading\">Lo que necesita saber sobre la regla de acceso de los pacientes<\/h3>\n\n\n\n<ul class=\"wp-block-list\">\n<li>La Regla no permite que el Plan requiera o recomiende una aplicaci\u00f3n.<\/li>\n\n\n\n<li>Si bien el Plan proporciona una forma segura de almacenar sus datos y una forma segura de permitir que la aplicaci\u00f3n de terceros acceda a sus datos, el Plan no tiene control sobre lo que se hace con los datos una vez que se descargan en la aplicaci\u00f3n.<\/li>\n\n\n\n<li>Es posible que la aplicaci\u00f3n de terceros no est\u00e9 sujeta a las regulaciones de privacidad y seguridad de HIPAA.<\/li>\n<\/ul>\n\n\n\n<h3 class=\"wp-block-heading\">Formularios que deber\u00e1 completar<\/h3>\n\n\n\n<ul class=\"wp-block-list\">\n<li>Con este formulario, un pagador solicita a Samaritan Health Plans\/Intercommunity Health Network Coordinated Care Organization que ingrese la informaci\u00f3n de salud de un miembro.<br><a href=\"https:\/\/samhealthplans.org\/wp-content\/uploads\/sites\/3\/2023\/06\/interoperability-payer-notification-to-send-data-form.pdf\" target=\"_blank\" rel=\"noreferrer noopener\">Notificaci\u00f3n de interoperabilidad al pagador para enviar datos de los miembros (English)<\/a>&nbsp;<\/li>\n\n\n\n<li>Con este formulario, un miembro, o su representante autorizado, permite que Samaritan Health Plans\/InterCommunity Health Network Coordinated Care Organization comparta la informaci\u00f3n de salud del miembro con otro pagador.\u00a0\u00a0<br><a href=\"https:\/\/samhealthplans.org\/wp-content\/uploads\/sites\/3\/2023\/06\/interoperability-payer-data-exchange-form.pdf\" target=\"_blank\" rel=\"noreferrer noopener\">Formulario de Intercambio de Datos de Pagadores de Interoperabilidad (English)<\/a><br><a href=\"https:\/\/samhealthplans.org\/wp-content\/uploads\/sites\/3\/2023\/06\/interoperability-payer-data-exchange-form-spanish.pdf\" target=\"_blank\" rel=\"noreferrer noopener\">Formulario de Intercambio de Datos de Pagadores de Interoperabilidad (Espa\u00f1ol)<\/a><\/li>\n\n\n\n<li>Con este formulario, un miembro de Samaritan Health Plans\/InterCommunity Health Network Coordinated Care Organization o su representante autorizado puede revocar el acceso de una aplicaci\u00f3n de terceros a toda su informaci\u00f3n m\u00e9dica.<br><a href=\"https:\/\/samhealthplans.org\/wp-content\/uploads\/sites\/3\/2023\/06\/interoperability-revoke-third-party-app-form.pdf\" target=\"_blank\" rel=\"noreferrer noopener\">Formulario de revocaci\u00f3n de solicitud de terceros de interoperabilidad (English)<\/a><br><a href=\"https:\/\/samhealthplans.org\/wp-content\/uploads\/sites\/3\/2023\/06\/interoperability-revoke-third-party-app-form-spanish.pdf\" target=\"_blank\" rel=\"noreferrer noopener\">Formulario de revocaci\u00f3n de solicitud de terceros de interoperabilidad (Espa\u00f1ol)<\/a><\/li>\n\n\n\n<li>Con este formulario, un miembro de Samaritan Health Plans\/InterCommunity Health Network Coordinated Care Organization puede permitir o revocar el acceso de su representante autorizado a sus datos en una aplicaci\u00f3n de terceros.<br><a href=\"https:\/\/samhealthplans.org\/wp-content\/uploads\/sites\/3\/2023\/06\/interoperability-allow-or-revoke-represent-access-form.pdf\" target=\"_blank\" rel=\"noreferrer noopener\">Formulario de Interoperabilidad para Permitir o Revocar el Acceso de un Representante Autorizado (English)<\/a><br><a href=\"https:\/\/samhealthplans.org\/wp-content\/uploads\/sites\/3\/2023\/06\/interoperability-allow-or-revoke-represent-access-form-spanish.pdf\" target=\"_blank\" rel=\"noreferrer noopener\">Formulario de Interoperabilidad para Permitir o Revocar el Acceso de un Representante Autorizado (Espa\u00f1ol)<\/a><\/li>\n<\/ul>\n\n<\/div>\n\t<\/section>\n\n\n\n<section id=\"\" class=\"shs-block block-section grid-container has-white-background-color\" >\n\t\t<div class=\"entry-content\">\n\n<h3 class=\"wp-block-heading\">Aspectos a tener en cuenta antes de permitir el acceso a sus datos<\/h3>\n\n\n\n<p>Es su responsabilidad decidir si desea que la aplicaci\u00f3n de terceros acceda a sus datos y los use. El Plan recomienda que se consideren las siguientes preguntas al decidir si una aplicaci\u00f3n tiene est\u00e1ndares de privacidad y seguridad s\u00f3lidos:<\/p>\n\n\n\n<div id=\"\" class=\"shs-block accordion\">\n\t<h3 class=\"accordion-title\">\n\t\t<button\n\t\t\ttype=\"button\"\n\t\t\tid=\"accordion_title_6a0974b7b56579.94039763\"\n\t\t\tclass=\"accordion-control\" aria-expanded=\"false\"\n\t\t\taria-controls=\"accordion_panel_6a0974b7b565d3.12461000\">\u00bfQui\u00e9n supervisa las pr\u00e1cticas de privacidad y seguridad de las aplicaciones de terceros? <span class=\"iconfont-chevron-right\"><\/span><\/button>\n\t<\/h3>\n\t<section\n\t\tid=\"accordion_panel_6a0974b7b565d3.12461000\"\n\t\tclass=\"accordion-panel\"\n\t\taria-labelledby=\"accordion_title_6a0974b7b56579.94039763\" style=\"height:0\">\n\t\t<div class=\"entry-content\">\n\n<ul class=\"wp-block-list\">\n<li>La mayor\u00eda de las aplicaciones de terceros no estar\u00e1n cubiertas por HIPAA, la ley que describe los requisitos de privacidad y seguridad para la informaci\u00f3n de salud.<\/li>\n\n\n\n<li>Estas aplicaciones estar\u00e1n sujetas a la Comisi\u00f3n Federal de Comercio (FTC) y a las protecciones que brinda la Ley de la FTC. Esta Ley, entre otras cosas, protege contra actos enga\u00f1osos, como compartir datos personales sin permiso, a pesar de tener una pol\u00edtica de privacidad que dice que no lo har\u00e1. Puede encontrar m\u00e1s informaci\u00f3n sobre&nbsp;<a href=\"https:\/\/www.consumer.ftc.gov\/articles\/how-protect-your-privacy-apps\" target=\"_blank\" rel=\"noreferrer noopener\">Privacidad y seguridad de aplicaciones m\u00f3viles<\/a>&nbsp;Para los consumidores.&nbsp;<\/li>\n<\/ul>\n\n<\/div>\n\t<\/section>\n<\/div>\n\n\n\n<div id=\"\" class=\"shs-block accordion\">\n\t<h3 class=\"accordion-title\">\n\t\t<button\n\t\t\ttype=\"button\"\n\t\t\tid=\"accordion_title_6a0974b7b593d3.14564240\"\n\t\t\tclass=\"accordion-control\" aria-expanded=\"false\"\n\t\t\taria-controls=\"accordion_panel_6a0974b7b593f2.12144627\">\u00bfC\u00f3mo presento una queja sobre una aplicaci\u00f3n de terceros? <span class=\"iconfont-chevron-right\"><\/span><\/button>\n\t<\/h3>\n\t<section\n\t\tid=\"accordion_panel_6a0974b7b593f2.12144627\"\n\t\tclass=\"accordion-panel\"\n\t\taria-labelledby=\"accordion_title_6a0974b7b593d3.14564240\" style=\"height:0\">\n\t\t<div class=\"entry-content\">\n\n<p>Si sospecha que una aplicaci\u00f3n de terceros que est\u00e1 utilizando no protegi\u00f3 sus datos o los utiliz\u00f3 de manera inapropiada, puede presentar una queja de las siguientes maneras:<\/p>\n\n\n\n<ul class=\"wp-block-list\">\n<li><strong>Presentar una queja ante la FTC<\/strong>Dado que la Comisi\u00f3n Federal de Comercio (FTC) tiene jurisdicci\u00f3n sobre estas aplicaciones, debe presentar una queja ante la FTC utilizando el&nbsp;<a href=\"https:\/\/www.consumer.ftc.gov\/articles\/how-protect-your-privacy-apps\" target=\"_blank\" rel=\"noreferrer noopener\">Asistente de quejas de la FTC<\/a>.<\/li>\n\n\n\n<li><strong>Presentar una queja HIPAA.<\/strong>&nbsp;Su situaci\u00f3n puede estar comprendida en las Normas de Privacidad, Seguridad o Notificaci\u00f3n de Infracciones de la HIPAA, o en la Ley y Normas de Seguridad del Paciente. La HIPAA est\u00e1 supervisada por la Oficina de Derechos Civiles (OCR) del Departamento de Salud y Servicios Humanos (HHS) de los EE. UU.\n<ul class=\"wp-block-list\">\n<li>Las personas pueden encontrar m\u00e1s&nbsp;<a href=\"https:\/\/www.hhs.gov\/hipaa\/for-individuals\/guidance-materials-for-consumers\/index.html\" target=\"_blank\" rel=\"noreferrer noopener\">Informaci\u00f3n sobre los derechos del paciente<\/a>&nbsp;bajo HIPAA y que est\u00e1 obligado a cumplir con HIPAA.<\/li>\n\n\n\n<li><a href=\"https:\/\/www.hhs.gov\/hipaa\/filing-a-complaint\/index.html\" target=\"_blank\" rel=\"noreferrer noopener\">Obtenga m\u00e1s informaci\u00f3n sobre c\u00f3mo presentar una queja<\/a>&nbsp;con OCR bajo HIPAA.<\/li>\n\n\n\n<li>Las personas pueden presentar una queja ante la OCR utilizando el&nbsp;<a href=\"https:\/\/ocrportal.hhs.gov\/ocr\/smartscreen\/main.jsf\" target=\"_blank\" rel=\"noreferrer noopener\">Portal de quejas de la OCR<\/a>.<\/li>\n<\/ul>\n<\/li>\n\n\n\n<li>Informe inquietudes sobre privacidad o seguridad al oficial de cumplimiento del Plan en&nbsp;<a href=\"mailto:SHPOCompliance@samhealth.org\">SHPOCompliance@samhealth.org<\/a>. Aunque el Plan no tiene relaci\u00f3n con las aplicaciones que los miembros pueden elegir, nos gustar\u00eda saber sobre cualquier problema de privacidad o seguridad que pueda experimentar.<\/li>\n<\/ul>\n\n<\/div>\n\t<\/section>\n<\/div>\n\n\n\n<div id=\"\" class=\"shs-block accordion\">\n\t<h3 class=\"accordion-title\">\n\t\t<button\n\t\t\ttype=\"button\"\n\t\t\tid=\"accordion_title_6a0974b7b5af92.48911691\"\n\t\t\tclass=\"accordion-control\" aria-expanded=\"false\"\n\t\t\taria-controls=\"accordion_panel_6a0974b7b5afa2.89327439\">\u00bfQu\u00e9 pasa si tengo m\u00e1s preguntas? <span class=\"iconfont-chevron-right\"><\/span><\/button>\n\t<\/h3>\n\t<section\n\t\tid=\"accordion_panel_6a0974b7b5afa2.89327439\"\n\t\tclass=\"accordion-panel\"\n\t\taria-labelledby=\"accordion_title_6a0974b7b5af92.48911691\" style=\"height:0\">\n\t\t<div class=\"entry-content\">\n\n<ul class=\"wp-block-list\">\n<li>Puedes llamar <a href=\"tel:541-768-7863\">541-768-7863<\/a>, o&nbsp;<a href=\"tel:866-203-3435\">866-203-3435<\/a>&nbsp;(TTY&nbsp;<a href=\"tel:800-735-2900\">800-735-2900<\/a>&nbsp;o&nbsp;<a href=\"tel:711\">711<\/a>), de lunes a viernes, de 8 a m a 8 p m.<\/li>\n\n\n\n<li>Puedes enviar un correo electr\u00f3nico&nbsp;<a href=\"mailto:HealthPlanResponse@samhealth.org\">HealthPlanResponse@samhealth.org<\/a>.<\/li>\n<\/ul>\n\n<\/div>\n\t<\/section>\n<\/div>\n\n\n\n<div id=\"\" class=\"shs-block accordion\">\n\t<h3 class=\"accordion-title\">\n\t\t<button\n\t\t\ttype=\"button\"\n\t\t\tid=\"accordion_title_6a0974b7b5c871.15293088\"\n\t\t\tclass=\"accordion-control\" aria-expanded=\"false\"\n\t\t\taria-controls=\"accordion_panel_6a0974b7b5c883.81218742\">Soy un desarrollador de aplicaciones de terceros. \u00bfC\u00f3mo puedo registrarme para utilizar las API del plan? <span class=\"iconfont-chevron-right\"><\/span><\/button>\n\t<\/h3>\n\t<section\n\t\tid=\"accordion_panel_6a0974b7b5c883.81218742\"\n\t\tclass=\"accordion-panel\"\n\t\taria-labelledby=\"accordion_title_6a0974b7b5c871.15293088\" style=\"height:0\">\n\t\t<div class=\"entry-content\">\n\n<p>Los desarrolladores de aplicaciones pueden comenzar el proceso de registro visitando&nbsp;<a href=\"https:\/\/prodsamtzinterop.developer.healthtranzformdev.com\/\" target=\"_blank\" rel=\"noreferrer noopener\">Portal de registro de aplicaciones de Samaritan Health Plan<\/a>.<\/p>\n\n<\/div>\n\t<\/section>\n<\/div>\n\n<\/div>\n\t<\/section>","protected":false},"excerpt":{"rendered":"<p>Obtenga informaci\u00f3n sobre interoperabilidad y aplicaciones de terceros.<\/p>","protected":false},"author":18,"featured_media":0,"parent":11,"menu_order":12,"comment_status":"closed","ping_status":"closed","template":"","meta":{"_acf_changed":false,"_searchwp_excluded":"","_shs_workflow_notes":"Sharon updated the links to the PDFs. 1\/2024","_shs_exclude_from_navigation":false,"_shs_promote_article_on_blogs":"","footnotes":""},"class_list":["post-149","page","type-page","status-publish","hentry"],"acf":[],"_links":{"self":[{"href":"https:\/\/ihntogether.org\/es\/wp-json\/wp\/v2\/pages\/149","targetHints":{"allow":["GET"]}}],"collection":[{"href":"https:\/\/ihntogether.org\/es\/wp-json\/wp\/v2\/pages"}],"about":[{"href":"https:\/\/ihntogether.org\/es\/wp-json\/wp\/v2\/types\/page"}],"author":[{"embeddable":true,"href":"https:\/\/ihntogether.org\/es\/wp-json\/wp\/v2\/users\/18"}],"replies":[{"embeddable":true,"href":"https:\/\/ihntogether.org\/es\/wp-json\/wp\/v2\/comments?post=149"}],"version-history":[{"count":0,"href":"https:\/\/ihntogether.org\/es\/wp-json\/wp\/v2\/pages\/149\/revisions"}],"up":[{"embeddable":true,"href":"https:\/\/ihntogether.org\/es\/wp-json\/wp\/v2\/pages\/11"}],"wp:attachment":[{"href":"https:\/\/ihntogether.org\/es\/wp-json\/wp\/v2\/media?parent=149"}],"curies":[{"name":"Gracias","href":"https:\/\/api.w.org\/{rel}","templated":true}]}}