{"id":15,"date":"2024-03-19T12:56:04","date_gmt":"2024-03-19T19:56:04","guid":{"rendered":"https:\/\/samhealth.org\/ihn\/?page_id=15"},"modified":"2025-06-25T14:59:24","modified_gmt":"2025-06-25T21:59:24","slug":"como-servimos","status":"publish","type":"page","link":"https:\/\/ihntogether.org\/es\/how-we-serve\/","title":{"rendered":"C\u00f3mo servimos"},"content":{"rendered":"<section id=\"block_c43ffe7cc0b5a4773389620f3f331ebc\" class=\"shs-block block-section grid-container has-gray-warm-background-color\" >\n\t\t<div class=\"entry-content\">\n\n<h1 class=\"wp-block-heading\" id=\"h-how-we-serve\">C\u00f3mo servimos<\/h1>\n\n<\/div>\n\t<\/section>\n\n\n\n<section id=\"block_a8a7b35a365b461ba334b467d87decd1\" class=\"shs-block block-section grid-container has-white-background-color\" >\n\t\t<div class=\"entry-content\">\n\n<h2 class=\"wp-block-heading\">La comunidad mejora la disponibilidad, confiabilidad y calidad de la atenci\u00f3n m\u00e9dica<\/h2>\n\n<\/div>\n\t<\/section>\n\n\n\n<section id=\"block_98b4c200f5298e382ab02147677254e8\" class=\"shs-block block-section grid-container has-white-background-color has-full-bleed-image\" >\n\t\t\t<figure class=\"image\"\n\t\t\tstyle=\"background-image: url(https:\/\/ihntogether.org\/wp-content\/uploads\/sites\/4\/2023\/12\/father-with-toddler-RECT.jpg)\" \t\t\t>\n\t\t\t<img loading=\"lazy\" decoding=\"async\" width=\"800\" height=\"475\" src=\"https:\/\/ihntogether.org\/wp-content\/uploads\/sites\/4\/2023\/12\/father-with-toddler-RECT.jpg\" class=\"attachment-full size-full\" alt=\"Un padre con un ni\u00f1o peque\u00f1o en una zona de pozas de marea.\" srcset=\"https:\/\/ihntogether.org\/wp-content\/uploads\/sites\/4\/2023\/12\/father-with-toddler-RECT.jpg 800w, https:\/\/ihntogether.org\/wp-content\/uploads\/sites\/4\/2023\/12\/father-with-toddler-RECT-300x178.jpg 300w, https:\/\/ihntogether.org\/wp-content\/uploads\/sites\/4\/2023\/12\/father-with-toddler-RECT-768x456.jpg 768w, https:\/\/ihntogether.org\/wp-content\/uploads\/sites\/4\/2023\/12\/father-with-toddler-RECT-18x12.jpg 18w, https:\/\/ihntogether.org\/wp-content\/uploads\/sites\/4\/2023\/12\/father-with-toddler-RECT-168x100.jpg 168w\" sizes=\"auto, (max-width: 800px) 100vw, 800px\" \/>\t\t<\/figure>\n\t\t<div class=\"entry-content\">\n\n<h2 class=\"wp-block-heading\">Sobre nosotros<\/h2>\n\n\n\n<p>IHN-CCO re\u00fane a proveedores, socios, gobiernos locales, ciudadanos y miembros para hacer de la atenci\u00f3n m\u00e9dica un asunto comunitario. Esta alianza trabaja para brindar atenci\u00f3n m\u00e9dica coordinada a m\u00e1s de 86,000 miembros del Plan de Salud Oregon en los condados Benton, Lincoln y Linn.<\/p>\n\n\n\n<div class=\"wp-block-buttons is-layout-flex wp-block-buttons-is-layout-flex\">\n<div class=\"wp-block-button\"><a class=\"wp-block-button__link wp-element-button\" href=\"http:\/\/ihntogether.org\/es\/como-servimos\/sobre-nosotros\/\">Obtenga m\u00e1s informaci\u00f3n sobre IHN-CCO<\/a><\/div>\n<\/div>\n\n<\/div>\n\t<\/section>\n\n\n\n<section id=\"block_c43ffe7cc0b5a4773389620f3f331ebc\" class=\"shs-block block-section grid-container has-gray-warm-background-color\" >\n\t\t<div class=\"entry-content\">\n\n<h2 class=\"wp-block-heading\">La atenci\u00f3n coordinada crea una comunidad m\u00e1s saludable<\/h2>\n\n\n<section id=\"block_33f60adca256b9f8ca40ff32a6e52ac1\" class=\"shs-block two-columns\">\n<div class=\"entry-content two-column-grid\">\n<div class=\"entry-content shs-block column\">\n\n<figure class=\"wp-block-embed is-type-video is-provider-youtube wp-block-embed-youtube wp-embed-aspect-16-9 wp-has-aspect-ratio\"><div class=\"wp-block-embed__wrapper\">\n<iframe loading=\"lazy\" title=\"Atenci\u00f3n coordinada 101\" width=\"500\" height=\"281\" src=\"https:\/\/www.youtube.com\/embed\/NZhSMYQmwxo?feature=oembed&#038;rel=0\" frameborder=\"0\" allow=\"accelerometer; autoplay; clipboard-write; encrypted-media; gyroscope; picture-in-picture; web-share\" referrerpolicy=\"strict-origin-when-cross-origin\" allowfullscreen><\/iframe>\n<\/div><\/figure>\n\n<\/div>\n\n\n<div class=\"entry-content shs-block column\">\n\n<p>En el Foro Construyendo una Comunidad m\u00e1s Saludable de 2016, un panel de l\u00edderes comunitarios discuti\u00f3 c\u00f3mo funciona la atenci\u00f3n coordinada en nuestra regi\u00f3n.<\/p>\n\n\n\n<div class=\"wp-block-buttons is-layout-flex wp-block-buttons-is-layout-flex\">\n<div class=\"wp-block-button\"><a class=\"wp-block-button__link wp-element-button\" href=\"https:\/\/youtu.be\/NZhSMYQmwxo\" target=\"_blank\" rel=\"noreferrer noopener\">Ver video<\/a><\/div>\n<\/div>\n\n<\/div>\n\n<\/div>\n<\/section>\n\n<\/div>\n\t<\/section>\n\n\n\n<section id=\"block_8ca8b4743d05a24ca0522c6ae762585c\" class=\"shs-block block-section grid-container has-white-background-color has-full-bleed-image\" >\n\t\t\t<figure class=\"image\"\n\t\t\tstyle=\"background-image: url(https:\/\/ihntogether.org\/wp-content\/uploads\/sites\/4\/2023\/12\/father-and-son-doing-homework-RECT.jpg)\" \t\t\t>\n\t\t\t<img loading=\"lazy\" decoding=\"async\" width=\"800\" height=\"533\" src=\"https:\/\/ihntogether.org\/wp-content\/uploads\/sites\/4\/2023\/12\/father-and-son-doing-homework-RECT.jpg\" class=\"attachment-full size-full\" alt=\"\" srcset=\"https:\/\/ihntogether.org\/wp-content\/uploads\/sites\/4\/2023\/12\/father-and-son-doing-homework-RECT.jpg 800w, https:\/\/ihntogether.org\/wp-content\/uploads\/sites\/4\/2023\/12\/father-and-son-doing-homework-RECT-300x200.jpg 300w, https:\/\/ihntogether.org\/wp-content\/uploads\/sites\/4\/2023\/12\/father-and-son-doing-homework-RECT-768x512.jpg 768w, https:\/\/ihntogether.org\/wp-content\/uploads\/sites\/4\/2023\/12\/father-and-son-doing-homework-RECT-150x100.jpg 150w\" sizes=\"auto, (max-width: 800px) 100vw, 800px\" \/>\t\t<\/figure>\n\t\t<div class=\"entry-content\">\n\n<p>&nbsp;<\/p>\n\n\n\n<h2 class=\"wp-block-heading\">Preguntas frecuentes<\/h2>\n\n\n\n<p>\u00bfQu\u00e9 es una CCO? \u00bfQui\u00e9nes conforman la CCO de InterCommunity Health Network? \u00bfC\u00f3mo funciona? Encuentra respuestas a estas preguntas y m\u00e1s en nuestras preguntas frecuentes.<\/p>\n\n\n\n<div class=\"wp-block-buttons is-layout-flex wp-block-buttons-is-layout-flex\">\n<div class=\"wp-block-button\"><a class=\"wp-block-button__link wp-element-button\" href=\"http:\/\/ihntogether.org\/es\/como-servimos\/preguntas-frecuentes\/\">Leer las preguntas frecuentes<\/a><\/div>\n<\/div>\n\n\n\n<p>&nbsp;<\/p>\n\n<\/div>\n\t<\/section>\n\n\n\n<section id=\"block_021e357ce430deb00ec2f7e0faf6b93c\" class=\"shs-block block-section grid-container has-gray-warm-background-color has-full-bleed-image col-reverse\" >\n\t\t\t<figure class=\"image\"\n\t\t\tstyle=\"background-image: url(https:\/\/ihntogether.org\/wp-content\/uploads\/sites\/4\/family-with-young-children-embracing-reverse-RECT.jpg)\" \t\t\t>\n\t\t\t<img loading=\"lazy\" decoding=\"async\" width=\"960\" height=\"450\" src=\"https:\/\/ihntogether.org\/wp-content\/uploads\/sites\/4\/family-with-young-children-embracing-reverse-RECT.jpg\" class=\"attachment-full size-full\" alt=\"Una familia feliz con dos ni\u00f1os peque\u00f1os abraz\u00e1ndose en un parque local.\" srcset=\"https:\/\/ihntogether.org\/wp-content\/uploads\/sites\/4\/family-with-young-children-embracing-reverse-RECT.jpg 960w, https:\/\/ihntogether.org\/wp-content\/uploads\/sites\/4\/family-with-young-children-embracing-reverse-RECT-300x141.jpg 300w, https:\/\/ihntogether.org\/wp-content\/uploads\/sites\/4\/family-with-young-children-embracing-reverse-RECT-768x360.jpg 768w, https:\/\/ihntogether.org\/wp-content\/uploads\/sites\/4\/family-with-young-children-embracing-reverse-RECT-18x8.jpg 18w, https:\/\/ihntogether.org\/wp-content\/uploads\/sites\/4\/family-with-young-children-embracing-reverse-RECT-213x100.jpg 213w\" sizes=\"auto, (max-width: 960px) 100vw, 960px\" \/>\t\t<\/figure>\n\t\t<div class=\"entry-content\">\n\n<p>&nbsp;<\/p>\n\n\n\n<h2 class=\"wp-block-heading\" id=\"h-equity-amp-inclusion\">Equidad e inclusi\u00f3n<\/h2>\n\n\n\n<p>Nuestro objetivo es garantizar que todas las personas alcancen su m\u00e1ximo potencial de salud y bienestar. El Plan de Equidad e Inclusi\u00f3n refleja nuestra intenci\u00f3n de comprender y abordar mejor los problemas de quienes atendemos.<\/p>\n\n\n\n<div class=\"wp-block-button\"><a class=\"wp-block-button__link wp-element-button\" href=\"https:\/\/ihntogether.org\/es\/como-servimos\/equidad-e-inclusion\/\">Entender c\u00f3mo esto gu\u00eda a IHN-CCO <\/a><\/div>\n\n\n\n<p>&nbsp;<\/p>\n\n<\/div>\n\t<\/section>\n\n\n\n<section id=\"block_a8a7b35a365b461ba334b467d87decd1\" class=\"shs-block block-section grid-container has-white-background-color\" >\n\t\t<div class=\"entry-content\">\n\n<h2 class=\"wp-block-heading\">Nuestros Consejos y Comit\u00e9s<\/h2>\n\n\n\n<p>Nuestro <strong>Community Advisory Council <\/strong>El CAC est\u00e1 compuesto por ciudadanos locales y representantes del gobierno del condado, as\u00ed como por una representaci\u00f3n mayoritaria de los miembros de la IHN-CCO. Trabajan incansablemente para apoyar la participaci\u00f3n significativa de la comunidad y sus miembros en las operaciones y la misi\u00f3n de la IHN-CCO.<\/p>\n\n\n\n<ul class=\"wp-block-list\">\n<li><a href=\"http:\/\/ihntogether.org\/es\/consejo-asesor-comunitario\/\">Obtenga m\u00e1s informaci\u00f3n sobre el Consejo Asesor Comunitario<\/a>.<\/li>\n<\/ul>\n\n\n\n<p>El <strong>Comit\u00e9 de Transformaci\u00f3n del Sistema de Entrega <\/strong>Trabaja para impulsar la transformaci\u00f3n del sistema de atenci\u00f3n m\u00e9dica. Est\u00e1 abierto a personas que participan en organizaciones o grupos que puedan influir en la prestaci\u00f3n y transformaci\u00f3n de la atenci\u00f3n m\u00e9dica.<\/p>\n\n\n\n<ul class=\"wp-block-list\">\n<li><a href=\"http:\/\/ihntogether.org\/es\/como-servimos\/comite-de-transformacion-del-sistema-de-entrega\/\">Obtenga m\u00e1s informaci\u00f3n sobre el Comit\u00e9 de Transformaci\u00f3n del Sistema de Entrega<\/a>.<\/li>\n<\/ul>\n\n<\/div>\n\t<\/section>\n\n\n\n<section id=\"block_c43ffe7cc0b5a4773389620f3f331ebc\" class=\"shs-block block-section grid-container has-gray-warm-background-color\" >\n\t\t<div class=\"entry-content\">\n\n<h2 class=\"wp-block-heading\">Nuestra Junta Directiva<\/h2>\n\n\n\n<p>Lea las \u00faltimas actas de las reuniones de nuestra Junta Directiva o descubra cu\u00e1ndo se realizar\u00e1 la pr\u00f3xima reuni\u00f3n p\u00fablica cerca de usted.<\/p>\n\n\n\n<div class=\"wp-block-buttons is-layout-flex wp-block-buttons-is-layout-flex\">\n<div class=\"wp-block-button\"><a class=\"wp-block-button__link wp-element-button\" href=\"http:\/\/ihntogether.org\/es\/como-servimos\/junta-directiva\/\">Ver ubicaciones y actas de reuniones<\/a><\/div>\n<\/div>\n\n<\/div>\n\t<\/section>\n\n\n\n<section id=\"block_4015d30f574be96e88a49e10c1179b32\" class=\"shs-block block-section grid-container has-ash-background-color\" >\n\t\t<div class=\"entry-content\">\n\n<h2 class=\"wp-block-heading\" id=\"h-learn-more\">M\u00e1s informaci\u00f3n<\/h2>\n\n\n\n<p>Obtenga m\u00e1s informaci\u00f3n sobre nuestra participaci\u00f3n financiera en el Programa de Incentivos de Calidad de la Autoridad de Salud Oregon.<\/p>\n\n\n\n<div class=\"wp-block-buttons is-layout-flex wp-block-buttons-is-layout-flex\">\n<div class=\"wp-block-button\"><a class=\"wp-block-button__link wp-element-button\" href=\"https:\/\/ihntogether.org\/es\/como-servimos\/informes-financieros\/\">Ver Informes financieros<\/a><\/div>\n<\/div>\n\n<\/div>\n\t<\/section>\n\n\n<section id=\"block_f8d8a0dfa2ef3b8a4a62191729ee433c\" class=\"shs-block block-related-news has-white-background-color\">\n\t<div class=\"list-grid\">\n\t\t<div class=\"list-grid--title\">\n\t\t\t\t\t\t<h2>\n\t\t\t\tLea las \u00faltimas noticias de IHN-CCO\t\t\t<\/h2>\n\t\t\t\t<a href=\"https:\/\/ihntogether.org\/es\/como-servimos\/noticias\/\" target=\"_blank\" class=\"shs-button\">Ver m\u00e1s noticias<\/a>\t\t\t\t<\/div>\n\t\t\t\t<div class=\"list-grid--layout cols-3\">\n\t\t\t<article class=\"cta--news shs-element-click\">\n\t<img loading=\"lazy\" decoding=\"async\" width=\"360\" height=\"303\" src=\"https:\/\/ihntogether.org\/wp-content\/uploads\/co-Mobile-Medicine-01.jpg\" class=\"attachment-cta size-cta wp-post-image\" alt=\"Cuatro mujeres, dos vestidas de blanco, una de azul y otra de negro, posan frente a un mural en una unidad m\u00e9dica m\u00f3vil.\" \/>\t<h3>\n\t\t<a href=\"https:\/\/samhealth.org\/es\/news\/mobile-prenatal-postpartum-clinic-launches-with-successful-open-house\/\" target=\"_blank\" rel=\"noopener\">\n\t\t\tSe inaugura una cl\u00ednica m\u00f3vil prenatal y posparto con una exitosa jornada de puertas abiertas.\t\t<\/a>\n\t<\/h3>\n<\/article>\n<article class=\"cta--news shs-element-click\">\n\t<img loading=\"lazy\" decoding=\"async\" width=\"360\" height=\"300\" src=\"https:\/\/ihntogether.org\/wp-content\/uploads\/StreetMedicine-CO.jpg\" class=\"attachment-cta size-cta wp-post-image\" alt=\"El Dr. Cosimo Storniolo y una enfermera del equipo de Medicina Callejera de la Cl\u00ednica de Salud Intercomunitaria Samaritana preparan el equipo necesario para atender a la comunidad.\" \/>\t<h3>\n\t\t<a href=\"https:\/\/samhealth.org\/es\/news\/street-medicine-in-action\/\" target=\"_blank\" rel=\"noopener\">\n\t\t\tLa medicina callejera ofrece esperanza y sanaci\u00f3n en las calles de Albany.\t\t<\/a>\n\t<\/h3>\n<\/article>\n<article class=\"cta--news shs-element-click\">\n\t<img loading=\"lazy\" decoding=\"async\" width=\"360\" height=\"300\" src=\"https:\/\/ihntogether.org\/wp-content\/uploads\/sites\/4\/child-with-sister-CO.jpg\" class=\"attachment-cta size-cta wp-post-image\" alt=\"Una hermana mayor abraza a su hermana peque\u00f1a.\" \/>\t<h3>\n\t\t<a href=\"https:\/\/ihntogether.org\/es\/news\/innovative-health-care-change\/\">\n\t\t\tLas voces de la comunidad impulsan cambios innovadores en la atenci\u00f3n m\u00e9dica.\t\t<\/a>\n\t<\/h3>\n<\/article>\n\t\t<\/div>\n\t<\/div>\n\t<\/section>","protected":false},"excerpt":{"rendered":"<p>Comprenda c\u00f3mo IHN-CCO re\u00fane a proveedores, socios comunitarios, gobierno local, ciudadanos y miembros para hacer de la atenci\u00f3n m\u00e9dica un esfuerzo comunitario.<\/p>","protected":false},"author":17,"featured_media":0,"parent":0,"menu_order":6,"comment_status":"closed","ping_status":"closed","template":"","meta":{"_acf_changed":true,"_searchwp_excluded":"","_shs_workflow_notes":"Make content edits to THIS page.","_shs_exclude_from_navigation":false,"_shs_promote_article_on_blogs":"","footnotes":""},"class_list":["post-15","page","type-page","status-publish","hentry"],"acf":[],"_links":{"self":[{"href":"https:\/\/ihntogether.org\/es\/wp-json\/wp\/v2\/pages\/15","targetHints":{"allow":["GET"]}}],"collection":[{"href":"https:\/\/ihntogether.org\/es\/wp-json\/wp\/v2\/pages"}],"about":[{"href":"https:\/\/ihntogether.org\/es\/wp-json\/wp\/v2\/types\/page"}],"author":[{"embeddable":true,"href":"https:\/\/ihntogether.org\/es\/wp-json\/wp\/v2\/users\/17"}],"replies":[{"embeddable":true,"href":"https:\/\/ihntogether.org\/es\/wp-json\/wp\/v2\/comments?post=15"}],"version-history":[{"count":0,"href":"https:\/\/ihntogether.org\/es\/wp-json\/wp\/v2\/pages\/15\/revisions"}],"wp:attachment":[{"href":"https:\/\/ihntogether.org\/es\/wp-json\/wp\/v2\/media?parent=15"}],"curies":[{"name":"Gracias","href":"https:\/\/api.w.org\/{rel}","templated":true}]}}