{"id":160,"date":"2024-03-19T12:22:01","date_gmt":"2024-03-19T19:22:01","guid":{"rendered":"https:\/\/samhealth.org\/ihn\/?page_id=160"},"modified":"2024-03-26T11:13:33","modified_gmt":"2024-03-26T18:13:33","slug":"descripcion-general-de-su-comunidad","status":"publish","type":"page","link":"https:\/\/ihntogether.org\/es\/in-your-community\/in-your-community-overview\/","title":{"rendered":"En tu comunidad Descripci\u00f3n general"},"content":{"rendered":"<section id=\"block_2e2c0984c074f681e84bb31eaf120864\" class=\"shs-block block-section grid-container has-breeze-background-color\" >\n\t\t<div class=\"entry-content\">\n\n<h2 class=\"wp-block-heading\" id=\"h-do-not-delete-or-edit-this-page\">NO elimine ni edite esta p\u00e1gina.<\/h2>\n\n\n\n<p>Esta p\u00e1gina se utiliza \u00fanicamente con fines de navegaci\u00f3n.<\/p>\n\n<\/div>\n\t<\/section>","protected":false},"excerpt":{"rendered":"","protected":false},"author":11,"featured_media":0,"parent":13,"menu_order":1,"comment_status":"closed","ping_status":"closed","template":"","meta":{"_acf_changed":false,"_searchwp_excluded":"1","_shs_workflow_notes":"Navigation page ONLY.\nDo not EDIT or DELETE this page. ","_shs_exclude_from_navigation":false,"_shs_promote_article_on_blogs":"","footnotes":""},"class_list":["post-160","page","type-page","status-publish","hentry"],"acf":[],"_links":{"self":[{"href":"https:\/\/ihntogether.org\/es\/wp-json\/wp\/v2\/pages\/160","targetHints":{"allow":["GET"]}}],"collection":[{"href":"https:\/\/ihntogether.org\/es\/wp-json\/wp\/v2\/pages"}],"about":[{"href":"https:\/\/ihntogether.org\/es\/wp-json\/wp\/v2\/types\/page"}],"author":[{"embeddable":true,"href":"https:\/\/ihntogether.org\/es\/wp-json\/wp\/v2\/users\/11"}],"replies":[{"embeddable":true,"href":"https:\/\/ihntogether.org\/es\/wp-json\/wp\/v2\/comments?post=160"}],"version-history":[{"count":0,"href":"https:\/\/ihntogether.org\/es\/wp-json\/wp\/v2\/pages\/160\/revisions"}],"up":[{"embeddable":true,"href":"https:\/\/ihntogether.org\/es\/wp-json\/wp\/v2\/pages\/13"}],"wp:attachment":[{"href":"https:\/\/ihntogether.org\/es\/wp-json\/wp\/v2\/media?parent=160"}],"curies":[{"name":"Gracias","href":"https:\/\/api.w.org\/{rel}","templated":true}]}}