{"id":162,"date":"2023-11-16T13:45:21","date_gmt":"2023-11-16T21:45:21","guid":{"rendered":"https:\/\/samhealth.org\/ihn\/?page_id=162"},"modified":"2025-12-17T10:21:15","modified_gmt":"2025-12-17T18:21:15","slug":"recursos-contra-la-trata-de-personas","status":"publish","type":"page","link":"https:\/\/ihntogether.org\/es\/in-your-community\/human-trafficking-resources\/","title":{"rendered":"Recursos contra la trata de personas"},"content":{"rendered":"<section id=\"block_5b87d031b4c9c0b21d81de11f7b6710e\" class=\"shs-block block-section grid-container has-gray-warm-background-color\" >\n\t\t<div class=\"entry-content\">\n\n<h1 class=\"wp-block-heading\" id=\"h-human-trafficking-resources\">Recursos contra la trata de personas<\/h1>\n\n<\/div>\n\t<\/section>\n\n\n\n<section id=\"block_d8de9140d66f66a1b31ab701c7bc4bd8\" class=\"shs-block block-slim-section grid-container has-ash-background-color\">\n\n\t<div class=\"entry-content\">\n\n<h2 class=\"wp-block-heading\">\u00bfEst\u00e1s seguro?<\/h2>\n\n\n\n<p>Encuentre recursos y apoyo si necesita ayuda ahora.                                                                                       <\/p>\n\n\n\n<div class=\"wp-block-buttons is-layout-flex wp-block-buttons-is-layout-flex\">\n<div class=\"wp-block-button\"><a class=\"wp-block-button__link wp-element-button\" href=\"https:\/\/ihntogether.org\/es\/en-tu-comunidad\/recursos-contra-la-trata-de-personas\/obtenga-ayuda-ahora\/\">Obtener ayuda<\/a><\/div>\n<\/div>\n\n<\/div>\n\n\t<\/section>\n\n\n\n<section id=\"block_e867a2d80c27d50039e4b1dc7151a773\" class=\"shs-block block-section grid-container has-white-background-color\" >\n\t\t<div class=\"entry-content\">\n\n<h2 class=\"wp-block-heading\">\u00bfExiste trata de personas en los condados de Benton y Linn?<\/h2>\n\n\n\n<p>La trata de personas es el uso de la fuerza, el fraude o la coerci\u00f3n para obtener alg\u00fan tipo de trabajo o acto sexual comercial. La trata de personas es un problema social que prevalece en todos los estados, ciudades y comunidades, incluidos los condados de Benton y Linn. Tenemos docenas, si no cientos, de sobrevivientes que viven a nuestro alrededor todos los d\u00edas: en las escuelas, en las calles, en nuestros hospitales y en nuestros restaurantes o tiendas favoritos. El Departamento de Justicia identifica la trata de personas como una \"crisis de salud p\u00fablica\". IHN-CCO, junto con la Linn\/Benton Anti-Trafficking Coalition, se dedica a abordar este problema con pr\u00e1cticas basadas en evidencia e informadas sobre el trauma.<\/p>\n\n<\/div>\n\t<\/section>\n\n\n\n<section id=\"block_262260287b999153a58cd6fb0df7a29b\" class=\"shs-block block-slim-section grid-container has-gray-warm-background-color\">\n\n\t<div class=\"entry-content\">\n\n<h2 class=\"wp-block-heading\" id=\"h-use-the-exit-safely-button-to-leave-this-site\">Utilice el bot\u00f3n \u201cSalir de forma segura\u201d para salir de este sitio<\/h2>\n\n\n\n<p>Al usar este bot\u00f3n se abrir\u00e1 r\u00e1pidamente una nueva ventana del navegador. Tenga en cuenta que su actividad en Internet puede ser rastreada. Si la persona que le est\u00e1 haciendo da\u00f1o tiene acceso a su computadora o enrutador, utilice la computadora o el tel\u00e9fono de un amigo de confianza o una computadora en la biblioteca.&nbsp;<br><small>(Para la mayor\u00eda de los navegadores, puede borrar su historial de navegaci\u00f3n presionando <strong>Ctrl+May\u00fas+Supr<\/strong> al mismo tiempo.<\/small>)<\/p>\n\n\n\n<div class=\"wp-block-buttons is-layout-flex wp-block-buttons-is-layout-flex\">\n<div class=\"wp-block-button\"><a class=\"wp-block-button__link wp-element-button\" href=\"https:\/\/www.google.com\/\" target=\"_blank\" rel=\"noopener\">Seguridad de salida \/ Salida Segura<\/a><\/div>\n<\/div>\n\n<\/div>\n\n\t<\/section>\n\n\n\n<section id=\"block_920cb09f9a325c11d57bcb15050745d8\" class=\"shs-block block-section grid-container has-charcoal-background-color\" style=\"background-image: url(https:\/\/ihntogether.org\/wp-content\/uploads\/sites\/4\/2023\/12\/contemplative-woman-SS-e1702324699219.jpg); background-position:50% 50%;\">\n\t\t<div class=\"entry-content\">\n\n<h2 class=\"wp-block-heading has-text-align-center\">Datos sobre la trata de personas\u00a0<\/h2>\n\n\n\n<p class=\"has-text-align-center\"><strong>Aproximadamente el 1% de los sobrevivientes de la trata de personas son identificados.<\/strong><sup>1<\/sup><\/p>\n\n\n\n<p class=\"has-text-align-center\"><strong>La trata de personas puede ocurrir en cualquier estado, ciudad y comunidad.<\/strong><sup>2<\/sup><\/p>\n\n\n\n<p class=\"has-text-align-center\"><strong>Si bien la trata puede afectar a personas de cualquier raza, g\u00e9nero o condici\u00f3n social, se han identificado ciertas poblaciones como m\u00e1s vulnerables a la trata.&nbsp;<\/strong>Estos grupos son j\u00f3venes LGBTQ+, poblaciones sin hogar, sobrevivientes de agresiones previas, personas con discapacidades mentales o f\u00edsicas y personas negras, ind\u00edgenas y otras personas de color.<sup>3<\/sup><\/p>\n\n\n\n<p class=\"has-text-align-center\"><strong>El Centro Nacional para Ni\u00f1os Desaparecidos o Explotados inform\u00f3 un aumento de 93%<br>en informes de incitaci\u00f3n en l\u00ednea durante COVID-19.<\/strong>&nbsp;<sup>4<\/sup><\/p>\n\n\n\n<p class=\"has-text-align-center\"><strong>La edad promedio en que una persona es v\u00edctima de trata por primera vez es de 12 a\u00f1os.<\/strong><sup>5<\/sup><\/p>\n\n\n\n<p class=\"has-text-align-center\"><sup><em><a href=\"https:\/\/www.iamonwatch.org\/\" target=\"_blank\" rel=\"noreferrer noopener\">1. Capacitaci\u00f3n OnWatch.<\/a>&nbsp; &nbsp; &nbsp;<a href=\"https:\/\/humantraffickinghotline.org\/en\" target=\"_blank\" rel=\"noreferrer noopener\">2. L\u00ednea Nacional de Atenci\u00f3n sobre Trata de Personas.<\/a>&nbsp; &nbsp; &nbsp;<a href=\"https:\/\/humantraffickinghotline.org\/en\" target=\"_blank\" rel=\"noreferrer noopener\">3. L\u00ednea Nacional de Atenci\u00f3n sobre Trata de Personas.<\/a>&nbsp; &nbsp;&nbsp;<br><a href=\"https:\/\/www.missingkids.org\/HOME\" target=\"_blank\" rel=\"noreferrer noopener\">4. Centro Nacional para Ni\u00f1os Desaparecidos y Explotados.<\/a>&nbsp; &nbsp; &nbsp;<a href=\"https:\/\/www.hsdl.org\/c\/abstract\/?docid=763135\" target=\"_blank\" rel=\"noreferrer noopener\">5. Biblioteca Digital de Seguridad Nacional.<\/a><\/em><\/sup><\/p>\n\n<\/div>\n\t<div class=\"has-overlay\"><\/div><\/section>\n\n\n\n<section id=\"block_262260287b999153a58cd6fb0df7a29b\" class=\"shs-block block-slim-section grid-container has-gray-warm-background-color\">\n\n\t<div class=\"entry-content\">\n\n<h3 class=\"wp-block-heading\" id=\"h-use-the-exit-safely-button-to-quickly-open-a-new-browser-window\">Utilice el bot\u00f3n \u201cSalir de forma segura\u201d para abrir r\u00e1pidamente una nueva ventana del navegador<\/h3>\n\n\n\n<div class=\"wp-block-buttons is-layout-flex wp-block-buttons-is-layout-flex\">\n<div class=\"wp-block-button\"><a class=\"wp-block-button__link wp-element-button\" href=\"https:\/\/www.google.com\/\" target=\"_blank\" rel=\"noopener\">Salida Segura \/ Exit Safely<\/a><\/div>\n<\/div>\n\n<\/div>\n\n\t<\/section>\n\n\n\n<section id=\"block_5cf12c9d710e570baa5ad36cc8f82cf4\" class=\"shs-block block-section grid-container has-white-background-color has-full-bleed-image col-reverse\" >\n\t\t\t<figure class=\"image\"\n\t\t\tstyle=\"background-image: url(https:\/\/ihntogether.org\/wp-content\/uploads\/sites\/4\/2023\/12\/woman-reaching-toward-sun-inspiration-RECT.jpg)\" \t\t\t>\n\t\t\t<img loading=\"lazy\" decoding=\"async\" width=\"960\" height=\"660\" src=\"https:\/\/ihntogether.org\/wp-content\/uploads\/sites\/4\/2023\/12\/woman-reaching-toward-sun-inspiration-RECT.jpg\" class=\"attachment-full size-full\" alt=\"\" srcset=\"https:\/\/ihntogether.org\/wp-content\/uploads\/sites\/4\/2023\/12\/woman-reaching-toward-sun-inspiration-RECT.jpg 960w, https:\/\/ihntogether.org\/wp-content\/uploads\/sites\/4\/2023\/12\/woman-reaching-toward-sun-inspiration-RECT-300x206.jpg 300w, https:\/\/ihntogether.org\/wp-content\/uploads\/sites\/4\/2023\/12\/woman-reaching-toward-sun-inspiration-RECT-768x528.jpg 768w, https:\/\/ihntogether.org\/wp-content\/uploads\/sites\/4\/2023\/12\/woman-reaching-toward-sun-inspiration-RECT-145x100.jpg 145w\" sizes=\"auto, (max-width: 960px) 100vw, 960px\" \/>\t\t<\/figure>\n\t\t<div class=\"entry-content\">\n\n<h2 class=\"wp-block-heading\">Conozca m\u00e1s sobre nosotros<\/h2>\n\n\n\n<p>La Coalici\u00f3n contra la Trata de Personas de Linn\/Benton es una red de organizaciones y profesionales que se apasionan por la abolici\u00f3n de la trata de personas en nuestra comunidad. Nos esforzamos por educar a los proveedores de servicios y a los miembros de la comunidad sobre este problema, as\u00ed como por mejorar los servicios para los sobrevivientes que viven en nuestra comunidad. Algunos de nuestros servicios comunitarios incluyen:<\/p>\n\n\n\n<ul class=\"wp-block-list\">\n<li>Vivienda\/refugio de emergencia.<\/li>\n\n\n\n<li>Gesti\u00f3n de casos.<\/li>\n\n\n\n<li>Planificaci\u00f3n de seguridad.<\/li>\n\n\n\n<li>Atenci\u00f3n m\u00e9dica.<\/li>\n\n\n\n<li>Recopilaci\u00f3n de datos.<\/li>\n\n\n\n<li>Educaci\u00f3n comunitaria.<\/li>\n\n\n\n<li>Alimentos, ropa y art\u00edculos de higiene.<\/li>\n\n\n\n<li>Gas.<\/li>\n\n\n\n<li>Asistencia jur\u00eddica.<\/li>\n<\/ul>\n\n<\/div>\n\t<\/section>\n\n\n\n<section id=\"block_413aa77476c2f608b470b58fd28a7e15\" class=\"shs-block block-section grid-container has-white-background-color has-full-bleed-image\" >\n\t\t\t<figure class=\"image\"\n\t\t\tstyle=\"background-image: url(https:\/\/ihntogether.org\/wp-content\/uploads\/sites\/4\/2023\/12\/child-holding-parents-hand-RECT.jpg)\" \t\t\t>\n\t\t\t<img loading=\"lazy\" decoding=\"async\" width=\"960\" height=\"600\" src=\"https:\/\/ihntogether.org\/wp-content\/uploads\/sites\/4\/2023\/12\/child-holding-parents-hand-RECT.jpg\" class=\"attachment-full size-full\" alt=\"\" srcset=\"https:\/\/ihntogether.org\/wp-content\/uploads\/sites\/4\/2023\/12\/child-holding-parents-hand-RECT.jpg 960w, https:\/\/ihntogether.org\/wp-content\/uploads\/sites\/4\/2023\/12\/child-holding-parents-hand-RECT-300x188.jpg 300w, https:\/\/ihntogether.org\/wp-content\/uploads\/sites\/4\/2023\/12\/child-holding-parents-hand-RECT-768x480.jpg 768w, https:\/\/ihntogether.org\/wp-content\/uploads\/sites\/4\/2023\/12\/child-holding-parents-hand-RECT-160x100.jpg 160w\" sizes=\"auto, (max-width: 960px) 100vw, 960px\" \/>\t\t<\/figure>\n\t\t<div class=\"entry-content\">\n\n<h2 class=\"wp-block-heading\">Conozca a nuestros socios locales<\/h2>\n\n\n\n<h3 class=\"wp-block-heading\"><a href=\"https:\/\/www.abchouse.org\/\" target=\"_blank\" rel=\"noreferrer noopener\">ABC House<\/a><\/h3>\n\n\n\n<p>Sirviendo a sobrevivientes de abuso infantil.<\/p>\n\n\n\n<h3 class=\"wp-block-heading\"><a href=\"https:\/\/cardv.org\/\" target=\"_blank\" rel=\"noreferrer noopener\">CARDV<\/a><\/h3>\n\n\n\n<p>Sirviendo a sobrevivientes de violaci\u00f3n y violencia dom\u00e9stica.<\/p>\n\n\n\n<h3 class=\"wp-block-heading\"><a href=\"https:\/\/www.jacksonstreet.org\/\" target=\"_blank\" rel=\"noreferrer noopener\">Jackson Street Youth Services<\/a><\/h3>\n\n\n\n<p>Sirviendo a j\u00f3venes que experimentan inestabilidad habitacional.<\/p>\n\n<\/div>\n\t<\/section>\n\n\n\n<section id=\"block_262260287b999153a58cd6fb0df7a29b\" class=\"shs-block block-slim-section grid-container has-gray-warm-background-color\">\n\n\t<div class=\"entry-content\">\n\n<h3 class=\"wp-block-heading\" id=\"h-use-the-exit-safely-button-to-quickly-open-a-new-browser-window-0\">Utilice el bot\u00f3n \u201cSalir de forma segura\u201d para abrir r\u00e1pidamente una nueva ventana del navegador<\/h3>\n\n\n\n<div class=\"wp-block-buttons is-layout-flex wp-block-buttons-is-layout-flex\">\n<div class=\"wp-block-button\"><a class=\"wp-block-button__link wp-element-button\" href=\"https:\/\/www.google.com\/\" target=\"_blank\" rel=\"noopener\">Salida Segura \/ Exit Safely<\/a><\/div>\n<\/div>\n\n<\/div>\n\n\t<\/section>\n\n\n\n<section id=\"block_73a58405f4827475e1e599a3a35857c3\" class=\"shs-block block-section grid-container has-white-background-color has-full-bleed-image col-reverse\" >\n\t\t\t<figure class=\"image\"\n\t\t\tstyle=\"background-image: url(https:\/\/ihntogether.org\/wp-content\/uploads\/sites\/4\/2023\/12\/farm-worker-sitting-in-field-sunset-RECT.jpg)\" \t\t\t>\n\t\t\t<img loading=\"lazy\" decoding=\"async\" width=\"960\" height=\"600\" src=\"https:\/\/ihntogether.org\/wp-content\/uploads\/sites\/4\/2023\/12\/farm-worker-sitting-in-field-sunset-RECT.jpg\" class=\"attachment-full size-full\" alt=\"\" srcset=\"https:\/\/ihntogether.org\/wp-content\/uploads\/sites\/4\/2023\/12\/farm-worker-sitting-in-field-sunset-RECT.jpg 960w, https:\/\/ihntogether.org\/wp-content\/uploads\/sites\/4\/2023\/12\/farm-worker-sitting-in-field-sunset-RECT-300x188.jpg 300w, https:\/\/ihntogether.org\/wp-content\/uploads\/sites\/4\/2023\/12\/farm-worker-sitting-in-field-sunset-RECT-768x480.jpg 768w, https:\/\/ihntogether.org\/wp-content\/uploads\/sites\/4\/2023\/12\/farm-worker-sitting-in-field-sunset-RECT-160x100.jpg 160w\" sizes=\"auto, (max-width: 960px) 100vw, 960px\" \/>\t\t<\/figure>\n\t\t<div class=\"entry-content\">\n\n<h2 class=\"wp-block-heading\">Complicarse<\/h2>\n\n\n\n<p>La pregunta n\u00famero uno que nos hacen es: \u201c\u00bfC\u00f3mo puedo ayudar? \u00bfC\u00f3mo puedo participar?\u201d. Hay muchas maneras de apoyar nuestros esfuerzos y ayudar a los sobrevivientes de la trata de personas.&nbsp;&nbsp;<\/p>\n\n\n\n<ul class=\"wp-block-list\">\n<li>Realice una capacitaci\u00f3n sobre trata de personas.<\/li>\n\n\n\n<li>Habla con amigos y familiares despu\u00e9s de tu entrenamiento.<\/li>\n\n\n\n<li>Visita el&nbsp;<a href=\"https:\/\/humantraffickinghotline.org\/en\" target=\"_blank\" rel=\"noreferrer noopener\">National Human Trafficking Hotline<\/a>.<\/li>\n\n\n\n<li>Apoye a las organizaciones lideradas por sobrevivientes.<\/li>\n\n\n\n<li>Apoye o sea voluntario en una de nuestras organizaciones comunitarias.<\/li>\n\n\n\n<li>\u00danete a la&nbsp;<a href=\"https:\/\/epikproject.org\/\" target=\"_blank\" rel=\"noreferrer noopener\">Proyecto Epik<\/a>&nbsp;Impulsar el cambio cultural y poner fin a la explotaci\u00f3n sexual.<\/li>\n\n\n\n<li>Participe en la Coalici\u00f3n contra la Trata de Personas de Linn\/Benton. Contacto&nbsp;<a href=\"mailto:ebauermeis@samhealth.org?subject=Interest%20in%20Linn\/Benton%20Anti-Trafficking%20Coalition\">ebauermeis@samhealth.org<\/a>.<\/li>\n<\/ul>\n\n<\/div>\n\t<\/section>\n\n\n\n<section id=\"block_0029165d691e544504f720b7441c9a1f\" class=\"shs-block block-section grid-container has-white-background-color has-full-bleed-image\" >\n\t\t\t<figure class=\"image\"\n\t\t\tstyle=\"background-image: url(https:\/\/ihntogether.org\/wp-content\/uploads\/sites\/4\/2023\/12\/woman-taking-laptop-training-RECT.jpg)\" \t\t\t>\n\t\t\t<img loading=\"lazy\" decoding=\"async\" width=\"960\" height=\"690\" src=\"https:\/\/ihntogether.org\/wp-content\/uploads\/sites\/4\/2023\/12\/woman-taking-laptop-training-RECT.jpg\" class=\"attachment-full size-full\" alt=\"\" srcset=\"https:\/\/ihntogether.org\/wp-content\/uploads\/sites\/4\/2023\/12\/woman-taking-laptop-training-RECT.jpg 960w, https:\/\/ihntogether.org\/wp-content\/uploads\/sites\/4\/2023\/12\/woman-taking-laptop-training-RECT-300x216.jpg 300w, https:\/\/ihntogether.org\/wp-content\/uploads\/sites\/4\/2023\/12\/woman-taking-laptop-training-RECT-768x552.jpg 768w, https:\/\/ihntogether.org\/wp-content\/uploads\/sites\/4\/2023\/12\/woman-taking-laptop-training-RECT-139x100.jpg 139w\" sizes=\"auto, (max-width: 960px) 100vw, 960px\" \/>\t\t<\/figure>\n\t\t<div class=\"entry-content\">\n\n<h2 class=\"wp-block-heading\">Encuentre oportunidades de capacitaci\u00f3n<\/h2>\n\n\n\n<h3 class=\"wp-block-heading\"><a href=\"https:\/\/www.iamonwatch.org\/\" target=\"_blank\" rel=\"noreferrer noopener\">On Watch<\/a><\/h3>\n\n\n\n<p>La capacitaci\u00f3n On Watch est\u00e1 dise\u00f1ada para todos con la intenci\u00f3n de combatir la trata a trav\u00e9s de la educaci\u00f3n y el est\u00edmulo para aprender m\u00e1s y compartir informaci\u00f3n con compa\u00f1eros de trabajo, vecinos, familiares y amigos.<\/p>\n\n\n\n<h3 class=\"wp-block-heading\"><a href=\"https:\/\/ncjtc.fvtc.edu\/search-results?content=Training\" target=\"_blank\" rel=\"noreferrer noopener\">National Criminal Justice Training Center<\/a><\/h3>\n\n\n\n<p>El Centro Nacional de Capacitaci\u00f3n en Justicia Penal (NCJTC) se dedica a equipar a los profesionales de la justicia penal con la capacitaci\u00f3n y las herramientas adecuadas para generar cambios duraderos y significativos en las comunidades a las que sirven.<\/p>\n\n\n\n<h3 class=\"wp-block-heading\"><a href=\"https:\/\/aequitasresource.org\/trainings\" target=\"_blank\" rel=\"noreferrer noopener\">AEquitas<\/a><\/h3>\n\n\n\n<p>AEqiutas (EH-qui-tahs) ofrece capacitaci\u00f3n relacionada con la investigaci\u00f3n y el enjuiciamiento de la violencia de g\u00e9nero y la trata de personas.<\/p>\n\n<\/div>\n\t<\/section>\n\n\n\n<section id=\"block_262260287b999153a58cd6fb0df7a29b\" class=\"shs-block block-slim-section grid-container has-gray-warm-background-color\">\n\n\t<div class=\"entry-content\">\n\n<h3 class=\"wp-block-heading\" id=\"h-use-the-exit-safely-button-to-quickly-open-a-new-browser-window-1\">Utilice el bot\u00f3n \u201cSalir de forma segura\u201d para abrir r\u00e1pidamente una nueva ventana del navegador<\/h3>\n\n\n\n<div class=\"wp-block-buttons is-layout-flex wp-block-buttons-is-layout-flex\">\n<div class=\"wp-block-button\"><a class=\"wp-block-button__link wp-element-button\" href=\"https:\/\/www.google.com\/\" target=\"_blank\" rel=\"noopener\">Salida Segura \/ Exit Safely<\/a><\/div>\n<\/div>\n\n<\/div>\n\n\t<\/section>","protected":false},"excerpt":{"rendered":"<p>Aprenda sobre la trata de personas y c\u00f3mo protegerse y proteger a los dem\u00e1s.<\/p>","protected":false},"author":11,"featured_media":0,"parent":13,"menu_order":5,"comment_status":"closed","ping_status":"closed","template":"","meta":{"_acf_changed":false,"_searchwp_excluded":"","_shs_workflow_notes":"","_shs_exclude_from_navigation":false,"_shs_promote_article_on_blogs":"","footnotes":""},"class_list":["post-162","page","type-page","status-publish","hentry"],"acf":[],"_links":{"self":[{"href":"https:\/\/ihntogether.org\/es\/wp-json\/wp\/v2\/pages\/162","targetHints":{"allow":["GET"]}}],"collection":[{"href":"https:\/\/ihntogether.org\/es\/wp-json\/wp\/v2\/pages"}],"about":[{"href":"https:\/\/ihntogether.org\/es\/wp-json\/wp\/v2\/types\/page"}],"author":[{"embeddable":true,"href":"https:\/\/ihntogether.org\/es\/wp-json\/wp\/v2\/users\/11"}],"replies":[{"embeddable":true,"href":"https:\/\/ihntogether.org\/es\/wp-json\/wp\/v2\/comments?post=162"}],"version-history":[{"count":0,"href":"https:\/\/ihntogether.org\/es\/wp-json\/wp\/v2\/pages\/162\/revisions"}],"up":[{"embeddable":true,"href":"https:\/\/ihntogether.org\/es\/wp-json\/wp\/v2\/pages\/13"}],"wp:attachment":[{"href":"https:\/\/ihntogether.org\/es\/wp-json\/wp\/v2\/media?parent=162"}],"curies":[{"name":"Gracias","href":"https:\/\/api.w.org\/{rel}","templated":true}]}}