{"id":164,"date":"2023-11-16T13:47:28","date_gmt":"2023-11-16T21:47:28","guid":{"rendered":"https:\/\/samhealth.org\/ihn\/?page_id=164"},"modified":"2024-11-14T13:01:41","modified_gmt":"2024-11-14T21:01:41","slug":"obtenga-ayuda-ahora","status":"publish","type":"page","link":"https:\/\/ihntogether.org\/es\/in-your-community\/human-trafficking-resources\/get-help-now\/","title":{"rendered":"Obtenga ayuda ahora"},"content":{"rendered":"<section id=\"block_dd6752bf23ddf6b191ac41ec56b299f6\" class=\"shs-block block-section grid-container has-brown-background-color\" style=\"background-image: url(https:\/\/ihntogether.org\/wp-content\/uploads\/sites\/4\/2023\/12\/contemplative-woman-SS-e1702324699219.jpg); background-position:50% 40%;\">\n\t\t<div class=\"entry-content\">\n\n<h1 class=\"wp-block-heading\" id=\"h-are-you-safe-nbsp\">\u00bfEst\u00e1s seguro?&nbsp;<\/h1>\n\n\n\n<h2 class=\"wp-block-heading\" id=\"h-find-resources-amp-support\">Encuentre recursos y apoyo<\/h2>\n\n<\/div>\n\t<div class=\"has-overlay\"><\/div><\/section>\n\n\n\n<section id=\"block_bfbe6b304abed8dbf933e3bf82deb42e\" class=\"shs-block block-slim-section grid-container has-gray-warm-background-color\">\n\n\t<div class=\"entry-content\">\n\n<h2 class=\"wp-block-heading\" id=\"h-use-the-exit-safely-button-to-leave-this-site\">Utilice el bot\u00f3n \u201cSalir de forma segura\u201d para salir de este sitio<\/h2>\n\n\n\n<p>Al usar este bot\u00f3n se abrir\u00e1 r\u00e1pidamente una nueva ventana del navegador. Tenga en cuenta que su actividad en Internet puede ser rastreada. Si la persona que le est\u00e1 haciendo da\u00f1o tiene acceso a su computadora o enrutador, utilice la computadora o el tel\u00e9fono de un amigo de confianza o una computadora en la biblioteca. <br><small>(Para la mayor\u00eda de los navegadores, puede borrar su historial de navegaci\u00f3n presionando <strong>Ctrl+May\u00fas+Supr<\/strong> al mismo tiempo.<\/small>)<\/p>\n\n\n\n<div class=\"wp-block-buttons is-layout-flex wp-block-buttons-is-layout-flex\">\n<div class=\"wp-block-button\"><a class=\"wp-block-button__link wp-element-button\" href=\"https:\/\/www.google.com\/\" target=\"_blank\" rel=\"noopener\">Salida Segura \/ Exit Safely<\/a><\/div>\n<\/div>\n\n<\/div>\n\n\t<\/section>\n\n\n\n<section id=\"block_6fa057d47fc9f0ab965735441bdc615d\" class=\"shs-block block-section grid-container has-white-background-color\" >\n\t\t<div class=\"entry-content\">\n\n<h2 class=\"wp-block-heading\">Recursos locales<\/h2>\n\n\n\n<p>Si usted o alguien que conoce est\u00e1 en peligro inmediato, llame al 911.<\/p>\n\n\n\n<h3 class=\"wp-block-heading\"><strong>Coalici\u00f3n contra la Trata de Personas Linn\/Benton<\/strong><\/h3>\n\n\n\n<p>Estamos disponibles por tel\u00e9fono o\u00a0<a href=\"mailto:ebauermeis@samhealth.org?subject=Inquiry%20from%20Get%20Help%20page\">correo electr\u00f3nico<\/a>\u00a024 horas al d\u00eda, 7 d\u00edas a la semana.\u00a0<strong>Llamar:\u00a0<\/strong><a href=\"tel:458-272-7072\">458-272-7072<\/a>.<\/p>\n\n\n\n<h3 class=\"wp-block-heading\"><a href=\"https:\/\/www.abchouse.org\/\" target=\"_blank\" rel=\"noreferrer noopener\">ABC House<\/a><\/h3>\n\n\n\n<p>ABC House es un centro de defensa de los ni\u00f1os que presta servicios en los condados Benton y Linn.<br><strong>Llamar:<\/strong>\u00a0<a href=\"tel:541-926-2203\">541-926-2203<\/a>\u00a0De lunes a viernes, 8:30 a m a 5 p m.<\/p>\n\n\n\n<h3 class=\"wp-block-heading\"><a href=\"https:\/\/cardv.org\/\" target=\"_blank\" rel=\"noreferrer noopener\">CARDV<\/a><\/h3>\n\n\n\n<p>El Centro Contra la Violaci\u00f3n y la Violencia Dom\u00e9stica (CARDV) est\u00e1 disponible para brindar apoyo, informaci\u00f3n, planificaci\u00f3n de seguridad y otros recursos a los sobrevivientes de abuso dom\u00e9stico y sexual.<br><strong>Llamar:<\/strong>\u00a0<a href=\"tel:541-754-0110\">541-754-0110<\/a>\u00a0o\u00a0<a href=\"tel:800-927-0197\">800-927-0197<\/a>\u00a0(disponible las 24 horas del d\u00eda, los siete d\u00edas de la semana).<\/p>\n\n\n\n<h3 class=\"wp-block-heading\"><a href=\"https:\/\/www.jacksonstreet.org\/\" target=\"_blank\" rel=\"noopener\">Jackson Street Youth Services<\/a><\/h3>\n\n\n\n<p>El Servicio Juvenil de Jackson Street ofrece un lugar seguro para vivir y recursos durante una crisis.<br><strong>Llamar:<\/strong>\u00a0<a href=\"tel:800-901-2904\">800-901-2904<\/a>\u00a0(disponible las 24 horas del d\u00eda, los siete d\u00edas de la semana).<\/p>\n\n\n\n<h3 class=\"wp-block-heading\"><a href=\"https:\/\/www.oregon.gov\/dhs\/children\/child-abuse\/pages\/reporting-numbers.aspx\" target=\"_blank\" rel=\"noopener\">Oregon Department of Human Services<\/a><\/h3>\n\n\n\n<p>Reporte sospechas de abuso a trav\u00e9s de la l\u00ednea directa de abuso infantil de Oregon.<br><strong>Llamar:<\/strong>\u00a0<a href=\"tel:855-503-7233\">855-503-7233<\/a>\u00a0(disponible las 24 horas del d\u00eda, los siete d\u00edas de la semana).<\/p>\n\n\n\n<h3 class=\"wp-block-heading\"><a href=\"https:\/\/www.samhealth.org\/find-a-location\/s\/sarahs-place\" target=\"_blank\" rel=\"noreferrer noopener\">Sarah\u2019s Place<\/a><\/h3>\n\n\n\n<p>Sarah&#039;s Place ofrece atenci\u00f3n m\u00e9dica compasiva para sobrevivientes de agresi\u00f3n sexual.<br><strong>Llamar:<\/strong>\u00a0<a href=\"tel:541-812-4420\">541-812-4420<\/a>\u00a0(disponible las 24 horas del d\u00eda, los siete d\u00edas de la semana).<\/p>\n\n<\/div>\n\t<\/section>\n\n\n\n<section id=\"block_bfbe6b304abed8dbf933e3bf82deb42e\" class=\"shs-block block-slim-section grid-container has-gray-warm-background-color\">\n\n\t<div class=\"entry-content\">\n\n<h3 class=\"wp-block-heading\" id=\"h-use-the-exit-safely-button-to-quickly-open-a-new-browser-window\">Utilice el bot\u00f3n \u201cSalir de forma segura\u201d para abrir r\u00e1pidamente una nueva ventana del navegador<\/h3>\n\n\n\n<div class=\"wp-block-buttons is-layout-flex wp-block-buttons-is-layout-flex\">\n<div class=\"wp-block-button\"><a class=\"wp-block-button__link wp-element-button\" href=\"https:\/\/www.google.com\/\" target=\"_blank\" rel=\"noopener\">Salida Segura \/ Exit Safely<\/a><\/div>\n<\/div>\n\n<\/div>\n\n\t<\/section>\n\n\n\n<section id=\"block_6fa057d47fc9f0ab965735441bdc615d\" class=\"shs-block block-section grid-container has-white-background-color\" >\n\t\t<div class=\"entry-content\">\n\n<h2 class=\"wp-block-heading\" id=\"h-national-resources\">Recursos nacionales<\/h2>\n\n\n<section id=\"block_a3771d3f06818c962a12446173985a79\" class=\"shs-block two-columns\">\n<div class=\"entry-content two-column-grid\">\n<div class=\"entry-content shs-block column\">\n\n<h3 class=\"wp-block-heading\"><strong>Violencia en el noviazgo<\/strong><\/h3>\n\n\n\n<p><a href=\"https:\/\/www.loveisrespect.org\/\" target=\"_blank\" rel=\"noreferrer noopener\">National Dating Abuse Helpline<\/a><br>L\u00ednea directa 24 horas:&nbsp;<a href=\"tel:866-331-9474\">866-331-9474<\/a><\/p>\n\n\n\n<h3 class=\"wp-block-heading\"><strong>Violencia dom\u00e9stica<\/strong><\/h3>\n\n\n\n<p><a href=\"https:\/\/www.thehotline.org\/\" target=\"_blank\" rel=\"noreferrer noopener\">National Domestic Violence Hotline<\/a><br>L\u00ednea directa las 24 horas: 800-799-SAFE (<a href=\"tel:800-799-7233\">800-799-7233<\/a>)<\/p>\n\n\n\n<h3 class=\"wp-block-heading\"><strong>Trata de personas<\/strong><\/h3>\n\n\n\n<p><a href=\"https:\/\/humantraffickinghotline.org\/en\" target=\"_blank\" rel=\"noreferrer noopener\">National Human Trafficking Hotline<\/a><br>L\u00ednea directa 24 horas:&nbsp;<a href=\"tel:888-373-7888\">888-373-7888<\/a><\/p>\n\n<\/div>\n\n\n<div class=\"entry-content shs-block column\">\n\n<h3 class=\"wp-block-heading\"><strong>Ni\u00f1os desaparecidos y pornograf\u00eda infantil<\/strong><\/h3>\n\n\n\n<p><a href=\"https:\/\/www.missingkids.org\/\" target=\"_blank\" rel=\"noreferrer noopener\">National Center for Missing &amp; Exploited Children<\/a><br>L\u00ednea directa las 24 horas: 800-THE-LOST (<a href=\"tel:800-843-5678\">800-843-5678<\/a>)<\/p>\n\n\n\n<h3 class=\"wp-block-heading\"><strong>J\u00f3venes fugitivos y sin hogar<\/strong><\/h3>\n\n\n\n<p><a href=\"https:\/\/www.1800runaway.org\/\" target=\"_blank\" rel=\"noreferrer noopener\">National Runaway Safeline<\/a><br>L\u00ednea directa las 24 horas: 800-RUNAWAY (<a href=\"tel:800-786-2929\">800-786-2929<\/a>)<\/p>\n\n\n\n<h3 class=\"wp-block-heading\"><strong>Abuso sexual<\/strong>&nbsp;<\/h3>\n\n\n\n<p><a href=\"https:\/\/www.rainn.org\/\" target=\"_blank\" rel=\"noreferrer noopener\">Rape, Abuse &amp; Incest National Network<\/a>&nbsp;(LLUVIA)<br>L\u00ednea directa 24 horas:&nbsp;<a href=\"tel:800-656-4673\">800-656-4673<\/a><\/p>\n\n\n\n<h3 class=\"wp-block-heading\"><strong>Suicidio<\/strong><\/h3>\n\n\n\n<p><a href=\"https:\/\/988lifeline.org\/\" target=\"_blank\" rel=\"noreferrer noopener\">L\u00ednea Nacional de Prevenci\u00f3n del Suicidio<\/a><br>L\u00ednea directa 24 horas: <a href=\"tel:988\">988<\/a><\/p>\n\n<\/div>\n\n<\/div>\n<\/section>\n\n<\/div>\n\t<\/section>\n\n\n\n<section id=\"block_bfbe6b304abed8dbf933e3bf82deb42e\" class=\"shs-block block-slim-section grid-container has-gray-warm-background-color\">\n\n\t<div class=\"entry-content\">\n\n<h3 class=\"wp-block-heading\" id=\"h-use-the-exit-safely-button-to-quickly-open-a-new-browser-window-0\">Utilice el bot\u00f3n \u201cSalir de forma segura\u201d para abrir r\u00e1pidamente una nueva ventana del navegador<\/h3>\n\n\n\n<div class=\"wp-block-buttons is-layout-flex wp-block-buttons-is-layout-flex\">\n<div class=\"wp-block-button\"><a class=\"wp-block-button__link wp-element-button\" href=\"https:\/\/www.google.com\/\" target=\"_blank\" rel=\"noopener\">Salida Segura \/ Exit Safely<\/a><\/div>\n<\/div>\n\n<\/div>\n\n\t<\/section>","protected":false},"excerpt":{"rendered":"<p>Encuentre informaci\u00f3n de contacto de servicios que pueden ayudarle a usted o a alguien que le importa en una situaci\u00f3n de trata.<\/p>","protected":false},"author":11,"featured_media":2602,"parent":162,"menu_order":1,"comment_status":"closed","ping_status":"closed","template":"","meta":{"_acf_changed":false,"_searchwp_excluded":"","_shs_workflow_notes":"I updated the \"exit safely\" buttons on both pages. The text was in the wrong spot (paragraph vs. header). I also changed the theme color back to ONE consistent color. It is important that it looks the same throughout both pages so if in the event someone really IS in danger they know what to look for on the page.  Having it in a variety of colors potentially adds extra time to recognizing the exit safely button.","_shs_exclude_from_navigation":true,"_shs_promote_article_on_blogs":"","footnotes":""},"class_list":["post-164","page","type-page","status-publish","has-post-thumbnail","hentry"],"acf":[],"_links":{"self":[{"href":"https:\/\/ihntogether.org\/es\/wp-json\/wp\/v2\/pages\/164","targetHints":{"allow":["GET"]}}],"collection":[{"href":"https:\/\/ihntogether.org\/es\/wp-json\/wp\/v2\/pages"}],"about":[{"href":"https:\/\/ihntogether.org\/es\/wp-json\/wp\/v2\/types\/page"}],"author":[{"embeddable":true,"href":"https:\/\/ihntogether.org\/es\/wp-json\/wp\/v2\/users\/11"}],"replies":[{"embeddable":true,"href":"https:\/\/ihntogether.org\/es\/wp-json\/wp\/v2\/comments?post=164"}],"version-history":[{"count":0,"href":"https:\/\/ihntogether.org\/es\/wp-json\/wp\/v2\/pages\/164\/revisions"}],"up":[{"embeddable":true,"href":"https:\/\/ihntogether.org\/es\/wp-json\/wp\/v2\/pages\/162"}],"wp:featuredmedia":[{"embeddable":true,"href":"https:\/\/ihntogether.org\/es\/wp-json\/wp\/v2\/media\/2602"}],"wp:attachment":[{"href":"https:\/\/ihntogether.org\/es\/wp-json\/wp\/v2\/media?parent=164"}],"curies":[{"name":"Gracias","href":"https:\/\/api.w.org\/{rel}","templated":true}]}}