{"id":1647,"date":"2024-02-27T11:32:17","date_gmt":"2024-02-27T19:32:17","guid":{"rendered":"https:\/\/samhealth.org\/ihn\/?page_id=1647"},"modified":"2026-03-10T13:05:33","modified_gmt":"2026-03-10T20:05:33","slug":"proyectos-piloto","status":"publish","type":"page","link":"https:\/\/ihntogether.org\/es\/transforming-health-care\/pilots-projects\/","title":{"rendered":"Pilotos y proyectos"},"content":{"rendered":"<section id=\"block_2e890d9fc0d828e12588ca7015db664e\" class=\"shs-block block-section grid-container has-gray-warm-background-color\" >\n\t\t<div class=\"entry-content\">\n\n<h1 class=\"wp-block-heading\" id=\"h-pilots-amp-projects\">Pilotos y proyectos<\/h1>\n\n<\/div>\n\t<\/section>\n\n\n\n<section id=\"block_643e4e4a5d39ed76db09c5bc4bd1dde8\" class=\"shs-block block-section grid-container has-white-background-color\" >\n\t\t<div class=\"entry-content\">\n\n<h2 class=\"wp-block-heading\">Proyectos y pilotos de transformaci\u00f3n que ayudan a mejorar la atenci\u00f3n sanitaria<\/h2>\n\n\n\n<p>La IHN-CCO se compromete a mejorar la salud de nuestras comunidades aprovechando los recursos actuales y desarrollando nuevas asociaciones. La IHN-CCO financia y apoya proyectos piloto que mejoran la atenci\u00f3n m\u00e9dica local en los condados de Benton, Lincoln y Linn. La IHN-CCO y la Oregon Health Authority(OHA) trabajan juntos para ayudar a lograr los objetivos del sistema de salud de Oregon y fomentar la mejora continua de la calidad. La IHN-CCO y los socios comunitarios acogen con agrado las ideas innovadoras y las estrategias de colaboraci\u00f3n para garantizar que todas las personas tengan las mismas oportunidades de estar saludables donde viven, trabajan, aprenden y juegan.&nbsp;&nbsp;<\/p>\n\n<\/div>\n\t<\/section>\n\n\n\n<section id=\"block_6bd38ab9170c8d99f081d888176e4890\" class=\"shs-block block-section grid-container has-white-background-color has-full-bleed-image\" >\n\t\t\t<figure class=\"image\"\n\t\t\tstyle=\"background-image: url(https:\/\/ihntogether.org\/wp-content\/uploads\/sites\/4\/pregnant-mom-at-appointment-RECT.jpg)\" \t\t\t>\n\t\t\t<img loading=\"lazy\" decoding=\"async\" width=\"960\" height=\"500\" src=\"https:\/\/ihntogether.org\/wp-content\/uploads\/sites\/4\/pregnant-mom-at-appointment-RECT.jpg\" class=\"attachment-full size-full\" alt=\"Una madre embarazada hablando con su m\u00e9dico en una cita.\" srcset=\"https:\/\/ihntogether.org\/wp-content\/uploads\/sites\/4\/pregnant-mom-at-appointment-RECT.jpg 960w, https:\/\/ihntogether.org\/wp-content\/uploads\/sites\/4\/pregnant-mom-at-appointment-RECT-300x156.jpg 300w, https:\/\/ihntogether.org\/wp-content\/uploads\/sites\/4\/pregnant-mom-at-appointment-RECT-768x400.jpg 768w, https:\/\/ihntogether.org\/wp-content\/uploads\/sites\/4\/pregnant-mom-at-appointment-RECT-192x100.jpg 192w\" sizes=\"auto, (max-width: 960px) 100vw, 960px\" \/>\t\t<\/figure>\n\t\t<div class=\"entry-content\">\n\n<h2 class=\"wp-block-heading\">Pilotos de transformaci\u00f3n<\/h2>\n\n\n\n<p>Algunos de nuestros trabajos m\u00e1s innovadores provienen de nuestros pilotos. Vea lo que&nbsp;<a href=\"https:\/\/ihntogether.org\/es\/comunicado-de-prensa-de-los-proyectos-piloto-financiados-por-el-dst-2022\/?type=pdf\" target=\"_blank\" rel=\"noreferrer noopener\">Se financiaron proyectos piloto en 2022 (English)<\/a>. Obtenga m\u00e1s informaci\u00f3n sobre los pilotos pasados y presentes del IHN-CCO.&nbsp;<\/p>\n\n\n\n<div class=\"wp-block-buttons is-layout-flex wp-block-buttons-is-layout-flex\">\n<div class=\"wp-block-button\"><a class=\"wp-block-button__link wp-element-button\" href=\"https:\/\/ihntogether.org\/es\/transformando-la-atencion-sanitaria\/proyectos-piloto\/resumenes-de-los-pilotos-actuales\/\">Obtenga m\u00e1s informaci\u00f3n sobre los proyectos piloto actuales en curso<\/a><\/div>\n\n\n\n<div class=\"wp-block-button is-style-fill\"><a class=\"wp-block-button__link wp-element-button\" href=\"https:\/\/ihntogether.org\/es\/transformando-la-atencion-sanitaria\/proyectos-piloto\/resumenes-de-pilotos-anteriores\/\">Revisar res\u00famenes de pilotos anteriores<\/a><\/div>\n\n\n\n<div class=\"wp-block-button is-style-fill\"><a class=\"wp-block-button__link wp-element-button\" href=\"https:\/\/ihntogether.org\/es\/transformando-la-atencion-sanitaria\/proyectos-piloto\/informe-de-progreso-del-piloto\/\">Ver informes de progreso anteriores<\/a><\/div>\n<\/div>\n\n\n\n<p>&nbsp;<\/p>\n\n\n\n<p>&nbsp;<\/p>\n\n\n\n<p>&nbsp;<\/p>\n\n\n\n<p>&nbsp;<\/p>\n\n<\/div>\n\t<\/section>\n\n\n\n<section id=\"block_586140706b80edb0c98a46861b5a6724\" class=\"shs-block block-slim-section grid-container has-gray-warm-background-color\">\n\n\t<div class=\"entry-content\">\n\n<h2 class=\"wp-block-heading\" id=\"h-see-highlights-from-our-pilot-projects\">Vea los aspectos m\u00e1s destacados de nuestros proyectos piloto<\/h2>\n\n\n\n<p>Descubra c\u00f3mo los pilotos anteriores han marcado una diferencia en nuestras comunidades.<\/p>\n\n\n\n<div class=\"wp-block-buttons is-layout-flex wp-block-buttons-is-layout-flex\">\n<div class=\"wp-block-button\"><a class=\"wp-block-button__link wp-element-button\" href=\"https:\/\/ihntogether.org\/es\/transformando-la-atencion-sanitaria\/proyectos-piloto\/historias-de-exito-de-pilotos\/\">Ver casos de \u00e9xito<\/a><\/div>\n<\/div>\n\n<\/div>\n\n\t<\/section>","protected":false},"excerpt":{"rendered":"<p>Algunos de nuestros trabajos m\u00e1s innovadores provienen de nuestros proyectos piloto. Obtenga m\u00e1s informaci\u00f3n sobre los proyectos piloto y anteriores y actuales de IHN-CCO.\u00a0<\/p>","protected":false},"author":11,"featured_media":0,"parent":14,"menu_order":2,"comment_status":"closed","ping_status":"closed","template":"","meta":{"_acf_changed":false,"_searchwp_excluded":"","_shs_workflow_notes":"","_shs_exclude_from_navigation":false,"_shs_promote_article_on_blogs":"","footnotes":""},"class_list":["post-1647","page","type-page","status-publish","hentry"],"acf":[],"_links":{"self":[{"href":"https:\/\/ihntogether.org\/es\/wp-json\/wp\/v2\/pages\/1647","targetHints":{"allow":["GET"]}}],"collection":[{"href":"https:\/\/ihntogether.org\/es\/wp-json\/wp\/v2\/pages"}],"about":[{"href":"https:\/\/ihntogether.org\/es\/wp-json\/wp\/v2\/types\/page"}],"author":[{"embeddable":true,"href":"https:\/\/ihntogether.org\/es\/wp-json\/wp\/v2\/users\/11"}],"replies":[{"embeddable":true,"href":"https:\/\/ihntogether.org\/es\/wp-json\/wp\/v2\/comments?post=1647"}],"version-history":[{"count":2,"href":"https:\/\/ihntogether.org\/es\/wp-json\/wp\/v2\/pages\/1647\/revisions"}],"predecessor-version":[{"id":4873,"href":"https:\/\/ihntogether.org\/es\/wp-json\/wp\/v2\/pages\/1647\/revisions\/4873"}],"up":[{"embeddable":true,"href":"https:\/\/ihntogether.org\/es\/wp-json\/wp\/v2\/pages\/14"}],"wp:attachment":[{"href":"https:\/\/ihntogether.org\/es\/wp-json\/wp\/v2\/media?parent=1647"}],"curies":[{"name":"Gracias","href":"https:\/\/api.w.org\/{rel}","templated":true}]}}