{"id":168,"date":"2023-11-16T13:49:51","date_gmt":"2023-11-16T21:49:51","guid":{"rendered":"https:\/\/samhealth.org\/ihn\/?page_id=168"},"modified":"2025-06-25T14:43:34","modified_gmt":"2025-06-25T21:43:34","slug":"evaluacion-sanitaria-regional","status":"publish","type":"page","link":"https:\/\/ihntogether.org\/es\/in-your-community\/regional-health-assessment\/","title":{"rendered":"Evaluaci\u00f3n regional de salud"},"content":{"rendered":"<section id=\"block_c033c7ec4c5453159cb85521305f7948\" class=\"shs-block block-section grid-container has-gray-warm-background-color\" >\n\t\t<div class=\"entry-content\">\n\n<h1 class=\"wp-block-heading\" id=\"h-regional-health-assessment\">Evaluaci\u00f3n regional de salud<\/h1>\n\n<\/div>\n\t<\/section>\n\n\n\n<section id=\"block_45a036e3ac93658e897a64de1d36271f\" class=\"shs-block block-section grid-container has-white-background-color\" >\n\t\t<div class=\"entry-content\">\n\n<p>La Asociaci\u00f3n para la Salud Comunitaria llev\u00f3 a cabo esta Evaluaci\u00f3n Regional de Salud para comprender mejor los problemas de salud que afectan a la regi\u00f3n de Benton, Lincoln y Linn. Este informe incluye datos de una variedad de fuentes de datos locales, estatales y nacionales, incluidos datos secundarios (encuestas y sistemas de recopilaci\u00f3n de datos informados p\u00fablicamente) y datos primarios (datos nuevos recopilados de nuestra comunidad espec\u00edficamente para esta evaluaci\u00f3n).<br><br>En la Clasificaci\u00f3n de Salud de los Condados de 2022, el Condado Benton ocup\u00f3 el primer lugar entre los condados Oregon en cuanto a resultados de salud (incluyendo medidas de longevidad y calidad de vida) y el segundo en factores de salud (incluyendo h\u00e1bitos de salud, atenci\u00f3n cl\u00ednica, factores socioecon\u00f3micos y entorno f\u00edsico). El Condado Linn se ubic\u00f3 en el punto medio de los 35 condados Oregon que recibieron una clasificaci\u00f3n (16 en resultados de salud y 17 en factores de salud), mientras que el Condado Lincoln se ubic\u00f3 en el puesto 27 en resultados de salud y 33 en factores de salud. Estas clasificaciones resumidas destacan la variabilidad dentro de las regiones Benton, Lincoln y Linn, as\u00ed como las posibles oportunidades para mejorar la salud comunitaria.<\/p>\n\n\n\n<p>Despu\u00e9s de una revisi\u00f3n exhaustiva de las fuentes de datos secundarios disponibles y de recopilar aportes de los miembros de la comunidad a trav\u00e9s de una variedad de actividades de recopilaci\u00f3n de datos primarios, surgieron los siguientes temas clave:<\/p>\n\n\n\n<h2 class=\"wp-block-heading\" id=\"h-key-health-themes-from-the-2022-2026-regional-health-assessment\"><strong>Temas clave de salud de la Evaluaci\u00f3n Regional de Salud 2022-2026<\/strong><\/h2>\n\n\n\n<h3 class=\"wp-block-heading\" id=\"h-access-to-affordable-housing-amp-homelessness\">Acceso a vivienda asequible y personas sin hogar\u00a0<\/h3>\n\n\n\n<ul class=\"wp-block-list\">\n<li>Alta prevalencia de personas sin hogar y carga financiera debido a los costos de la vivienda. \u00a0<\/li>\n<\/ul>\n\n\n\n<h3 class=\"wp-block-heading\" id=\"h-access-to-quality-care\">Acceso a atenci\u00f3n de calidad<\/h3>\n\n\n\n<ul class=\"wp-block-list\">\n<li>Acceso inadecuado a m\u00e9dicos de atenci\u00f3n primaria, proveedores de salud conductual y dentistas.<\/li>\n<\/ul>\n\n\n\n<h3 class=\"wp-block-heading\" id=\"h-equity-diversity-amp-inclusion\">Equidad, diversidad e inclusi\u00f3n<\/h3>\n\n\n\n<ul class=\"wp-block-list\">\n<li>Los grupos raciales y \u00e9tnicos minorizados y las personas con discapacidades (y probablemente otras poblaciones vulnerables no identificadas adecuadamente en los datos disponibles) enfrentan m\u00e1s desaf\u00edos que los individuos blancos sin discapacidades.<\/li>\n<\/ul>\n\n\n\n<h3 class=\"wp-block-heading\" id=\"h-food-insecurity-amp-access\">Inseguridad alimentaria y acceso<\/h3>\n\n\n\n<ul class=\"wp-block-list\">\n<li>Altas tasas de inseguridad alimentaria y acceso limitado a tiendas de comestibles.<\/li>\n<\/ul>\n\n\n\n<h3 class=\"wp-block-heading\" id=\"h-healthy-youth-amp-families\">J\u00f3venes y familias saludables<\/h3>\n\n\n\n<ul class=\"wp-block-list\">\n<li>Embarazo adolescente, consumo de tabaco prenatal, maltrato infantil y elevado n\u00famero de ni\u00f1os en acogida.<\/li>\n<\/ul>\n\n\n\n<h3 class=\"wp-block-heading\" id=\"h-mental-health\">Salud mental\u00a0<\/h3>\n\n\n\n<ul class=\"wp-block-list\">\n<li>Altas tasas de depresi\u00f3n y suicidio; altas tasas de sentirse triste o desesperanzado entre estudiantes de secundaria.<\/li>\n<\/ul>\n\n\n\n<h3 class=\"wp-block-heading\" id=\"h-substance-use-amp-misuse\">Uso y abuso de sustancias<\/h3>\n\n\n\n<ul class=\"wp-block-list\">\n<li>Sobredosis de drogas; uso de cigarrillos electr\u00f3nicos, alcohol y medicamentos recetados por parte de adolescentes.<\/li>\n<\/ul>\n\n<\/div>\n\t<\/section>\n\n\n\n<section id=\"block_c033c7ec4c5453159cb85521305f7948\" class=\"shs-block block-section grid-container has-gray-warm-background-color\" >\n\t\t<div class=\"entry-content\">\n\n<h2 class=\"wp-block-heading\" id=\"h-read-the-2022-2026-regional-health-assessment\">Lea la Evaluaci\u00f3n Regional de Salud 2022-2026<\/h2>\n\n\n\n<p>La Evaluaci\u00f3n de Salud Regional del Condado (RHA) Linn, Benton y Lincoln 2022-2026 es el resultado de muchas horas dedicadas a la investigaci\u00f3n y colaboraci\u00f3n entre la Asociaci\u00f3n para la Salud Comunitaria y las agencias, l\u00edderes y residentes locales de los tres condados. <\/p>\n\n\n\n<p>Este informe exhaustivo (133 p\u00e1ginas) se centra en describir las tendencias de salud, las condiciones ambientales y las disparidades que afectan a los residentes. Evaluar el estado de salud y los factores de riesgo es fundamental para reconocer las tendencias, fundamentar los planes para mejorar la salud comunitaria y alinear las prioridades entre los actores regionales. La evaluaci\u00f3n ayuda a revelar que la salud comienza mucho antes de que se presente la enfermedad y se ve afectada por el lugar y la forma en que vivimos, aprendemos, trabajamos y nos divertimos.<\/p>\n\n\n\n<ul class=\"wp-block-list\">\n<li><a href=\"https:\/\/ihntogether.org\/wp-content\/uploads\/sites\/4\/2024\/01\/2022-26-Regional-Health-Assessment-English.pdf\" target=\"_blank\" rel=\"noreferrer noopener\">Evaluaci\u00f3n regional de salud (English)<\/a><\/li>\n\n\n\n<li><a href=\"https:\/\/ihntogether.org\/es\/2022-26-evaluacion-regional-de-salud-en-espanol\/?type=pdf\" target=\"_blank\" rel=\"noreferrer noopener\">Evaluaci\u00f3n Regional de Salud (Espa\u00f1ol)<\/a><\/li>\n<\/ul>\n\n\n\n<p>Para recibir la Evaluaci\u00f3n de Salud Regional en otros idiomas o formatos, comun\u00edquese con&nbsp;<a href=\"mailto:transformation@samhealth.org\" target=\"_blank\" rel=\"noreferrer noopener\">transformation@samhealth.org<\/a>.<\/p>\n\n<\/div>\n\t<\/section>","protected":false},"excerpt":{"rendered":"<p>Revise los hallazgos clave y lea la Evaluaci\u00f3n de salud regional, un informe completo que examina las tendencias y necesidades de atenci\u00f3n m\u00e9dica en nuestra \u00e1rea de servicio de tres condados.<\/p>","protected":false},"author":10,"featured_media":0,"parent":13,"menu_order":6,"comment_status":"closed","ping_status":"closed","template":"","meta":{"_acf_changed":false,"_searchwp_excluded":"","_shs_workflow_notes":"","_shs_exclude_from_navigation":false,"_shs_promote_article_on_blogs":"","footnotes":""},"class_list":["post-168","page","type-page","status-publish","hentry"],"acf":[],"_links":{"self":[{"href":"https:\/\/ihntogether.org\/es\/wp-json\/wp\/v2\/pages\/168","targetHints":{"allow":["GET"]}}],"collection":[{"href":"https:\/\/ihntogether.org\/es\/wp-json\/wp\/v2\/pages"}],"about":[{"href":"https:\/\/ihntogether.org\/es\/wp-json\/wp\/v2\/types\/page"}],"author":[{"embeddable":true,"href":"https:\/\/ihntogether.org\/es\/wp-json\/wp\/v2\/users\/10"}],"replies":[{"embeddable":true,"href":"https:\/\/ihntogether.org\/es\/wp-json\/wp\/v2\/comments?post=168"}],"version-history":[{"count":0,"href":"https:\/\/ihntogether.org\/es\/wp-json\/wp\/v2\/pages\/168\/revisions"}],"up":[{"embeddable":true,"href":"https:\/\/ihntogether.org\/es\/wp-json\/wp\/v2\/pages\/13"}],"wp:attachment":[{"href":"https:\/\/ihntogether.org\/es\/wp-json\/wp\/v2\/media?parent=168"}],"curies":[{"name":"Gracias","href":"https:\/\/api.w.org\/{rel}","templated":true}]}}