{"id":170,"date":"2023-11-16T13:50:48","date_gmt":"2023-11-16T21:50:48","guid":{"rendered":"https:\/\/samhealth.org\/ihn\/?page_id=170"},"modified":"2025-11-24T14:49:22","modified_gmt":"2025-11-24T22:49:22","slug":"suscribete-a-nuestros-correos-electronicos","status":"publish","type":"page","link":"https:\/\/ihntogether.org\/es\/in-your-community\/sign-up-for-our-emails\/","title":{"rendered":"Suscr\u00edbete a nuestros correos electr\u00f3nicos"},"content":{"rendered":"<section id=\"block_96ce516102ffc698a6d5bad2d0f52a33\" class=\"shs-block block-section grid-container has-gray-warm-background-color\" >\n\t\t<div class=\"entry-content\">\n\n<h1 class=\"wp-block-heading\" id=\"h-sign-up-for-our-emails\">Suscr\u00edbete a nuestros correos electr\u00f3nicos<\/h1>\n\n<\/div>\n\t<\/section>\n\n\n\n<div id=\"block_4a054e1a313f74ebd8968e9f715c6f20\" class=\"shs-block block-form-columns\">\n\t<div class=\"container form-grid\">\n\t\t\t\t<div class=\"entry-content\">\n\n<h2 class=\"wp-block-heading\">\u00danase a la lista de correo electr\u00f3nico de IHN-CCO<\/h2>\n\n\n\n<p>Al suscribirse para recibir correos electr\u00f3nicos de IHN-CCO, podr\u00e1 mantenerse al d\u00eda con nuestras iniciativas que mejoran la salud y el bienestar de nuestros miembros y fortalecen las alianzas en nuestras comunidades. Obtendr\u00e1 informaci\u00f3n sobre programas, recursos y esfuerzos colaborativos que impulsan una mejor atenci\u00f3n y resultados m\u00e1s saludables. Es una manera sencilla de mantenerse informado y comprometido con el trabajo que contribuye a un futuro m\u00e1s saludable para todos.<\/p>\n\n<\/div>\n\t\t\t\t<div class=\"form-grid--form-display has-gray-warm-background-color\">\n\t\t\t<script src=\"https:\/\/js.hsforms.net\/forms\/embed\/45290865.js\" defer><\/script><div class=\"hs-form-frame\" data-region=\"na1\" data-form-id=\"a61bc3e9-3654-4dd2-95af-c962382bea82\" data-portal-id=\"45290865\"><\/div>\t\t<\/div>\n\t\t\t<\/div>\n<\/div>","protected":false},"excerpt":{"rendered":"<p>Reg\u00edstrese para recibir correos electr\u00f3nicos y mantenerse informado sobre la atenci\u00f3n m\u00e9dica en su regi\u00f3n.<\/p>","protected":false},"author":11,"featured_media":0,"parent":13,"menu_order":7,"comment_status":"closed","ping_status":"closed","template":"","meta":{"_acf_changed":true,"_searchwp_excluded":"","_shs_workflow_notes":"","_shs_exclude_from_navigation":false,"_shs_promote_article_on_blogs":"","footnotes":""},"class_list":["post-170","page","type-page","status-publish","hentry"],"acf":[],"_links":{"self":[{"href":"https:\/\/ihntogether.org\/es\/wp-json\/wp\/v2\/pages\/170","targetHints":{"allow":["GET"]}}],"collection":[{"href":"https:\/\/ihntogether.org\/es\/wp-json\/wp\/v2\/pages"}],"about":[{"href":"https:\/\/ihntogether.org\/es\/wp-json\/wp\/v2\/types\/page"}],"author":[{"embeddable":true,"href":"https:\/\/ihntogether.org\/es\/wp-json\/wp\/v2\/users\/11"}],"replies":[{"embeddable":true,"href":"https:\/\/ihntogether.org\/es\/wp-json\/wp\/v2\/comments?post=170"}],"version-history":[{"count":0,"href":"https:\/\/ihntogether.org\/es\/wp-json\/wp\/v2\/pages\/170\/revisions"}],"up":[{"embeddable":true,"href":"https:\/\/ihntogether.org\/es\/wp-json\/wp\/v2\/pages\/13"}],"wp:attachment":[{"href":"https:\/\/ihntogether.org\/es\/wp-json\/wp\/v2\/media?parent=170"}],"curies":[{"name":"Gracias","href":"https:\/\/api.w.org\/{rel}","templated":true}]}}