{"id":175,"date":"2024-03-19T12:28:31","date_gmt":"2024-03-19T19:28:31","guid":{"rendered":"https:\/\/samhealth.org\/ihn\/?page_id=175"},"modified":"2024-07-09T13:29:52","modified_gmt":"2024-07-09T20:29:52","slug":"transformando-la-atencion-medica","status":"publish","type":"page","link":"https:\/\/ihntogether.org\/es\/transforming-health-care\/transforming-health-care-overview\/","title":{"rendered":"Descripci\u00f3n general de la transformaci\u00f3n de la atenci\u00f3n sanitaria"},"content":{"rendered":"<section id=\"block_33f4014a04957e0b84d00167cf1540a1\" class=\"shs-block block-section grid-container has-breeze-background-color\" >\n\t\t<div class=\"entry-content\">\n\n<h2 class=\"wp-block-heading\" id=\"h-do-not-delete-or-edit-this-page\">NO elimine ni edite esta p\u00e1gina. <\/h2>\n\n\n\n<p>Esta p\u00e1gina se utiliza \u00fanicamente con fines de navegaci\u00f3n.<\/p>\n\n<\/div>\n\t<\/section>","protected":false},"excerpt":{"rendered":"","protected":false},"author":11,"featured_media":0,"parent":14,"menu_order":1,"comment_status":"closed","ping_status":"closed","template":"","meta":{"_acf_changed":false,"_searchwp_excluded":"1","_shs_workflow_notes":"Navigation page ONLY.\nDo not EDIT or DELETE this page. ","_shs_exclude_from_navigation":false,"_shs_promote_article_on_blogs":"","footnotes":""},"class_list":["post-175","page","type-page","status-publish","hentry"],"acf":[],"_links":{"self":[{"href":"https:\/\/ihntogether.org\/es\/wp-json\/wp\/v2\/pages\/175","targetHints":{"allow":["GET"]}}],"collection":[{"href":"https:\/\/ihntogether.org\/es\/wp-json\/wp\/v2\/pages"}],"about":[{"href":"https:\/\/ihntogether.org\/es\/wp-json\/wp\/v2\/types\/page"}],"author":[{"embeddable":true,"href":"https:\/\/ihntogether.org\/es\/wp-json\/wp\/v2\/users\/11"}],"replies":[{"embeddable":true,"href":"https:\/\/ihntogether.org\/es\/wp-json\/wp\/v2\/comments?post=175"}],"version-history":[{"count":0,"href":"https:\/\/ihntogether.org\/es\/wp-json\/wp\/v2\/pages\/175\/revisions"}],"up":[{"embeddable":true,"href":"https:\/\/ihntogether.org\/es\/wp-json\/wp\/v2\/pages\/14"}],"wp:attachment":[{"href":"https:\/\/ihntogether.org\/es\/wp-json\/wp\/v2\/media?parent=175"}],"curies":[{"name":"Gracias","href":"https:\/\/api.w.org\/{rel}","templated":true}]}}