{"id":183,"date":"2023-11-16T13:59:35","date_gmt":"2023-11-16T21:59:35","guid":{"rendered":"https:\/\/samhealth.org\/ihn\/?page_id=183"},"modified":"2026-03-10T13:15:43","modified_gmt":"2026-03-10T20:15:43","slug":"informes-de-transformacion","status":"publish","type":"page","link":"https:\/\/ihntogether.org\/es\/transforming-health-care\/transformation-reporting\/","title":{"rendered":"Informes de transformaci\u00f3n"},"content":{"rendered":"<section id=\"block_7f692cd4ca44743e6cce3eef97b47b98\" class=\"shs-block block-section grid-container has-gray-warm-background-color\" >\n\t\t<div class=\"entry-content\">\n\n<h1 class=\"wp-block-heading\" id=\"h-transformation-reporting\">Informes de transformaci\u00f3n<\/h1>\n\n<\/div>\n\t<\/section>\n\n\n\n<section id=\"block_a3a97961deb83c0ef02d1dbe82a7910e\" class=\"shs-block block-section grid-container has-white-background-color\" >\n\t\t<div class=\"entry-content\">\n\n<h2 class=\"wp-block-heading\">El trabajo de transformaci\u00f3n se detalla en los informes<\/h2>\n\n\n\n<p>IHN-CCO publica peri\u00f3dicamente informes para compartir el progreso de sus esfuerzos de transformaci\u00f3n. Aqu\u00ed encontrar\u00e1 los \u00faltimos informes de la Estrategia de Transformaci\u00f3n y Calidad, as\u00ed como informes de Transformaci\u00f3n anteriores. Si tiene alguna pregunta, no dude en contactarnos en&nbsp;<a href=\"mailto:Transformation@samhealth.org\">Transformation@samhealth.org<\/a>.<\/p>\n\n<\/div>\n\t<\/section>\n\n\n\n<section id=\"block_7f692cd4ca44743e6cce3eef97b47b98\" class=\"shs-block block-section grid-container has-gray-warm-background-color\" >\n\t\t<div class=\"entry-content\">\n\n<h2 class=\"wp-block-heading\">Informes de estrategia de transformaci\u00f3n y calidad<\/h2>\n\n\n\n<p><a href=\"https:\/\/ihntogether.org\/es\/informe-de-estrategia-de-calidad-de-transformacion-de-2019\/?type=pdf\" target=\"_blank\" rel=\"noreferrer noopener\">Informe de Estrategia de Transformaci\u00f3n y Calidad 2019 (English)<\/a><br><a href=\"https:\/\/ihntogether.org\/es\/informe-de-estrategia-de-transformacion-de-la-calidad-2019\/?type=pdf\" target=\"_blank\" rel=\"noreferrer noopener\">Informe de Estrategia de Transformaci\u00f3n y Calidad 2019 (Espa\u00f1ol)<\/a><br><a href=\"https:\/\/ihntogether.org\/es\/informe-de-progreso-de-la-estrategia-de-calidad-de-transformacion-de-2018\/?type=pdf\" target=\"_blank\" rel=\"noreferrer noopener\">Informe de progreso de la estrategia de transformaci\u00f3n y calidad 2018 (English)<\/a><br><a href=\"https:\/\/ihntogether.org\/es\/informe-de-progreso-de-la-estrategia-de-transformacion-de-la-calidad-2018\/?type=pdf\" target=\"_blank\" rel=\"noreferrer noopener\">Informe de progreso de la estrategia de transformaci\u00f3n y calidad 2018 (Espa\u00f1ol)<\/a><br><a href=\"https:\/\/ihntogether.org\/es\/plan-estrategico-de-transformacion-de-la-calidad-2019\/?type=pdf\" target=\"_blank\" rel=\"noreferrer noopener\">Plan Estrat\u00e9gico de Transformaci\u00f3n y Calidad 2018 (English)<\/a><br><a href=\"https:\/\/ihntogether.org\/es\/plan-estrategico-de-transformacion-de-la-calidad-2018\/?type=pdf\" target=\"_blank\" rel=\"noreferrer noopener\">Plan Estrat\u00e9gico de Transformaci\u00f3n y Calidad 2018 (Espa\u00f1ol)<\/a>)<\/p>\n\n<\/div>\n\t<\/section>\n\n\n\n<section id=\"block_a3a97961deb83c0ef02d1dbe82a7910e\" class=\"shs-block block-section grid-container has-white-background-color\" >\n\t\t<div class=\"entry-content\">\n\n<h2 class=\"wp-block-heading\" id=\"h-our-2015-to-2017-transformation-plan-amp-progress-reports\">Nuestro plan de transformaci\u00f3n y los informes de progreso del 2015 al 2017<\/h2>\n\n\n\n<p>Obtenga m\u00e1s informaci\u00f3n sobre las ocho \u00e1reas de enfoque y nuestros resultados y objetivos de referencia.<\/p>\n\n\n\n<p><a href=\"https:\/\/ihntogether.org\/wp-content\/uploads\/sites\/4\/2015-2017-Transformation-Plan.pdf\" target=\"_blank\" rel=\"noreferrer noopener\">Plan de Transformaci\u00f3n \u2013 Julio 2015 (English)<\/a><br><a href=\"https:\/\/ihntogether.org\/wp-content\/uploads\/sites\/4\/2015-2017-Transformation-Plan-Spanish.pdf\" target=\"_blank\" rel=\"noreferrer noopener\">Plan de Transformaci\u00f3n \u2013 Julio 2015 (Espa\u00f1ol)<\/a><br><a href=\"https:\/\/ihntogether.org\/wp-content\/uploads\/sites\/4\/2016-03-Transformation-Initial-Progress-Report.pdf\" target=\"_blank\" rel=\"noreferrer noopener\">Informe de progreso inicial \u2013 marzo de 2016 (English)<\/a><br><a href=\"https:\/\/ihntogether.org\/wp-content\/uploads\/sites\/4\/2016-03-Transformation-Initial-Progress-Report-Spanish.pdf\" target=\"_blank\" rel=\"noreferrer noopener\">Informe de progreso inicial \u2013 marzo de 2016 (Espa\u00f1ol) <\/a><br><a href=\"https:\/\/ihntogether.org\/wp-content\/uploads\/sites\/4\/2016-08-Transformation-Milestone-Report.pdf\" target=\"_blank\" rel=\"noreferrer noopener\">Informe de hitos \u2013 agosto de 2016 (English)<\/a><br><a href=\"https:\/\/ihntogether.org\/wp-content\/uploads\/sites\/4\/2016-08-Transformation-Milestone-Report-Spanish.pdf\" target=\"_blank\" rel=\"noreferrer noopener\">Informe de hitos \u2013 agosto de 2016 (Espa\u00f1ol)<\/a><br><a href=\"https:\/\/ihntogether.org\/wp-content\/uploads\/sites\/4\/2017-03-Transformation-Second-Progress-Report.pdf\" target=\"_blank\" rel=\"noreferrer noopener\">Segundo Informe de Progreso \u2013 Marzo 2017 (English)<\/a><br><a href=\"https:\/\/ihntogether.org\/wp-content\/uploads\/sites\/4\/2017-03-Transformation-Second-Progress-Report-Spanish.pdf\" target=\"_blank\" rel=\"noreferrer noopener\">Segundo Informe de Progreso \u2013 Marzo 2017 (Espa\u00f1ol)<\/a><br><a href=\"https:\/\/ihntogether.org\/wp-content\/uploads\/sites\/4\/2017-08-Transformation-Third-Progress-Report.pdf\" target=\"_blank\" rel=\"noreferrer noopener\">Tercer Informe de Progreso - Agosto 2017 (English)<\/a><br><a href=\"https:\/\/ihntogether.org\/wp-content\/uploads\/sites\/4\/2017-08-Transformation-Third-Progress-Report-Spanish.pdf\" target=\"_blank\" rel=\"noreferrer noopener\">Tercer Informe de Progreso \u2013 Agosto 2017 (Espa\u00f1ol)<\/a><br><a href=\"https:\/\/ihntogether.org\/wp-content\/uploads\/sites\/4\/2018-03-Transformation-Benchmark-Report.pdf\" target=\"_blank\" rel=\"noreferrer noopener\">Informe de referencia \u2013 marzo de 2018 (English)<\/a><br><a href=\"https:\/\/ihntogether.org\/wp-content\/uploads\/sites\/4\/2018-03-Transformation-Benchmark-Report-Spanish.pdf\" target=\"_blank\" rel=\"noreferrer noopener\">Informe de referencia \u2013 marzo de 2018 (Espa\u00f1ol)<\/a><\/p>\n\n<\/div>\n\t<\/section>\n\n\n\n<section id=\"block_7f692cd4ca44743e6cce3eef97b47b98\" class=\"shs-block block-section grid-container has-gray-warm-background-color\" >\n\t\t<div class=\"entry-content\">\n\n<h2 class=\"wp-block-heading\">Tambi\u00e9n te podr\u00eda interesar:<\/h2>\n\n\n\n<div class=\"wp-block-buttons is-layout-flex wp-block-buttons-is-layout-flex\">\n<div class=\"wp-block-button\"><a class=\"wp-block-button__link wp-element-button\" href=\"https:\/\/ihntogether.org\/es\/transformando-la-atencion-sanitaria\/proyectos-piloto\/resumenes-de-los-pilotos-actuales\/\">Piloto de transformaci\u00f3n<\/a><\/div>\n<\/div>\n\n\n\n<div class=\"wp-block-buttons is-layout-flex wp-block-buttons-is-layout-flex\">\n<div class=\"wp-block-button\"><a class=\"wp-block-button__link wp-element-button\" href=\"https:\/\/ihntogether.org\/es\/como-servimos\/comite-de-transformacion-del-sistema-de-entrega\/\">Comit\u00e9 de Transformaci\u00f3n del Sistema de Entrega<\/a><\/div>\n<\/div>\n\n<\/div>\n\t<\/section>","protected":false},"excerpt":{"rendered":"<p>Encuentre los \u00faltimos informes de la Estrategia de Transformaci\u00f3n y Calidad, as\u00ed como informes de progreso de transformaci\u00f3n anteriores. <\/p>","protected":false},"author":18,"featured_media":0,"parent":14,"menu_order":6,"comment_status":"closed","ping_status":"closed","template":"","meta":{"_acf_changed":false,"_searchwp_excluded":"","_shs_workflow_notes":"Removed older slices. Even 2019 and 2018 are older than agreed document dates but since they are the only available reports for this page I left them in place. SS","_shs_exclude_from_navigation":false,"_shs_promote_article_on_blogs":"","footnotes":""},"class_list":["post-183","page","type-page","status-publish","hentry"],"acf":[],"_links":{"self":[{"href":"https:\/\/ihntogether.org\/es\/wp-json\/wp\/v2\/pages\/183","targetHints":{"allow":["GET"]}}],"collection":[{"href":"https:\/\/ihntogether.org\/es\/wp-json\/wp\/v2\/pages"}],"about":[{"href":"https:\/\/ihntogether.org\/es\/wp-json\/wp\/v2\/types\/page"}],"author":[{"embeddable":true,"href":"https:\/\/ihntogether.org\/es\/wp-json\/wp\/v2\/users\/18"}],"replies":[{"embeddable":true,"href":"https:\/\/ihntogether.org\/es\/wp-json\/wp\/v2\/comments?post=183"}],"version-history":[{"count":1,"href":"https:\/\/ihntogether.org\/es\/wp-json\/wp\/v2\/pages\/183\/revisions"}],"predecessor-version":[{"id":4882,"href":"https:\/\/ihntogether.org\/es\/wp-json\/wp\/v2\/pages\/183\/revisions\/4882"}],"up":[{"embeddable":true,"href":"https:\/\/ihntogether.org\/es\/wp-json\/wp\/v2\/pages\/14"}],"wp:attachment":[{"href":"https:\/\/ihntogether.org\/es\/wp-json\/wp\/v2\/media?parent=183"}],"curies":[{"name":"Gracias","href":"https:\/\/api.w.org\/{rel}","templated":true}]}}