{"id":1839,"date":"2024-03-22T11:16:06","date_gmt":"2024-03-22T18:16:06","guid":{"rendered":"https:\/\/samhealth.org\/ihn\/?page_id=1839"},"modified":"2025-04-03T14:31:12","modified_gmt":"2025-04-03T21:31:12","slug":"fondos-para-el-desarrollo-de-capacidades-comunitarias","status":"publish","type":"page","link":"https:\/\/ihntogether.org\/es\/transforming-health-care\/health-related-social-needs\/community-capacity-building-funds\/","title":{"rendered":"Fondos para el desarrollo de capacidades comunitarias"},"content":{"rendered":"<section id=\"block_7d4d96188287467c3c7f4a4a8dea7516\" class=\"shs-block block-section grid-container has-gray-warm-background-color\" >\n\t\t<div class=\"entry-content\">\n\n<h1 class=\"wp-block-heading\" id=\"h-community-capacity-building-funds\">Fondos para el desarrollo de capacidades comunitarias<\/h1>\n\n<\/div>\n\t<\/section>\n\n\n\n<section id=\"block_682f47bddcc9fa8bbdcafce75ac8c7cd\" class=\"shs-block block-section grid-container has-white-background-color\" >\n\t\t<div class=\"entry-content\">\n\n<h2 class=\"wp-block-heading\">Construyendo juntos comunidades m\u00e1s saludables<\/h2>\n\n\n\n<p>Como parte del nuevo Plan de Salud de Oregon&nbsp;<a href=\"https:\/\/www.oregon.gov\/oha\/HSD\/Medicaid-Policy\/Pages\/OHP-Waiver.aspx\" target=\"_blank\" rel=\"noreferrer noopener\">Beneficios de Necesidades Sociales Relacionadas con la Salud (HRSN)<\/a>&nbsp;Para abordar las necesidades clim\u00e1ticas, nutricionales y de vivienda, la IHN-CCO otorgar\u00e1 fondos para el desarrollo de capacidades comunitarias (CCBF) a los socios comunitarios. En 2025, la IHN otorgar\u00e1 $3,601,581.00.<\/p>\n\n\n\n<h3 class=\"wp-block-heading\" id=\"h-ihn-cco-is-prioritizing-the-following-for-funding-in-2025\"><strong>La IHN-CCO est\u00e1 priorizando lo siguiente para su financiaci\u00f3n en 2025<\/strong><\/h3>\n\n\n\n<ul class=\"wp-block-list\">\n<li>Socios que participan, o pueden participar, en la prestaci\u00f3n de beneficios de gran volumen.<\/li>\n\n\n\n<li>Nuevos socios, en particular aquellos que prestan servicios <a href=\"https:\/\/oregon.public.law\/statutes\/ors_413.256\" target=\"_blank\" rel=\"noopener\">Poblaciones prioritarias<\/a>.<\/li>\n\n\n\n<li>Proveedores de prestaciones de vivienda.<\/li>\n\n\n\n<li>Programas de alimentaci\u00f3n locales para brindar el beneficio de \u201cfrutas y verduras\u201d.<\/li>\n\n\n\n<li>Socios capaces de respaldar los servicios de dispositivos clim\u00e1ticos durante aumentos repentinos de demanda.<\/li>\n<\/ul>\n\n\n\n<p>Las propuestas ser\u00e1n evaluadas por el personal de IHN-CCO y los socios comunitarios que no soliciten fondos, con la participaci\u00f3n del Consejo Asesor Comunitario de IHN-CCO. Se evaluar\u00e1n las propuestas en funci\u00f3n de las \u00e1reas prioritarias y la idoneidad de la financiaci\u00f3n para los requisitos. La revisi\u00f3n se realizar\u00e1 en junio y julio de 2025 y las decisiones finales sobre la financiaci\u00f3n se anunciar\u00e1n a fines de agosto de 2025. Los fondos se distribuir\u00e1n antes del 30 de septiembre de 2025.<\/p>\n\n\n\n<h3 class=\"wp-block-heading\" id=\"h-for-the-purposes-of-this-program-community-partners-include\"><strong>Para los fines de este programa, los socios comunitarios incluyen<\/strong><\/h3>\n\n\n\n<ul class=\"wp-block-list\">\n<li>Agencias de servicios sociales.<\/li>\n\n\n\n<li>Agencias y proveedores de vivienda.<\/li>\n\n\n\n<li>Proveedores de servicios de alimentaci\u00f3n y nutrici\u00f3n.<\/li>\n\n\n\n<li>Proveedores de gesti\u00f3n de casos.<\/li>\n\n\n\n<li>Trabajadores de salud tradicionales.<\/li>\n\n\n\n<li>Proveedores de bienestar infantil.<\/li>\n\n\n\n<li>Agencias gubernamentales municipales, del condado y locales.<\/li>\n\n\n\n<li>Proveedores de difusi\u00f3n y participaci\u00f3n.<\/li>\n\n\n\n<li>Proveedores de dispositivos y servicios clim\u00e1ticos.<\/li>\n<\/ul>\n\n\n\n<p>Las subvenciones est\u00e1n destinadas a que las organizaciones aumenten su capacidad para interactuar con HRSN y el sistema de atenci\u00f3n m\u00e9dica a trav\u00e9s de:  <\/p>\n\n\n\n<ul class=\"wp-block-list\">\n<li>Inversiones en tecnolog\u00eda;  <\/li>\n\n\n\n<li>Desarrollo de pr\u00e1cticas comerciales u operativas; <\/li>\n\n\n\n<li>Desarrollo de la fuerza laboral; y <\/li>\n\n\n\n<li>Difusi\u00f3n, educaci\u00f3n y convocatoria. <\/li>\n<\/ul>\n\n\n\n<p>Los socios deber\u00e1n poder contratar a IHN-CCO como proveedor de HRSN trabajando con IHN-CCO para obtener un <strong>Oregon Identificaci\u00f3n del proveedor de Medicaid<\/strong>, mantener una actividad activa <strong>Registro mercantil y seguro de responsabilidad civil<\/strong>, as\u00ed como estar dispuesto a <strong>Utilizar el intercambio de informaci\u00f3n comunitaria basado en la web<\/strong> a trav\u00e9s de Unite Us. <\/p>\n\n\n\n<h3 class=\"wp-block-heading has-text-align-left\" id=\"h-find-more-information-on-requirements-to-become-an-hrsn-provider\"><strong>Encuentre m\u00e1s informaci\u00f3n sobre los requisitos para convertirse en proveedor de HRSN<\/strong><\/h3>\n\n\n\n<ul class=\"wp-block-list\">\n<li><a href=\"https:\/\/ihntogether.org\/es\/transformando-la-atencion-sanitaria\/necesidades-sociales-relacionadas-con-la-salud\/\">Necesidades sociales relacionadas con la salud \u2013 Red de salud intercomunitaria CCO<\/a> -o-<\/li>\n<\/ul>\n\n\n\n<ul class=\"wp-block-list\">\n<li><a href=\"https:\/\/www.oregon.gov\/OHA\/HSD\/Medicaid-Policy\/Pages\/HRSN-Providers.aspx\" target=\"_blank\" rel=\"noreferrer noopener\">Oregon Autoridad de Salud: Informaci\u00f3n sobre necesidades sociales relacionadas con la salud para proveedores<\/a><\/li>\n<\/ul>\n\n<\/div>\n\t<\/section>\n\n\n\n<section id=\"block_7d4d96188287467c3c7f4a4a8dea7516\" class=\"shs-block block-section grid-container has-gray-warm-background-color\" >\n\t\t<div class=\"entry-content\">\n\n<h2 class=\"wp-block-heading has-text-align-center\" id=\"h-application-materials\">Materiales de aplicaci\u00f3n<\/h2>\n\n\n\n<div class=\"wp-block-buttons is-content-justification-center is-layout-flex wp-container-core-buttons-is-layout-16018d1d wp-block-buttons-is-layout-flex\">\n<div class=\"wp-block-button\"><a class=\"wp-block-button__link wp-element-button\" href=\"https:\/\/bbgm-apply.yourcausegrants.com\/apply\/programs\/2c329e00-a7cf-4259-85cf-83d61d822b74\" target=\"_blank\" rel=\"noreferrer noopener\">Aplicar aqu\u00ed<\/a><\/div>\n<\/div>\n\n\n\n<div class=\"wp-block-buttons is-content-justification-center is-layout-flex wp-container-core-buttons-is-layout-16018d1d wp-block-buttons-is-layout-flex\">\n<div class=\"wp-block-button\"><a class=\"wp-block-button__link has-text-align-center wp-element-button\" href=\"https:\/\/ihntogether.org\/wp-content\/uploads\/sites\/4\/HRSN-Community-Capacity-Building-Funds-Application.pdf\" target=\"_blank\" rel=\"noreferrer noopener\">Descargar solicitud de subvenci\u00f3n<\/a><\/div>\n\n\n\n<div class=\"wp-block-button\"><a class=\"wp-block-button__link wp-element-button\" href=\"https:\/\/ihntogether.org\/wp-content\/uploads\/sites\/4\/HRSN-Community-Capacity-Building-Funds-Budget-Request.xlsx\" target=\"_blank\" rel=\"noreferrer noopener\">Descargar plantilla de presupuesto<\/a><\/div>\n<\/div>\n\n\n\n<h4 class=\"wp-block-heading has-text-align-center\" id=\"h-grant-applications-will-be-accepted-april-1-through-may-30-2025\">Las solicitudes de subvenci\u00f3n se aceptar\u00e1n del 1 de abril al 30 de mayo de 2025.<\/h4>\n\n<\/div>\n\t<\/section>\n\n\n\n<section id=\"block_ae728ab623de11648f3dbc26ff8f483b\" class=\"shs-block block-section grid-container has-ash-background-color\" >\n\t\t<div class=\"entry-content\">\n\n<h2 class=\"wp-block-heading has-text-align-center\" id=\"h-need-technical-assistance\">\u00bfNecesita asistencia t\u00e9cnica?<\/h2>\n\n\n\n<p class=\"has-text-align-center\">La IHN-CCO organizar\u00e1 seis reuniones de asistencia t\u00e9cnica en marzo, abril y mayo:<\/p>\n\n\n<section id=\"block_a241fc171ee634e3162bf46bc6ae0e45\" class=\"shs-block two-columns\">\n<div class=\"entry-content two-column-grid\">\n<div class=\"entry-content shs-block column\">\n\n<h3 class=\"wp-block-heading has-text-align-left\" id=\"h-teams-meeting-2-to-3-p-m\">       Reuni\u00f3n de equipos de 14 a 15 h<\/h3>\n\n\n\n<ul class=\"wp-block-list\">\n<li><a href=\"https:\/\/teams.microsoft.com\/l\/meetup-join\/19%3ameeting_MTUwNmM1NzktNjk1MC00YTJiLWE5NGYtMzk0Zjc0ZTYwYWJl%40thread.v2\/0?context=%7b%22Tid%22%3a%228ffc5ea6-dcec-4754-95d8-337958ecb2fc%22%2c%22Oid%22%3a%2223ccc7c1-7076-4994-a4a1-2644a81752d8%22%7d\" target=\"_blank\" rel=\"noopener\">Lunes 24 de marzo<\/a><\/li>\n\n\n\n<li><a href=\"https:\/\/teams.microsoft.com\/l\/meetup-join\/19%3ameeting_MTUwNmM1NzktNjk1MC00YTJiLWE5NGYtMzk0Zjc0ZTYwYWJl%40thread.v2\/0?context=%7b%22Tid%22%3a%228ffc5ea6-dcec-4754-95d8-337958ecb2fc%22%2c%22Oid%22%3a%2223ccc7c1-7076-4994-a4a1-2644a81752d8%22%7d\" target=\"_blank\" rel=\"noopener\">Lunes 7 de abril<\/a><\/li>\n\n\n\n<li><a href=\"https:\/\/teams.microsoft.com\/l\/meetup-join\/19%3ameeting_MTUwNmM1NzktNjk1MC00YTJiLWE5NGYtMzk0Zjc0ZTYwYWJl%40thread.v2\/0?context=%7b%22Tid%22%3a%228ffc5ea6-dcec-4754-95d8-337958ecb2fc%22%2c%22Oid%22%3a%2223ccc7c1-7076-4994-a4a1-2644a81752d8%22%7d\" target=\"_blank\" rel=\"noopener\">Lunes 21 de abril<\/a><\/li>\n\n\n\n<li><a href=\"https:\/\/teams.microsoft.com\/l\/meetup-join\/19%3ameeting_MTUwNmM1NzktNjk1MC00YTJiLWE5NGYtMzk0Zjc0ZTYwYWJl%40thread.v2\/0?context=%7b%22Tid%22%3a%228ffc5ea6-dcec-4754-95d8-337958ecb2fc%22%2c%22Oid%22%3a%2223ccc7c1-7076-4994-a4a1-2644a81752d8%22%7d\" target=\"_blank\" rel=\"noopener\">Lunes 5 de mayo<\/a><\/li>\n<\/ul>\n\n<\/div>\n\n\n<div class=\"entry-content shs-block column\">\n\n<h3 class=\"wp-block-heading\" id=\"h-teams-meeting-from-3-to-4-p-m\">      Reuni\u00f3n de equipos De 15 a 16 hs.<\/h3>\n\n\n\n<ul class=\"wp-block-list\">\n<li><a href=\"https:\/\/teams.microsoft.com\/l\/meetup-join\/19%3ameeting_ZTRhMjBiOTYtY2ZlNS00NWM3LTk0NGMtODY2ZjEwMGZmYjUw%40thread.v2\/0?context=%7b%22Tid%22%3a%228ffc5ea6-dcec-4754-95d8-337958ecb2fc%22%2c%22Oid%22%3a%2223ccc7c1-7076-4994-a4a1-2644a81752d8%22%7d\" target=\"_blank\" rel=\"noopener\">Lunes 26 de mayo<\/a><\/li>\n\n\n\n<li><a href=\"https:\/\/teams.microsoft.com\/l\/meetup-join\/19%3ameeting_ZTRhMjBiOTYtY2ZlNS00NWM3LTk0NGMtODY2ZjEwMGZmYjUw%40thread.v2\/0?context=%7b%22Tid%22%3a%228ffc5ea6-dcec-4754-95d8-337958ecb2fc%22%2c%22Oid%22%3a%2223ccc7c1-7076-4994-a4a1-2644a81752d8%22%7d\" target=\"_blank\" rel=\"noopener\">Mi\u00e9rcoles 28 de mayo<\/a><\/li>\n<\/ul>\n\n<\/div>\n\n<\/div>\n<\/section>\n\n<\/div>\n\t<\/section>\n\n\n\n<section id=\"block_7d4d96188287467c3c7f4a4a8dea7516\" class=\"shs-block block-section grid-container has-gray-warm-background-color\" >\n\t\t<div class=\"entry-content\">\n\n<h2 class=\"wp-block-heading has-text-align-center\" id=\"h-still-have-questions\">\u00bfA\u00fan tienes preguntas?<\/h2>\n\n\n\n<p class=\"has-text-align-center\">Para obtener informaci\u00f3n o asistencia, env\u00ede un correo electr\u00f3nico a<strong>&nbsp;<\/strong><a href=\"mailto:Transformation@samhealth.org?subject=Community Capacity Building Funds Information\">Transformation@samhealth.org<\/a><strong>&nbsp;<\/strong>con el asunto: \u201cInformaci\u00f3n sobre fondos para el desarrollo de capacidades comunitarias\u201d.<\/p>\n\n\n\n<p class=\"has-text-align-center\">Para obtener m\u00e1s detalles sobre HRSN y CCBF,&nbsp;<a href=\"https:\/\/www.oregon.gov\/oha\/HSD\/Medicaid-Policy\/Pages\/CCBF.aspx\" target=\"_blank\" rel=\"noreferrer noopener\"><strong>Visite la Oregon Health Authority<\/strong><\/a>.<\/p>\n\n\n\n<h4 class=\"wp-block-heading has-text-align-center\" id=\"h-grant-applications-will-be-accepted-april-1-through-may-30-2025-0\"><strong>Las solicitudes de subvenci\u00f3n se aceptar\u00e1n del 1 de abril al 30 de mayo de 2025.<\/strong><\/h4>\n\n<\/div>\n\t<\/section>","protected":false},"excerpt":{"rendered":"<p>Descargue la solicitud y obtenga m\u00e1s informaci\u00f3n sobre c\u00f3mo convertirse en un socio comunitario para brindar beneficios de necesidades sociales relacionadas con la salud a los miembros calificados de IHN-CCO.<\/p>","protected":false},"author":11,"featured_media":0,"parent":1830,"menu_order":1,"comment_status":"closed","ping_status":"closed","template":"","meta":{"_acf_changed":false,"_searchwp_excluded":"","_shs_workflow_notes":"","_shs_exclude_from_navigation":false,"_shs_promote_article_on_blogs":"","footnotes":""},"class_list":["post-1839","page","type-page","status-publish","hentry"],"acf":[],"_links":{"self":[{"href":"https:\/\/ihntogether.org\/es\/wp-json\/wp\/v2\/pages\/1839","targetHints":{"allow":["GET"]}}],"collection":[{"href":"https:\/\/ihntogether.org\/es\/wp-json\/wp\/v2\/pages"}],"about":[{"href":"https:\/\/ihntogether.org\/es\/wp-json\/wp\/v2\/types\/page"}],"author":[{"embeddable":true,"href":"https:\/\/ihntogether.org\/es\/wp-json\/wp\/v2\/users\/11"}],"replies":[{"embeddable":true,"href":"https:\/\/ihntogether.org\/es\/wp-json\/wp\/v2\/comments?post=1839"}],"version-history":[{"count":0,"href":"https:\/\/ihntogether.org\/es\/wp-json\/wp\/v2\/pages\/1839\/revisions"}],"up":[{"embeddable":true,"href":"https:\/\/ihntogether.org\/es\/wp-json\/wp\/v2\/pages\/1830"}],"wp:attachment":[{"href":"https:\/\/ihntogether.org\/es\/wp-json\/wp\/v2\/media?parent=1839"}],"curies":[{"name":"Gracias","href":"https:\/\/api.w.org\/{rel}","templated":true}]}}