{"id":187,"date":"2026-01-19T15:31:50","date_gmt":"2026-01-19T23:31:50","guid":{"rendered":"https:\/\/samhealth.org\/ihn\/?page_id=187"},"modified":"2026-04-13T15:33:00","modified_gmt":"2026-04-13T22:33:00","slug":"junta-directiva","status":"publish","type":"page","link":"https:\/\/ihntogether.org\/es\/how-we-serve\/board-of-directors\/","title":{"rendered":"Junta Directiva"},"content":{"rendered":"<section id=\"block_85fafede092e6c5860a395e5d8ac15a4\" class=\"shs-block block-section grid-container has-gray-warm-background-color\" >\n\t\t<div class=\"entry-content\">\n\n<h1 class=\"wp-block-heading\" id=\"h-board-of-directors\">Junta Directiva<\/h1>\n\n<\/div>\n\t<\/section>\n\n\n\n<section id=\"block_67644f216ecec75b970b83d89fcb27a0\" class=\"shs-block block-section grid-container has-white-background-color\" >\n\t\t<div class=\"entry-content\">\n\n<h2 class=\"wp-block-heading\">Se invita al p\u00fablico a asistir a las reuniones<\/h2>\n\n\n\n<p>La Junta Directiva de IHN-CCO se re\u00fane peri\u00f3dicamente. El p\u00fablico puede asistir a cualquiera de las reuniones de la junta. Vuelva a visitarnos para conocer los detalles de nuestra pr\u00f3xima reuni\u00f3n de la junta.<\/p>\n\n\n\n<h3 class=\"wp-block-heading\"><strong>Nuestra pr\u00f3xima reuni\u00f3n<\/strong><\/h3>\n\n\n\n<p>Mi\u00e9rcoles, <strong>15 de abril de 2026,<\/strong> de 1 a 3 pm.<\/p>\n\n\n\n<p>Reuni\u00f3n en persona: Sala de juntas de SHS Walnut, 2300 Walnut Blvd, Corvallis, OR<\/p>\n\n\n\n<div class=\"wp-block-buttons is-layout-flex wp-block-buttons-is-layout-flex\">\n<div class=\"wp-block-button\"><a class=\"wp-block-button__link wp-element-button\" href=\"https:\/\/ihntogether.org\/wp-content\/uploads\/sites\/4\/2026-04-15-Board-Meeting-Agenda.pdf\" target=\"_blank\" rel=\"noreferrer noopener\">Agenda de la reuni\u00f3n<\/a><\/div>\n<\/div>\n\n\n\n<h3 class=\"wp-block-heading\"><strong>\u00danase a Microsoft Teams<\/strong><\/h3>\n\n\n\n<p><strong>Equipos de Microsoft<\/strong>&nbsp;<a href=\"https:\/\/aka.ms\/JoinTeamsMeeting?omkt=en-US\" target=\"_blank\" rel=\"noopener\">\u00bfNecesitar ayuda?<\/a><\/p>\n\n\n\n<p><strong><a href=\"https:\/\/teams.microsoft.com\/l\/meetup-join\/19%3ameeting_ZjM4NGQ5MmItYjc3Yy00NTY5LWI3YmItYmQzZjJkMWVlYzBk%40thread.v2\/0?context=%7b%22Tid%22%3a%228ffc5ea6-dcec-4754-95d8-337958ecb2fc%22%2c%22Oid%22%3a%225ea2d257-764b-42d1-9fca-2d13dc9e3f0b%22%7d\" target=\"_blank\" rel=\"noreferrer noopener\">\u00danase a la reuni\u00f3n ahora<\/a><\/strong><\/p>\n\n\n\n<p>ID de la reuni\u00f3n:<strong> 249 611 660 610 0<\/strong><\/p>\n\n\n\n<p>C\u00f3digo de acceso: <strong>Gd7Xa2yS<\/strong><\/p>\n\n\n\n<p>Para los organizadores: <a href=\"https:\/\/teams.microsoft.com\/meetingOptions\/?organizerId=5ea2d257-764b-42d1-9fca-2d13dc9e3f0b&amp;tenantId=8ffc5ea6-dcec-4754-95d8-337958ecb2fc&amp;threadId=19_meeting_ZjM4NGQ5MmItYjc3Yy00NTY5LWI3YmItYmQzZjJkMWVlYzBk@thread.v2&amp;messageId=0&amp;language=en-US\" target=\"_blank\" rel=\"noreferrer noopener\">Opciones de reuni\u00f3n<\/a> | <a href=\"https:\/\/dialin.teams.microsoft.com\/usp\/pstnconferencing\" target=\"_blank\" rel=\"noreferrer noopener\">Restablecer el PIN de acceso telef\u00f3nico<\/a><\/p>\n\n\n\n<h3 class=\"wp-block-heading\"><strong>Marcar por tel\u00e9fono<\/strong><\/h3>\n\n\n\n<p><a href=\"tel:19712541254,,252509789#\">1 971-254-1254,252509789#<\/a>&nbsp;Estados Unidos, Portland<\/p>\n\n\n\n<p><a href=\"https:\/\/dialin.teams.microsoft.com\/c0211a1d-8e78-4037-b6b2-e6e3a7db2ef8?id=826908875\" target=\"_blank\" rel=\"noreferrer noopener\">Encuentra un n\u00famero local<\/a><\/p>\n\n\n\n<p>ID de la conferencia telef\u00f3nica: <strong>252 509 789#<\/strong><br>Recuerde utilizar el bot\u00f3n \u201cAudio del tel\u00e9fono\u201d si no tiene audio adecuado en su computadora o auriculares.&nbsp;<\/p>\n\n\n\n<p><a href=\"https:\/\/aka.ms\/JoinTeamsMeeting\" target=\"_blank\" rel=\"noreferrer noopener\">M\u00e1s informaci\u00f3n<\/a>&nbsp;| C\u00f3mo unirse | <a href=\"https:\/\/support.microsoft.com\/en-us\/office\/i-can-t-join-a-meeting-in-microsoft-teams-85f8eb98-b815-4007-90c9-0c56b87e288d\" target=\"_blank\" rel=\"noreferrer noopener\">Ayuda<\/a><\/p>\n\n\n\n<p>Samaritan Health Services proh\u00edbe a los participantes externos grabar, transcribir informaci\u00f3n o utilizar bots de IA durante reuniones organizadas internamente.<\/p>\n\n<\/div>\n\t<\/section>\n\n\n\n<section id=\"block_0348fa017ba34859559ef7294acb4b68\" class=\"shs-block block-section grid-container has-breeze-background-color\" >\n\t\t<div class=\"entry-content\">\n\n<h2 class=\"wp-block-heading\">Comentarios p\u00fablicos<\/h2>\n\n\n\n<p>Los comentarios del p\u00fablico son bienvenidos. Tenga en cuenta que esto no es una discusi\u00f3n, debate o di\u00e1logo entre miembros del p\u00fablico y la junta directiva. Es una oportunidad para que el p\u00fablico exprese opiniones relacionadas con los asuntos de la junta.<\/p>\n\n\n\n<p>Los comentarios orales se escuchar\u00e1n durante la primera media hora de la reuni\u00f3n (consulte las fechas y horarios de las reuniones). Cada persona tendr\u00e1 dos minutos para hablar. El presidente de la junta puede limitar este tiempo para permitir que todos los que se hayan inscrito tengan la oportunidad de hablar.&nbsp;<\/p>\n\n\n\n<p>Tambi\u00e9n puede enviar comentarios por escrito. Hay dos formas de enviar comentarios por escrito:<\/p>\n\n\n\n<ul class=\"wp-block-list\">\n<li><strong>Correo electr\u00f3nico:&nbsp;<\/strong><a href=\"mailto:HealthPlansBoards@samhealth.org\"><strong>HealthPlansBoards@samhealth.org<\/strong><\/a><\/li>\n\n\n\n<li><strong>Correo: <\/strong>Junta Directiva de la IHN-CCO<br>2300 NW Walnut Blvd., Corvallis, OR 97330<\/li>\n<\/ul>\n\n\n\n<h2 class=\"wp-block-heading\">Adaptaciones para personas con discapacidad<\/h2>\n\n\n\n<p>Si nos reunimos en persona, se podr\u00e1 acceder a todos los lugares de reuni\u00f3n p\u00fablicos en silla de ruedas. Comun\u00edquese con el equipo de la junta de inmediato si necesita otros arreglos, pero al menos 48 horas antes de la reuni\u00f3n.&nbsp;<\/p>\n\n<\/div>\n\t<\/section>\n\n\n\n<section id=\"block_67644f216ecec75b970b83d89fcb27a0\" class=\"shs-block block-section grid-container has-white-background-color\" >\n\t\t<div class=\"entry-content\">\n\n<h2 class=\"wp-block-heading\">Actas y agenda de reuniones<\/h2>\n\n\n\n<p>Revise las actas de reuniones anteriores. Las actas se publicar\u00e1n una vez que la junta directiva las apruebe en la siguiente reuni\u00f3n de la junta.<\/p>\n\n\n\n<h3 class=\"wp-block-heading\">2026<\/h3>\n\n\n\n<ul class=\"wp-block-list\">\n<li><a href=\"https:\/\/ihntogether.org\/wp-content\/uploads\/sites\/4\/2026-04-15-Board-Meeting-Agenda.pdf\" target=\"_blank\" rel=\"noreferrer noopener\">Orden del d\u00eda de la reuni\u00f3n del 15 de abril de 2026 (English)<\/a>.<\/li>\n\n\n\n<li><a href=\"https:\/\/ihntogether.org\/wp-content\/uploads\/sites\/4\/2026-2-18-Board-Meeting-Agenda.pdf\" target=\"_blank\" rel=\"noreferrer noopener\">18 de febrero de 2026, orden del d\u00eda de la reuni\u00f3n (English)<\/a>.<\/li>\n<\/ul>\n\n\n\n<h3 class=\"wp-block-heading\" id=\"h-2025\">2025<\/h3>\n\n\n\n<ul class=\"wp-block-list\">\n<li><a href=\"https:\/\/ihntogether.org\/wp-content\/uploads\/sites\/4\/2025-12-17-Board-Meeting-Agenda.pdf\" target=\"_blank\" rel=\"noreferrer noopener\">17 de diciembre de 2025, agenda de la reuni\u00f3n (English)<\/a> y <a href=\"https:\/\/ihntogether.org\/wp-content\/uploads\/sites\/4\/2025-12-17-Board-Meeting-Minutes.pdf.pdf\">minutos (English)<\/a>.<\/li>\n\n\n\n<li><a href=\"https:\/\/ihntogether.org\/wp-content\/uploads\/sites\/4\/2025-08-20-Board-Meeting-Agenda.pdf\" target=\"_blank\" rel=\"noreferrer noopener\">20 de agosto de 2025, agenda de la reuni\u00f3n (English)<\/a> y <a href=\"https:\/\/ihntogether.org\/wp-content\/uploads\/sites\/4\/2025-08-20-Board-Meeting-Minutes.pdf\" target=\"_blank\" rel=\"noreferrer noopener\">minutos (English)<\/a>.<\/li>\n\n\n\n<li><a href=\"https:\/\/ihntogether.org\/wp-content\/uploads\/sites\/4\/2025-06-18-Board-Meeting-Agenda.pdf\" target=\"_blank\" rel=\"noreferrer noopener\">18 de junio de 2025, orden del d\u00eda de la reuni\u00f3n (English)<\/a> y <a href=\"https:\/\/ihntogether.org\/wp-content\/uploads\/sites\/4\/2025-06-18-Board-Meeting-Minutes.pdf\" target=\"_blank\" rel=\"noreferrer noopener\">minutos (English)<\/a>.<\/li>\n\n\n\n<li><a href=\"https:\/\/ihntogether.org\/wp-content\/uploads\/sites\/4\/2025-04-16-Board-Meeting-Agenda.pdf\" target=\"_blank\" rel=\"noreferrer noopener\">16 de abril de 2025, orden del d\u00eda de la reuni\u00f3n (English)<\/a> y <a href=\"https:\/\/ihntogether.org\/wp-content\/uploads\/sites\/4\/2025-04-16-Board-Meeting-Minutes.pdf\" target=\"_blank\" data-type=\"attachment\" data-id=\"4340\" rel=\"noreferrer noopener\">minutos (English)<\/a>.<\/li>\n\n\n\n<li><a href=\"https:\/\/ihntogether.org\/wp-content\/uploads\/sites\/4\/2025-02-19-Board-Meeting-Agenda.pdf\" target=\"_blank\" rel=\"noreferrer noopener\">19 de febrero de 2025, orden del d\u00eda de la reuni\u00f3n (English)<\/a> y <a href=\"https:\/\/ihntogether.org\/wp-content\/uploads\/sites\/4\/2025-02-19-Board-Meeting-Minutes.pdf\" target=\"_blank\" rel=\"noreferrer noopener\">minutos (English)<\/a>.<\/li>\n<\/ul>\n\n\n\n<h3 class=\"wp-block-heading\" id=\"h-2024\">2024<\/h3>\n\n\n\n<ul class=\"wp-block-list\">\n<li><a href=\"https:\/\/ihntogether.org\/wp-content\/uploads\/sites\/4\/2024-12-04-board-meeting-agenda.pdf\" target=\"_blank\" rel=\"noreferrer noopener\">4 de diciembre de 2024, agenda de la reuni\u00f3n (English)<\/a> y <a href=\"https:\/\/ihntogether.org\/wp-content\/uploads\/sites\/4\/2024-08-21-Board-Meeting-Minutes.pdf\" target=\"_blank\" rel=\"noreferrer noopener\">minutos (English)<\/a>.<\/li>\n\n\n\n<li><a href=\"https:\/\/ihntogether.org\/wp-content\/uploads\/sites\/4\/2024-08-21-Board-Meeting-Agenda.pdf\" target=\"_blank\" rel=\"noreferrer noopener\">21 de agosto de 2024, orden del d\u00eda de la reuni\u00f3n (English)<\/a> y <a href=\"https:\/\/ihntogether.org\/wp-content\/uploads\/sites\/4\/2024-08-21-Board-Meeting-Minutes.pdf\" target=\"_blank\" rel=\"noreferrer noopener\">minutos (English)<\/a>.<\/li>\n\n\n\n<li><a href=\"https:\/\/ihntogether.org\/wp-content\/uploads\/sites\/4\/2024-06-13-board-meeting-agenda.pdf\" target=\"_blank\" rel=\"noreferrer noopener\">13 de junio de 2024, orden del d\u00eda de la reuni\u00f3n (English)<\/a> y <a href=\"https:\/\/ihntogether.org\/wp-content\/uploads\/sites\/4\/2024-06-13-Board-Meeting-Minutes.pdf\" target=\"_blank\" rel=\"noreferrer noopener\">minutos (English)<\/a>.<\/li>\n\n\n\n<li><a href=\"https:\/\/ihntogether.org\/wp-content\/uploads\/sites\/4\/2024-04-17-board-meeting-agenda.pdf\" target=\"_blank\" rel=\"noreferrer noopener\">17 de abril de 2024, orden del d\u00eda de la reuni\u00f3n (English)<\/a> y <a href=\"https:\/\/ihntogether.org\/wp-content\/uploads\/sites\/4\/2024-04-17-Board-Meeting-Minutes.pdf\" target=\"_blank\" rel=\"noreferrer noopener\">minutos (English)<\/a>.<\/li>\n\n\n\n<li><a href=\"https:\/\/ihntogether.org\/es\/orden-del-dia-de-la-reunion-de-la-junta-directiva-del-16-de-agosto-de-2023\/?type=pdf\" target=\"_blank\" rel=\"noreferrer noopener\">16 de agosto de 2023, orden del d\u00eda de la reuni\u00f3n (English)<\/a>&nbsp;y&nbsp;<a href=\"https:\/\/ihntogether.org\/es\/actas-de-la-reunion-de-la-junta-directiva-del-16-de-agosto-de-2023\/?type=pdf\" target=\"_blank\" rel=\"noreferrer noopener\">minutos (English)<\/a>.<\/li>\n\n\n\n<li><a href=\"https:\/\/ihntogether.org\/wp-content\/uploads\/sites\/4\/2024-02-14-board-meeting-agenda.pdf\" target=\"_blank\" rel=\"noreferrer noopener\">14 de febrero de 2024, orden del d\u00eda de la reuni\u00f3n (English)<\/a> y <a href=\"https:\/\/ihntogether.org\/wp-content\/uploads\/sites\/4\/2024-02-14-Board-Meeting-Minutes.pdf\" target=\"_blank\" rel=\"noreferrer noopener\">minutos (English)<\/a>.<\/li>\n<\/ul>\n\n\n\n<h3 class=\"wp-block-heading\">2023<\/h3>\n\n\n\n<ul class=\"wp-block-list\">\n<li><a href=\"https:\/\/ihntogether.org\/es\/orden-del-dia-de-la-reunion-de-la-junta-directiva-del-6-de-diciembre-de-2023\/?type=pdf\" target=\"_blank\" rel=\"noreferrer noopener\">6 de diciembre de 2023, agenda de la reuni\u00f3n (English)<\/a> y <a href=\"https:\/\/ihntogether.org\/wp-content\/uploads\/sites\/4\/2023-12-6-Board-Meeting-Minutes.pdf\">minutos (English)<\/a>.<\/li>\n\n\n\n<li><a href=\"https:\/\/ihntogether.org\/es\/orden-del-dia-de-la-reunion-de-la-junta-directiva-del-25-de-octubre-de-2023\/?type=pdf\" target=\"_blank\" rel=\"noreferrer noopener\">25 de octubre de 2023, agenda de la reuni\u00f3n (English)<\/a> y <a href=\"https:\/\/ihntogether.org\/wp-content\/uploads\/sites\/4\/2023-10-23-Board-Meeting-Minutes.pdf\">minutos (English)<\/a>.<\/li>\n\n\n\n<li><a href=\"https:\/\/ihntogether.org\/es\/orden-del-dia-de-la-reunion-de-la-junta-directiva-del-21-de-junio-de-2023\/?type=pdf\" target=\"_blank\" rel=\"noreferrer noopener\">21 de junio de 2023, orden del d\u00eda de la reuni\u00f3n (English)<\/a>&nbsp;y&nbsp;<a href=\"https:\/\/ihntogether.org\/es\/orden-del-dia-de-la-reunion-de-la-junta-directiva-del-21-de-junio-de-2023\/?type=pdf\" target=\"_blank\" rel=\"noreferrer noopener\">minutos (English)<\/a>.<\/li>\n\n\n\n<li><a href=\"https:\/\/ihntogether.org\/es\/orden-del-dia-de-la-reunion-de-la-junta-directiva-del-19-de-abril-de-2023\/?type=pdf\" target=\"_blank\" rel=\"noreferrer noopener\">19 de abril de 2023, orden del d\u00eda de la reuni\u00f3n (English)<\/a>&nbsp;y&nbsp;<a href=\"https:\/\/ihntogether.org\/es\/actas-de-la-reunion-de-la-junta-directiva-del-19-de-abril-de-2023\/?type=pdf\" target=\"_blank\" rel=\"noreferrer noopener\">minutos (English)<\/a>.<\/li>\n\n\n\n<li><a href=\"https:\/\/ihntogether.org\/es\/orden-del-dia-de-la-reunion-de-la-junta-directiva-del-15-de-febrero-de-2023\/?type=pdf\" target=\"_blank\" rel=\"noreferrer noopener\">15 de febrero de 2023, orden del d\u00eda de la reuni\u00f3n (English)<\/a>&nbsp;y&nbsp;<a href=\"https:\/\/ihntogether.org\/es\/actas-de-la-reunion-de-la-junta-directiva-del-15-de-febrero-de-2023\/?type=pdf\" target=\"_blank\" rel=\"noreferrer noopener\">minutos (English)<\/a>.<\/li>\n<\/ul>\n\n\n\n<h3 class=\"wp-block-heading\">2022<\/h3>\n\n\n\n<ul class=\"wp-block-list\">\n<li><a href=\"https:\/\/ihntogether.org\/es\/orden-del-dia-de-la-reunion-de-la-junta-directiva-del-7-de-diciembre-de-2022\/?type=pdf\" target=\"_blank\" rel=\"noreferrer noopener\">7 de diciembre de 2022, agenda de la reuni\u00f3n (English)<\/a>&nbsp;y&nbsp;<a href=\"https:\/\/ihntogether.org\/es\/actas-de-la-reunion-de-la-junta-directiva-del-7-de-diciembre-de-2022\/?type=pdf\" target=\"_blank\" rel=\"noreferrer noopener\">minutos (English)<\/a>.<\/li>\n\n\n\n<li><a href=\"https:\/\/ihntogether.org\/es\/orden-del-dia-de-la-reunion-de-la-junta-directiva-del-26-de-octubre-de-2022\/?type=pdf\" target=\"_blank\" rel=\"noreferrer noopener\">26 de octubre de 2022, agenda de la reuni\u00f3n (English)<\/a>&nbsp;y&nbsp;<a href=\"https:\/\/ihntogether.org\/es\/actas-de-la-reunion-de-la-junta-directiva-del-26-de-octubre-de-2022\/?type=pdf\" target=\"_blank\" rel=\"noreferrer noopener\">minutos (English)<\/a>.<\/li>\n\n\n\n<li><a href=\"https:\/\/ihntogether.org\/es\/orden-del-dia-de-la-reunion-de-la-junta-directiva-del-17-de-agosto-de-2022\/?type=pdf\" target=\"_blank\" rel=\"noreferrer noopener\">17 de agosto de 2022, agenda de la reuni\u00f3n (English)<\/a>&nbsp;y&nbsp;<a href=\"https:\/\/ihntogether.org\/es\/actas-de-la-reunion-de-la-junta-directiva-del-17-de-agosto-de-2022\/?type=pdf\" target=\"_blank\" rel=\"noreferrer noopener\">minutos (English)<\/a>.<\/li>\n\n\n\n<li><a href=\"https:\/\/ihntogether.org\/es\/orden-del-dia-de-la-reunion-de-la-junta-directiva-del-20-de-abril-de-2022\/?type=pdf\" target=\"_blank\" rel=\"noreferrer noopener\">20 de abril de 2022, orden del d\u00eda de la reuni\u00f3n (English)<\/a>&nbsp;y&nbsp;<a href=\"https:\/\/ihntogether.org\/es\/actas-de-la-reunion-de-la-junta-directiva-del-20-de-abril-de-2022\/?type=pdf\" target=\"_blank\" rel=\"noreferrer noopener\">minutos (English)<\/a>.<\/li>\n\n\n\n<li><a href=\"https:\/\/ihntogether.org\/es\/orden-del-dia-de-la-reunion-de-la-junta-directiva-del-16-de-febrero-de-2022\/?type=pdf\" target=\"_blank\" rel=\"noreferrer noopener\">16 de febrero de 2022, orden del d\u00eda de la reuni\u00f3n (English)<\/a>&nbsp;y&nbsp;<a href=\"https:\/\/ihntogether.org\/es\/actas-de-la-reunion-de-la-junta-directiva-del-16-de-febrero-de-2022\/?type=pdf\" target=\"_blank\" rel=\"noreferrer noopener\">minutos (English)<\/a>.<\/li>\n<\/ul>\n\n\n\n<p>Vea una lista de siglas para ayudarle a comprender estos t\u00e9rminos de uso frecuente. <a href=\"https:\/\/ihntogether.org\/es\/acronimos-ihn-cco\/?type=pdf\" target=\"_blank\" rel=\"noreferrer noopener\">Acr\u00f3nimos IHN-CCO (English)<\/a><\/p>\n\n<\/div>\n\t<\/section>\n\n\n\n<section id=\"block_85fafede092e6c5860a395e5d8ac15a4\" class=\"shs-block block-section grid-container has-gray-warm-background-color\" >\n\t\t<div class=\"entry-content\">\n\n<h2 class=\"wp-block-heading\">Nuestra Junta Directiva<\/h2>\n\n\n\n<ul class=\"wp-block-list\">\n<li><strong>Presidente y director ejecutivo de Samaritan Health Services<\/strong> \u2014 Marty Cahill, MBA.<\/li>\n\n\n\n<li><strong>Un m\u00e9dico independiente<\/strong> \u2014Doctor Bruce Madsen.<\/li>\n\n\n\n<li><strong>Un administrador de salud conductual<\/strong> \u2014 Todd Noble, condado Linn.<\/li>\n\n\n\n<li><strong>Un dentista independiente<\/strong> \u2014 vacante.<\/li>\n\n\n\n<li><strong>Tres comisionados del condado <\/strong>\u2014 \n<ul class=\"wp-block-list\">\n<li>Benton Comisionado del condado, Gabriel Shepherd.  <\/li>\n\n\n\n<li>Linn Comisionado del condado, Will Tucker.<\/li>\n\n\n\n<li>Lincoln Comisionado del condado, Walter Chuck.<\/li>\n<\/ul>\n<\/li>\n\n\n\n<li><strong>Un administrador del sistema de salud<\/strong> \u2014 Kristy Jessop, MD, Directora M\u00e9dica, Good Samaritan Regional Hospital.<\/li>\n\n\n\n<li><strong>Tres miembros del consejo asesor comunitario<\/strong> \u2014\n<ul class=\"wp-block-list\">\n<li>Dick Knowles, presidente.<\/li>\n\n\n\n<li>Brecca Claitor, miembro.<\/li>\n\n\n\n<li>Cynthia Cruz S\u00e1nchez, miembro.<\/li>\n<\/ul>\n<\/li>\n<\/ul>\n\n\n\n<h3 class=\"wp-block-heading\">Informaci\u00f3n del contacto:<\/h3>\n\n\n\n<p><strong>Marty Cahill, MBA<\/strong><br>Junta Directiva de la IHN-CCO, Presidente<br>2300 NW Walnut Blvd.<br>Corvallis, Oregon 97330<br><a href=\"mailto:HealthPlansBoards@samhealth.org\">HealthPlansBoards@samhealth.org<\/a><br><br><strong>Melissa Bates<\/strong><br>2300 NW Walnut Blvd.<br>Corvallis, Oregon 97330<br><a href=\"mailto:HealthPlansBoards@samhealth.org\">HealthPlansBoards@samhealth.org<\/a><\/p>\n\n<\/div>\n\t<\/section>","protected":false},"excerpt":{"rendered":"<p>La Junta Directiva de IHN-CCO se re\u00fane peri\u00f3dicamente. El p\u00fablico puede asistir a cualquiera de las reuniones de la Junta.<\/p>","protected":false},"author":11,"featured_media":0,"parent":15,"menu_order":3,"comment_status":"closed","ping_status":"closed","template":"","meta":{"_acf_changed":false,"_searchwp_excluded":"","_shs_workflow_notes":"Updated 1\/19\/2025","_shs_exclude_from_navigation":false,"_shs_promote_article_on_blogs":"","footnotes":""},"class_list":["post-187","page","type-page","status-publish","hentry"],"acf":[],"_links":{"self":[{"href":"https:\/\/ihntogether.org\/es\/wp-json\/wp\/v2\/pages\/187","targetHints":{"allow":["GET"]}}],"collection":[{"href":"https:\/\/ihntogether.org\/es\/wp-json\/wp\/v2\/pages"}],"about":[{"href":"https:\/\/ihntogether.org\/es\/wp-json\/wp\/v2\/types\/page"}],"author":[{"embeddable":true,"href":"https:\/\/ihntogether.org\/es\/wp-json\/wp\/v2\/users\/11"}],"replies":[{"embeddable":true,"href":"https:\/\/ihntogether.org\/es\/wp-json\/wp\/v2\/comments?post=187"}],"version-history":[{"count":3,"href":"https:\/\/ihntogether.org\/es\/wp-json\/wp\/v2\/pages\/187\/revisions"}],"predecessor-version":[{"id":5065,"href":"https:\/\/ihntogether.org\/es\/wp-json\/wp\/v2\/pages\/187\/revisions\/5065"}],"up":[{"embeddable":true,"href":"https:\/\/ihntogether.org\/es\/wp-json\/wp\/v2\/pages\/15"}],"wp:attachment":[{"href":"https:\/\/ihntogether.org\/es\/wp-json\/wp\/v2\/media?parent=187"}],"curies":[{"name":"Gracias","href":"https:\/\/api.w.org\/{rel}","templated":true}]}}