{"id":190,"date":"2023-11-16T14:10:15","date_gmt":"2023-11-16T22:10:15","guid":{"rendered":"https:\/\/samhealth.org\/ihn\/?page_id=190"},"modified":"2025-04-03T12:36:26","modified_gmt":"2025-04-03T19:36:26","slug":"equidad-e-inclusion","status":"publish","type":"page","link":"https:\/\/ihntogether.org\/es\/how-we-serve\/equity-and-inclusion\/","title":{"rendered":"Equidad e inclusi\u00f3n"},"content":{"rendered":"<section id=\"block_ffe7e9bc664561db13066873acee08f5\" class=\"shs-block block-section grid-container has-gray-warm-background-color\" >\n\t\t<div class=\"entry-content\">\n\n<h1 class=\"wp-block-heading\" id=\"h-equity-amp-inclusion\">Equidad e inclusi\u00f3n<\/h1>\n\n<\/div>\n\t<\/section>\n\n\n\n<section id=\"block_0283c0e76a474dfff908d9ca980cc2d9\" class=\"shs-block block-section grid-container has-white-background-color\" >\n\t\t<div class=\"entry-content\">\n\n<h2 class=\"wp-block-heading\" id=\"h-treating-all-with-respect-amp-dignity\">Tratando a todos con respeto y dignidad<\/h2>\n\n\n\n<p>Junto con nuestros miembros, los comit\u00e9s asesores comunitarios y la junta directiva, IHN-CCO y Samaritan Health Services esperan trabajar con nuestros socios comunitarios para lograr los objetivos delineados en nuestro Plan de equidad e inclusi\u00f3n. En \u00faltima instancia, nuestro objetivo es garantizar que todas las personas puedan alcanzar su m\u00e1ximo potencial de salud y bienestar.<\/p>\n\n\n\n<p>Samaritan Health Services opera la InterCommunity Health Network Coordinated Care Organization (IHN-CCO), que presta servicios a los miembros del Oregon Health Plan  en los condados de Benton, Lincoln y Linn. Al desarrollar el Plan de Equidad e Inclusi\u00f3n de Samaritan, el consejo de Equidad e Inclusi\u00f3n tuvo en cuenta las prioridades del marco de equidad en salud del estado que fue desarrollado para y por los planes CCO de Oregon. Estos elementos incluyen:<\/p>\n\n\n\n<ul class=\"wp-block-list\">\n<li>Establecer un sistema de gobernanza para promover la equidad en salud entre los miembros y empleados del CCO.<\/li>\n\n\n\n<li>Implementar estrategias de reclutamiento y retenci\u00f3n de empleados relacionadas con la equidad y la inclusi\u00f3n.<\/li>\n\n\n\n<li>Lanzamiento de un plan de capacitaci\u00f3n y educaci\u00f3n para toda la organizaci\u00f3n.<\/li>\n\n\n\n<li>Garantizar el acceso de los miembros a servicios ling\u00fc\u00edsticos de alta calidad.<\/li>\n\n\n\n<li>Utilizar datos demogr\u00e1ficos relacionados para desarrollar y medir las prioridades y el progreso del plan.<\/li>\n\n\n\n<li>Establecer un sistema de quejas y apelaciones relacionadas con la equidad y la inclusi\u00f3n.<\/li>\n<\/ul>\n\n\n\n<p>El Plan de Equidad e Inclusi\u00f3n refleja nuestra intenci\u00f3n de comprender y abordar mejor las cuestiones relacionadas con la raza, la etnia, el g\u00e9nero, la cultura, el nivel socioecon\u00f3mico, el idioma, la orientaci\u00f3n sexual, la edad, la espiritualidad y la alfabetizaci\u00f3n de aquellos con quienes trabajamos y por quienes cuidamos.<\/p>\n\n\n\n<div class=\"wp-block-buttons is-layout-flex wp-block-buttons-is-layout-flex\">\n<div class=\"wp-block-button\"><a class=\"wp-block-button__link wp-element-button\" href=\"http:\/\/ihntogether.org\/es\/plan-de-equidad-e-inclusion-de-shs\/\" target=\"_blank\" rel=\"noreferrer noopener\">Ver Plan de Equidad e Inclusi\u00f3n (English)<\/a><\/div>\n<\/div>\n\n<\/div>\n\t<\/section>\n\n\n\n<section id=\"block_ffe7e9bc664561db13066873acee08f5\" class=\"shs-block block-section grid-container has-gray-warm-background-color\" >\n\t\t<div class=\"entry-content\">\n\n<h2 class=\"wp-block-heading\" id=\"h-supporting-our-community-through-federal-policy-changes\">Apoyando a nuestra comunidad a trav\u00e9s de cambios en las pol\u00edticas federales<\/h2>\n\n\n\n<p>En IHN-CCO nos comprometemos a apoyar su salud, bienestar y acceso a la atenci\u00f3n m\u00e9dica, especialmente en tiempos de incertidumbre. Sabemos que los cambios recientes en las pol\u00edticas federales pueden resultar confusos o incluso alarmantes. Queremos que sepa que estamos aqu\u00ed para ayudarle y haremos todo lo posible para garantizar que reciba el apoyo y la atenci\u00f3n m\u00e9dica que necesita.&nbsp;<\/p>\n\n\n\n<div class=\"wp-block-buttons is-layout-flex wp-block-buttons-is-layout-flex\">\n<div class=\"wp-block-button\"><a class=\"wp-block-button__link wp-element-button\" href=\"https:\/\/ihntogether.org\/es\/en-tu-comunidad\/orientacion-para-miembros\/\">Consulte nuestra gu\u00eda para miembros<\/a><\/div>\n<\/div>\n\n<\/div>\n\t<\/section>","protected":false},"excerpt":{"rendered":"<p>El Plan de Equidad e Inclusi\u00f3n refleja nuestra intenci\u00f3n de comprender y abordar mejor las cuestiones relacionadas con la raza, la etnia, el g\u00e9nero, la cultura, el nivel socioecon\u00f3mico, el idioma, la orientaci\u00f3n sexual, la edad, la espiritualidad y la alfabetizaci\u00f3n de aquellos con quienes trabajamos y por quienes cuidamos.<\/p>","protected":false},"author":16,"featured_media":0,"parent":15,"menu_order":4,"comment_status":"closed","ping_status":"closed","template":"","meta":{"_acf_changed":false,"_searchwp_excluded":"","_shs_workflow_notes":"","_shs_exclude_from_navigation":false,"_shs_promote_article_on_blogs":"","footnotes":""},"class_list":["post-190","page","type-page","status-publish","hentry"],"acf":[],"_links":{"self":[{"href":"https:\/\/ihntogether.org\/es\/wp-json\/wp\/v2\/pages\/190","targetHints":{"allow":["GET"]}}],"collection":[{"href":"https:\/\/ihntogether.org\/es\/wp-json\/wp\/v2\/pages"}],"about":[{"href":"https:\/\/ihntogether.org\/es\/wp-json\/wp\/v2\/types\/page"}],"author":[{"embeddable":true,"href":"https:\/\/ihntogether.org\/es\/wp-json\/wp\/v2\/users\/16"}],"replies":[{"embeddable":true,"href":"https:\/\/ihntogether.org\/es\/wp-json\/wp\/v2\/comments?post=190"}],"version-history":[{"count":0,"href":"https:\/\/ihntogether.org\/es\/wp-json\/wp\/v2\/pages\/190\/revisions"}],"up":[{"embeddable":true,"href":"https:\/\/ihntogether.org\/es\/wp-json\/wp\/v2\/pages\/15"}],"wp:attachment":[{"href":"https:\/\/ihntogether.org\/es\/wp-json\/wp\/v2\/media?parent=190"}],"curies":[{"name":"Gracias","href":"https:\/\/api.w.org\/{rel}","templated":true}]}}