{"id":193,"date":"2023-11-16T14:12:20","date_gmt":"2023-11-16T22:12:20","guid":{"rendered":"https:\/\/samhealth.org\/ihn\/?page_id=193"},"modified":"2026-03-10T13:14:17","modified_gmt":"2026-03-10T20:14:17","slug":"comite-de-transformacion-del-sistema-de-entrega","status":"publish","type":"page","link":"https:\/\/ihntogether.org\/es\/how-we-serve\/delivery-system-transformation-committee\/","title":{"rendered":"Comit\u00e9 de Transformaci\u00f3n del Sistema de Entrega"},"content":{"rendered":"<section id=\"block_6b3c34b37c467456e5fc4e708768c3fa\" class=\"shs-block block-section grid-container has-gray-warm-background-color\" >\n\t\t<div class=\"entry-content\">\n\n<h1 class=\"wp-block-heading\" id=\"h-delivery-system-transformation-committee\">Comit\u00e9 de Transformaci\u00f3n del Sistema de Entrega<\/h1>\n\n<\/div>\n\t<\/section>\n\n\n\n<section id=\"block_96f24452553d1f2e0c081846f40cff43\" class=\"shs-block block-section grid-container has-white-background-color\" >\n\t\t<div class=\"entry-content\">\n\n<h2 class=\"wp-block-heading\" id=\"h-committee-collaborates-on-innovations-for-health-care-delivery\">Comit\u00e9 colabora en innovaciones para la prestaci\u00f3n de servicios de salud<\/h2>\n\n\n\n<p>El trabajo que se realiza en el comit\u00e9 ayuda a guiar la transformaci\u00f3n de la atenci\u00f3n m\u00e9dica y se centra en:<\/p>\n\n\n\n<ul class=\"wp-block-list\">\n<li>Crear y ejecutar planes para lograr mejor salud, mejor acceso y reducir costos.<\/li>\n\n\n\n<li>Apoyar a los equipos de atenci\u00f3n que trabajan para coordinar la atenci\u00f3n al paciente, (<a href=\"http:\/\/www.oregon.gov\/oha\/pcpch\/Pages\/patients.aspx\" target=\"_blank\" rel=\"noreferrer noopener\">Atenci\u00f3n primaria centrada en el paciente<\/a>), como fundaci\u00f3n de la IHN-CCO.<\/li>\n\n\n\n<li>Recomendar cambios al Consejo de Planeaci\u00f3n Regional del IHN-CCO.<\/li>\n\n\n\n<li>Aprobar y supervisar\u00a0<a href=\"https:\/\/ihntogether.org\/es\/transformando-la-atencion-sanitaria\/proyectos-piloto\/resumenes-de-los-pilotos-actuales\/\">pilotos<\/a>.<\/li>\n\n\n\n<li>Buscar constantemente formas de mejorar los esfuerzos de IHN-CCO.<\/li>\n\n\n\n<li>Bienvenidas ideas innovadoras.<\/li>\n<\/ul>\n\n\n\n<p>Puedes ver el&nbsp;<a href=\"https:\/\/ihntogether.org\/es\/carta-del-horario-de-verano\/?type=pdf\" target=\"_blank\" rel=\"noreferrer noopener\">Carta de Transformaci\u00f3n del Sistema de Entrega (English)<\/a>&nbsp;y entender&nbsp;<a href=\"https:\/\/ihntogether.org\/es\/funciones-y-responsabilidades-del-dst\/?type=pdf\" target=\"_blank\" rel=\"noreferrer noopener\">Funciones y responsabilidades del comit\u00e9 (English)<\/a>.<\/p>\n\n\n\n<div class=\"wp-block-buttons is-layout-flex wp-block-buttons-is-layout-flex\">\n<div class=\"wp-block-button\"><a class=\"wp-block-button__link wp-element-button\" href=\"https:\/\/ihntogether.org\/es\/como-servimos\/comite-de-transformacion-del-sistema-de-entrega\/contacto-dst\/\">Contacte con el Comit\u00e9<\/a><\/div>\n\n\n\n<div class=\"wp-block-button\"><a class=\"wp-block-button__link wp-element-button\" href=\"https:\/\/ihntogether.org\/es\/como-servimos\/comite-de-transformacion-del-sistema-de-entrega\/recursos-para-reuniones\/\">Recursos para reuniones<\/a><\/div>\n\n\n\n<div class=\"wp-block-button\"><a class=\"wp-block-button__link wp-element-button\" href=\"https:\/\/ihntogether.org\/es\/como-servimos\/comite-de-transformacion-del-sistema-de-entrega\/grupos-de-trabajo-de-dst\/\">Grupos de trabajo<\/a><\/div>\n<\/div>\n\n<\/div>\n\t<\/section>\n\n\n\n<section id=\"block_eb5ec3484bdff4aea26e8dfbd32f9f63\" class=\"shs-block block-section grid-container has-gray-warm-background-color has-full-bleed-image\" >\n\t\t\t<figure class=\"image\"\n\t\t\tstyle=\"background-image: url(https:\/\/ihntogether.org\/wp-content\/uploads\/sites\/4\/2023\/12\/dad-holding-child-on-shoulder-RECT.jpg)\" \t\t\t>\n\t\t\t<img loading=\"lazy\" decoding=\"async\" width=\"800\" height=\"554\" src=\"https:\/\/ihntogether.org\/wp-content\/uploads\/sites\/4\/2023\/12\/dad-holding-child-on-shoulder-RECT.jpg\" class=\"attachment-full size-full\" alt=\"\" srcset=\"https:\/\/ihntogether.org\/wp-content\/uploads\/sites\/4\/2023\/12\/dad-holding-child-on-shoulder-RECT.jpg 800w, https:\/\/ihntogether.org\/wp-content\/uploads\/sites\/4\/2023\/12\/dad-holding-child-on-shoulder-RECT-300x208.jpg 300w, https:\/\/ihntogether.org\/wp-content\/uploads\/sites\/4\/2023\/12\/dad-holding-child-on-shoulder-RECT-768x532.jpg 768w, https:\/\/ihntogether.org\/wp-content\/uploads\/sites\/4\/2023\/12\/dad-holding-child-on-shoulder-RECT-144x100.jpg 144w\" sizes=\"auto, (max-width: 800px) 100vw, 800px\" \/>\t\t<\/figure>\n\t\t<div class=\"entry-content\">\n\n<h2 class=\"wp-block-heading\">Complicarse<\/h2>\n\n\n\n<p>El Comit\u00e9 de Transformaci\u00f3n del Sistema de Prestaci\u00f3n de Atenci\u00f3n M\u00e9dica est\u00e1 abierto a personas involucradas en organizaciones o grupos que puedan afectar la transformaci\u00f3n del sistema de prestaci\u00f3n de atenci\u00f3n m\u00e9dica.<\/p>\n\n\n\n<p>\u00bfInteresado en participar?&nbsp;<a href=\"https:\/\/ihntogether.org\/es\/como-servimos\/comite-de-transformacion-del-sistema-de-entrega\/contacto-dst\/\">Cont\u00e1ctenos<\/a>.<\/p>\n\n\n\n<div class=\"wp-block-buttons is-layout-flex wp-block-buttons-is-layout-flex\">\n<div class=\"wp-block-button\"><a class=\"wp-block-button__link wp-element-button\" href=\"https:\/\/ihntogether.org\/es\/como-servimos\/comite-de-transformacion-del-sistema-de-entrega\/recursos-para-reuniones\/\">Ver tema y recursos de la reuni\u00f3n<\/a><\/div>\n<\/div>\n\n<\/div>\n\t<\/section>\n\n\n\n<section id=\"block_96f24452553d1f2e0c081846f40cff43\" class=\"shs-block block-section grid-container has-white-background-color\" >\n\t\t<div class=\"entry-content\">\n\n<h2 class=\"wp-block-heading\">Sigue nuestro progreso<\/h2>\n\n\n\n<p>Mant\u00e9ngase actualizado con el progreso del Comit\u00e9 de Transformaci\u00f3n del Sistema de Entrega.<\/p>\n\n\n\n<div class=\"wp-block-buttons is-layout-flex wp-block-buttons-is-layout-flex\">\n<div class=\"wp-block-button\"><a class=\"wp-block-button__link wp-element-button\" href=\"https:\/\/ihntogether.org\/es\/como-servimos\/comite-de-transformacion-del-sistema-de-entrega\/recursos-para-reuniones\/\">Ver informaci\u00f3n de reuniones actuales y pasadas<\/a><\/div>\n\n\n\n<div class=\"wp-block-button\"><a class=\"wp-block-button__link wp-element-button\" href=\"https:\/\/ihntogether.org\/es\/como-servimos\/comite-de-transformacion-del-sistema-de-entrega\/grupos-de-trabajo-de-dst\/\">Obtenga m\u00e1s informaci\u00f3n sobre los grupos de trabajo actuales<\/a><\/div>\n<\/div>\n\n<\/div>\n\t<\/section>","protected":false},"excerpt":{"rendered":"<p>Obtenga m\u00e1s informaci\u00f3n sobre el Comit\u00e9 de Transformaci\u00f3n del Sistema de Entrega.<\/p>","protected":false},"author":18,"featured_media":0,"parent":15,"menu_order":5,"comment_status":"closed","ping_status":"closed","template":"","meta":{"_acf_changed":false,"_searchwp_excluded":"","_shs_workflow_notes":"","_shs_exclude_from_navigation":false,"_shs_promote_article_on_blogs":"","footnotes":""},"class_list":["post-193","page","type-page","status-publish","hentry"],"acf":[],"_links":{"self":[{"href":"https:\/\/ihntogether.org\/es\/wp-json\/wp\/v2\/pages\/193","targetHints":{"allow":["GET"]}}],"collection":[{"href":"https:\/\/ihntogether.org\/es\/wp-json\/wp\/v2\/pages"}],"about":[{"href":"https:\/\/ihntogether.org\/es\/wp-json\/wp\/v2\/types\/page"}],"author":[{"embeddable":true,"href":"https:\/\/ihntogether.org\/es\/wp-json\/wp\/v2\/users\/18"}],"replies":[{"embeddable":true,"href":"https:\/\/ihntogether.org\/es\/wp-json\/wp\/v2\/comments?post=193"}],"version-history":[{"count":1,"href":"https:\/\/ihntogether.org\/es\/wp-json\/wp\/v2\/pages\/193\/revisions"}],"predecessor-version":[{"id":4880,"href":"https:\/\/ihntogether.org\/es\/wp-json\/wp\/v2\/pages\/193\/revisions\/4880"}],"up":[{"embeddable":true,"href":"https:\/\/ihntogether.org\/es\/wp-json\/wp\/v2\/pages\/15"}],"wp:attachment":[{"href":"https:\/\/ihntogether.org\/es\/wp-json\/wp\/v2\/media?parent=193"}],"curies":[{"name":"Gracias","href":"https:\/\/api.w.org\/{rel}","templated":true}]}}