{"id":201,"date":"2023-11-16T14:16:39","date_gmt":"2023-11-16T22:16:39","guid":{"rendered":"https:\/\/samhealth.org\/ihn\/?page_id=201"},"modified":"2025-08-04T12:36:47","modified_gmt":"2025-08-04T19:36:47","slug":"informes-financieros","status":"publish","type":"page","link":"https:\/\/ihntogether.org\/es\/how-we-serve\/financial-reporting\/","title":{"rendered":"Informes financieros"},"content":{"rendered":"<section id=\"block_a263af59b3918a1642d84672749001ab\" class=\"shs-block block-section grid-container has-gray-warm-background-color\" >\n\t\t<div class=\"entry-content\">\n\n<h1 class=\"wp-block-heading\" id=\"h-financial-reporting\">Informes financieros<\/h1>\n\n<\/div>\n\t<\/section>\n\n\n\n<section id=\"block_6eba8b5fb997fb5a42626b6b1765394d\" class=\"shs-block block-section grid-container has-white-background-color\" >\n\t\t<div class=\"entry-content\">\n\n<h2 class=\"wp-block-heading\" id=\"h-quality-incentive-program\">Programa de incentivos a la calidad<\/h2>\n\n\n\n<p>La Autoridad de Salud Oregon (OHA) ha establecido un Programa de Incentivos de Calidad para ofrecer incentivos financieros. Estos incentivos buscan recompensar el desempe\u00f1o excepcional de las CCO y la mejora continua, midiendo el acceso, la calidad y los resultados, conocidos por los proveedores como &quot;m\u00e9tricas de incentivo&quot;. Las CCO reciben recompensas financieras si cumplen con par\u00e1metros de desempe\u00f1o espec\u00edficos o metas de mejora. La financiaci\u00f3n de este programa proviene del Fondo de Calidad.<\/p>\n\n\n\n<p>La intenci\u00f3n de este programa es recompensar a los CCO por <strong>resultados<\/strong>, en vez de <strong>utilizaci\u00f3n de servicios<\/strong>Este est\u00edmulo es una de varias estrategias para lograr la visi\u00f3n de Oregon de mejorar la salud, mejorar la atenci\u00f3n y reducir los costos, al tiempo que se eliminan las desigualdades en materia de salud.<\/p>\n\n\n\n<h2 class=\"wp-block-heading\" id=\"h-quality-pool-funds-distribution-plan\">Plan de distribuci\u00f3n de fondos del fondo de calidad<\/h2>\n\n\n\n<p>La Autoridad de Salud Oregon exige que toda organizaci\u00f3n de atenci\u00f3n coordinada elabore y publique un plan de distribuci\u00f3n por escrito de las ganancias de su Fondo de Calidad y Fondo de Desaf\u00edo. El prop\u00f3sito de este plan es informar a los proveedores y socios de salud p\u00fablica de la CCO sobre las estrategias y los procesos de distribuci\u00f3n de los fondos del Fondo de Calidad.<\/p>\n\n\n\n<div class=\"wp-block-buttons is-layout-flex wp-block-buttons-is-layout-flex\">\n<div class=\"wp-block-button\"><a class=\"wp-block-button__link wp-element-button\" href=\"https:\/\/ihntogether.org\/es\/plan-de-distribucion-de-piscinas-de-calidad-carta-de-la-oha-2022\/?type=pdf\" target=\"_blank\" rel=\"noreferrer noopener\">Ver el Plan de Distribuci\u00f3n (English) de IHN-CCO<\/a><\/div>\n<\/div>\n\n<\/div>\n\t<\/section>","protected":false},"excerpt":{"rendered":"<p>Revisar los informes financieros de IHN-CCO.<\/p>","protected":false},"author":18,"featured_media":0,"parent":15,"menu_order":6,"comment_status":"closed","ping_status":"closed","template":"","meta":{"_acf_changed":false,"_searchwp_excluded":"","_shs_workflow_notes":"Info re: OHA's Quality Incentive Program: https:\/\/www.oregon.gov\/oha\/HPA\/ANALYTICS\/CCOMetrics\/2024-Reference-Instructions-Quality-Pool-Methodology.pdf","_shs_exclude_from_navigation":false,"_shs_promote_article_on_blogs":"","footnotes":""},"class_list":["post-201","page","type-page","status-publish","hentry"],"acf":[],"_links":{"self":[{"href":"https:\/\/ihntogether.org\/es\/wp-json\/wp\/v2\/pages\/201","targetHints":{"allow":["GET"]}}],"collection":[{"href":"https:\/\/ihntogether.org\/es\/wp-json\/wp\/v2\/pages"}],"about":[{"href":"https:\/\/ihntogether.org\/es\/wp-json\/wp\/v2\/types\/page"}],"author":[{"embeddable":true,"href":"https:\/\/ihntogether.org\/es\/wp-json\/wp\/v2\/users\/18"}],"replies":[{"embeddable":true,"href":"https:\/\/ihntogether.org\/es\/wp-json\/wp\/v2\/comments?post=201"}],"version-history":[{"count":0,"href":"https:\/\/ihntogether.org\/es\/wp-json\/wp\/v2\/pages\/201\/revisions"}],"up":[{"embeddable":true,"href":"https:\/\/ihntogether.org\/es\/wp-json\/wp\/v2\/pages\/15"}],"wp:attachment":[{"href":"https:\/\/ihntogether.org\/es\/wp-json\/wp\/v2\/media?parent=201"}],"curies":[{"name":"Gracias","href":"https:\/\/api.w.org\/{rel}","templated":true}]}}