{"id":203,"date":"2023-11-16T14:17:21","date_gmt":"2023-11-16T22:17:21","guid":{"rendered":"https:\/\/samhealth.org\/ihn\/?page_id=203"},"modified":"2024-11-14T15:52:45","modified_gmt":"2024-11-14T23:52:45","slug":"preguntas-frecuentes","status":"publish","type":"page","link":"https:\/\/ihntogether.org\/es\/how-we-serve\/faqs\/","title":{"rendered":"Preguntas frecuentes"},"content":{"rendered":"<section id=\"block_d66774d0638d20252aca15dd4315bfea\" class=\"shs-block block-section grid-container has-gray-warm-background-color\" >\n\t\t<div class=\"entry-content\">\n\n<h1 class=\"wp-block-heading\" id=\"h-frequently-asked-questions\">Preguntas frecuentes<\/h1>\n\n<\/div>\n\t<\/section>\n\n\n\n<section id=\"block_fdc5f71ed4596cb5ff9ac9a2a4c71d82\" class=\"shs-block block-section grid-container has-white-background-color\" >\n\t\t<div class=\"entry-content\">\n\n<div id=\"block_0af8a21a36630ac6eeda082591a1199b\" class=\"shs-block accordion\">\n\t<h3 class=\"accordion-title\">\n\t\t<button\n\t\t\ttype=\"button\"\n\t\t\tid=\"accordion_title_69e7ae5641d372.84480695\"\n\t\t\tclass=\"accordion-control\" aria-expanded=\"false\"\n\t\t\taria-controls=\"accordion_panel_69e7ae5641d3c2.80488779\">\u00bfQu\u00e9 es una organizaci\u00f3n de atenci\u00f3n coordinada? <span class=\"iconfont-chevron-right\"><\/span><\/button>\n\t<\/h3>\n\t<section\n\t\tid=\"accordion_panel_69e7ae5641d3c2.80488779\"\n\t\tclass=\"accordion-panel\"\n\t\taria-labelledby=\"accordion_title_69e7ae5641d372.84480695\" style=\"height:0\">\n\t\t<div class=\"entry-content\">\n\n<p>Una Organizaci\u00f3n de Atenci\u00f3n Coordinada (CCO) es una red de todo tipo de proveedores de atenci\u00f3n m\u00e9dica que han acordado trabajar juntos en sus comunidades locales para las personas que reciben cobertura de atenci\u00f3n m\u00e9dica bajo el Plan de Salud de Oregon (Medicaid).<\/p>\n\n<\/div>\n\t<\/section>\n<\/div>\n\n\n\n<div id=\"block_805c19a6fbfccafdf8e1fc228efd25f7\" class=\"shs-block accordion\">\n\t<h3 class=\"accordion-title\">\n\t\t<button\n\t\t\ttype=\"button\"\n\t\t\tid=\"accordion_title_69e7ae5641ecc9.01028786\"\n\t\t\tclass=\"accordion-control\" aria-expanded=\"false\"\n\t\t\taria-controls=\"accordion_panel_69e7ae5641ece5.89347462\">\u00bfQu\u00e9 es InterCommunity Health Network CCO? <span class=\"iconfont-chevron-right\"><\/span><\/button>\n\t<\/h3>\n\t<section\n\t\tid=\"accordion_panel_69e7ae5641ece5.89347462\"\n\t\tclass=\"accordion-panel\"\n\t\taria-labelledby=\"accordion_title_69e7ae5641ecc9.01028786\" style=\"height:0\">\n\t\t<div class=\"entry-content\">\n\n<p>Somos una asociaci\u00f3n p\u00fablico-privada local que consta de los gobiernos de los condados y sus departamentos de servicios de salud p\u00fablica, salud mental y adicciones, proveedores de atenci\u00f3n m\u00e9dica locales, centros de salud calificados federalmente y las siguientes organizaciones: Accountable Behavioral Health Alliance, Advantage Dental, Capitol Dental Care, ODS Community Health, Willamette Dental Group, The Corvallis Clinic, Mid-Valley Behavioral Care Network, Oregon Cascades West Council of Governments, Quality Care Associates, Samaritan Health Plans, Samaritan Health Services, plan de salud Samaritan InterCommunity Health Network y Samaritan Mental Health.&nbsp;<a href=\"http:\/\/ihntogether.org\/es\/como-servimos\/sobre-nosotros\/\">Obtenga m\u00e1s informaci\u00f3n sobre IHN-CCO.<\/a><\/p>\n\n<\/div>\n\t<\/section>\n<\/div>\n\n\n\n<div id=\"block_c626c1d44d5916f5b2d02a594dec994e\" class=\"shs-block accordion\">\n\t<h3 class=\"accordion-title\">\n\t\t<button\n\t\t\ttype=\"button\"\n\t\t\tid=\"accordion_title_69e7ae564202c1.68421149\"\n\t\t\tclass=\"accordion-control\" aria-expanded=\"false\"\n\t\t\taria-controls=\"accordion_panel_69e7ae564202e5.28608679\">\u00bfC\u00f3mo funciona InterCommunity Health Network CCO? <span class=\"iconfont-chevron-right\"><\/span><\/button>\n\t<\/h3>\n\t<section\n\t\tid=\"accordion_panel_69e7ae564202e5.28608679\"\n\t\tclass=\"accordion-panel\"\n\t\taria-labelledby=\"accordion_title_69e7ae564202c1.68421149\" style=\"height:0\">\n\t\t<div class=\"entry-content\">\n\n<p>Contamos con un presupuesto que crece a un ritmo fijo para la atenci\u00f3n mental, f\u00edsica y, en \u00faltima instancia, dental. IHN-CCO es responsable de los resultados de salud de la poblaci\u00f3n a la que prestamos servicios. Nos regimos por una asociaci\u00f3n entre proveedores de atenci\u00f3n m\u00e9dica, miembros de la comunidad y partes interesadas en los sistemas de salud que tienen responsabilidad y riesgo financiero.<\/p>\n\n<\/div>\n\t<\/section>\n<\/div>\n\n\n\n<div id=\"block_3b589b83c28fe49654f1f21d3fa163ed\" class=\"shs-block accordion\">\n\t<h3 class=\"accordion-title\">\n\t\t<button\n\t\t\ttype=\"button\"\n\t\t\tid=\"accordion_title_69e7ae56421a65.20526819\"\n\t\t\tclass=\"accordion-control\" aria-expanded=\"false\"\n\t\t\taria-controls=\"accordion_panel_69e7ae56421a89.77878250\">\u00bfQu\u00e9 se mantendr\u00e1 igual y qu\u00e9 ser\u00e1 diferente con un CCO? <span class=\"iconfont-chevron-right\"><\/span><\/button>\n\t<\/h3>\n\t<section\n\t\tid=\"accordion_panel_69e7ae56421a89.77878250\"\n\t\tclass=\"accordion-panel\"\n\t\taria-labelledby=\"accordion_title_69e7ae56421a65.20526819\" style=\"height:0\">\n\t\t<div class=\"entry-content\">\n\n<p>Con las CCO, los beneficios m\u00e9dicos del Plan de Salud de Oregon no cambiar\u00e1n. Sin embargo, hoy el sistema separa la atenci\u00f3n f\u00edsica, mental y de otros tipos. Eso hace que las cosas sean m\u00e1s dif\u00edciles para los pacientes y los proveedores y m\u00e1s caras para Oregon.<\/p>\n\n\n\n<p>Como CCO, unificaremos los sistemas de atenci\u00f3n m\u00e9dica en los condados de Benton, Lincoln y Linn para brindar un enfoque de equipo coordinado para la atenci\u00f3n de los miembros de Oregon Health Plan. En lugar de simplemente tratarlo cuando est\u00e1 enfermo, podemos trabajar para mantenerlo saludable y controlar mejor las afecciones existentes.<\/p>\n\n<\/div>\n\t<\/section>\n<\/div>\n\n\n\n<div id=\"block_c9bba968db547a0d0f616b2aea5f73e1\" class=\"shs-block accordion\">\n\t<h3 class=\"accordion-title\">\n\t\t<button\n\t\t\ttype=\"button\"\n\t\t\tid=\"accordion_title_69e7ae56423e62.29740331\"\n\t\t\tclass=\"accordion-control\" aria-expanded=\"false\"\n\t\t\taria-controls=\"accordion_panel_69e7ae56423e82.35903894\">\u00bfQu\u00e9 debo saber si soy miembro del Plan de Salud de Oregon? <span class=\"iconfont-chevron-right\"><\/span><\/button>\n\t<\/h3>\n\t<section\n\t\tid=\"accordion_panel_69e7ae56423e82.35903894\"\n\t\tclass=\"accordion-panel\"\n\t\taria-labelledby=\"accordion_title_69e7ae56423e62.29740331\" style=\"height:0\">\n\t\t<div class=\"entry-content\">\n\n<p>La Autoridad de Salud de Oreg\u00f3n ir\u00e1 m\u00e1s all\u00e1 de los avisos est\u00e1ndar. Se crear\u00e1n comunicaciones y actividades de divulgaci\u00f3n especiales para usted sobre las CCO, qu\u00e9 esperar con el cambio que se avecina y c\u00f3mo utilizar las CCO para una mejor salud y atenci\u00f3n.<\/p>\n\n\n\n<ul class=\"wp-block-list\">\n<li>Se le notificar\u00e1 al menos 30 d\u00edas antes de cualquier cambio de proveedor de plan de salud.<\/li>\n\n\n\n<li>No es necesario que usted como miembro realice ninguna acci\u00f3n.<\/li>\n<\/ul>\n\n<\/div>\n\t<\/section>\n<\/div>\n\n\n\n<div id=\"block_3189e07f1a18bf2a579f28c30a9b2405\" class=\"shs-block accordion\">\n\t<h3 class=\"accordion-title\">\n\t\t<button\n\t\t\ttype=\"button\"\n\t\t\tid=\"accordion_title_69e7ae564254d5.39229205\"\n\t\t\tclass=\"accordion-control\" aria-expanded=\"false\"\n\t\t\taria-controls=\"accordion_panel_69e7ae564254f4.12981614\">\u00bfCu\u00e1ndo comenz\u00f3 a prestar servicios InterCommunity Health Network CCO? <span class=\"iconfont-chevron-right\"><\/span><\/button>\n\t<\/h3>\n\t<section\n\t\tid=\"accordion_panel_69e7ae564254f4.12981614\"\n\t\tclass=\"accordion-panel\"\n\t\taria-labelledby=\"accordion_title_69e7ae564254d5.39229205\" style=\"height:0\">\n\t\t<div class=\"entry-content\">\n\n<p>Hemos recibido la certificaci\u00f3n del Estado como CCO con fecha de entrada en vigor el 1 de agosto de 2012. La Autoridad de Salud Oregon es responsable de seleccionar a los CCO locales. Para obtener m\u00e1s informaci\u00f3n sobre este proceso, visite\u00a0<a href=\"https:\/\/health.oregon.gov\/\" target=\"_blank\" rel=\"noreferrer noopener\">health.oregon.gov<\/a>.<\/p>\n\n<\/div>\n\t<\/section>\n<\/div>\n\n<\/div>\n\t<\/section>","protected":false},"excerpt":{"rendered":"<p>Encuentre respuestas a preguntas frecuentes sobre la Organizaci\u00f3n de Atenci\u00f3n Coordinada de InterCommunity Health Network.<\/p>","protected":false},"author":16,"featured_media":0,"parent":15,"menu_order":7,"comment_status":"closed","ping_status":"closed","template":"","meta":{"_acf_changed":false,"_searchwp_excluded":"","_shs_workflow_notes":"","_shs_exclude_from_navigation":false,"_shs_promote_article_on_blogs":"","footnotes":""},"class_list":["post-203","page","type-page","status-publish","hentry"],"acf":[],"_links":{"self":[{"href":"https:\/\/ihntogether.org\/es\/wp-json\/wp\/v2\/pages\/203","targetHints":{"allow":["GET"]}}],"collection":[{"href":"https:\/\/ihntogether.org\/es\/wp-json\/wp\/v2\/pages"}],"about":[{"href":"https:\/\/ihntogether.org\/es\/wp-json\/wp\/v2\/types\/page"}],"author":[{"embeddable":true,"href":"https:\/\/ihntogether.org\/es\/wp-json\/wp\/v2\/users\/16"}],"replies":[{"embeddable":true,"href":"https:\/\/ihntogether.org\/es\/wp-json\/wp\/v2\/comments?post=203"}],"version-history":[{"count":0,"href":"https:\/\/ihntogether.org\/es\/wp-json\/wp\/v2\/pages\/203\/revisions"}],"up":[{"embeddable":true,"href":"https:\/\/ihntogether.org\/es\/wp-json\/wp\/v2\/pages\/15"}],"wp:attachment":[{"href":"https:\/\/ihntogether.org\/es\/wp-json\/wp\/v2\/media?parent=203"}],"curies":[{"name":"Gracias","href":"https:\/\/api.w.org\/{rel}","templated":true}]}}