{"id":205,"date":"2024-03-19T08:46:09","date_gmt":"2024-03-19T15:46:09","guid":{"rendered":"https:\/\/samhealth.org\/ihn\/?page_id=205"},"modified":"2025-03-25T14:27:40","modified_gmt":"2025-03-25T21:27:40","slug":"descripcion-general","status":"publish","type":"page","link":"https:\/\/ihntogether.org\/es\/community-advisory-council\/overview\/","title":{"rendered":"Descripci\u00f3n general del CAC"},"content":{"rendered":"<section id=\"block_039773de8962512a83c6431729659139\" class=\"shs-block block-section grid-container has-gray-warm-background-color\" >\n\t\t<div class=\"entry-content\">\n\n<h1 class=\"wp-block-heading\" id=\"h-community-advisory-council-overview\">Descripci\u00f3n general del Consejo Asesor Comunitario<\/h1>\n\n<\/div>\n\t<\/section>\n\n\n<nav id=\"LocalAdvisoryCommittees\" class=\"shs-block in-content-nav-links grid-container has-blue-midnight-background-color\">\n\t<button class=\"in-content-nav-title has-blue-midnight-background-color js-in-page-nav-toggle\">Contenido relacionado\t<svg id=\"icon_menu\" class=\"\" viewbox=\"0 0 22 22\">\n\t\t<defs><style>#icon_menu_hit_box{fill:transparent;}#bot{transform-origin: 10% 70%;}#top{transform-origin: 15% 30%;}.im1{fill:#7999B9;}<\/style><\/defs>\n\t\t<title>Men\u00fa de contenido relacionado<\/title>\n\t\t<rect id=\"top\" class=\"im1 will-ease\" y=\"2.5\" width=\"22\" height=\"3\"\/>\n\t\t<rect id=\"mid\" class=\"im1 hide-when-open\" y=\"9.5\" width=\"22\" height=\"3\"\/>\n\t\t<rect id=\"bot\" class=\"im1 will-ease\" y=\"16.5\" width=\"22\" height=\"3\"\/>\n\t\t<rect id=\"icon_menu_hit_box\" width=\"22\" height=\"22\" \/>\n\t<\/svg>\n<\/button>\n\t\t<ul>\n\t\t\t\t<li>\n\t\t\t<a href=\"https:\/\/ihntogether.org\/es\/consejo-asesor-comunitario\/descripcion-general\/conozca-al-presidente\/\" target=\"_self\">Conozca al presidente<\/a>\n\t\t<\/li>\n\t\t\t\t\t\t<li>\n\t\t\t<a href=\"#local\" target=\"_self\">Comit\u00e9s asesores locales<\/a>\n\t\t<\/li>\n\t\t\t\t\t<\/ul>\n<\/nav>\n\n\n\n<section id=\"chair\" class=\"shs-block block-section grid-container has-white-background-color\" >\n\t\t<div class=\"entry-content\">\n\n<h2 class=\"wp-block-heading\">Quienes somos<\/h2>\n\n\n\n<p>El Consejo Asesor Comunitario (CAC) de la IHN-CCO est\u00e1 compuesto por 18 representantes del consejo y un presidente del consejo. Entre sus miembros se incluyen miembros de la comunidad local y representantes del gobierno del condado, con una representaci\u00f3n mayoritaria de miembros de la IHN-CCO. Para abordar las necesidades locales de atenci\u00f3n m\u00e9dica, todos los representantes del consejo tambi\u00e9n son miembros de un Comit\u00e9 Asesor Local.<\/p>\n\n\n\n<p><a href=\"https:\/\/ihntogether.org\/es\/carta-del-cac\/?type=pdf\" target=\"_blank\" rel=\"noreferrer noopener\">Lea nuestra Carta (actualizada el 14 de octubre de 2020)<\/a><\/p>\n\n\n\n<p><strong>Silla:\u00a0<\/strong>Dick Knowles \u2013\u00a0<a href=\"https:\/\/ihntogether.org\/es\/consejo-asesor-comunitario\/descripcion-general\/conozca-al-presidente\/\">Conozca al presidente<\/a>.<\/p>\n\n<\/div>\n\t<\/section>\n\n\n\n<section id=\"local\" class=\"shs-block block-section grid-container has-gray-warm-background-color\" >\n\t\t<div class=\"entry-content\">\n\n<h2 class=\"wp-block-heading has-text-align-center\">Funci\u00f3n del Consejo Asesor Comunitario<\/h2>\n\n\n<section id=\"block_81763e0820dc45006cae0efdb9f54ca1\" class=\"shs-block two-columns\">\n<div class=\"entry-content two-column-grid\">\n<div class=\"entry-content shs-block column\">\n\n<figure class=\"wp-block-image alignright size-full\"><img loading=\"lazy\" decoding=\"async\" width=\"360\" height=\"300\" src=\"https:\/\/ihntogether.org\/wp-content\/uploads\/sites\/4\/2023\/12\/Oregons-Coordinated-Care-Model-CO.jpg\" alt=\"\" class=\"wp-image-511\" srcset=\"https:\/\/ihntogether.org\/wp-content\/uploads\/sites\/4\/2023\/12\/Oregons-Coordinated-Care-Model-CO.jpg 360w, https:\/\/ihntogether.org\/wp-content\/uploads\/sites\/4\/2023\/12\/Oregons-Coordinated-Care-Model-CO-300x250.jpg 300w, https:\/\/ihntogether.org\/wp-content\/uploads\/sites\/4\/2023\/12\/Oregons-Coordinated-Care-Model-CO-120x100.jpg 120w\" sizes=\"auto, (max-width: 360px) 100vw, 360px\" \/><\/figure>\n\n<\/div>\n\n\n<div class=\"entry-content shs-block column\">\n\n<p>Obtenga m\u00e1s informaci\u00f3n sobre el trabajo de los Consejos Asesores Comunitarios en Oreg\u00f3n.<\/p>\n\n\n\n<div class=\"wp-block-buttons is-layout-flex wp-block-buttons-is-layout-flex\">\n<div class=\"wp-block-button\"><a class=\"wp-block-button__link wp-element-button\" href=\"https:\/\/www.youtube.com\/watch?v=WRi4DzXdJzk&amp;t=4s\" target=\"_blank\" rel=\"noreferrer noopener\">Ver video<\/a><\/div>\n<\/div>\n\n<\/div>\n\n<\/div>\n<\/section>\n\n<\/div>\n\t<\/section>\n\n\n\n<section id=\"block_70209463c0e3f9c739c25f71844a4b5e\" class=\"shs-block block-section grid-container has-white-background-color\" >\n\t\t<div class=\"entry-content\">\n\n<h2 class=\"wp-block-heading\">Comit\u00e9s asesores locales<\/h2>\n\n\n\n<p>Los condados de Linn, Benton y Lincoln cuentan con un comit\u00e9 asesor que aporta informaci\u00f3n al Consejo Asesor Comunitario sobre las necesidades de salud de la comunidad local.<\/p>\n\n\n\n<div class=\"wp-block-buttons is-layout-flex wp-block-buttons-is-layout-flex\">\n<div class=\"wp-block-button\"><a class=\"wp-block-button__link wp-element-button\" href=\"https:\/\/ihntogether.org\/es\/consejo-asesor-comunitario\/descripcion-general\/comites-asesores-locales\/\">Obtenga m\u00e1s informaci\u00f3n sobre nuestros comit\u00e9s asesores<\/a><\/div>\n<\/div>\n\n<\/div>\n\t<\/section>","protected":false},"excerpt":{"rendered":"<p>Obtenga m\u00e1s informaci\u00f3n sobre el Consejo Asesor Comunitario de IHN-CCO.<\/p>","protected":false},"author":16,"featured_media":0,"parent":23,"menu_order":1,"comment_status":"closed","ping_status":"closed","template":"","meta":{"_acf_changed":false,"_searchwp_excluded":"","_shs_workflow_notes":"","_shs_exclude_from_navigation":true,"_shs_promote_article_on_blogs":"","footnotes":""},"class_list":["post-205","page","type-page","status-publish","hentry"],"acf":[],"_links":{"self":[{"href":"https:\/\/ihntogether.org\/es\/wp-json\/wp\/v2\/pages\/205","targetHints":{"allow":["GET"]}}],"collection":[{"href":"https:\/\/ihntogether.org\/es\/wp-json\/wp\/v2\/pages"}],"about":[{"href":"https:\/\/ihntogether.org\/es\/wp-json\/wp\/v2\/types\/page"}],"author":[{"embeddable":true,"href":"https:\/\/ihntogether.org\/es\/wp-json\/wp\/v2\/users\/16"}],"replies":[{"embeddable":true,"href":"https:\/\/ihntogether.org\/es\/wp-json\/wp\/v2\/comments?post=205"}],"version-history":[{"count":0,"href":"https:\/\/ihntogether.org\/es\/wp-json\/wp\/v2\/pages\/205\/revisions"}],"up":[{"embeddable":true,"href":"https:\/\/ihntogether.org\/es\/wp-json\/wp\/v2\/pages\/23"}],"wp:attachment":[{"href":"https:\/\/ihntogether.org\/es\/wp-json\/wp\/v2\/media?parent=205"}],"curies":[{"name":"Gracias","href":"https:\/\/api.w.org\/{rel}","templated":true}]}}