{"id":207,"date":"2023-11-16T14:22:36","date_gmt":"2023-11-16T22:22:36","guid":{"rendered":"https:\/\/samhealth.org\/ihn\/?page_id=207"},"modified":"2024-03-22T13:58:08","modified_gmt":"2024-03-22T20:58:08","slug":"conozca-al-presidente","status":"publish","type":"page","link":"https:\/\/ihntogether.org\/es\/community-advisory-council\/overview\/meet-the-chair\/","title":{"rendered":"Conozca al presidente"},"content":{"rendered":"<section id=\"block_008e51f339bc6bfa99717098dc647a35\" class=\"shs-block block-section grid-container has-gray-warm-background-color\" >\n\t\t<div class=\"entry-content\">\n\n<h1 class=\"wp-block-heading\" id=\"h-meet-the-chair\">Conozca al presidente<\/h1>\n\n<\/div>\n\t<\/section>\n\n\n\n<section id=\"block_6a764a1d1caa5959cac25ecdf2d64dfe\" class=\"shs-block block-section grid-container has-white-background-color\" >\n\t\t<div class=\"entry-content\">\n\n<h2 class=\"wp-block-heading\">Dick Knowles elegido nuevo presidente del Consejo Asesor Comunitario<\/h2>\n\n\n\n<p><strong>20 de abril de 2022<\/strong><br>Dick ha estado involucrado en el CAC de IHN-CCO desde que se form\u00f3 en 2012, sirviendo primero como copresidente del Comit\u00e9 Asesor Local de Linn. Ha estado en el papel de presidente desde esos primeros d\u00edas y, desde su jubilaci\u00f3n en 2010, ha mantenido un inter\u00e9s en muchos otros grupos comunitarios. Actualmente, esos grupos incluyen ser presidente de la Junta Asesora de Salud Mental del Condado de Linn, presidente de la Junta de Comisionados de la Autoridad de Vivienda de Linn Benton, as\u00ed como miembro de muchos otros grupos. Cada una de estas conexiones ha mejorado su capacidad para participar de manera efectiva en los esfuerzos de IHN-CCO a lo largo de los a\u00f1os. Incluyendo compartir informaci\u00f3n y necesidades importantes entre cada una de las agencias que lo integran.<\/p>\n\n\n\n<p>Dick se ha comprometido a mantener el contacto con los Comit\u00e9s Asesores Locales de Benton, Lincoln y Linn. Tiene previsto fomentar el intercambio de ideas y desaf\u00edos exclusivos de cada uno de los tres condados y llevar esas ideas y desaf\u00edos al CAC regional. En particular, Dick espera asegurarse de que la mayor cantidad posible de miembros de la comunidad puedan ser parte integral del desarrollo del pr\u00f3ximo Plan de Mejora de la Salud Comunitaria. Tambi\u00e9n est\u00e1 dedicado a ayudar en los esfuerzos de colaboraci\u00f3n de todas las entidades y partes interesadas mientras trabajan para desarrollar la Evaluaci\u00f3n de las Necesidades de Salud Comunitaria. En \u00faltima instancia, la esperanza constante de Dick es mejorar los esfuerzos de colaboraci\u00f3n de la comunidad y los proveedores de servicios a medida que cada uno busca un acceso equitativo a una atenci\u00f3n m\u00e9dica asequible y de calidad.<\/p>\n\n\n\n<p>Dick tiene un t\u00edtulo en psicolog\u00eda de la Universidad Estatal de California, Hayward. Obtuvo su licencia de administrador de residencias de ancianos en California en 1978 y pas\u00f3 su carrera trabajando en instalaciones seguras que se especializaban en el tratamiento de enfermedades mentales graves y persistentes. Durante su carrera como administrador, siempre estuvo interesado en fomentar los esfuerzos de colaboraci\u00f3n entre los miembros de la comunidad y las agencias gubernamentales federales, estatales y locales a medida que desarrollaban leyes y protocolos para la prestaci\u00f3n de servicios de atenci\u00f3n m\u00e9dica. Fue miembro de numerosos grupos asesores en cada nivel. El enfoque de su trabajo siempre fue asegurarse de que se reconocieran las necesidades y expectativas de cada miembro de la comunidad y se convirtieran en una parte integral de cualquier decisi\u00f3n final con respecto a la prestaci\u00f3n de atenci\u00f3n m\u00e9dica.&nbsp;<\/p>\n\n<\/div>\n\t<\/section>","protected":false},"excerpt":{"rendered":"<p>Dick Knowles ha estado involucrado en el CAC de IHN-CCO desde su formaci\u00f3n en 2012.<\/p>","protected":false},"author":16,"featured_media":0,"parent":205,"menu_order":1,"comment_status":"closed","ping_status":"closed","template":"","meta":{"_acf_changed":false,"_searchwp_excluded":"","_shs_workflow_notes":"","_shs_exclude_from_navigation":true,"_shs_promote_article_on_blogs":"","footnotes":""},"class_list":["post-207","page","type-page","status-publish","hentry"],"acf":[],"_links":{"self":[{"href":"https:\/\/ihntogether.org\/es\/wp-json\/wp\/v2\/pages\/207","targetHints":{"allow":["GET"]}}],"collection":[{"href":"https:\/\/ihntogether.org\/es\/wp-json\/wp\/v2\/pages"}],"about":[{"href":"https:\/\/ihntogether.org\/es\/wp-json\/wp\/v2\/types\/page"}],"author":[{"embeddable":true,"href":"https:\/\/ihntogether.org\/es\/wp-json\/wp\/v2\/users\/16"}],"replies":[{"embeddable":true,"href":"https:\/\/ihntogether.org\/es\/wp-json\/wp\/v2\/comments?post=207"}],"version-history":[{"count":0,"href":"https:\/\/ihntogether.org\/es\/wp-json\/wp\/v2\/pages\/207\/revisions"}],"up":[{"embeddable":true,"href":"https:\/\/ihntogether.org\/es\/wp-json\/wp\/v2\/pages\/205"}],"wp:attachment":[{"href":"https:\/\/ihntogether.org\/es\/wp-json\/wp\/v2\/media?parent=207"}],"curies":[{"name":"Gracias","href":"https:\/\/api.w.org\/{rel}","templated":true}]}}