{"id":209,"date":"2023-11-16T14:23:19","date_gmt":"2023-11-16T22:23:19","guid":{"rendered":"https:\/\/samhealth.org\/ihn\/?page_id=209"},"modified":"2026-03-26T14:50:46","modified_gmt":"2026-03-26T21:50:46","slug":"comites-asesores-locales","status":"publish","type":"page","link":"https:\/\/ihntogether.org\/es\/community-advisory-council\/overview\/local-advisory-committees\/","title":{"rendered":"Comit\u00e9s asesores locales"},"content":{"rendered":"<section id=\"block_857ebaa38e095cbf916db00eb9f82674\" class=\"shs-block block-section grid-container has-gray-warm-background-color\" >\n\t\t<div class=\"entry-content\">\n\n<h1 class=\"wp-block-heading\" id=\"h-local-advisory-committees\">Comit\u00e9s asesores locales<\/h1>\n\n<\/div>\n\t<\/section>\n\n\n\n<section id=\"block_97bc10eefa0f103ad111b76fa716b694\" class=\"shs-block block-section grid-container has-white-background-color\" >\n\t\t<div class=\"entry-content\">\n\n<h2 class=\"wp-block-heading\">Comparte tus ideas sobre el cuidado de la salud<\/h2>\n\n\n\n<p>Los condados Benton, Lincoln y Linn cuentan con un comit\u00e9 asesor que brinda informaci\u00f3n al Community Advisory Council (CAC) sobre las necesidades de salud en su comunidad local. Todos los representantes regionales del CAC tambi\u00e9n son miembros de su comit\u00e9 asesor local. Los comit\u00e9s asesores locales son el mejor lugar para participar. \u00a1Aqu\u00ed es donde se lleva a cabo el trabajo!<\/p>\n\n\n\n<p>Si desea ayudar a mejorar el acceso a atenci\u00f3n m\u00e9dica de calidad en su comunidad, un comit\u00e9 asesor local es un excelente lugar para comenzar.<\/p>\n\n\n\n<p>Las ideas y comentarios proporcionados a nivel local se utilizan para desarrollar el trabajo de la IHN-CCO.&nbsp;<a href=\"https:\/\/ihntogether.org\/es\/consejo-asesor-comunitario\/plan\/\" target=\"_blank\" rel=\"noreferrer noopener\">Plan de mejora de la salud comunitaria<\/a>.<\/p>\n\n<\/div>\n\t<\/section>\n\n\n\n<section id=\"block_7f82e0ca30e59b223f0941ead366b65e\" class=\"shs-block block-section grid-container has-breeze-background-color\" >\n\t\t<div class=\"entry-content\">\n\n<h2 class=\"wp-block-heading\">Horarios de reuniones<\/h2>\n\n\n\n<h3 class=\"wp-block-heading\" id=\"h-benton-local-advisory-committee-blac\"><strong>Benton Comit\u00e9 Asesor Local (BLAC)<\/strong><\/h3>\n\n\n\n<p><strong>D\u00eda:<\/strong> Cuarto viernes del mes<br><strong>Tiempo:<\/strong> de 10 am a mediod\u00eda<br><strong>Ubicaci\u00f3n<\/strong>:Opciones de video y tel\u00e9fono<\/p>\n\n\n\n<h3 class=\"wp-block-heading\" id=\"h-lincoln-county-coordinated-healthcare-advisory-committee-chac\"><strong>Lincoln Comit\u00e9 asesor de atenci\u00f3n m\u00e9dica coordinado del condado (CHAC)<\/strong><\/h3>\n\n\n\n<p><strong>D\u00eda:<\/strong> Primer mi\u00e9rcoles del mes<br><strong>Tiempo:<\/strong> De 11:30 a 13:30 horas<br><strong>Ubicaci\u00f3n:<\/strong> Opciones de video y tel\u00e9fono<\/p>\n\n\n\n<h3 class=\"wp-block-heading\" id=\"h-linn-local-advisory-committee-llac\"><strong>Linn Comit\u00e9 Asesor Local (LLAC)<\/strong><\/h3>\n\n\n\n<p><strong>D\u00eda:<\/strong> Segundo y cuarto jueves<br><strong>Tiempo:<\/strong> De 9 a 11 horas<br><strong>Ubicaci\u00f3n:<\/strong> Opciones de video y tel\u00e9fono<\/p>\n\n\n\n<p>Si desea asistir a una reuni\u00f3n consultiva local,\u00a0<a href=\"https:\/\/ihntogether.org\/es\/consejo-asesor-comunitario\/contactenos\/\" target=\"_blank\" data-type=\"page\" data-id=\"219\" rel=\"noreferrer noopener\">Haznoslo saber<\/a>!<\/p>\n\n<\/div>\n\t<\/section>","protected":false},"excerpt":{"rendered":"<p>Los condados Benton, Lincoln y Linn cuentan con un comit\u00e9 asesor que aporta informaci\u00f3n al Community Advisory Council (CAC) sobre las necesidades de salud en su comunidad local.<\/p>","protected":false},"author":16,"featured_media":0,"parent":205,"menu_order":2,"comment_status":"closed","ping_status":"closed","template":"","meta":{"_acf_changed":false,"_searchwp_excluded":"","_shs_workflow_notes":"","_shs_exclude_from_navigation":true,"_shs_promote_article_on_blogs":"","footnotes":""},"class_list":["post-209","page","type-page","status-publish","hentry"],"acf":[],"_links":{"self":[{"href":"https:\/\/ihntogether.org\/es\/wp-json\/wp\/v2\/pages\/209","targetHints":{"allow":["GET"]}}],"collection":[{"href":"https:\/\/ihntogether.org\/es\/wp-json\/wp\/v2\/pages"}],"about":[{"href":"https:\/\/ihntogether.org\/es\/wp-json\/wp\/v2\/types\/page"}],"author":[{"embeddable":true,"href":"https:\/\/ihntogether.org\/es\/wp-json\/wp\/v2\/users\/16"}],"replies":[{"embeddable":true,"href":"https:\/\/ihntogether.org\/es\/wp-json\/wp\/v2\/comments?post=209"}],"version-history":[{"count":3,"href":"https:\/\/ihntogether.org\/es\/wp-json\/wp\/v2\/pages\/209\/revisions"}],"predecessor-version":[{"id":4928,"href":"https:\/\/ihntogether.org\/es\/wp-json\/wp\/v2\/pages\/209\/revisions\/4928"}],"up":[{"embeddable":true,"href":"https:\/\/ihntogether.org\/es\/wp-json\/wp\/v2\/pages\/205"}],"wp:attachment":[{"href":"https:\/\/ihntogether.org\/es\/wp-json\/wp\/v2\/media?parent=209"}],"curies":[{"name":"Gracias","href":"https:\/\/api.w.org\/{rel}","templated":true}]}}