{"id":215,"date":"2023-11-16T14:25:29","date_gmt":"2023-11-16T22:25:29","guid":{"rendered":"https:\/\/samhealth.org\/ihn\/?page_id=215"},"modified":"2025-10-21T11:47:37","modified_gmt":"2025-10-21T18:47:37","slug":"plan","status":"publish","type":"page","link":"https:\/\/ihntogether.org\/es\/community-advisory-council\/plan\/","title":{"rendered":"CHIP"},"content":{"rendered":"<section id=\"block_a5ac1f4120553696f8f2a14e1aec4db6\" class=\"shs-block block-section grid-container has-gray-warm-background-color\" >\n\t\t<div class=\"entry-content\">\n\n<h1 class=\"wp-block-heading\" id=\"h-regional-community-health-improvement-plan-r-chip\">Plan Regional de Mejora de la Salud Comunitaria <\/h1>\n\n<\/div>\n\t<\/section>\n\n\n\n<section id=\"block_c7d948cd1e12e0ede1516813b61d72c0\" class=\"shs-block block-section grid-container has-white-background-color\" >\n\t\t<div class=\"entry-content\">\n\n<h2 class=\"wp-block-heading\" id=\"h-the-2022-plan-is-in-motion\">El Plan 2024 est\u00e1 en marcha<\/h2>\n\n\n\n<p>El Community Advisory Council (CAC) de la Red Intercomunitaria de Salud (IHN-CCO) se encarga de supervisar una evaluaci\u00f3n de salud comunitaria y adoptar un Plan de Mejora de la Salud Comunitaria. La Evaluaci\u00f3n Regional de Salud Comunitaria (R-CHA) fue realizada en colaboraci\u00f3n con la Alianza para la Salud Comunitaria (PCH). La PCH es una colaboraci\u00f3n multiinstitucional de autoridades locales de salud p\u00fablica, sistemas de salud y socios clave comprometidos con la mejora de la salud comunitaria en la regi\u00f3n.<\/p>\n\n\n\n<p><a href=\"https:\/\/www.lblpartnershipforhealth.org\/\" target=\"_blank\" rel=\"noreferrer noopener\">Obtenga m\u00e1s informaci\u00f3n sobre la Alianza para la Salud Comunitaria<\/a>.<\/p>\n\n\n\n<p>El CHIP se actualiz\u00f3 en 2024. Se basa en el <a href=\"https:\/\/ihntogether.org\/wp-content\/uploads\/sites\/4\/2024\/01\/2019-CHIP-Community-Health-Improvement-Plan.pdf\" target=\"_blank\" rel=\"noreferrer noopener\"><strong>2019 CHIP<\/strong><\/a>, el <a href=\"https:\/\/ihntogether.org\/es\/en-tu-comunidad\/evaluacion-sanitaria-regional\/\"><strong>Evaluaci\u00f3n Regional de Salud 2022-2026<\/strong><\/a> y las tres Evaluaciones de Salud Comunitaria de los condados Benton, Lincoln y Linn.<\/p>\n\n<\/div>\n\t<\/section>\n\n\n\n<section id=\"block_c7d948cd1e12e0ede1516813b61d72c0\" class=\"shs-block block-section grid-container has-white-background-color\" >\n\t\t<div class=\"entry-content\">\n\n<h2 class=\"wp-block-heading\">Descripci\u00f3n general de las \u00e1reas de impacto y los resultados en materia de salud<\/h2>\n\n\n\n<p>Obtenga m\u00e1s informaci\u00f3n sobre las prioridades del CHIP 2024 a continuaci\u00f3n:<\/p>\n\n\n\n<div id=\"block_6d139e449633945ce86c655accc1f755\" class=\"shs-block accordion\">\n\t<h3 class=\"accordion-title\">\n\t\t<button\n\t\t\ttype=\"button\"\n\t\t\tid=\"accordion_title_69dbc23ea92b39.54524045\"\n\t\t\tclass=\"accordion-control\" aria-expanded=\"false\"\n\t\t\taria-controls=\"accordion_panel_69dbc23ea92b87.51373262\">Acceso a vivienda asequible <span class=\"iconfont-chevron-right\"><\/span><\/button>\n\t<\/h3>\n\t<section\n\t\tid=\"accordion_panel_69dbc23ea92b87.51373262\"\n\t\tclass=\"accordion-panel\"\n\t\taria-labelledby=\"accordion_title_69dbc23ea92b39.54524045\" style=\"height:0\">\n\t\t<div class=\"entry-content\">\n\n<ul class=\"wp-block-list\">\n<li><strong>Objetivo 1: <\/strong>Ampliar la disponibilidad de refugios f\u00edsicos, unidades de vivienda transitorias y\/o permanentes mediante el desarrollo, la adquisici\u00f3n o la protecci\u00f3n de propiedades en los condados Linn, Benton y Lincoln.<\/li>\n\n\n\n<li><strong>Objetivo 2: <\/strong>Ampliar y financiar de manera sostenible servicios de apoyo para refugios, viviendas de transici\u00f3n y\/o permanentes.<\/li>\n\n\n\n<li><strong>Objetivo 3:<\/strong> Mejorar los datos de todo el espectro de proveedores de vivienda y refugio para ayudar a crear futuras medidas de progreso e informar la planificaci\u00f3n.<\/li>\n<\/ul>\n\n\n\n<p>La visi\u00f3n a largo plazo de estos objetivos es garantizar que todos los residentes de Linn-Benton-Lincoln tengan viviendas seguras y asequibles con un enfoque en las poblaciones prioritarias que han sido marginadas econ\u00f3mica y socialmente.<\/p>\n\n<\/div>\n\t<\/section>\n<\/div>\n\n\n\n<div id=\"block_c0b57091966b665508a09dae6a3b4140\" class=\"shs-block accordion\">\n\t<h3 class=\"accordion-title\">\n\t\t<button\n\t\t\ttype=\"button\"\n\t\t\tid=\"accordion_title_69dbc23ea94bc4.98329486\"\n\t\t\tclass=\"accordion-control\" aria-expanded=\"false\"\n\t\t\taria-controls=\"accordion_panel_69dbc23ea94be8.86218661\">Acceso a atenci\u00f3n de calidad <span class=\"iconfont-chevron-right\"><\/span><\/button>\n\t<\/h3>\n\t<section\n\t\tid=\"accordion_panel_69dbc23ea94be8.86218661\"\n\t\tclass=\"accordion-panel\"\n\t\taria-labelledby=\"accordion_title_69dbc23ea94bc4.98329486\" style=\"height:0\">\n\t\t<div class=\"entry-content\">\n\n<ul class=\"wp-block-list\">\n<li><strong>Objetivo 1:<\/strong> Desarrollar la fuerza laboral de atenci\u00f3n m\u00e9dica regional de maneras innovadoras, de apoyo y sostenibles.<\/li>\n\n\n\n<li><strong>Objetivo 2:<\/strong> Reducir las barreras para la inscripci\u00f3n al Plan de Salud Oregon y el uso de beneficios.<\/li>\n\n\n\n<li><strong>Objetivo 3:<\/strong> Aseg\u00farese de que la atenci\u00f3n sea oportuna, local y empoderadora.<\/li>\n<\/ul>\n\n\n\n<p>La visi\u00f3n a largo plazo de estos objetivos es mejorar la equidad sanitaria y los resultados de salud a nivel poblacional, garantizando que todos los residentes de Linn-Benton-Lincoln puedan acceder a la atenci\u00f3n m\u00e9dica adecuada en el momento y lugar adecuados. Los miembros de la comunidad y los proveedores comunitarios estar\u00e1n capacitados para compartir sus perspectivas con los responsables de la toma de decisiones y abordar las causas fundamentales de las desigualdades en salud.<\/p>\n\n<\/div>\n\t<\/section>\n<\/div>\n\n\n\n<div id=\"block_f6c536674e78d796eed808363c3e5e3a\" class=\"shs-block accordion\">\n\t<h3 class=\"accordion-title\">\n\t\t<button\n\t\t\ttype=\"button\"\n\t\t\tid=\"accordion_title_69dbc23ea968e4.63028603\"\n\t\t\tclass=\"accordion-control\" aria-expanded=\"false\"\n\t\t\taria-controls=\"accordion_panel_69dbc23ea968f7.10646809\">Salud conductual <span class=\"iconfont-chevron-right\"><\/span><\/button>\n\t<\/h3>\n\t<section\n\t\tid=\"accordion_panel_69dbc23ea968f7.10646809\"\n\t\tclass=\"accordion-panel\"\n\t\taria-labelledby=\"accordion_title_69dbc23ea968e4.63028603\" style=\"height:0\">\n\t\t<div class=\"entry-content\">\n\n<ul class=\"wp-block-list\">\n<li><strong>Objetivo 1:<\/strong> Utilizar un enfoque centrado en la persona, culturalmente receptivo e informado sobre el trauma para la promoci\u00f3n y la desestigmatizaci\u00f3n de la salud conductual a trav\u00e9s de la educaci\u00f3n, la comunicaci\u00f3n y la participaci\u00f3n.<\/li>\n\n\n\n<li><strong>Objetivo 2:<\/strong> Aumentar el acceso a servicios y apoyos de salud conductual receptivos y transformadores que sean cultural y ling\u00fc\u00edsticamente apropiados.<\/li>\n\n\n\n<li><strong>Objetivo 3:<\/strong> Desarrollar y mejorar un continuo integral de atenci\u00f3n que integre los sistemas regionales de salud conductual y las organizaciones comunitarias (CBO) utilizando un enfoque centrado en la persona y enfocado en la comunidad.<\/li>\n<\/ul>\n\n\n\n<p>La visi\u00f3n a largo plazo de estos objetivos es garantizar que todos los residentes de Linn-Benton-Lincoln tengan acceso equitativo al apoyo y tratamientos de salud conductual.<\/p>\n\n<\/div>\n\t<\/section>\n<\/div>\n\n\n\n<div id=\"block_c3bf712484f404b562abe3951dd75dad\" class=\"shs-block accordion\">\n\t<h3 class=\"accordion-title\">\n\t\t<button\n\t\t\ttype=\"button\"\n\t\t\tid=\"accordion_title_69dbc23ea98571.56392053\"\n\t\t\tclass=\"accordion-control\" aria-expanded=\"false\"\n\t\t\taria-controls=\"accordion_panel_69dbc23ea98584.93200263\">Inclusi\u00f3n, Diversidad, Equidad y Antirracismo (IDARE) <span class=\"iconfont-chevron-right\"><\/span><\/button>\n\t<\/h3>\n\t<section\n\t\tid=\"accordion_panel_69dbc23ea98584.93200263\"\n\t\tclass=\"accordion-panel\"\n\t\taria-labelledby=\"accordion_title_69dbc23ea98571.56392053\" style=\"height:0\">\n\t\t<div class=\"entry-content\">\n\n<ul class=\"wp-block-list\">\n<li><strong>Objetivo 1:<\/strong> Cambiar los sistemas, eliminar barreras, fomentar la equidad y mejorar el bienestar.<\/li>\n\n\n\n<li><strong>Objetivo 2:<\/strong> Aumentar la inclusi\u00f3n, la diversidad, el antirracismo y la equidad (IDARE) y la educaci\u00f3n sobre justicia de g\u00e9nero y las medidas de rendici\u00f3n de cuentas en el sistema de servicios.<\/li>\n\n\n\n<li><strong>Objetivo 3:<\/strong> Mejorar el proceso de recopilaci\u00f3n, uso, posesi\u00f3n y compartici\u00f3n de datos mediante la creaci\u00f3n de un grupo de trabajo sobre datos.<\/li>\n<\/ul>\n\n\n\n<p>La visi\u00f3n a largo plazo de estos objetivos es transformar los sistemas de salud y de salud p\u00fablica para aumentar la inclusi\u00f3n, el bienestar y la participaci\u00f3n y el compromiso de la comunidad en los procesos de toma de decisiones.<\/p>\n\n<\/div>\n\t<\/section>\n<\/div>\n\n<\/div>\n\t<\/section>\n\n\n\n<section id=\"block_c7d948cd1e12e0ede1516813b61d72c0\" class=\"shs-block block-section grid-container has-white-background-color\" >\n\t\t<div class=\"entry-content\">\n\n<h2 class=\"wp-block-heading\">Documentaci\u00f3n<\/h2>\n\n\n\n<ul class=\"wp-block-list\">\n<li><a href=\"https:\/\/ihntogether.org\/wp-content\/uploads\/sites\/4\/2024-2028-CHIP-Community-Health-Improvement-Plan.pdf\" target=\"_blank\" rel=\"noreferrer noopener\">Plan de Mejora de la Salud Comunitaria 2024-2028<\/a><\/li>\n<\/ul>\n\n\n\n<ul class=\"wp-block-list\">\n<li><a href=\"https:\/\/ihntogether.org\/wp-content\/uploads\/sites\/4\/2024\/01\/2019-CHIP-Community-Health-Improvement-Plan.pdf\" target=\"_blank\" rel=\"noreferrer noopener\">Plan de mejora de la salud comunitaria 2019<\/a><\/li>\n<\/ul>\n\n\n\n<ul class=\"wp-block-list\">\n<li><a href=\"https:\/\/ihntogether.org\/wp-content\/uploads\/sites\/4\/2022-2026-IHN-CCO-Community-Regional-Health-Assessment.pdf\" target=\"_blank\" rel=\"noreferrer noopener\">Evaluaci\u00f3n Regional de Salud 2022-2026<\/a>  \u2013 <a href=\"https:\/\/ihntogether.org\/es\/en-tu-comunidad\/evaluacion-sanitaria-regional\/\" target=\"_blank\" rel=\"noreferrer noopener\">Leer m\u00e1s<\/a> sobre la Evaluaci\u00f3n Regional de Salud.<\/li>\n<\/ul>\n\n\n\n<p>&nbsp;<\/p>\n\n<\/div>\n\t<\/section>","protected":false},"excerpt":{"rendered":"<p>El Plan de Mejora de la Salud Comunitaria sirve como punto de partida para planificar la mejora de la salud y la calidad de la atenci\u00f3n de los miembros de IHN-CCO mientras se gestionan los costos de manera eficaz.<\/p>","protected":false},"author":18,"featured_media":0,"parent":23,"menu_order":3,"comment_status":"closed","ping_status":"closed","template":"","meta":{"_acf_changed":false,"_searchwp_excluded":"","_shs_workflow_notes":"","_shs_exclude_from_navigation":true,"_shs_promote_article_on_blogs":"","footnotes":""},"class_list":["post-215","page","type-page","status-publish","hentry"],"acf":[],"_links":{"self":[{"href":"https:\/\/ihntogether.org\/es\/wp-json\/wp\/v2\/pages\/215","targetHints":{"allow":["GET"]}}],"collection":[{"href":"https:\/\/ihntogether.org\/es\/wp-json\/wp\/v2\/pages"}],"about":[{"href":"https:\/\/ihntogether.org\/es\/wp-json\/wp\/v2\/types\/page"}],"author":[{"embeddable":true,"href":"https:\/\/ihntogether.org\/es\/wp-json\/wp\/v2\/users\/18"}],"replies":[{"embeddable":true,"href":"https:\/\/ihntogether.org\/es\/wp-json\/wp\/v2\/comments?post=215"}],"version-history":[{"count":0,"href":"https:\/\/ihntogether.org\/es\/wp-json\/wp\/v2\/pages\/215\/revisions"}],"up":[{"embeddable":true,"href":"https:\/\/ihntogether.org\/es\/wp-json\/wp\/v2\/pages\/23"}],"wp:attachment":[{"href":"https:\/\/ihntogether.org\/es\/wp-json\/wp\/v2\/media?parent=215"}],"curies":[{"name":"Gracias","href":"https:\/\/api.w.org\/{rel}","templated":true}]}}