{"id":217,"date":"2023-11-16T14:26:20","date_gmt":"2023-11-16T22:26:20","guid":{"rendered":"https:\/\/samhealth.org\/ihn\/?page_id=217"},"modified":"2026-03-26T14:59:03","modified_gmt":"2026-03-26T21:59:03","slug":"complicarse","status":"publish","type":"page","link":"https:\/\/ihntogether.org\/es\/community-advisory-council\/get-involved\/","title":{"rendered":"Complicarse"},"content":{"rendered":"<section id=\"block_101fd6f3d65b0beae31e1b030d6cb6f7\" class=\"shs-block block-section grid-container has-gray-warm-background-color\" >\n\t\t<div class=\"entry-content\">\n\n<h1 class=\"wp-block-heading\" id=\"h-get-involved\">Complicarse<\/h1>\n\n<\/div>\n\t<\/section>\n\n\n\n<section id=\"block_5254b1c891efb85afeb03195ffbc06cb\" class=\"shs-block block-section grid-container has-white-background-color\" >\n\t\t<div class=\"entry-content\">\n\n<h2 class=\"wp-block-heading\">Trabajar para encontrar respuestas a los problemas que impiden una buena salud<\/h2>\n\n\n\n<p>La Red de Salud Intercomunitaria CCO (IHN-CCO) est\u00e1 trabajando para encontrar respuestas a los problemas que pueden estar obstaculizando la buena salud. Puede ayudarnos participando en nuestro Consejo Asesor Comunitario. Estamos reclutando representantes durante todo el a\u00f1o para cubrir las vacantes que puedan surgir en nuestro consejo regional y para brindar la ayuda necesaria en los comit\u00e9s asesores locales.<\/p>\n\n\n\n<p>Como representante de nuestro Consejo, usted analizar\u00e1 las necesidades de salud de esta regi\u00f3n y nos ayudar\u00e1 a planificar qu\u00e9 hacer. La membres\u00eda del Consejo est\u00e1 limitada a las personas que viven en los condados de Benton, Lincoln y Linn. Se alienta especialmente a los miembros de IHN-CCO a que presenten su solicitud.<\/p>\n\n\n\n<h2 class=\"wp-block-heading\">\u00danase a un comit\u00e9 local<\/h2>\n\n\n\n<p>Si est\u00e1 interesado en ayudarnos a mejorar el acceso a una atenci\u00f3n m\u00e9dica de calidad, nuestros comit\u00e9s asesores locales brindan aportes al consejo regional sobre las necesidades de salud en la comunidad local.<\/p>\n\n\n\n<p>Obtenga m\u00e1s informaci\u00f3n sobre el condado. <a href=\"https:\/\/ihntogether.org\/es\/consejo-asesor-comunitario\/descripcion-general\/comites-asesores-locales\/\">comit\u00e9s asesores comunitarios<\/a> cerca de ti.<\/p>\n\n\n\n<p>\u00bfTienes alguna idea o sugerencia? \u00a1Escr\u00edbenos!<\/p>\n\n\n\n<div class=\"wp-block-buttons is-layout-flex wp-block-buttons-is-layout-flex\">\n<div class=\"wp-block-button\"><a class=\"wp-block-button__link wp-element-button\" href=\"https:\/\/ihntogether.org\/es\/consejo-asesor-comunitario\/contactenos\/\" target=\"_blank\" rel=\"noreferrer noopener\">Comun\u00edquese con el Consejo Asesor Comunitario<\/a><\/div>\n<\/div>\n\n<\/div>\n\t<\/section>\n\n\n\n<section id=\"block_c0727b533bc795ea6deac6fccd969f26\" class=\"shs-block block-section grid-container has-gray-warm-background-color has-full-bleed-image\" >\n\t\t\t<figure class=\"image\"\n\t\t\tstyle=\"background-image: url(https:\/\/ihntogether.org\/wp-content\/uploads\/sites\/4\/2023\/12\/smiling-child-next-to-mom-RECT.jpg)\" \t\t\t>\n\t\t\t<img loading=\"lazy\" decoding=\"async\" width=\"800\" height=\"444\" src=\"https:\/\/ihntogether.org\/wp-content\/uploads\/sites\/4\/2023\/12\/smiling-child-next-to-mom-RECT.jpg\" class=\"attachment-full size-full\" alt=\"\" srcset=\"https:\/\/ihntogether.org\/wp-content\/uploads\/sites\/4\/2023\/12\/smiling-child-next-to-mom-RECT.jpg 800w, https:\/\/ihntogether.org\/wp-content\/uploads\/sites\/4\/2023\/12\/smiling-child-next-to-mom-RECT-300x167.jpg 300w, https:\/\/ihntogether.org\/wp-content\/uploads\/sites\/4\/2023\/12\/smiling-child-next-to-mom-RECT-768x426.jpg 768w, https:\/\/ihntogether.org\/wp-content\/uploads\/sites\/4\/2023\/12\/smiling-child-next-to-mom-RECT-180x100.jpg 180w\" sizes=\"auto, (max-width: 800px) 100vw, 800px\" \/>\t\t<\/figure>\n\t\t<div class=\"entry-content\">\n\n<h2 class=\"wp-block-heading\">Convi\u00e9rtete en un representante del consejo<\/h2>\n\n\n\n<p>Creemos que nuestros esfuerzos, junto con los suyos, marcar\u00e1n una diferencia duradera en la salud y la atenci\u00f3n m\u00e9dica de nuestras comunidades. Considere unirse a nosotros en nuestra b\u00fasqueda de nuevas y mejores formas de prevenir y controlar los problemas de salud. Se anima a los miembros de IHN-CCO (o a los padres o tutores de un miembro) a unirse al Consejo.<\/p>\n\n\n\n<p>Para ser considerado, complete una solicitud:<\/p>\n\n\n\n<p><a href=\"https:\/\/ihntogether.org\/es\/aplicacion-cac\/?type=pdf\" target=\"_blank\" rel=\"noreferrer noopener\">Solicitud CAC \u2013 English<\/a><\/p>\n\n\n\n<p><a href=\"https:\/\/ihntogether.org\/wp-content\/uploads\/sites\/4\/2024\/01\/CAC-Application-Spanish.pdf\" target=\"_blank\" rel=\"noreferrer noopener\">Solicitud CAC \u2013 Espa\u00f1ol<\/a><\/p>\n\n<\/div>\n\t<\/section>\n\n\n\n<section id=\"block_5254b1c891efb85afeb03195ffbc06cb\" class=\"shs-block block-section grid-container has-white-background-color\" >\n\t\t<div class=\"entry-content\">\n\n<h2 class=\"wp-block-heading\" id=\"h-join-the-ihn-cco-community-advisory-council\">\u00danase al Consejo Asesor Comunitario de IHN-CCO<\/h2>\n\n\n<section id=\"block_f6e90f7f5c7d54e026ee60f1f53f8870\" class=\"shs-block two-columns\">\n<div class=\"entry-content two-column-grid\">\n<div class=\"entry-content shs-block column\">\n\n<figure class=\"wp-block-embed is-type-video is-provider-youtube wp-block-embed-youtube wp-embed-aspect-16-9 wp-has-aspect-ratio\"><div class=\"wp-block-embed__wrapper\">\n<iframe loading=\"lazy\" title=\"\u00danase al Consejo Asesor Comunitario de IHN-CCO\" width=\"500\" height=\"281\" src=\"https:\/\/www.youtube.com\/embed\/WRi4DzXdJzk?start=3&#038;feature=oembed&#038;rel=0\" frameborder=\"0\" allow=\"accelerometer; autoplay; clipboard-write; encrypted-media; gyroscope; picture-in-picture; web-share\" referrerpolicy=\"strict-origin-when-cross-origin\" allowfullscreen><\/iframe>\n<\/div><\/figure>\n\n<\/div>\n\n\n<div class=\"entry-content shs-block column\">\n\n<p>El Consejo Asesor Comunitario desea contar con la opini\u00f3n directa de los miembros del Plan de Salud Oregon y de otros miembros de la comunidad para ayudar a dar forma al futuro de la atenci\u00f3n m\u00e9dica en nuestra comunidad.<\/p>\n\n<\/div>\n\n<\/div>\n<\/section>\n\n<\/div>\n\t<\/section>","protected":false},"excerpt":{"rendered":"<p>Participe en el Consejo Asesor Comunitario y ayude a encontrar respuestas que impiden la buena salud.<\/p>","protected":false},"author":11,"featured_media":0,"parent":23,"menu_order":4,"comment_status":"closed","ping_status":"closed","template":"","meta":{"_acf_changed":false,"_searchwp_excluded":"","_shs_workflow_notes":"","_shs_exclude_from_navigation":true,"_shs_promote_article_on_blogs":"","footnotes":""},"class_list":["post-217","page","type-page","status-publish","hentry"],"acf":[],"_links":{"self":[{"href":"https:\/\/ihntogether.org\/es\/wp-json\/wp\/v2\/pages\/217","targetHints":{"allow":["GET"]}}],"collection":[{"href":"https:\/\/ihntogether.org\/es\/wp-json\/wp\/v2\/pages"}],"about":[{"href":"https:\/\/ihntogether.org\/es\/wp-json\/wp\/v2\/types\/page"}],"author":[{"embeddable":true,"href":"https:\/\/ihntogether.org\/es\/wp-json\/wp\/v2\/users\/11"}],"replies":[{"embeddable":true,"href":"https:\/\/ihntogether.org\/es\/wp-json\/wp\/v2\/comments?post=217"}],"version-history":[{"count":3,"href":"https:\/\/ihntogether.org\/es\/wp-json\/wp\/v2\/pages\/217\/revisions"}],"predecessor-version":[{"id":4931,"href":"https:\/\/ihntogether.org\/es\/wp-json\/wp\/v2\/pages\/217\/revisions\/4931"}],"up":[{"embeddable":true,"href":"https:\/\/ihntogether.org\/es\/wp-json\/wp\/v2\/pages\/23"}],"wp:attachment":[{"href":"https:\/\/ihntogether.org\/es\/wp-json\/wp\/v2\/media?parent=217"}],"curies":[{"name":"Gracias","href":"https:\/\/api.w.org\/{rel}","templated":true}]}}