{"id":219,"date":"2023-11-16T14:26:53","date_gmt":"2023-11-16T22:26:53","guid":{"rendered":"https:\/\/samhealth.org\/ihn\/?page_id=219"},"modified":"2026-03-10T13:59:28","modified_gmt":"2026-03-10T20:59:28","slug":"contactenos","status":"publish","type":"page","link":"https:\/\/ihntogether.org\/es\/community-advisory-council\/contact-us\/","title":{"rendered":"Cont\u00e1ctenos \u2013 CAC"},"content":{"rendered":"\n<section id=\"block_63a7ca3e20041f69660eee6f84580b44\" class=\"shs-block block-section grid-container has-gray-warm-background-color\" >\n\t\t<div class=\"entry-content\">\n\n<h1 class=\"wp-block-heading\" id=\"h-contact-the-community-advisory-council\">Contact the Community Advisory Council<\/h1>\n\n<\/div>\n\t<\/section>\n\n\n\n<div id=\"block_76c1844c62fbaeff5542fc4c1c124b39\" class=\"shs-block block-form-columns\">\n\t<div class=\"container form-grid\">\n\t\t\t\t<div class=\"form-grid--form-display has-white-background-color\">\n\t\t\t<div id='wufoo-p16ovqis0zi78p9'>\nFill out my <a href=\"https:\/\/ihntogether.wufoo.com\/forms\/p16ovqis0zi78p9\" target=\"_blank\" rel=\"noopener\">online form<\/a>.\n<\/div>\n<script type='text\/javascript'>var p16ovqis0zi78p9;(function(d, t) {\nvar s = d.createElement(t), options = {\n'userName'      : 'ihntogether',    \n'formHash'      : 'p16ovqis0zi78p9',    \n'autoResize'    :  true,   \n'height'        : '500',      \n'async'         :  true,          \n'header'        : 'show',      \n'host'          : 'wufoo.com',    \n'entSource'     : 'wordpress',   \n'defaultValues' : ''     \n,'ssl'          :  1           };\ns.src = ('https:' == d.location.protocol ? 'https:\/\/' : 'http:\/\/') + 'secure.wufoo.com\/scripts\/embed\/form.js';\ns.onload = s.onreadystatechange = function() {\nvar rs = this.readyState; if (rs) if (rs != 'complete') if (rs != 'loaded') return;\ntry { p16ovqis0zi78p9 = new WufooForm();p16ovqis0zi78p9.initialize(options);p16ovqis0zi78p9.display(); } catch (e) {}}\nvar scr = d.getElementsByTagName(t)[0], par = scr.parentNode; par.insertBefore(s, scr);\n})(document, 'script');<\/script> <noscript> <iframe height=\"500\" allowTransparency=\"true\" sandbox=\"allow-top-navigation allow-scripts allow-popups allow-forms allow-same-origin allow-popups-to-escape-sandbox\" frameborder=\"0\" scrolling=\"no\" style=\"width:100%;border:none;\"src=\"https:\/\/ihntogether.wufoo.com\/embed\/p16ovqis0zi78p9?entsource=wordpress\"><a href=\"https:\/\/ihntogether.wufoo.com\/forms\/p16ovqis0zi78p9?entsource=wordpress\" rel=\"nofollow noopener\" target=\"_blank\">Fill out my Wufoo form!<\/a><\/iframe> <\/noscript>\t\t<\/div>\n\t\t\t\t<div class=\"entry-content\">\n\n<p>Have an idea or suggestion? Interested in attending a meeting in your area? Drop us a line!<\/p>\n\n<\/div>\n\t\t\t<\/div>\n<\/div>\n","protected":false},"excerpt":{"rendered":"<p>Comun\u00edquese con el Consejo Asesor Comunitario. Env\u00ede su solicitud y un representante del CAC le responder\u00e1.<\/p>","protected":false},"author":10,"featured_media":0,"parent":23,"menu_order":5,"comment_status":"closed","ping_status":"closed","template":"","meta":{"_acf_changed":false,"_searchwp_excluded":"","_shs_workflow_notes":"","_shs_exclude_from_navigation":true,"_shs_promote_article_on_blogs":"","footnotes":""},"class_list":["post-219","page","type-page","status-publish","hentry"],"acf":[],"_links":{"self":[{"href":"https:\/\/ihntogether.org\/es\/wp-json\/wp\/v2\/pages\/219","targetHints":{"allow":["GET"]}}],"collection":[{"href":"https:\/\/ihntogether.org\/es\/wp-json\/wp\/v2\/pages"}],"about":[{"href":"https:\/\/ihntogether.org\/es\/wp-json\/wp\/v2\/types\/page"}],"author":[{"embeddable":true,"href":"https:\/\/ihntogether.org\/es\/wp-json\/wp\/v2\/users\/10"}],"replies":[{"embeddable":true,"href":"https:\/\/ihntogether.org\/es\/wp-json\/wp\/v2\/comments?post=219"}],"version-history":[{"count":1,"href":"https:\/\/ihntogether.org\/es\/wp-json\/wp\/v2\/pages\/219\/revisions"}],"predecessor-version":[{"id":4901,"href":"https:\/\/ihntogether.org\/es\/wp-json\/wp\/v2\/pages\/219\/revisions\/4901"}],"up":[{"embeddable":true,"href":"https:\/\/ihntogether.org\/es\/wp-json\/wp\/v2\/pages\/23"}],"wp:attachment":[{"href":"https:\/\/ihntogether.org\/es\/wp-json\/wp\/v2\/media?parent=219"}],"curies":[{"name":"Gracias","href":"https:\/\/api.w.org\/{rel}","templated":true}]}}