{"id":23,"date":"2023-04-28T19:17:35","date_gmt":"2023-04-29T02:17:35","guid":{"rendered":"https:\/\/samhealth.org\/ihn\/?page_id=23"},"modified":"2026-04-13T12:43:01","modified_gmt":"2026-04-13T19:43:01","slug":"consejo-asesor-comunitario","status":"publish","type":"page","link":"https:\/\/ihntogether.org\/es\/community-advisory-council\/","title":{"rendered":"Community Advisory Council"},"content":{"rendered":"<section id=\"block_730db77f9b6fca983427a699a195e7e0\" class=\"shs-block block-section grid-container has-gray-warm-background-color\" >\n\t\t<div class=\"entry-content\">\n\n<h1 class=\"wp-block-heading\" id=\"h-community-advisory-council\">Community Advisory Council<\/h1>\n\n<\/div>\n\t<\/section>\n\n\n<nav id=\"block_a84379e2caf847bb2fca31e6e3f40b60\" class=\"shs-block in-content-nav-links grid-container has-blue-midnight-background-color\">\n\t<button class=\"in-content-nav-title has-blue-midnight-background-color js-in-page-nav-toggle\">Contenido relacionado\t<svg id=\"icon_menu\" class=\"\" viewbox=\"0 0 22 22\">\n\t\t<defs><style>#icon_menu_hit_box{fill:transparent;}#bot{transform-origin: 10% 70%;}#top{transform-origin: 15% 30%;}.im1{fill:#7999B9;}<\/style><\/defs>\n\t\t<title>Men\u00fa de contenido relacionado<\/title>\n\t\t<rect id=\"top\" class=\"im1 will-ease\" y=\"2.5\" width=\"22\" height=\"3\"\/>\n\t\t<rect id=\"mid\" class=\"im1 hide-when-open\" y=\"9.5\" width=\"22\" height=\"3\"\/>\n\t\t<rect id=\"bot\" class=\"im1 will-ease\" y=\"16.5\" width=\"22\" height=\"3\"\/>\n\t\t<rect id=\"icon_menu_hit_box\" width=\"22\" height=\"22\" \/>\n\t<\/svg>\n<\/button>\n\t\t<ul>\n\t\t\t\t<li>\n\t\t\t<a href=\"https:\/\/ihntogether.org\/es\/consejo-asesor-comunitario\/descripcion-general\/\" target=\"_self\">Conozca m\u00e1s sobre el CAC<\/a>\n\t\t<\/li>\n\t\t\t\t\t\t<li>\n\t\t\t<a href=\"https:\/\/ihntogether.org\/es\/consejo-asesor-comunitario\/reuniones\/\" target=\"_self\">Reuniones<\/a>\n\t\t<\/li>\n\t\t\t\t\t\t<li>\n\t\t\t<a href=\"#Plan\" target=\"_self\">Plan<\/a>\n\t\t<\/li>\n\t\t\t\t\t\t<li>\n\t\t\t<a href=\"https:\/\/ihntogether.org\/es\/consejo-asesor-comunitario\/complicarse\/\" target=\"_self\">Complicarse<\/a>\n\t\t<\/li>\n\t\t\t\t\t\t\t<\/ul>\n<\/nav>\n\n\n\n<section id=\"block_92986c44aef49c092130c857c85c2fb8\" class=\"shs-block block-section grid-container has-breeze-background-color\" >\n\t\t<div class=\"entry-content\">\n\n<h2 class=\"wp-block-heading\">Bienvenido<\/h2>\n\n\n\n<p>Desde 2012, el Consejo Asesor Comunitario (CAC) ha trabajado para garantizar que las necesidades de atenci\u00f3n m\u00e9dica integrada de los miembros de la Red de Salud Intercomunitaria (IHN-CCO) y sus comunidades en los condados de Benton, Lincoln y Linn se aborden de manera eficaz y eficiente. El Consejo tiene como objetivo apoyar la participaci\u00f3n significativa de la comunidad y los miembros y brindar aportes a las operaciones y la misi\u00f3n de la IHN-CCO.<\/p>\n\n<\/div>\n\t<\/section>\n\n\n\n<section id=\"block_75d27a291b060ef795cb9c7cfa109ef9\" class=\"shs-block block-section grid-container has-white-background-color\" >\n\t\t<div class=\"entry-content\">\n<section id=\"block_746c0881ded32bbb4dc4c3179a9fce23\" class=\"shs-block two-columns\">\n<div class=\"entry-content two-column-grid\">\n<div class=\"entry-content shs-block column\">\n\n<h2 class=\"wp-block-heading\">Descubra c\u00f3mo puede generar un impacto en su comunidad<\/h2>\n\n\n\n<figure class=\"wp-block-embed is-type-video is-provider-youtube wp-block-embed-youtube wp-embed-aspect-16-9 wp-has-aspect-ratio\"><div class=\"wp-block-embed__wrapper\">\n<iframe loading=\"lazy\" title=\"\u00danase al Consejo Asesor Comunitario de IHN-CCO\" width=\"500\" height=\"281\" src=\"https:\/\/www.youtube.com\/embed\/WRi4DzXdJzk?feature=oembed&#038;rel=0\" frameborder=\"0\" allow=\"accelerometer; autoplay; clipboard-write; encrypted-media; gyroscope; picture-in-picture; web-share\" referrerpolicy=\"strict-origin-when-cross-origin\" allowfullscreen><\/iframe>\n<\/div><\/figure>\n\n\n\n<p>Obtenga m\u00e1s informaci\u00f3n sobre el trabajo de los Consejos Asesores Comunitarios en Oreg\u00f3n.<\/p>\n\n\n\n<div class=\"wp-block-buttons is-layout-flex wp-block-buttons-is-layout-flex\">\n<div class=\"wp-block-button\"><a class=\"wp-block-button__link wp-element-button\" href=\"https:\/\/www.youtube.com\/watch?v=WRi4DzXdJzk\" target=\"_blank\" rel=\"noopener\">Ver video<\/a><\/div>\n<\/div>\n\n<\/div>\n\n\n<div class=\"entry-content shs-block column\">\n\n<h2 class=\"wp-block-heading\">\u00a1\u00danete a nosotros!<\/h2>\n\n\n\n<p>El Consejo Asesor Comunitario (CAC) de la IHN-CCO est\u00e1 formado por miembros de la comunidad local y representantes del gobierno del condado, con una representaci\u00f3n mayoritaria de miembros de la IHN-CCO. Escuche a algunos de nuestros representantes en este breve video y luego obtenga m\u00e1s informaci\u00f3n sobre c\u00f3mo participar en el Consejo.<\/p>\n\n\n\n<div class=\"wp-block-buttons is-layout-flex wp-block-buttons-is-layout-flex\">\n<div class=\"wp-block-button\"><a class=\"wp-block-button__link wp-element-button\" href=\"https:\/\/ihntogether.org\/es\/consejo-asesor-comunitario\/complicarse\/\">Descubra c\u00f3mo participar<\/a><\/div>\n<\/div>\n\n<\/div>\n\n<\/div>\n<\/section>\n\n<\/div>\n\t<\/section>\n\n\n\n<section id=\"Plan\" class=\"shs-block block-section grid-container has-gray-warm-background-color has-full-bleed-image\" >\n\t\t\t<figure class=\"image\"\n\t\t\tstyle=\"background-image: url(https:\/\/ihntogether.org\/wp-content\/uploads\/sites\/4\/2023\/12\/child-walking-down-path-RECT.jpg)\" \t\t\t>\n\t\t\t<img loading=\"lazy\" decoding=\"async\" width=\"800\" height=\"642\" src=\"https:\/\/ihntogether.org\/wp-content\/uploads\/sites\/4\/2023\/12\/child-walking-down-path-RECT.jpg\" class=\"attachment-full size-full\" alt=\"\" srcset=\"https:\/\/ihntogether.org\/wp-content\/uploads\/sites\/4\/2023\/12\/child-walking-down-path-RECT.jpg 800w, https:\/\/ihntogether.org\/wp-content\/uploads\/sites\/4\/2023\/12\/child-walking-down-path-RECT-300x241.jpg 300w, https:\/\/ihntogether.org\/wp-content\/uploads\/sites\/4\/2023\/12\/child-walking-down-path-RECT-768x616.jpg 768w, https:\/\/ihntogether.org\/wp-content\/uploads\/sites\/4\/2023\/12\/child-walking-down-path-RECT-125x100.jpg 125w\" sizes=\"auto, (max-width: 800px) 100vw, 800px\" \/>\t\t<\/figure>\n\t\t<div class=\"entry-content\">\n\n<h2 class=\"wp-block-heading\">Lea nuestro plan para mejorar la salud<\/h2>\n\n\n\n<p>En 2014, el Consejo Asesor cre\u00f3 un Plan de Mejora de la Salud Comunitaria (CHIP, por sus siglas en ingl\u00e9s) destinado a mejorar la salud y la calidad de la atenci\u00f3n de los miembros de IHN-CCO y, al mismo tiempo, controlar los costos. A medida que el Consejo trabaja para lograr sus objetivos, publica informes de progreso e investigaciones para mantener a sus comunidades informadas sobre sus esfuerzos.<\/p>\n\n\n\n<div class=\"wp-block-buttons is-layout-flex wp-block-buttons-is-layout-flex\">\n<div class=\"wp-block-button\"><a class=\"wp-block-button__link wp-element-button\" href=\"https:\/\/ihntogether.org\/es\/consejo-asesor-comunitario\/plan\/\">Conozca m\u00e1s sobre nuestro plan<\/a><\/div>\n<\/div>\n\n<\/div>\n\t<\/section>\n\n\n\n<section id=\"block_75d27a291b060ef795cb9c7cfa109ef9\" class=\"shs-block block-section grid-container has-white-background-color\" >\n\t\t<div class=\"entry-content\">\n\n<h2 class=\"wp-block-heading\" id=\"h-meeting-calendar-for-2025\">Calendario de reuniones para 2026<\/h2>\n\n\n\n<p><strong>Lunes 12 de enero<\/strong><br>Hora: 1 a 4 p m.<br>Ubicaci\u00f3n: Opciones de video y tel\u00e9fono<\/p>\n\n\n\n<p><strong>Lunes 9 de marzo<\/strong><br>Hora: 1 a 4 p m.<br>Ubicaci\u00f3n: Opciones de video y tel\u00e9fono<\/p>\n\n\n\n<p><strong>Lunes 11 de mayo<\/strong><br>Hora: 1 a 4 p m.<br>Ubicaci\u00f3n: Opciones de video y tel\u00e9fono<\/p>\n\n\n\n<p><strong>Lunes 13 de julio<\/strong><br>Hora: 1 a 4 p m.<br>Ubicaci\u00f3n: Opciones de video y tel\u00e9fono<\/p>\n\n\n\n<p><strong>Lunes 14 de septiembre<\/strong><br>Hora: 1 a 4 p m.<br>Ubicaci\u00f3n: Opciones de video y tel\u00e9fono<\/p>\n\n\n\n<p><strong>Lunes 9 de noviembre<\/strong><br>Hora: 1 a 4 p m.<br>Ubicaci\u00f3n: Opciones de video y tel\u00e9fono<\/p>\n\n\n\n<div class=\"wp-block-buttons is-layout-flex wp-block-buttons-is-layout-flex\">\n<div class=\"wp-block-button\"><a class=\"wp-block-button__link wp-element-button\" href=\"https:\/\/ihntogether.org\/es\/consejo-asesor-comunitario\/reuniones\/actas-de-la-reunion-del-cac\/\">Ver actas de reuniones anteriores<\/a><\/div>\n<\/div>\n\n<\/div>\n\t<\/section>\n\n\n\n<section id=\"block_15753982dfc1148ef07b5312750339d0\" class=\"shs-block block-slim-section grid-container has-gray-warm-background-color\">\n\n\t<div class=\"entry-content\">\n\n<h2 class=\"wp-block-heading\">Ponte en contacto<\/h2>\n\n\n\n<p>\u00bfTiene alguna pregunta, sugerencia o inter\u00e9s en asistir a una reuni\u00f3n local del Consejo Asesor Comunitario? <br>Escr\u00edbenos.<\/p>\n\n\n\n<div class=\"wp-block-buttons is-layout-flex wp-block-buttons-is-layout-flex\">\n<div class=\"wp-block-button\"><a class=\"wp-block-button__link wp-element-button\" href=\"https:\/\/ihntogether.org\/es\/consejo-asesor-comunitario\/contactenos\/\" target=\"_blank\" rel=\"noreferrer noopener\">Env\u00edenos un correo electr\u00f3nico<\/a><\/div>\n<\/div>\n\n<\/div>\n\n\t<\/section>","protected":false},"excerpt":{"rendered":"<p>El Consejo Asesor Comunitario trabaja para garantizar que se aborden las necesidades de atenci\u00f3n m\u00e9dica de los miembros de IHN-CCO en los condados de Benton, Lincoln y Linn y sus comunidades.<\/p>","protected":false},"author":34,"featured_media":0,"parent":0,"menu_order":0,"comment_status":"closed","ping_status":"closed","template":"","meta":{"_acf_changed":true,"_searchwp_excluded":"","_shs_workflow_notes":"","_shs_exclude_from_navigation":false,"_shs_promote_article_on_blogs":"","footnotes":""},"class_list":["post-23","page","type-page","status-publish","hentry"],"acf":[],"_links":{"self":[{"href":"https:\/\/ihntogether.org\/es\/wp-json\/wp\/v2\/pages\/23","targetHints":{"allow":["GET"]}}],"collection":[{"href":"https:\/\/ihntogether.org\/es\/wp-json\/wp\/v2\/pages"}],"about":[{"href":"https:\/\/ihntogether.org\/es\/wp-json\/wp\/v2\/types\/page"}],"author":[{"embeddable":true,"href":"https:\/\/ihntogether.org\/es\/wp-json\/wp\/v2\/users\/34"}],"replies":[{"embeddable":true,"href":"https:\/\/ihntogether.org\/es\/wp-json\/wp\/v2\/comments?post=23"}],"version-history":[{"count":3,"href":"https:\/\/ihntogether.org\/es\/wp-json\/wp\/v2\/pages\/23\/revisions"}],"predecessor-version":[{"id":5053,"href":"https:\/\/ihntogether.org\/es\/wp-json\/wp\/v2\/pages\/23\/revisions\/5053"}],"wp:attachment":[{"href":"https:\/\/ihntogether.org\/es\/wp-json\/wp\/v2\/media?parent=23"}],"curies":[{"name":"Gracias","href":"https:\/\/api.w.org\/{rel}","templated":true}]}}