{"id":24,"date":"2023-04-28T19:17:44","date_gmt":"2023-04-29T02:17:44","guid":{"rendered":"https:\/\/samhealth.org\/ihn\/?page_id=24"},"modified":"2026-01-28T07:37:59","modified_gmt":"2026-01-28T15:37:59","slug":"contactenos","status":"publish","type":"page","link":"https:\/\/ihntogether.org\/es\/contact-us\/","title":{"rendered":"Cont\u00e1ctenos"},"content":{"rendered":"<section id=\"block_75bbb8088715291a16ca9aab34eb29f9\" class=\"shs-block block-section grid-container has-gray-warm-background-color\" >\n\t\t<div class=\"entry-content\">\n\n<h1 class=\"wp-block-heading\" id=\"h-contact-us\">Cont\u00e1ctenos<\/h1>\n\n<\/div>\n\t<\/section>\n\n\n\n<section id=\"block_4afcb6c1a2c21363b307bed529bb302d\" class=\"shs-block block-section grid-container has-white-background-color\" >\n\t\t<div class=\"entry-content\">\n\n<p>Si tiene preguntas espec\u00edficas sobre su cobertura m\u00e9dica u otra necesidad, llame a Servicio al Cliente. Tambi\u00e9n puede enviar un mensaje privado y seguro a trav\u00e9s de su\u00a0<a href=\"https:\/\/shp-ihn.healthtrioconnect.com\/\" target=\"_blank\" rel=\"noreferrer noopener\"><strong>Portal para miembros de MyHealthPlan<\/strong><\/a>. Este portal le permite proporcionar de forma segura informaci\u00f3n personal de salud. Si necesita asistencia t\u00e9cnica con el portal para miembros, p\u00f3ngase en contacto con nosotros. <a href=\"tel:877-814-9909\">877-814-9909<\/a>.<\/p>\n\n<\/div>\n\t<\/section>\n\n\n\n<section id=\"block_c16284c29f48b70fb8f4c4033d4fc4d4\" class=\"shs-block block-section grid-container has-breeze-background-color\" >\n\t\t<div class=\"entry-content\">\n<section id=\"block_1f331563f69247a9a9effc58efe89cde\" class=\"shs-block two-columns\">\n<div class=\"entry-content two-column-grid\">\n<div class=\"entry-content shs-block column\">\n\n<h2 class=\"wp-block-heading has-text-align-center\" id=\"h-call-us\">Llamar<strong> <\/strong>A nosotros<\/h2>\n\n\n\n<p>El servicio de atenci\u00f3n al cliente est\u00e1 disponible de lunes a viernes,<br>8 a.m. to 8 p.m.<\/p>\n\n\n\n<p><strong>Tel\u00e9fono:<\/strong> &nbsp;<a href=\"tel:541-768-7863\">541-768-7863<\/a><br><strong>Llamada gratuita:&nbsp;<\/strong> <a href=\"tel:866-203-3435\">866-203-3435<\/a><br><strong>Tel\u00e9fono de texto:<\/strong>&nbsp;<a href=\"tel:800-735-2900\">&nbsp;800-735-2900<\/a> o <a href=\"tel:711\">711<\/a><\/p>\n\n<\/div>\n\n\n<div class=\"entry-content shs-block column\">\n\n<h2 class=\"wp-block-heading has-text-align-center\" id=\"h-email-us\">Env\u00edenos un correo electr\u00f3nico<\/h2>\n\n\n\n<p>Tambi\u00e9n puedes contactarnos a trav\u00e9s del correo electr\u00f3nico. <\/p>\n\n\n\n<p>Un representante responder\u00e1 a su correo electr\u00f3nico dentro de un d\u00eda h\u00e1bil.<\/p>\n\n\n\n<div class=\"wp-block-buttons is-layout-flex wp-block-buttons-is-layout-flex\">\n<div class=\"wp-block-button\"><a class=\"wp-block-button__link wp-element-button\" href=\"mailto:ihn-cco@samhealth.org\" target=\"_blank\" rel=\"noreferrer noopener\">Enviar un correo electr\u00f3nico<\/a><\/div>\n<\/div>\n\n<\/div>\n\n<\/div>\n<\/section>\n\n\n\n<h2 class=\"wp-block-heading\" id=\"h-translation-services\">Servicios de traducci\u00f3n<\/h2>\n\n\n\n<p>Si necesita hablar con alguien en otro idioma, ll\u00e1menos durante el horario de visita. (Para ayuda en espa\u00f1ol, por favor)&nbsp;<a href=\"https:\/\/es.ihntogether.org\/contactenos\" target=\"_blank\" rel=\"noreferrer noopener\">Haga clic aqu\u00ed<\/a>.)<\/p>\n\n\n\n<p>Hay int\u00e9rpretes disponibles sin costo. Los miembros, posibles miembros, familiares o cuidadores pueden solicitar un int\u00e9rprete.<\/p>\n\n\n\n<div class=\"wp-block-buttons is-layout-flex wp-block-buttons-is-layout-flex\">\n<div class=\"wp-block-button\"><a class=\"wp-block-button__link wp-element-button\" href=\"https:\/\/samhealthplans.org\/wp-content\/uploads\/sites\/3\/2024\/01\/Do-You-Need-an-Interpreter-IHN-CCO.pdf\" target=\"_blank\" rel=\"noreferrer noopener\">M\u00e1s informaci\u00f3n<\/a><\/div>\n<\/div>\n\n\n\n<h2 class=\"wp-block-heading\" id=\"h-ohp-questions\">Preguntas de OHP<\/h2>\n\n\n\n<p>Si tiene preguntas espec\u00edficas sobre el Plan de Salud Oregon (OHP), como c\u00f3mo cambiar su informaci\u00f3n de contacto o si necesita verificar su elegibilidad, debe comunicarse directamente con el OHP. El OHP tiene varios n\u00fameros de tel\u00e9fono, seg\u00fan su pregunta. Consulte <a href=\"https:\/\/www.oregon.gov\/oha\/HSD\/OHP\/Pages\/OHP-Contacts.aspx\" target=\"_blank\" rel=\"noreferrer noopener\">Sitio web de OHP<\/a> para encontrar el n\u00famero que necesitas.<\/p>\n\n\n\n<div class=\"wp-block-buttons is-layout-flex wp-block-buttons-is-layout-flex\">\n<div class=\"wp-block-button\"><a class=\"wp-block-button__link wp-element-button\" href=\"https:\/\/www.oregon.gov\/oha\/HSD\/OHP\/Pages\/OHP-Contacts.aspx\" target=\"_blank\" rel=\"noreferrer noopener\">Comun\u00edquese con OHP<\/a><\/div>\n<\/div>\n\n<\/div>\n\t<\/section>","protected":false},"excerpt":{"rendered":"<p>Si tiene preguntas espec\u00edficas sobre su cobertura de salud u otra necesidad, llame al Servicio de atenci\u00f3n al cliente. Tambi\u00e9n puede enviar un mensaje privado y seguro a trav\u00e9s de su portal para miembros MyHealthPlan.<\/p>","protected":false},"author":16,"featured_media":0,"parent":0,"menu_order":0,"comment_status":"closed","ping_status":"closed","template":"","meta":{"_acf_changed":false,"_searchwp_excluded":"","_shs_workflow_notes":"","_shs_exclude_from_navigation":false,"_shs_promote_article_on_blogs":"","footnotes":""},"class_list":["post-24","page","type-page","status-publish","hentry"],"acf":[],"_links":{"self":[{"href":"https:\/\/ihntogether.org\/es\/wp-json\/wp\/v2\/pages\/24","targetHints":{"allow":["GET"]}}],"collection":[{"href":"https:\/\/ihntogether.org\/es\/wp-json\/wp\/v2\/pages"}],"about":[{"href":"https:\/\/ihntogether.org\/es\/wp-json\/wp\/v2\/types\/page"}],"author":[{"embeddable":true,"href":"https:\/\/ihntogether.org\/es\/wp-json\/wp\/v2\/users\/16"}],"replies":[{"embeddable":true,"href":"https:\/\/ihntogether.org\/es\/wp-json\/wp\/v2\/comments?post=24"}],"version-history":[{"count":0,"href":"https:\/\/ihntogether.org\/es\/wp-json\/wp\/v2\/pages\/24\/revisions"}],"wp:attachment":[{"href":"https:\/\/ihntogether.org\/es\/wp-json\/wp\/v2\/media?parent=24"}],"curies":[{"name":"Gracias","href":"https:\/\/api.w.org\/{rel}","templated":true}]}}