{"id":2645,"date":"2024-05-16T08:10:58","date_gmt":"2024-05-16T15:10:58","guid":{"rendered":"https:\/\/ihntogether.org\/?page_id=2645"},"modified":"2025-03-05T14:44:11","modified_gmt":"2025-03-05T22:44:11","slug":"programa-de-alimentacion-inteligente","status":"publish","type":"page","link":"https:\/\/ihntogether.org\/es\/more-services\/foodsmart-program\/","title":{"rendered":"Programa Foodsmart"},"content":{"rendered":"<section id=\"block_a42ba8168fafa8cbfd38d54e053428d8\" class=\"shs-block block-section grid-container has-white-background-color\" >\n\t\t<div class=\"entry-content\">\n\n<h1 class=\"wp-block-heading\" id=\"h-foodsmart-program\">Programa Foodsmart<\/h1>\n\n<\/div>\n\t<\/section>\n\n\n\n<section id=\"block_f0b08a39c09d8a3bdf7ee99e65f83bc4\" class=\"shs-block block-section grid-container has-breeze-background-color\" >\n\t\t<div class=\"entry-content\">\n\n<p>Foodsmart es un programa gratuito que ayuda a los miembros de IHN-CCO a ahorrar dinero y sentirse mejor. Esto se logra mediante asesoramiento nutricional virtual personalizado, planes de alimentaci\u00f3n personalizados y herramientas de ahorro en comestibles.<\/p>\n\n\n\n<p>Todos los miembros de IHN-CCO son elegibles para el programa Foodsmart. Los miembros tienen acceso a lo siguiente:<\/p>\n\n\n\n<ul class=\"wp-block-list\">\n<li><strong>Visitas gratuitas con un coach personal de nutrici\u00f3n. <\/strong>Este entrenador le ayudar\u00e1 a crear un plan personalizado para ahorrar tiempo y dinero en alimentos y ayudarle a alcanzar sus objetivos de salud.<\/li>\n\n\n\n<li>La aplicaci\u00f3n Foodsmart con<strong> Miles de recetas deliciosas y asequibles<\/strong>.<\/li>\n\n\n\n<li><strong>Ofertas y cupones de comestibles <\/strong>para ayudarle a ahorrar un promedio de $42 por semana.<\/li>\n\n\n\n<li>Consejos sobre c\u00f3mo <strong>Controle su peso, diabetes y presi\u00f3n arterial alta <\/strong>y otras condiciones de salud para mejorar su calidad de vida.<\/li>\n\n\n\n<li>Ayuda para encontrar <strong>Recursos comunitarios, incluida la solicitud para SNAP<\/strong> d\u00f3lares.<\/li>\n<\/ul>\n\n\n\n<p>Cada miembro recibir\u00e1 $25 en Foodsmart Bucks para gastar en comestibles. Es dinero para comestibles que se env\u00eda despu\u00e9s de completar cada visita con un asesor de nutrici\u00f3n de Foodsmart. <\/p>\n\n\n\n<p><strong>Obtenga m\u00e1s informaci\u00f3n visitando <a href=\"https:\/\/www.foodsmart.com\/members\/ihn-cco\" target=\"_blank\" rel=\"noreferrer noopener\">Foodsmart.com\/members\/IHN-CCO<\/a>.<\/strong><\/p>\n\n<\/div>\n\t<\/section>\n\n\n\n<section id=\"block_a42ba8168fafa8cbfd38d54e053428d8\" class=\"shs-block block-section grid-container has-white-background-color\" >\n\t\t<div class=\"entry-content\">\n\n<h2 class=\"wp-block-heading\" id=\"h-faqs\">Preguntas frecuentes<\/h2>\n\n\n\n<div id=\"block_01f2efcfafcfd900144eeffc51b80ab9\" class=\"shs-block accordion\">\n\t<h3 class=\"accordion-title\">\n\t\t<button\n\t\t\ttype=\"button\"\n\t\t\tid=\"accordion_title_69dba61329e641.84878598\"\n\t\t\tclass=\"accordion-control\" aria-expanded=\"false\"\n\t\t\taria-controls=\"accordion_panel_69dba61329e691.15066710\">\u00bfQu\u00e9 es el programa Foodsmart?  <span class=\"iconfont-chevron-right\"><\/span><\/button>\n\t<\/h3>\n\t<section\n\t\tid=\"accordion_panel_69dba61329e691.15066710\"\n\t\tclass=\"accordion-panel\"\n\t\taria-labelledby=\"accordion_title_69dba61329e641.84878598\" style=\"height:0\">\n\t\t<div class=\"entry-content\">\n\n<p>Foodsmart es una experiencia virtual con servicios de dietista registrados. Incluye un entrenador de nutrici\u00f3n personalizado, herramientas de planificaci\u00f3n de comidas personalizadas de Foodsmart y un mercado de entrega de alimentos en un solo lugar para que comer bien sea f\u00e1cil para usted y su bolsillo.<\/p>\n\n\n\n<ul class=\"wp-block-list\">\n<li><strong>Ahorrar dinero<\/strong>:Foodsmart puede ayudarle a ahorrar dinero en comestibles a trav\u00e9s de sus herramientas de comparaci\u00f3n de precios y alimentos saludables que se ajusten a su presupuesto.<\/li>\n\n\n\n<li><strong>Ahorra tiempo<\/strong>:Despu\u00e9s de su primera consulta, su entrenador de nutrici\u00f3n y la plataforma Foodsmart le ayudar\u00e1n a seleccionar recetas que se ajusten a sus limitaciones de tiempo y a configurar una cesta para pedir alimentos a domicilio, ahorr\u00e1ndole as\u00ed de dos a cinco horas de su tiempo cada semana.<\/li>\n<\/ul>\n\n<\/div>\n\t<\/section>\n<\/div>\n\n\n\n<div id=\"block_2f282d22fb5244dda0ec3350c1b9575a\" class=\"shs-block accordion\">\n\t<h3 class=\"accordion-title\">\n\t\t<button\n\t\t\ttype=\"button\"\n\t\t\tid=\"accordion_title_69dba61329fc54.77321786\"\n\t\t\tclass=\"accordion-control\" aria-expanded=\"false\"\n\t\t\taria-controls=\"accordion_panel_69dba61329fc75.55184339\">\u00bfQu\u00e9 son los Foodsmart Bucks? \u00bfPara qu\u00e9 se pueden utilizar los Foodsmart Bucks?  <span class=\"iconfont-chevron-right\"><\/span><\/button>\n\t<\/h3>\n\t<section\n\t\tid=\"accordion_panel_69dba61329fc75.55184339\"\n\t\tclass=\"accordion-panel\"\n\t\taria-labelledby=\"accordion_title_69dba61329fc54.77321786\" style=\"height:0\">\n\t\t<div class=\"entry-content\">\n\n<p>Los miembros de IHN-CCO recibir\u00e1n $25 en Foodsmart Bucks por todas las visitas completadas con un dietista registrado. Los Foodsmart Bucks normalmente se cargan en sus cuentas Foodsmart dentro de las 72 horas posteriores a la visita.<\/p>\n\n<\/div>\n\t<\/section>\n<\/div>\n\n\n\n<div id=\"block_a05d6b2fa9685c382de194ae70264a94\" class=\"shs-block accordion\">\n\t<h3 class=\"accordion-title\">\n\t\t<button\n\t\t\ttype=\"button\"\n\t\t\tid=\"accordion_title_69dba6132a16d4.46256995\"\n\t\t\tclass=\"accordion-control\" aria-expanded=\"false\"\n\t\t\taria-controls=\"accordion_panel_69dba6132a16f7.02337978\">\u00bfC\u00f3mo puede un entrenador nutricional de Foodsmart ayudar a los miembros de IHN-CCO? <span class=\"iconfont-chevron-right\"><\/span><\/button>\n\t<\/h3>\n\t<section\n\t\tid=\"accordion_panel_69dba6132a16f7.02337978\"\n\t\tclass=\"accordion-panel\"\n\t\taria-labelledby=\"accordion_title_69dba6132a16d4.46256995\" style=\"height:0\">\n\t\t<div class=\"entry-content\">\n\n<p>Los asesores nutricionales de Foodsmart son dietistas matriculados y autorizados que pueden orientar a los miembros en cualquier problema de salud o bienestar, desde el control de enfermedades cr\u00f3nicas hasta la ayuda con el presupuesto de alimentos. Algunas de las enfermedades cr\u00f3nicas m\u00e1s comunes son las enfermedades card\u00edacas, la diabetes, el c\u00e1ncer, los trastornos digestivos como la enfermedad cel\u00edaca, el s\u00edndrome del intestino irritable y la obesidad.<\/p>\n\n<\/div>\n\t<\/section>\n<\/div>\n\n\n\n<div id=\"block_1d590c409902548f7e86100e3e854944\" class=\"shs-block accordion\">\n\t<h3 class=\"accordion-title\">\n\t\t<button\n\t\t\ttype=\"button\"\n\t\t\tid=\"accordion_title_69dba6132a2b13.42689866\"\n\t\t\tclass=\"accordion-control\" aria-expanded=\"false\"\n\t\t\taria-controls=\"accordion_panel_69dba6132a2b22.10350299\">\u00bfPara qu\u00e9 pueden utilizar los miembros la aplicaci\u00f3n Foodsmart?  <span class=\"iconfont-chevron-right\"><\/span><\/button>\n\t<\/h3>\n\t<section\n\t\tid=\"accordion_panel_69dba6132a2b22.10350299\"\n\t\tclass=\"accordion-panel\"\n\t\taria-labelledby=\"accordion_title_69dba6132a2b13.42689866\" style=\"height:0\">\n\t\t<div class=\"entry-content\">\n\n<p>La aplicaci\u00f3n Foodsmart es el complemento perfecto para las visitas virtuales con el asesor de nutrici\u00f3n. Los miembros pueden usar la aplicaci\u00f3n para buscar miles de recetas que se adaptan a su presupuesto y preferencias diet\u00e9ticas, utilizar las herramientas de planificaci\u00f3n de comidas y los cupones de supermercado y pedir directamente art\u00edculos de supermercado o comidas de Walmart, Instacart, Amazon Fresh, GrubHub u otros socios integrados.<\/p>\n\n<\/div>\n\t<\/section>\n<\/div>\n\n\n\n<div id=\"block_91d7443d9f563eada5531cad0413da68\" class=\"shs-block accordion\">\n\t<h3 class=\"accordion-title\">\n\t\t<button\n\t\t\ttype=\"button\"\n\t\t\tid=\"accordion_title_69dba6132a3d60.76330855\"\n\t\t\tclass=\"accordion-control\" aria-expanded=\"false\"\n\t\t\taria-controls=\"accordion_panel_69dba6132a3d73.48641707\">\u00bfC\u00f3mo pueden los miembros de IHN-CCO programar su primera visita?  <span class=\"iconfont-chevron-right\"><\/span><\/button>\n\t<\/h3>\n\t<section\n\t\tid=\"accordion_panel_69dba6132a3d73.48641707\"\n\t\tclass=\"accordion-panel\"\n\t\taria-labelledby=\"accordion_title_69dba6132a3d60.76330855\" style=\"height:0\">\n\t\t<div class=\"entry-content\">\n\n<p>Los miembros pueden llamar <strong><a href=\"tel:541-230-7919\">541-230-7919<\/a><\/strong> (TTY <strong><a href=\"tel:711\">711<\/a><\/strong>), que es una l\u00ednea exclusiva para miembros de IHN-CCO. El equipo de soporte de Foodsmart los registrar\u00e1 por tel\u00e9fono. O los miembros pueden visitar <a href=\"https:\/\/foodsmart.com\/members\/ihn-cco\" target=\"_blank\" rel=\"noreferrer noopener\">Foodsmart.com\/members\/IHN-CCO<\/a> Para registrarse.<\/p>\n\n<\/div>\n\t<\/section>\n<\/div>\n\n<\/div>\n\t<\/section>","protected":false},"excerpt":{"rendered":"<p>Foodsmart es un programa gratuito que ayuda a los miembros de IHN-CCO a ahorrar dinero y sentirse mejor. Esto se logra a trav\u00e9s de asesoramiento nutricional virtual personalizado, planes de alimentaci\u00f3n personalizados y herramientas para ahorrar en alimentos.<\/p>","protected":false},"author":18,"featured_media":0,"parent":11,"menu_order":10,"comment_status":"closed","ping_status":"closed","template":"","meta":{"_acf_changed":false,"_searchwp_excluded":"","_shs_workflow_notes":"Foodsmart is a free program that helps IHN-CCO members save money and feel their best. This is done through one-on-one virtual nutritional coaching, personalized meal plans and grocery saving tools.","_shs_exclude_from_navigation":false,"_shs_promote_article_on_blogs":"","footnotes":""},"class_list":["post-2645","page","type-page","status-publish","hentry"],"acf":[],"_links":{"self":[{"href":"https:\/\/ihntogether.org\/es\/wp-json\/wp\/v2\/pages\/2645","targetHints":{"allow":["GET"]}}],"collection":[{"href":"https:\/\/ihntogether.org\/es\/wp-json\/wp\/v2\/pages"}],"about":[{"href":"https:\/\/ihntogether.org\/es\/wp-json\/wp\/v2\/types\/page"}],"author":[{"embeddable":true,"href":"https:\/\/ihntogether.org\/es\/wp-json\/wp\/v2\/users\/18"}],"replies":[{"embeddable":true,"href":"https:\/\/ihntogether.org\/es\/wp-json\/wp\/v2\/comments?post=2645"}],"version-history":[{"count":0,"href":"https:\/\/ihntogether.org\/es\/wp-json\/wp\/v2\/pages\/2645\/revisions"}],"up":[{"embeddable":true,"href":"https:\/\/ihntogether.org\/es\/wp-json\/wp\/v2\/pages\/11"}],"wp:attachment":[{"href":"https:\/\/ihntogether.org\/es\/wp-json\/wp\/v2\/media?parent=2645"}],"curies":[{"name":"Gracias","href":"https:\/\/api.w.org\/{rel}","templated":true}]}}