{"id":2944,"date":"2024-08-15T15:13:19","date_gmt":"2024-08-15T22:13:19","guid":{"rendered":"https:\/\/ihntogether.org\/?page_id=2944"},"modified":"2025-07-16T13:06:49","modified_gmt":"2025-07-16T20:06:49","slug":"fondos","status":"publish","type":"page","link":"https:\/\/ihntogether.org\/es\/transforming-health-care\/funding\/","title":{"rendered":"Flujos de financiaci\u00f3n de la IHN-CCO"},"content":{"rendered":"<section id=\"block_a9d7d3a9ae42d5b6999f5aa6f49af8a4\" class=\"shs-block block-section grid-container has-gray-warm-background-color\" >\n\t\t<div class=\"entry-content\">\n\n<h1 class=\"wp-block-heading\" id=\"h-ihn-cco-funding-streams\">Flujos de financiaci\u00f3n de la IHN-CCO<\/h1>\n\n<\/div>\n\t<\/section>\n\n\n\n<section id=\"block_89704f18a1b45ef15949e17337e291e8\" class=\"shs-block block-section grid-container has-white-background-color\" >\n\t\t<div class=\"entry-content\">\n\n<h2 class=\"wp-block-heading\" id=\"h-delivery-system-transformation-committee-dst-request-for-proposals\">Solicitud de propuestas del Comit\u00e9 de Transformaci\u00f3n del Sistema de Entrega (DST)<\/h2>\n\n\n\n<p class=\"has-text-align-left\">IHN-CCO y el DST invitan a los socios comunitarios interesados en los condados Benton, Lincoln y Linn que puedan tener un impacto positivo en la salud y el bienestar de los miembros de IHN-CCO a presentar propuestas piloto que transformen el sistema de prestaci\u00f3n de atenci\u00f3n m\u00e9dica o a presentar propuestas para apoyar la participaci\u00f3n del comit\u00e9 DST y el trabajo en proyectos a peque\u00f1a escala.<\/p>\n\n\n\n<p>La IHN-CCO y el DST se comprometen a impulsar estrategias para la equidad en salud como organizaci\u00f3n y comit\u00e9, pero tambi\u00e9n trabajan para apoyar el desarrollo, el crecimiento y la sostenibilidad de un trabajo transformador centrado en la equidad en toda la regi\u00f3n. Con este compromiso en mente, la IHN-CCO y el DST animan encarecidamente a los proveedores, agencias y organizaciones comunitarias que trabajan en y para comunidades marginadas a que presenten su solicitud.<\/p>\n\n\n\n<p class=\"has-text-align-center\"><strong>Agradecemos su inter\u00e9s en asociarse con IHN-CCO<\/strong>.<\/p>\n\n\n\n<h3 class=\"wp-block-heading has-text-align-center\"><strong>Las solicitudes para 2025 ya est\u00e1n cerradas<\/strong><\/h3>\n\n<\/div>\n\t<\/section>\n\n\n\n<section id=\"block_fbf2a190f6af23c52ca1c4b9cc897e50\" class=\"shs-block block-section grid-container has-breeze-background-color\" >\n\t\t<div class=\"entry-content\">\n\n<h2 class=\"wp-block-heading has-text-align-center\" id=\"h-share-initiative\">Iniciativa SHARE <\/h2>\n\n\n\n<h3 class=\"wp-block-heading has-text-align-center\" id=\"h-supporting-health-for-all-through-reinvestment\">Apoyando la salud para todos mediante la reinversi\u00f3n<\/h3>\n\n\n\n<p><strong>Las solicitudes de propuestas para SHARE est\u00e1n cerradas en este momento.<\/strong><\/p>\n\n\n\n<p>SHARE es una forma en la que IHN-CCO apoya proyectos y programas de determinantes sociales de la salud en los condados de Benton, Lincoln y Linn. SHARE es un mecanismo de financiaci\u00f3n con criterios espec\u00edficos de la Oregon Health Authority (OHA) y debe enmarcarse en las categor\u00edas de estabilidad econ\u00f3mica, educaci\u00f3n, vecindario y entorno construido, y salud social y comunitaria. IHN-CCO puede limitar el alcance m\u00e1s all\u00e1 de los requisitos contractuales.<\/p>\n\n\n\n<p class=\"has-text-align-center\"><strong>Para obtener m\u00e1s informaci\u00f3n sobre la Iniciativa SHARE en todo el estado, visite el sitio web de la Autoridad de Salud Oregon<\/strong> <a href=\"https:\/\/www.oregon.gov\/oha\/hpa\/dsi-tc\/pages\/share.aspx\" target=\"_blank\" rel=\"noreferrer noopener\">P\u00e1gina web de la Iniciativa SHARE<\/a>.<\/p>\n\n\n\n<p>&nbsp;<\/p>\n\n<\/div>\n\t<\/section>\n\n\n\n<section id=\"block_89704f18a1b45ef15949e17337e291e8\" class=\"shs-block block-section grid-container has-white-background-color\" >\n\t\t<div class=\"entry-content\">\n\n<h2 class=\"wp-block-heading has-text-align-center\" id=\"h-provider-contracts-we-d-like-to-hear-from-you\">Contratos con proveedores: \u00a1Nos gustar\u00eda saber de usted!<\/h2>\n\n\n\n<p>IHN-CCO est\u00e1 interesada en conocer a socios y proveedores de la comunidad sobre proyectos y programas en los condados de Benton, Lincoln y Linn que puedan tener un impacto positivo en los resultados de salud de nuestros miembros. Existen m\u00faltiples formas de conectarse y asociarse con IHN-CCO, incluidas las credenciales de proveedores, los proyectos piloto de Transformaci\u00f3n del sistema de prestaci\u00f3n de servicios (DST), la Iniciativa SHARE y m\u00e1s.<\/p>\n\n\n\n<p>Si desea contratar a IHN-CCO como proveedor de servicios m\u00e9dicos, de salud conductual o bucal, visite <a href=\"https:\/\/samhealthplans.org\/providers\/join-our-network\/\" target=\"_blank\" rel=\"noreferrer noopener\">Sitio web para proveedores de Samaritan Health Plan<\/a>&nbsp;para obtener informaci\u00f3n sobre credenciales y c\u00f3mo convertirse en un proveedor de la red.<\/p>\n\n<\/div>\n\t<\/section>","protected":false},"excerpt":{"rendered":"<p>IHN-CCO invita a las partes interesadas en los condados Benton, Lincoln y Linn a presentar propuestas que respalden la vivienda y\/o aumenten el n\u00famero de camas de respiro m\u00e9dico en la regi\u00f3n.<\/p>","protected":false},"author":11,"featured_media":0,"parent":14,"menu_order":9,"comment_status":"closed","ping_status":"closed","template":"","meta":{"_acf_changed":false,"_searchwp_excluded":"","_shs_workflow_notes":"","_shs_exclude_from_navigation":false,"_shs_promote_article_on_blogs":"","footnotes":""},"class_list":["post-2944","page","type-page","status-publish","hentry"],"acf":[],"_links":{"self":[{"href":"https:\/\/ihntogether.org\/es\/wp-json\/wp\/v2\/pages\/2944","targetHints":{"allow":["GET"]}}],"collection":[{"href":"https:\/\/ihntogether.org\/es\/wp-json\/wp\/v2\/pages"}],"about":[{"href":"https:\/\/ihntogether.org\/es\/wp-json\/wp\/v2\/types\/page"}],"author":[{"embeddable":true,"href":"https:\/\/ihntogether.org\/es\/wp-json\/wp\/v2\/users\/11"}],"replies":[{"embeddable":true,"href":"https:\/\/ihntogether.org\/es\/wp-json\/wp\/v2\/comments?post=2944"}],"version-history":[{"count":0,"href":"https:\/\/ihntogether.org\/es\/wp-json\/wp\/v2\/pages\/2944\/revisions"}],"up":[{"embeddable":true,"href":"https:\/\/ihntogether.org\/es\/wp-json\/wp\/v2\/pages\/14"}],"wp:attachment":[{"href":"https:\/\/ihntogether.org\/es\/wp-json\/wp\/v2\/media?parent=2944"}],"curies":[{"name":"Gracias","href":"https:\/\/api.w.org\/{rel}","templated":true}]}}