{"id":3088,"date":"2024-09-19T12:55:37","date_gmt":"2024-09-19T19:55:37","guid":{"rendered":"https:\/\/ihntogether.org\/?page_id=3088"},"modified":"2024-12-17T13:17:14","modified_gmt":"2024-12-17T21:17:14","slug":"aviso-de-no-discriminacion","status":"publish","type":"page","link":"https:\/\/ihntogether.org\/es\/nondiscrimination-notice\/","title":{"rendered":"Aviso de no discriminaci\u00f3n"},"content":{"rendered":"<section id=\"block_d68a9d220fa6adb12dd203a398e5ef07\" class=\"shs-block block-section grid-container has-gray-warm-background-color\" >\n\t\t<div class=\"entry-content\">\n\n<h2 class=\"wp-block-heading\" id=\"h-notice-of-nondiscrimination\">Aviso de no discriminaci\u00f3n<\/h2>\n\n\n\n<p>La InterCommunity Health Network Coordinated Care Organization (IHN-CCO) no discrimina a ninguna persona (incluidos los miembros y los miembros potenciales) por motivos de edad, color, discapacidad, identidad de g\u00e9nero, estado civil, origen nacional, raza, religi\u00f3n, sexo, orientaci\u00f3n sexual o estado de salud en la admisi\u00f3n, el tratamiento o la publicaci\u00f3n en sus programas, servicios y actividades o en el empleo. Para obtener m\u00e1s informaci\u00f3n o presentar una queja, revise nuestro Aviso de no discriminaci\u00f3n.<\/p>\n\n\n\n<p><a href=\"https:\/\/ihntogether.org\/wp-content\/uploads\/sites\/4\/Nondiscrimination-Notice-English.pdf\" target=\"_blank\" rel=\"noreferrer noopener\">Aviso de no discriminaci\u00f3n (English)<\/a>.<br><a href=\"https:\/\/ihntogether.org\/wp-content\/uploads\/sites\/4\/Nondiscrimination-Notice-Spanish.pdf\" target=\"_blank\" rel=\"noreferrer noopener\">Aviso de no discriminaci\u00f3n (Espa\u00f1ol)<\/a>.<\/p>\n\n<\/div>\n\t<\/section>","protected":false},"excerpt":{"rendered":"<p>Lea el aviso completo de no discriminaci\u00f3n que rige la InterCommunity Health Network Coordinated Care Organization (IHN-CCO).<\/p>","protected":false},"author":18,"featured_media":0,"parent":0,"menu_order":0,"comment_status":"closed","ping_status":"closed","template":"","meta":{"_acf_changed":false,"_searchwp_excluded":"","_shs_workflow_notes":"","_shs_exclude_from_navigation":true,"_shs_promote_article_on_blogs":"","footnotes":""},"class_list":["post-3088","page","type-page","status-publish","hentry"],"acf":[],"_links":{"self":[{"href":"https:\/\/ihntogether.org\/es\/wp-json\/wp\/v2\/pages\/3088","targetHints":{"allow":["GET"]}}],"collection":[{"href":"https:\/\/ihntogether.org\/es\/wp-json\/wp\/v2\/pages"}],"about":[{"href":"https:\/\/ihntogether.org\/es\/wp-json\/wp\/v2\/types\/page"}],"author":[{"embeddable":true,"href":"https:\/\/ihntogether.org\/es\/wp-json\/wp\/v2\/users\/18"}],"replies":[{"embeddable":true,"href":"https:\/\/ihntogether.org\/es\/wp-json\/wp\/v2\/comments?post=3088"}],"version-history":[{"count":0,"href":"https:\/\/ihntogether.org\/es\/wp-json\/wp\/v2\/pages\/3088\/revisions"}],"wp:attachment":[{"href":"https:\/\/ihntogether.org\/es\/wp-json\/wp\/v2\/media?parent=3088"}],"curies":[{"name":"Gracias","href":"https:\/\/api.w.org\/{rel}","templated":true}]}}