{"id":36,"date":"2023-04-28T19:31:11","date_gmt":"2023-04-29T02:31:11","guid":{"rendered":"https:\/\/samhealth.org\/ihn\/?page_id=36"},"modified":"2024-03-22T14:17:13","modified_gmt":"2024-03-22T21:17:13","slug":"aviso-de-practicas-de-privacidad","status":"publish","type":"page","link":"https:\/\/ihntogether.org\/es\/notice-of-privacy-practices\/","title":{"rendered":"Aviso de pr\u00e1cticas de privacidad"},"content":{"rendered":"<section id=\"block_97349454b0d57f0f0dd452aad9e3486f\" class=\"shs-block block-section grid-container has-white-background-color\" >\n\t\t<div class=\"entry-content\">\n\n<h1 class=\"wp-block-heading\">Aviso de pr\u00e1cticas de privacidad<\/h1>\n\n\n\n<p>El Aviso de pr\u00e1cticas de privacidad describe sus derechos de privacidad y nuestras responsabilidades para salvaguardar su informaci\u00f3n m\u00e9dica.<\/p>\n\n\n\n<h2 class=\"wp-block-heading\" id=\"h-samaritan-choice-plans-amp-employer-group-health-plans\"><strong>Planes Samaritan Choice y planes de salud grupales de empleadores<\/strong><\/h2>\n\n\n\n<ul class=\"wp-block-list\">\n<li><a href=\"https:\/\/samhealthplans.org\/privacy-practices-notice-choice-employer?type=pdf\" target=\"_blank\" rel=\"noreferrer noopener\">Aviso de pr\u00e1cticas de privacidad<\/a>&nbsp;(English).<\/li>\n\n\n\n<li><a href=\"https:\/\/samhealthplans.org\/wp-content\/uploads\/sites\/3\/2023\/06\/privacy-practices-notice-choice-employer-spanish.pdf\" target=\"_blank\" rel=\"noreferrer noopener\">Aviso de pr\u00e1cticas de privacidad<\/a>&nbsp;(Espa\u00f1ol).<\/li>\n<\/ul>\n\n\n\n<h2 class=\"wp-block-heading\" id=\"h-samaritan-advantage-health-plans\"><strong>Samaritan Advantage Health Plans<\/strong><\/h2>\n\n\n\n<ul class=\"wp-block-list\">\n<li><a href=\"https:\/\/samhealthplans.org\/privacy-practices-notice-advantage?type=pdf\" target=\"_blank\" rel=\"noreferrer noopener\">Aviso de pr\u00e1cticas de privacidad<\/a>&nbsp;(English).<\/li>\n\n\n\n<li><a href=\"https:\/\/samhealthplans.org\/wp-content\/uploads\/sites\/3\/2023\/06\/privacy-practices-notice-advantage-spanish.pdf\" target=\"_blank\" rel=\"noreferrer noopener\">Aviso de pr\u00e1cticas de privacidad<\/a>&nbsp;(Espa\u00f1ol).<\/li>\n<\/ul>\n\n\n\n<h2 class=\"wp-block-heading\" id=\"h-intercommunity-health-network-coordinated-care-organization\"><strong>Organizaci\u00f3n de atenci\u00f3n coordinada de la red de salud intercomunitaria<\/strong><\/h2>\n\n\n\n<ul class=\"wp-block-list\">\n<li><a href=\"https:\/\/samhealthplans.org\/privacy-practices-notice-ihn-cco?type=pdf\" target=\"_blank\" rel=\"noreferrer noopener\">Aviso de pr\u00e1cticas de privacidad<\/a>&nbsp;(English).<\/li>\n\n\n\n<li><a href=\"https:\/\/samhealthplans.org\/privacy-practices-notice-ihn-cco-spanish?type=pdf\" target=\"_blank\" rel=\"noreferrer noopener\">Aviso de pr\u00e1cticas de privacidad<\/a>\u00a0(Espa\u00f1ol).<\/li>\n<\/ul>\n\n<\/div>\n\t<\/section>","protected":false},"excerpt":{"rendered":"<p>El Aviso de pr\u00e1cticas de privacidad describe sus derechos de privacidad y nuestras responsabilidades para salvaguardar su informaci\u00f3n m\u00e9dica.<\/p>","protected":false},"author":16,"featured_media":0,"parent":0,"menu_order":0,"comment_status":"closed","ping_status":"closed","template":"","meta":{"_acf_changed":false,"_searchwp_excluded":"","_shs_workflow_notes":"","_shs_exclude_from_navigation":false,"_shs_promote_article_on_blogs":"","footnotes":""},"class_list":["post-36","page","type-page","status-publish","hentry"],"acf":[],"_links":{"self":[{"href":"https:\/\/ihntogether.org\/es\/wp-json\/wp\/v2\/pages\/36","targetHints":{"allow":["GET"]}}],"collection":[{"href":"https:\/\/ihntogether.org\/es\/wp-json\/wp\/v2\/pages"}],"about":[{"href":"https:\/\/ihntogether.org\/es\/wp-json\/wp\/v2\/types\/page"}],"author":[{"embeddable":true,"href":"https:\/\/ihntogether.org\/es\/wp-json\/wp\/v2\/users\/16"}],"replies":[{"embeddable":true,"href":"https:\/\/ihntogether.org\/es\/wp-json\/wp\/v2\/comments?post=36"}],"version-history":[{"count":0,"href":"https:\/\/ihntogether.org\/es\/wp-json\/wp\/v2\/pages\/36\/revisions"}],"wp:attachment":[{"href":"https:\/\/ihntogether.org\/es\/wp-json\/wp\/v2\/media?parent=36"}],"curies":[{"name":"Gracias","href":"https:\/\/api.w.org\/{rel}","templated":true}]}}