{"id":3648,"date":"2025-06-10T11:47:02","date_gmt":"2025-06-10T18:47:02","guid":{"rendered":"https:\/\/ihntogether.org\/?page_id=3648"},"modified":"2025-12-29T11:05:03","modified_gmt":"2025-12-29T19:05:03","slug":"recursos-de-formacion","status":"publish","type":"page","link":"https:\/\/ihntogether.org\/es\/in-your-community\/training-resources\/","title":{"rendered":"Recursos de capacitaci\u00f3n"},"content":{"rendered":"<section id=\"block_a19e222c3c87ffc6c7310917bbf0cd39\" class=\"shs-block block-section grid-container has-gray-warm-background-color\" >\n\t\t<div class=\"entry-content\">\n\n<h1 class=\"wp-block-heading\" id=\"h-social-determinants-of-health-training-resources\">Recursos de capacitaci\u00f3n | Determinantes sociales de la salud<\/h1>\n\n\n\n<h2 class=\"wp-block-heading\" id=\"h-for-health-care-providers-amp-community-partners\">Para proveedores de atenci\u00f3n m\u00e9dica y socios comunitarios<\/h2>\n\n<\/div>\n\t<\/section>\n\n\n\n<section id=\"block_7ae9f6953fde10160585e296cb0bfe6e\" class=\"shs-block block-section grid-container has-white-background-color\" >\n\t\t<div class=\"entry-content\">\n\n<h2 class=\"wp-block-heading\">\u00bfPor qu\u00e9 aprender m\u00e1s sobre los determinantes sociales de la salud?<\/h2>\n\n\n\n<p>Los determinantes sociales de la salud (DSS) son factores no m\u00e9dicos que afectan los resultados de salud. Incluyen las condiciones en las que las personas nacen, crecen, trabajan, viven y envejecen. Los DSS tambi\u00e9n incluyen las fuerzas y sistemas m\u00e1s amplios que configuran las condiciones de la vida cotidiana.<\/p>\n\n\n\n<p>La capacitaci\u00f3n ofrece la oportunidad de comprender y abordar las causas fundamentales de los problemas de salud en nuestro esfuerzo por construir comunidades m\u00e1s saludables y lograr mejores resultados de salud para todos.<\/p>\n\n<\/div>\n\t<\/section>\n\n\n\n<section id=\"block_7ae9f6953fde10160585e296cb0bfe6e\" class=\"shs-block block-section grid-container has-white-background-color\" >\n\t\t<div class=\"entry-content\">\n\n<figure class=\"wp-block-table is-style-color\"><table class=\"has-fixed-layout\"><thead><tr><th>Tema<\/th><th>Organizaci\u00f3n<\/th><th>Capacitaci\u00f3n <\/th><th>Tiempo de entrenamiento<\/th><\/tr><\/thead><tbody><tr><td>Atenci\u00f3n basada en el trauma<\/td><td>TraumaInformed Oregon<\/td><td><a href=\"https:\/\/traumainformedoregon.org\/resources\/training\/tic-intro-training-modules\/\" target=\"_blank\" rel=\"noreferrer noopener\">Introducci\u00f3n a la atenci\u00f3n informada sobre traumas (Oregon): m\u00f3dulos de capacitaci\u00f3n en l\u00ednea<\/a><\/td><td>Los m\u00f3dulos tienen una duraci\u00f3n de entre 15 y 30 minutos.<\/td><\/tr><tr><td>Atenci\u00f3n basada en el trauma<\/td><td>TraumaInformed Oregon<\/td><td><a href=\"https:\/\/traumainformedoregon.org\/resources\/training\/foundations-of-tic-videos\/\" target=\"_blank\" rel=\"noreferrer noopener\">V\u00eddeos sobre los fundamentos de la atenci\u00f3n informada sobre el trauma<\/a><\/td><td>Los m\u00f3dulos tienen una duraci\u00f3n de entre 15 y 30 minutos.<\/td><\/tr><tr><td>Entrevista motivacional<\/td><td>Centro de Capacitaci\u00f3n en Salud P\u00fablica de la Regi\u00f3n Occidental<\/td><td>Curso a tu propio ritmo: <a href=\"https:\/\/wrphtc.arizona.edu\/training\/motivational-interviewing\" target=\"_blank\" rel=\"noreferrer noopener\">Entrevista motivacional<\/a><\/td><td>Crear inicio de sesi\u00f3n primero; 30 min.<\/td><\/tr><tr><td>Indagaci\u00f3n emp\u00e1tica<\/td><td>Recursos de capacitaci\u00f3n de AHC<\/td><td><a href=\"https:\/\/vimeo.com\/315959674\" target=\"_blank\" rel=\"noreferrer noopener\">Investigaci\u00f3n emp\u00e1tica: evaluaci\u00f3n de factores sociales en pacientes de forma centrada en el paciente<\/a><\/td><td>Contrase\u00f1a: OregonAHC201819<br>55 minutos. <\/td><\/tr><tr><td>Indagaci\u00f3n emp\u00e1tica<\/td><td>Centro de Innovaciones en el Cuidado<\/td><td>Seminario web: <a href=\"https:\/\/www.careinnovations.org\/resources\/empathic-inquiry-in-clinic-settings\/\" target=\"_blank\" rel=\"noreferrer noopener\">Investigaci\u00f3n emp\u00e1tica en entornos cl\u00ednicos<\/a><\/td><td>60 minutos.<\/td><\/tr><tr><td>Alfabetizaci\u00f3n en salud y cultura<br>Consideraciones<\/td><td>Recursos de capacitaci\u00f3n de AHC<\/td><td><a href=\"https:\/\/vimeo.com\/317319849\" target=\"_blank\" rel=\"noreferrer noopener\">Alfabetizaci\u00f3n en salud y consideraciones culturales<\/a><\/td><td>Contrase\u00f1a: OregonAHC201819<br>60 minutos. <\/td><\/tr><tr><td>Evaluaci\u00f3n de seguridad<\/td><td>Recursos de capacitaci\u00f3n de AHC<\/td><td><a href=\"https:\/\/vimeo.com\/316619308\" target=\"_blank\" rel=\"noreferrer noopener\">Evaluaci\u00f3n de seguridad en los sitios de AHC<\/a><\/td><td>Contrase\u00f1a: OregonAHC201819<br>45 minutos. <\/td><\/tr><tr><td>Detecci\u00f3n de inseguridad en la vivienda y los servicios p\u00fablicos<\/td><td><br>Recursos de capacitaci\u00f3n de AHC<\/td><td><a href=\"https:\/\/vimeo.com\/315962780\" target=\"_blank\" rel=\"noreferrer noopener\">Detecci\u00f3n de inseguridad en la vivienda y los servicios p\u00fablicos<\/a><\/td><td>Contrase\u00f1a: OregonAHC201819<br>50 minutos. <\/td><\/tr><tr><td>Detecci\u00f3n de la inseguridad alimentaria<\/td><td><br>Recursos de capacitaci\u00f3n de AHC<\/td><td><a href=\"https:\/\/vimeo.com\/315963511\" target=\"_blank\" rel=\"noreferrer noopener\">Detecci\u00f3n de la inseguridad alimentaria<\/a><\/td><td>Contrase\u00f1a: OregonAHC201819<br>Entrenamiento de 40 min.<\/td><\/tr><tr><td>Detecci\u00f3n de necesidades de transporte<\/td><td><br>Recursos de capacitaci\u00f3n de AHC<\/td><td><a href=\"https:\/\/vimeo.com\/315963830\" target=\"_blank\" rel=\"noreferrer noopener\">Detecci\u00f3n de necesidades de transporte<\/a><\/td><td>Contrase\u00f1a: OregonAHC201819<br>50 minutos. <\/td><\/tr><tr><td>Uso de REALD para promover la equidad en salud<\/td><td>Oregon Health Authority<\/td><td><a href=\"https:\/\/www.youtube.com\/watch?v=XysvIKm4W94\" target=\"_blank\" rel=\"noopener\">Uso de REALD para promover la equidad en salud<\/a><\/td><td>Mira los primeros 45 min. <\/td><\/tr><tr><td>HIPAA y privacidad<\/td><td>Departamento de Salud y Servicios Humanos de los Estados Unidos<\/td><td><a href=\"https:\/\/www.hhs.gov\/hipaa\/for-professionals\/privacy\/laws-regulations\/index.html\" target=\"_blank\" rel=\"noreferrer noopener\">Resumen de la regla de privacidad de HIPAA<\/a><\/td><td>20 minutos. <\/td><\/tr><\/tbody><\/table><\/figure>\n\n<\/div>\n\t<\/section>\n\n\n\n<section id=\"block_a19e222c3c87ffc6c7310917bbf0cd39\" class=\"shs-block block-section grid-container has-gray-warm-background-color\" >\n\t\t<div class=\"entry-content\">\n\n<h2 class=\"wp-block-heading\" id=\"h-additional-resources\">Recursos adicionales<\/h2>\n\n\n\n<ul class=\"wp-block-list\">\n<li>Revisar la pol\u00edtica Samaritan Health Plans: <a href=\"https:\/\/samaritanhealthservices.navexone.com\/content\/dotNet\/documents\/?app=pt&amp;source=unspecified&amp;docid=14323&amp;public=true\" target=\"_blank\" rel=\"noreferrer noopener\">Pol\u00edtica de detecci\u00f3n de necesidades sociales insatisfechas<\/a>.<\/li>\n\n\n\n<li>Recursos adicionales de la Autoridad de Salud Oregon \u2013 <a href=\"https:\/\/www.oregon.gov\/oha\/hpa\/dsi-tc\/pages\/sdoh-metric.aspx\" target=\"_blank\" rel=\"noreferrer noopener\">Asistencia t\u00e9cnica para medidas de incentivo a la calidad<\/a>.<\/li>\n\n\n\n<li><a href=\"https:\/\/www.cdc.gov\/public-health-gateway\/php\/about\/social-determinants-of-health.html\" target=\"_blank\" rel=\"noreferrer noopener\">Descripci\u00f3n general de los CDC: Determinantes sociales de la salud<\/a>. <\/li>\n\n\n\n<li><a href=\"https:\/\/www.oregon.gov\/oha\/HPA\/dsi-tc\/Documents\/Social-Needs-Screening-Training-Resources.pdf\" target=\"_blank\" rel=\"noreferrer noopener\">Recursos adicionales de capacitaci\u00f3n sobre SDOH de OHA<\/a>.<\/li>\n<\/ul>\n\n<\/div>\n\t<\/section>","protected":false},"excerpt":{"rendered":"<p>Encuentre recursos de capacitaci\u00f3n para socios comunitarios y proveedores de atenci\u00f3n m\u00e9dica para aprender m\u00e1s sobre los determinantes sociales de la salud y c\u00f3mo estos impactan en las comunidades a las que servimos.<\/p>","protected":false},"author":11,"featured_media":0,"parent":13,"menu_order":4,"comment_status":"closed","ping_status":"closed","template":"","meta":{"_acf_changed":false,"_searchwp_excluded":"","_shs_workflow_notes":"","_shs_exclude_from_navigation":false,"_shs_promote_article_on_blogs":"","footnotes":""},"class_list":["post-3648","page","type-page","status-publish","hentry"],"acf":[],"_links":{"self":[{"href":"https:\/\/ihntogether.org\/es\/wp-json\/wp\/v2\/pages\/3648","targetHints":{"allow":["GET"]}}],"collection":[{"href":"https:\/\/ihntogether.org\/es\/wp-json\/wp\/v2\/pages"}],"about":[{"href":"https:\/\/ihntogether.org\/es\/wp-json\/wp\/v2\/types\/page"}],"author":[{"embeddable":true,"href":"https:\/\/ihntogether.org\/es\/wp-json\/wp\/v2\/users\/11"}],"replies":[{"embeddable":true,"href":"https:\/\/ihntogether.org\/es\/wp-json\/wp\/v2\/comments?post=3648"}],"version-history":[{"count":0,"href":"https:\/\/ihntogether.org\/es\/wp-json\/wp\/v2\/pages\/3648\/revisions"}],"up":[{"embeddable":true,"href":"https:\/\/ihntogether.org\/es\/wp-json\/wp\/v2\/pages\/13"}],"wp:attachment":[{"href":"https:\/\/ihntogether.org\/es\/wp-json\/wp\/v2\/media?parent=3648"}],"curies":[{"name":"Gracias","href":"https:\/\/api.w.org\/{rel}","templated":true}]}}