{"id":3712,"date":"2025-03-19T15:39:09","date_gmt":"2025-03-19T22:39:09","guid":{"rendered":"https:\/\/ihntogether.org\/?page_id=3712"},"modified":"2025-09-30T14:45:21","modified_gmt":"2025-09-30T21:45:21","slug":"orientacion-para-miembros","status":"publish","type":"page","link":"https:\/\/ihntogether.org\/es\/in-your-community\/member-guidance\/","title":{"rendered":"Orientaci\u00f3n para miembros"},"content":{"rendered":"<section id=\"block_4d1d3eaa3fabf347ca2191e5efd23ca0\" class=\"shs-block block-section grid-container has-gray-warm-background-color\" >\n\t\t<div class=\"entry-content\">\n\n<h1 class=\"wp-block-heading\" id=\"h-ihn-cco-member-guidance\">Gu\u00eda para miembros de la IHN-CCO<\/h1>\n\n<\/div>\n\t<\/section>\n\n\n\n<section id=\"block_72e2bb2a9592f02cc7a5a08ef7dc235c\" class=\"shs-block block-section grid-container has-white-background-color\" >\n\t\t<div class=\"entry-content\">\n\n<h2 class=\"wp-block-heading\" id=\"h-supporting-our-community-through-federal-policy-changes\">Estamos aqu\u00ed para usted durante los cambios de pol\u00edtica federal<\/h2>\n\n\n\n<p>En julio de 2025, se aprob\u00f3 una nueva ley federal. Esta ley modifica Medicaid (OHP) y SNAP (ayuda alimentaria). Estos cambios podr\u00edan afectar sus beneficios. Entendemos que estos cambios pueden ser confusos y que podr\u00eda tener preguntas. IHN se compromete a ayudar a todas las personas a obtener la atenci\u00f3n que necesitan, sin importar sus ingresos, raza, origen, g\u00e9nero, estatus migratorio o a qui\u00e9n aman.&nbsp; <strong>Importas. Perteneces. No est\u00e1s solo.&nbsp;&nbsp;&nbsp;&nbsp;&nbsp;&nbsp;&nbsp;&nbsp;&nbsp;<\/strong><\/p>\n\n\n\n<p>Esperamos que esta p\u00e1gina le ayude a:<\/p>\n\n\n\n<ul class=\"wp-block-list\">\n<li>Descubra qu\u00e9 est\u00e1 cambiando.<\/li>\n\n\n\n<li>Vea c\u00f3mo le puede afectar.<\/li>\n\n\n\n<li>Comprenda c\u00f3mo IHN-CCO est\u00e1 aqu\u00ed para ayudar.&nbsp;&nbsp;&nbsp;&nbsp;<\/li>\n<\/ul>\n\n\n\n<p>Tambi\u00e9n es importante comprender que la IHN-CCO opera bajo las pol\u00edticas de la Autoridad Sanitaria Oregon (OHA). Visita <a href=\"https:\/\/www.oregon.gov\/oha\/Pages\/Federal-Changes.aspx\" target=\"_blank\" rel=\"noreferrer noopener\">Recurso en l\u00ednea de OHA<\/a>, que puede contener informaci\u00f3n m\u00e1s actualizada o detallada.<\/p>\n\n<\/div>\n\t<\/section>\n\n\n\n<section id=\"block_e8469b5902bc46735f6aeb861f5e8d7f\" class=\"shs-block block-section grid-container has-gray-warm-background-color\" >\n\t\t<div class=\"entry-content\">\n\n<h2 class=\"wp-block-heading\"><strong>Actualizaci\u00f3n: Cambios en la ley federal<\/strong><\/h2>\n\n\n\n<p>Comprenda qu\u00e9 est\u00e1 cambiando bajo las nuevas leyes federales con los siguientes ejemplos:<\/p>\n\n\n\n<h3 class=\"wp-block-heading\">La renovaci\u00f3n de su OHP se realizar\u00e1 con mayor frecuencia (a partir de finales de 2026)<\/h3>\n\n\n\n<ul class=\"wp-block-list\">\n<li><strong>Adultos:<\/strong> Debe renovar el OHP cada 6 meses.<\/li>\n\n\n\n<li><strong>Ni\u00f1os:<\/strong> Debe renovarse una vez al a\u00f1o.<\/li>\n\n\n\n<li>Si no entrega la documentaci\u00f3n o se retrasa en el proceso, podr\u00eda perder la cobertura de OHP, incluso si todav\u00eda califica.<\/li>\n<\/ul>\n\n\n\n<h3 class=\"wp-block-heading\">Habr\u00e1 nuevas reglas laborales para mantener su cobertura de OHP (fecha de inicio por determinar)<\/h3>\n\n\n\n<ul class=\"wp-block-list\">\n<li>Esto podr\u00eda comenzar en Oregon en alg\u00fan momento entre 2026 y 2028; la Autoridad Sanitaria de Oregon proporcionar\u00e1 actualizaciones cuando pueda.<\/li>\n\n\n\n<li>Algunos adultos de entre 19 y 64 a\u00f1os podr\u00edan tener que declarar trabajo remunerado o voluntario.<\/li>\n\n\n\n<li>Esta regla no se aplica a personas con problemas de salud graves o discapacidades.<\/li>\n<\/ul>\n\n\n\n<h3 class=\"wp-block-heading\">Los pagos de Medicaid a Planned Parenthood son inciertos<\/h3>\n\n\n\n<ul class=\"wp-block-list\">\n<li>Los pagos de Medicaid a Planned Parenthood se vieron afectados por la nueva ley, pero existen demandas que la impugnan.<\/li>\n\n\n\n<li>Mientras tanto, <strong>Todav\u00eda puedes recibir atenci\u00f3n en Planned Parenthood<\/strong>.<\/li>\n<\/ul>\n\n\n\n<h3 class=\"wp-block-heading\">Posibles cambios en el SNAP (Beneficios alimentarios) (a partir de 2026)<\/h3>\n\n\n\n<ul class=\"wp-block-list\">\n<li>La cantidad de ayuda que reciba puede cambiar.<\/li>\n\n\n\n<li>Es posible que los adultos de entre 18 y 65 a\u00f1os, incluidos los miembros de tribus nativas americanas, necesiten trabajar o hacer voluntariado para conservar los beneficios del SNAP.<\/li>\n<\/ul>\n\n<\/div>\n\t<\/section>\n\n\n\n<section id=\"block_72e2bb2a9592f02cc7a5a08ef7dc235c\" class=\"shs-block block-section grid-container has-white-background-color\" >\n\t\t<div class=\"entry-content\">\n\n<h2 class=\"wp-block-heading\"><strong>Actualizaci\u00f3n: Problemas de datos y privacidad<\/strong><\/h2>\n\n\n\n<ul class=\"wp-block-list\">\n<li>El gobierno federal ha estado buscando m\u00e1s informaci\u00f3n sobre las personas con el Plan de Salud Oregon y Healthier Oregon. Oregon no ha aceptado brindar m\u00e1s informaci\u00f3n de la que exige la ley.<\/li>\n\n\n\n<li>En julio de 2025, los Centros Federales de Servicios de Medicare y Medicaid (CMS) firmaron un acuerdo que otorga a los funcionarios federales de inmigraci\u00f3n acceso a los datos de Medicaid.<\/li>\n<\/ul>\n\n\n\n<h3 class=\"wp-block-heading\">Lo que esto significa para usted en t\u00e9rminos simples<\/h3>\n\n\n\n<ul class=\"wp-block-list\">\n<li>Si recibi\u00f3 atenci\u00f3n m\u00e9dica en Oregon, su historial m\u00e9dico a\u00fan est\u00e1 protegido por la HIPAA. Sin embargo, los datos de Medicaid, incluido parte de su historial m\u00e9dico, ahora est\u00e1n disponibles para el Servicio de Inmigraci\u00f3n y Control de Aduanas (ICE) gracias a ese acuerdo.<\/li>\n\n\n\n<li>Debido a este cambio, puede existir el riesgo de que cierta informaci\u00f3n sea visible para las autoridades federales, especialmente si est\u00e1 vinculada a la inscripci\u00f3n a Medicaid.<\/li>\n<\/ul>\n\n\n\n<p>Para proteger su privacidad lo mejor que podamos, IHN-CCO ha pausado la recopilaci\u00f3n de nuevos datos sobre g\u00e9nero, raza o identidad, incluida informaci\u00f3n relacionada con la identidad LGBTQIA2S+.<\/p>\n\n<\/div>\n\t<\/section>\n\n\n\n<section id=\"block_e8469b5902bc46735f6aeb861f5e8d7f\" class=\"shs-block block-section grid-container has-gray-warm-background-color\" >\n\t\t<div class=\"entry-content\">\n\n<h2 class=\"wp-block-heading has-text-align-center\" id=\"h-member-guidance-frequently-asked-questions\"><strong>Preguntas frecuentes<\/strong><\/h2>\n\n\n\n<h3 class=\"wp-block-heading\" id=\"h-4-what-should-i-do-if-i-get-a-letter-about-changes-to-my-medicaid-coverage\"><strong>1.<\/strong> \u00bfC\u00f3mo afectan estos cambios federales a mi OHP?<\/h3>\n\n\n\n<p>Es posible que tenga que entregar documentaci\u00f3n con m\u00e1s frecuencia para mantener su cobertura m\u00e9dica. Algunos adultos tambi\u00e9n podr\u00edan tener que trabajar o hacer voluntariado cada mes, pero estas normas a\u00fan no est\u00e1n vigentes.<\/p>\n\n\n\n<h3 class=\"wp-block-heading\" id=\"h-5-does-medicaid-still-cover-gender-affirming-care\"><strong>2.<\/strong> \u00bfSeguir\u00e9 recibiendo la atenci\u00f3n que necesito?<\/h3>\n\n\n\n<p>No hay reducciones en los servicios cubiertos. Servicios de atenci\u00f3n m\u00e9dica que antes cubr\u00eda el OHP, incluida la atenci\u00f3n de afirmaci\u00f3n de g\u00e9nero.<strong>,<\/strong> todav\u00eda est\u00e1n cubiertos por OHP.<\/p>\n\n\n\n<h3 class=\"wp-block-heading\" id=\"h-6-is-there-help-if-i-m-worried-about-losing-medicaid-coverage\"><strong>3.<\/strong> \u00bfQu\u00e9 est\u00e1 haciendo IHN-CCO para proteger a miembros como yo?<\/h3>\n\n\n\n<p>Estamos trabajando con otros en todo el estado para mantener la cobertura y garantizar que la atenci\u00f3n m\u00e9dica se mantenga segura, accesible y confidencial.<\/p>\n\n\n\n<h3 class=\"wp-block-heading\"><strong>4.<\/strong> \u00bfQu\u00e9 debo hacer si recibo una carta sobre mi OHP?<\/h3>\n\n\n\n<p>Ll\u00e1manos de inmediato. Te explicaremos qu\u00e9 significa y te guiaremos en los pasos a seguir.<\/p>\n\n\n\n<h3 class=\"wp-block-heading\"><strong>5.<\/strong> \u00bfOHP todav\u00eda cubre la atenci\u00f3n de afirmaci\u00f3n de g\u00e9nero?<\/h3>\n\n\n\n<p>S\u00ed. La ley Oregon a\u00fan protege el acceso a la atenci\u00f3n de afirmaci\u00f3n de g\u00e9nero, y la IHN-CCO cubre estos servicios. Eres visto, respetado y afirmado.<\/p>\n\n\n\n<h3 class=\"wp-block-heading\"><strong>6.<\/strong> \u00bfQu\u00e9 pasa si tengo miedo de perder OHP?<\/h3>\n\n\n\n<p>Ll\u00e1manos. Te conectaremos con programas que pueden ayudarte.<\/p>\n\n\n\n<h3 class=\"wp-block-heading\" id=\"h-7-how-do-these-federal-changes-affect-access-to-gender-affirming-care\"><strong>7.<\/strong> \u00bfSe respetar\u00e1 mi identidad de g\u00e9nero en los registros m\u00e9dicos?<\/h3>\n\n\n\n<p>IHN-CCO trabaja con todos nuestros proveedores de atenci\u00f3n m\u00e9dica participantes para promover que su nombre y g\u00e9nero afirmados se utilicen en sus registros m\u00e9dicos y que su identidad sea respetada.<\/p>\n\n\n\n<h3 class=\"wp-block-heading\" id=\"h-8-will-my-medical-records-still-show-my-gender-identity\"><strong>8.<\/strong> &nbsp;\u00bfPuedo encontrar proveedores que afirmen la comunidad LGBTQIA2S+?<\/h3>\n\n\n\n<p>S\u00ed. IHN-CCO trabaja con proveedores que ofrecen atenci\u00f3n segura y positiva. Cont\u00e1ctanos y te ayudaremos a encontrar uno.<\/p>\n\n\n\n<h3 class=\"wp-block-heading\" id=\"h-11-can-i-still-get-birth-control-and-family-planning-services\"><strong>9.<\/strong> \u00bfPuedo seguir obteniendo anticonceptivos o servicios de aborto?<\/h3>\n\n\n\n<p>S\u00ed. En Oregon, estos servicios siguen siendo legales y est\u00e1n cubiertos.<\/p>\n\n\n\n<h3 class=\"wp-block-heading\" id=\"h-12-will-my-reproductive-health-care-records-be-shared-with-federal-agencies-or-law-enforcement\"><strong>10.<\/strong> \u00bfSe compartir\u00e1n mis registros de salud reproductiva?<\/h3>\n\n\n\n<p>Si recibi\u00f3 atenci\u00f3n m\u00e9dica que era legal en Oregon, sus registros a\u00fan est\u00e1n protegidos.<\/p>\n\n\n\n<h3 class=\"wp-block-heading\" id=\"h-13-will-my-personal-information-be-shared-with-us-immigration-and-customs-enforcement-agency-ice\"><strong>11.<\/strong> \u00bfSe compartir\u00e1 mi informaci\u00f3n con el Servicio de Inmigraci\u00f3n y Control de Aduanas (ICE)?<\/h3>\n\n\n\n<p>IHN-CCO no compartir\u00eda su informaci\u00f3n m\u00e9dica a menos que un juez nos lo ordene. Sin embargo, un nuevo acuerdo entre Medicaid y el ICE implica que algunos datos podr\u00edan compartirse a nivel nacional.<\/p>\n\n\n\n<h3 class=\"wp-block-heading\" id=\"h-14-can-the-us-immigration-and-customs-enforcement-agency-ice-come-to-a-samaritan-clinic-or-hospital\"><strong>12.<\/strong> \u00bfPuede ICE ingresar a una cl\u00ednica u hospital samaritano?<\/h3>\n\n\n\n<p>Samaritan Health Services s\u00f3lo permitir\u00eda esto en sus localidades si lo ordenara un juez.&nbsp;&nbsp;<\/p>\n\n\n\n<h3 class=\"wp-block-heading\" id=\"h-15-how-can-i-get-legal-help-if-i-have-immigration-concerns\"><strong>13.<\/strong> \u00bfQu\u00e9 pasa si necesito ayuda legal con inmigraci\u00f3n?<\/h3>\n\n\n\n<p>Podemos ayudarle a encontrar ayuda legal confiable:<\/p>\n\n\n\n<ul class=\"wp-block-list\">\n<li>Coalici\u00f3n por los Derechos de los Inmigrantes de Portland:  <a href=\"tel:888-622-1510\">888-622-1510<\/a>.<\/li>\n\n\n\n<li>Asistencia jur\u00eddica (Albany):  <a href=\"tel:541-926-8678\">541-926-8678<\/a>.<\/li>\n\n\n\n<li>Asistencia jur\u00eddica (Newport):  <a href=\"tel:541-265-5305\">541-265-5305<\/a>.<\/li>\n<\/ul>\n\n\n\n<h3 class=\"wp-block-heading\"><strong>14.<\/strong> Puede comunicarse con cualquiera de estos grupos para obtener ayuda:<\/h3>\n\n\n\n<ul class=\"wp-block-list\">\n<li>Linn Salud p\u00fablica del condado:  <a href=\"tel:541-967-3888\">541-967-3888<\/a>.<\/li>\n\n\n\n<li>Benton Salud P\u00fablica del Condado:  <a href=\"tel:541-766-6835\">541-766-6835<\/a>.<\/li>\n\n\n\n<li>Lincoln Salud P\u00fablica del Condado: <a href=\"tel:541-265-4112\">541-265-4112<\/a>.<\/li>\n\n\n\n<li>Trans Lifeline (apoyo entre pares dirigido por personas trans):  <a href=\"tel:877-565-8860\">877-565-8860<\/a>.<\/li>\n\n\n\n<li>El Proyecto Trevor (apoyo a j\u00f3venes LGBTQ+ en situaciones de crisis):  <a href=\"tel:866-488-7386\">866-488-7386<\/a>.<\/li>\n\n\n\n<li>L\u00ednea de ayuda para el suicidio y la crisis, marque:  <a href=\"tel:988\">988<\/a>.<\/li>\n\n\n\n<li>L\u00ednea de texto de crisis: Texto <strong>COMENZAR<\/strong> a:  <a href=\"tel:741-741\">741-741<\/a>.<\/li>\n<\/ul>\n\n\n\n<h3 class=\"wp-block-heading\" id=\"h-18-what-if-i-face-discrimination-at-a-healthcare-facility\"><strong>15.<\/strong> \u00bfQu\u00e9 pasa si sufro discriminaci\u00f3n en una cl\u00ednica?<\/h3>\n\n\n\n<p>Tiene derecho a ser tratado con respeto. Si lo tratan injustamente, ll\u00e1menos. Le ayudaremos a presentar una queja y a encontrar asistencia legal.<\/p>\n\n\n\n<ul class=\"wp-block-list\">\n<li><strong>Oregon Divisi\u00f3n de Derechos Civiles de la Oficina de Trabajo e Industrias (BOLI):<\/strong>  <a href=\"tel:971-673-0764\">971-673-0764<\/a>.<\/li>\n\n\n\n<li><strong>Derechos de las personas con discapacidad Oregon:<\/strong>  <a href=\"tel:503-243-2081\">503-243-2081<\/a>.<\/li>\n<\/ul>\n\n\n\n<h3 class=\"wp-block-heading\" id=\"h-19-who-can-i-contact-if-i-need-immediate-help\"><strong>16.<\/strong> \u00bfQu\u00e9 pasa si necesito ayuda de inmediato?<\/h3>\n\n\n\n<p>Llame a los Servicios para Miembros de IHN-CCO o a un Navegante de Salud Comunitario:<\/p>\n\n\n\n<ul class=\"wp-block-list\">\n<li><strong>Servicios para miembros de IHN-CCO:  <\/strong><a href=\"tel:541-768-4550\">541-768-4550<\/a>.<\/li>\n<\/ul>\n\n\n\n<p>Navegadores de salud comunitarios (para obtener ayuda adicional para acceder a la atenci\u00f3n m\u00e9dica):<\/p>\n\n\n\n<ul class=\"wp-block-list\">\n<li><strong>Condado de Benton:<\/strong>  <a href=\"tel:541-766-6247\">541-766-6247<\/a>.<\/li>\n\n\n\n<li><strong>Condado de Linn:<\/strong>  <a href=\"tel:541-967-3888\">541-967-3888<\/a>.<\/li>\n\n\n\n<li><strong>Condado Lincoln:<\/strong>  <a href=\"tel:541-265-4112\">541-265-4112<\/a>.<\/li>\n<\/ul>\n\n\n\n<h3 class=\"wp-block-heading\"><strong>*En caso de emergencia, llame al 911 o vaya a la sala de emergencias m\u00e1s cercana.<\/strong><\/h3>\n\n<\/div>\n\t<\/section>\n\n\n\n<section id=\"block_1434a86b3b4c25e1fc8ac1ea0f44f6a3\" class=\"shs-block block-section grid-container has-ash-background-color\" >\n\t\t<div class=\"entry-content\">\n\n<h2 class=\"wp-block-heading has-text-align-center\"><strong>Importas. Perteneces. No est\u00e1s solo.<\/strong><\/h2>\n\n<\/div>\n\t<\/section>","protected":false},"excerpt":{"rendered":"<p>En IHN-CCO estamos profundamente comprometidos con su salud, bienestar y acceso equitativo a la atenci\u00f3n m\u00e9dica, especialmente en tiempos de incertidumbre. Los recientes cambios en las pol\u00edticas federales pueden generar inquietud, confusi\u00f3n o dificultar el acceso a la atenci\u00f3n m\u00e9dica. Queremos que sepa que no est\u00e1 solo y que nos mantenemos firmes en nuestra misi\u00f3n de garantizar que reciba la atenci\u00f3n y el apoyo que necesita.<\/p>","protected":false},"author":11,"featured_media":0,"parent":13,"menu_order":4,"comment_status":"closed","ping_status":"closed","template":"","meta":{"_acf_changed":false,"_searchwp_excluded":"","_shs_workflow_notes":"","_shs_exclude_from_navigation":false,"_shs_promote_article_on_blogs":"","footnotes":""},"class_list":["post-3712","page","type-page","status-publish","hentry"],"acf":[],"_links":{"self":[{"href":"https:\/\/ihntogether.org\/es\/wp-json\/wp\/v2\/pages\/3712","targetHints":{"allow":["GET"]}}],"collection":[{"href":"https:\/\/ihntogether.org\/es\/wp-json\/wp\/v2\/pages"}],"about":[{"href":"https:\/\/ihntogether.org\/es\/wp-json\/wp\/v2\/types\/page"}],"author":[{"embeddable":true,"href":"https:\/\/ihntogether.org\/es\/wp-json\/wp\/v2\/users\/11"}],"replies":[{"embeddable":true,"href":"https:\/\/ihntogether.org\/es\/wp-json\/wp\/v2\/comments?post=3712"}],"version-history":[{"count":0,"href":"https:\/\/ihntogether.org\/es\/wp-json\/wp\/v2\/pages\/3712\/revisions"}],"up":[{"embeddable":true,"href":"https:\/\/ihntogether.org\/es\/wp-json\/wp\/v2\/pages\/13"}],"wp:attachment":[{"href":"https:\/\/ihntogether.org\/es\/wp-json\/wp\/v2\/media?parent=3712"}],"curies":[{"name":"Gracias","href":"https:\/\/api.w.org\/{rel}","templated":true}]}}