{"id":38,"date":"2023-05-01T15:36:05","date_gmt":"2023-05-01T22:36:05","guid":{"rendered":"https:\/\/samhealth.org\/ihn\/?page_id=38"},"modified":"2025-12-17T09:46:09","modified_gmt":"2025-12-17T17:46:09","slug":"guia-de-inicio-rapido","status":"publish","type":"page","link":"https:\/\/ihntogether.org\/es\/your-benefits\/quick-start-guide\/","title":{"rendered":"Gu\u00eda de inicio r\u00e1pido"},"content":{"rendered":"<section id=\"block_4aea697a670d59e9a0dbb1edb2c320b5\" class=\"shs-block block-section grid-container has-gray-warm-background-color\" >\n\t\t<div class=\"entry-content\">\n\n<h1 class=\"wp-block-heading\" id=\"h-your-quick-start-guide\">Su gu\u00eda de inicio r\u00e1pido<\/h1>\n\n<\/div>\n\t<\/section>\n\n\n\n<section id=\"block_769806832fd3cd9d01054957b6598032\" class=\"shs-block block-section grid-container has-white-background-color\" >\n\t\t<div class=\"entry-content\">\n\n<h2 class=\"wp-block-heading\">Comprenda c\u00f3mo funciona su plan de salud&nbsp;<\/h2>\n\n\n\n<p>Sabemos que el seguro m\u00e9dico puede ser complicado. Estamos aqu\u00ed para facilitarle la obtenci\u00f3n de la atenci\u00f3n que necesita. \u00a1Esta gu\u00eda de inicio r\u00e1pido le ayudar\u00e1 a hacerse cargo de su salud y a tomar decisiones con confianza!<\/p>\n\n<\/div>\n\t<\/section>\n\n\n<section id=\"block_c757659a32bb797d9d6c5f23a3f59772\" class=\"shs-block callouts is-squared grid-container has-white-background-color\" >\n\n\n\t<ul class=\"callouts-list\">\n\t\n\t\t<li class=\"callout is-squared\">\n\n\t\t\t\n\t\t\t\n\t\t\t\n\t\t\t\t\t\t\t<figure class=\"image\">\n\t\t\t\t\t<img decoding=\"async\" src=\"https:\/\/ihntogether.org\/wp-content\/uploads\/sites\/4\/2023\/12\/Circle-Link-Doctor-guide-small.png\" alt=\"\" width=\"290.697674419\" height=\"300\" loading=\"lazy\">\n\t\t\t\t<\/figure>\n\t\t\t\n\t\t\t\n\t\t\t\t\t\t\t<a\t\t\t\t\t\t\t\t\thref=\"#doctor\" target=\"_self\"\n\t\t\t\t\t\t\t\tclass=\"shs-button callout-link\">Su m\u00e9dico<\/a>\n\t\t\t\n\n\t\t\t\n\t\t<\/li>\n\t\t\n\t\t<li class=\"callout is-squared\">\n\n\t\t\t\n\t\t\t\n\t\t\t\n\t\t\t\t\t\t\t<figure class=\"image\">\n\t\t\t\t\t<img decoding=\"async\" src=\"https:\/\/ihntogether.org\/wp-content\/uploads\/sites\/4\/2023\/12\/Circle-Link-Pills-guide-small.png\" alt=\"\" width=\"360\" height=\"357.12\" loading=\"lazy\">\n\t\t\t\t<\/figure>\n\t\t\t\n\t\t\t\n\t\t\t\t\t\t\t<a\t\t\t\t\t\t\t\t\thref=\"#drugs\" target=\"_self\"\n\t\t\t\t\t\t\t\tclass=\"shs-button callout-link\">Medicamentos con receta<\/a>\n\t\t\t\n\n\t\t\t\n\t\t<\/li>\n\t\t\n\t\t<li class=\"callout is-squared\">\n\n\t\t\t\n\t\t\t\n\t\t\t\n\t\t\t\t\t\t\t<figure class=\"image\">\n\t\t\t\t\t<img decoding=\"async\" src=\"https:\/\/ihntogether.org\/wp-content\/uploads\/sites\/4\/2023\/12\/Circle-Link-Tooth-guide-small.png\" alt=\"\" width=\"292.96875\" height=\"300\" loading=\"lazy\">\n\t\t\t\t<\/figure>\n\t\t\t\n\t\t\t\n\t\t\t\t\t\t\t<a\t\t\t\t\t\t\t\t\thref=\"#dentist\" target=\"_self\"\n\t\t\t\t\t\t\t\tclass=\"shs-button callout-link\">Tu dentista<\/a>\n\t\t\t\n\n\t\t\t\n\t\t<\/li>\n\t\t\n\t\t<li class=\"callout is-squared\">\n\n\t\t\t\n\t\t\t\n\t\t\t\n\t\t\t\t\t\t\t<figure class=\"image\">\n\t\t\t\t\t<img decoding=\"async\" src=\"https:\/\/ihntogether.org\/wp-content\/uploads\/sites\/4\/2023\/12\/Circle-Link-Question-guide-small.png\" alt=\"\" width=\"290.697674419\" height=\"300\" loading=\"lazy\">\n\t\t\t\t<\/figure>\n\t\t\t\n\t\t\t\n\t\t\t\t\t\t\t<a\t\t\t\t\t\t\t\t\thref=\"#help\" target=\"_self\"\n\t\t\t\t\t\t\t\tclass=\"shs-button callout-link\">Cuando necesitas ayuda<\/a>\n\t\t\t\n\n\t\t\t\n\t\t<\/li>\n\t\t\n\t\t<li class=\"callout is-squared\">\n\n\t\t\t\n\t\t\t\n\t\t\t\n\t\t\t\t\t\t\t<figure class=\"image\">\n\t\t\t\t\t<img decoding=\"async\" src=\"https:\/\/ihntogether.org\/wp-content\/uploads\/sites\/4\/2023\/12\/Circle-Link-Complaint-guide-small.png\" alt=\"\" width=\"360\" height=\"360\" loading=\"lazy\">\n\t\t\t\t<\/figure>\n\t\t\t\n\t\t\t\n\t\t\t\t\t\t\t<a\t\t\t\t\t\t\t\t\thref=\"#complaint\" target=\"_self\"\n\t\t\t\t\t\t\t\tclass=\"shs-button callout-link\">Si tiene una queja<\/a>\n\t\t\t\n\n\t\t\t\n\t\t<\/li>\n\t\t\n\t\t<li class=\"callout is-squared\">\n\n\t\t\t\n\t\t\t\n\t\t\t\n\t\t\t\t\t\t\t<figure class=\"image\">\n\t\t\t\t\t<img decoding=\"async\" src=\"https:\/\/ihntogether.org\/wp-content\/uploads\/sites\/4\/2023\/12\/Circle-Link-Reminder-guide-small.png\" alt=\"\" width=\"360\" height=\"360\" loading=\"lazy\">\n\t\t\t\t<\/figure>\n\t\t\t\n\t\t\t\n\t\t\t\t\t\t\t<a\t\t\t\t\t\t\t\t\thref=\"#reminders\" target=\"_self\"\n\t\t\t\t\t\t\t\tclass=\"shs-button callout-link\">Recordatorios importantes<\/a>\n\t\t\t\n\n\t\t\t\n\t\t<\/li>\n\t\t\t<\/ul>\n\t\n<\/section>\n\n\n\n<section id=\"block_349c979ffe0cbed1f83ed6c3965c5367\" class=\"shs-block block-section grid-container has-gray-warm-background-color has-full-bleed-image\" >\n\t\t\t<figure class=\"image\"\n\t\t\tstyle=\"background-image: url(https:\/\/ihntogether.org\/wp-content\/uploads\/sites\/4\/2023\/12\/Circle-Icon-Large-Doctor-guide.png)\" \t\t\t>\n\t\t\t<img loading=\"lazy\" decoding=\"async\" width=\"900\" height=\"576\" src=\"https:\/\/ihntogether.org\/wp-content\/uploads\/sites\/4\/2023\/12\/Circle-Icon-Large-Doctor-guide.png\" class=\"attachment-full size-full\" alt=\"\" srcset=\"https:\/\/ihntogether.org\/wp-content\/uploads\/sites\/4\/2023\/12\/Circle-Icon-Large-Doctor-guide.png 900w, https:\/\/ihntogether.org\/wp-content\/uploads\/sites\/4\/2023\/12\/Circle-Icon-Large-Doctor-guide-300x192.png 300w, https:\/\/ihntogether.org\/wp-content\/uploads\/sites\/4\/2023\/12\/Circle-Icon-Large-Doctor-guide-768x492.png 768w, https:\/\/ihntogether.org\/wp-content\/uploads\/sites\/4\/2023\/12\/Circle-Icon-Large-Doctor-guide-156x100.png 156w\" sizes=\"auto, (max-width: 900px) 100vw, 900px\" \/>\t\t<\/figure>\n\t\t<div class=\"entry-content\">\n\n<h2 class=\"wp-block-heading\" id=\"doctor\">Su m\u00e9dico<\/h2>\n\n\n\n<p>Su m\u00e9dico es su proveedor de atenci\u00f3n primaria (PCP). El nombre y el n\u00famero de tel\u00e9fono de su proveedor se encuentran en su tarjeta de identificaci\u00f3n. A menos que se trate de una emergencia, llame primero a su m\u00e9dico. Si necesita atenci\u00f3n de otro proveedor, hospital o cl\u00ednica, su PCP puede ayudarlo a coordinar los servicios.&nbsp;<\/p>\n\n\n\n<p>Tus pr\u00f3ximos pasos:<\/p>\n\n\n\n<div class=\"wp-block-buttons is-layout-flex wp-block-buttons-is-layout-flex\">\n<div class=\"wp-block-button\"><a class=\"wp-block-button__link wp-element-button\" href=\"https:\/\/ihntogether.org\/es\/encontrar-atencion\/descripcion-general-de-la-busqueda-de-atencion\/#choose-or-change\">Elija o cambie su PCP<\/a><\/div>\n<\/div>\n\n\n\n<div class=\"wp-block-buttons is-layout-flex wp-block-buttons-is-layout-flex\">\n<div class=\"wp-block-button\"><a class=\"wp-block-button__link wp-element-button\" href=\"https:\/\/ihntogether.org\/es\/sus-beneficios\/medico\/\">Ver sus beneficios m\u00e9dicos<\/a><\/div>\n<\/div>\n\n<\/div>\n\t<\/section>\n\n\n\n<section id=\"drugs\" class=\"shs-block block-section grid-container has-white-background-color has-full-bleed-image col-reverse\" >\n\t\t\t<figure class=\"image\"\n\t\t\tstyle=\"background-image: url(https:\/\/ihntogether.org\/wp-content\/uploads\/sites\/4\/2023\/12\/Circle-Icon-Large-Pills-guide.png)\" \t\t\t>\n\t\t\t<img loading=\"lazy\" decoding=\"async\" width=\"900\" height=\"576\" src=\"https:\/\/ihntogether.org\/wp-content\/uploads\/sites\/4\/2023\/12\/Circle-Icon-Large-Pills-guide.png\" class=\"attachment-full size-full\" alt=\"\" srcset=\"https:\/\/ihntogether.org\/wp-content\/uploads\/sites\/4\/2023\/12\/Circle-Icon-Large-Pills-guide.png 900w, https:\/\/ihntogether.org\/wp-content\/uploads\/sites\/4\/2023\/12\/Circle-Icon-Large-Pills-guide-300x192.png 300w, https:\/\/ihntogether.org\/wp-content\/uploads\/sites\/4\/2023\/12\/Circle-Icon-Large-Pills-guide-768x492.png 768w, https:\/\/ihntogether.org\/wp-content\/uploads\/sites\/4\/2023\/12\/Circle-Icon-Large-Pills-guide-156x100.png 156w\" sizes=\"auto, (max-width: 900px) 100vw, 900px\" \/>\t\t<\/figure>\n\t\t<div class=\"entry-content\">\n\n<h2 class=\"wp-block-heading\">Sus medicamentos recetados<\/h2>\n\n\n\n<p>Puede obtener su receta en la mayor\u00eda de las farmacias. Aseg\u00farese de mostrar su documento de identidad.<\/p>\n\n\n\n<p>Tus pr\u00f3ximos pasos:<\/p>\n\n\n\n<div class=\"wp-block-buttons is-layout-flex wp-block-buttons-is-layout-flex\">\n<div class=\"wp-block-button\"><a class=\"wp-block-button__link wp-element-button\" href=\"https:\/\/ihntogether.org\/es\/sus-beneficios\/medicamentos-recetados\/#covered-drugs\">Compruebe si su medicamento est\u00e1 cubierto<\/a><\/div>\n<\/div>\n\n\n\n<div class=\"wp-block-buttons is-layout-flex wp-block-buttons-is-layout-flex\">\n<div class=\"wp-block-button\"><a class=\"wp-block-button__link wp-element-button\" href=\"https:\/\/ihntogether.org\/es\/sus-beneficios\/medicamentos-recetados\/#prescription-tips\">Consejos para surtir recetas<\/a><\/div>\n<\/div>\n\n<\/div>\n\t<\/section>\n\n\n\n<section id=\"dentist\" class=\"shs-block block-section grid-container has-gray-warm-background-color has-full-bleed-image\" >\n\t\t\t<figure class=\"image\"\n\t\t\tstyle=\"background-image: url(https:\/\/ihntogether.org\/wp-content\/uploads\/sites\/4\/2023\/12\/Circle-Icon-Large-Tooth-guide.png)\" \t\t\t>\n\t\t\t<img loading=\"lazy\" decoding=\"async\" width=\"900\" height=\"576\" src=\"https:\/\/ihntogether.org\/wp-content\/uploads\/sites\/4\/2023\/12\/Circle-Icon-Large-Tooth-guide.png\" class=\"attachment-full size-full\" alt=\"\" srcset=\"https:\/\/ihntogether.org\/wp-content\/uploads\/sites\/4\/2023\/12\/Circle-Icon-Large-Tooth-guide.png 900w, https:\/\/ihntogether.org\/wp-content\/uploads\/sites\/4\/2023\/12\/Circle-Icon-Large-Tooth-guide-300x192.png 300w, https:\/\/ihntogether.org\/wp-content\/uploads\/sites\/4\/2023\/12\/Circle-Icon-Large-Tooth-guide-768x492.png 768w, https:\/\/ihntogether.org\/wp-content\/uploads\/sites\/4\/2023\/12\/Circle-Icon-Large-Tooth-guide-156x100.png 156w\" sizes=\"auto, (max-width: 900px) 100vw, 900px\" \/>\t\t<\/figure>\n\t\t<div class=\"entry-content\">\n\n<h2 class=\"wp-block-heading\">Tu dentista<\/h2>\n\n\n\n<p>Su dentista trabajar\u00e1 con usted para satisfacer sus necesidades de salud bucal. Aseg\u00farese de llamar a su consultorio dental para programar una limpieza y un examen. Su organizaci\u00f3n de atenci\u00f3n dental se encuentra en su tarjeta de identificaci\u00f3n. Si tiene dolor de muelas, llame a su dentista de inmediato. Todos los miembros de IHN-CCO, incluidos aquellos con cobertura dental \u00fanicamente, deber\u00e1n elegir un proveedor dental. Revise las secciones a continuaci\u00f3n para encontrar un proveedor dental, as\u00ed como para identificar los servicios cubiertos y no cubiertos.<\/p>\n\n\n\n<p>Tus pr\u00f3ximos pasos:<\/p>\n\n\n\n<div class=\"wp-block-buttons is-layout-flex wp-block-buttons-is-layout-flex\">\n<div class=\"wp-block-button\"><a class=\"wp-block-button__link wp-element-button\" href=\"https:\/\/ihntogether.org\/es\/sus-beneficios\/dental\/#dental-plans\">Elija entre cuatro planes dentales<\/a><\/div>\n<\/div>\n\n\n\n<div class=\"wp-block-buttons is-layout-flex wp-block-buttons-is-layout-flex\">\n<div class=\"wp-block-button\"><a class=\"wp-block-button__link wp-element-button\" href=\"https:\/\/ihntogether.org\/es\/sus-beneficios\/dental\/#covered-services\">Vea sus servicios cubiertos y no cubiertos<\/a><\/div>\n<\/div>\n\n<\/div>\n\t<\/section>\n\n\n\n<section id=\"help\" class=\"shs-block block-section grid-container has-white-background-color has-full-bleed-image col-reverse\" >\n\t\t\t<figure class=\"image\"\n\t\t\tstyle=\"background-image: url(https:\/\/ihntogether.org\/wp-content\/uploads\/sites\/4\/2023\/12\/Circle-Icon-Large-Question-guide.png)\" \t\t\t>\n\t\t\t<img loading=\"lazy\" decoding=\"async\" width=\"900\" height=\"576\" src=\"https:\/\/ihntogether.org\/wp-content\/uploads\/sites\/4\/2023\/12\/Circle-Icon-Large-Question-guide.png\" class=\"attachment-full size-full\" alt=\"\" srcset=\"https:\/\/ihntogether.org\/wp-content\/uploads\/sites\/4\/2023\/12\/Circle-Icon-Large-Question-guide.png 900w, https:\/\/ihntogether.org\/wp-content\/uploads\/sites\/4\/2023\/12\/Circle-Icon-Large-Question-guide-300x192.png 300w, https:\/\/ihntogether.org\/wp-content\/uploads\/sites\/4\/2023\/12\/Circle-Icon-Large-Question-guide-768x492.png 768w, https:\/\/ihntogether.org\/wp-content\/uploads\/sites\/4\/2023\/12\/Circle-Icon-Large-Question-guide-156x100.png 156w\" sizes=\"auto, (max-width: 900px) 100vw, 900px\" \/>\t\t<\/figure>\n\t\t<div class=\"entry-content\">\n\n<h2 class=\"wp-block-heading\">Cuando necesitas ayuda<\/h2>\n\n\n\n<p><a href=\"https:\/\/ihntogether.org\/es\/contactenos\/\">Cont\u00e1ctenos<\/a>&nbsp;Para encontrar un m\u00e9dico o dentista, comprender sus beneficios y comprender su factura, podemos ayudarlo a conectarse con un int\u00e9rprete que traducir\u00e1 para usted en su cita con el m\u00e9dico o el dentista. Tambi\u00e9n puede contar con un int\u00e9rprete cuando nos llame. Si necesita transporte para una cita m\u00e9dica, dental o de salud mental, llame a Ride Line. Ellos pueden organizar el transporte para usted que est\u00e9 cubierto por su plan de salud.<\/p>\n\n\n\n<p>Tus pr\u00f3ximos pasos:<\/p>\n\n\n\n<div class=\"wp-block-buttons is-layout-flex wp-block-buttons-is-layout-flex\">\n<div class=\"wp-block-button\"><a class=\"wp-block-button__link wp-element-button\" href=\"https:\/\/ihntogether.org\/es\/mas-servicios\/transporte\/\">Transporte<\/a><\/div>\n\n\n\n<div class=\"wp-block-button\"><a class=\"wp-block-button__link wp-element-button\" href=\"https:\/\/ihntogether.org\/es\/mas-servicios\/interpretes\/\">Int\u00e9rprete<\/a><\/div>\n<\/div>\n\n<\/div>\n\t<\/section>\n\n\n\n<section id=\"complaint\" class=\"shs-block block-section grid-container has-gray-warm-background-color has-full-bleed-image\" >\n\t\t\t<figure class=\"image\"\n\t\t\tstyle=\"background-image: url(https:\/\/ihntogether.org\/wp-content\/uploads\/sites\/4\/2023\/12\/Circle-Icon-Large-Complaint-guide.png)\" \t\t\t>\n\t\t\t<img loading=\"lazy\" decoding=\"async\" width=\"900\" height=\"576\" src=\"https:\/\/ihntogether.org\/wp-content\/uploads\/sites\/4\/2023\/12\/Circle-Icon-Large-Complaint-guide.png\" class=\"attachment-full size-full\" alt=\"\" srcset=\"https:\/\/ihntogether.org\/wp-content\/uploads\/sites\/4\/2023\/12\/Circle-Icon-Large-Complaint-guide.png 900w, https:\/\/ihntogether.org\/wp-content\/uploads\/sites\/4\/2023\/12\/Circle-Icon-Large-Complaint-guide-300x192.png 300w, https:\/\/ihntogether.org\/wp-content\/uploads\/sites\/4\/2023\/12\/Circle-Icon-Large-Complaint-guide-768x492.png 768w, https:\/\/ihntogether.org\/wp-content\/uploads\/sites\/4\/2023\/12\/Circle-Icon-Large-Complaint-guide-156x100.png 156w\" sizes=\"auto, (max-width: 900px) 100vw, 900px\" \/>\t\t<\/figure>\n\t\t<div class=\"entry-content\">\n\n<h2 class=\"wp-block-heading\">Si tiene una queja<\/h2>\n\n\n\n<p>Si no est\u00e1 satisfecho, puede presentar una queja o un reclamo. Intentaremos mejorar la situaci\u00f3n. Si se ha tomado una decisi\u00f3n de denegar, detener o reducir su atenci\u00f3n, tiene derecho a apelar esas decisiones. Le llamaremos o le escribiremos dentro de una semana para informarle que estamos trabajando en ello.<\/p>\n\n\n\n<p>Tu pr\u00f3ximo paso:<\/p>\n\n\n\n<div class=\"wp-block-buttons is-layout-flex wp-block-buttons-is-layout-flex\">\n<div class=\"wp-block-button\"><a class=\"wp-block-button__link wp-element-button\" href=\"https:\/\/ihntogether.org\/es\/sus-beneficios\/como-hago\/\">Presentar una queja<\/a><\/div>\n<\/div>\n\n<\/div>\n\t<\/section>\n\n\n\n<section id=\"reminders\" class=\"shs-block block-section grid-container has-white-background-color has-full-bleed-image col-reverse\" >\n\t\t\t<figure class=\"image\"\n\t\t\tstyle=\"background-image: url(https:\/\/ihntogether.org\/wp-content\/uploads\/sites\/4\/2023\/12\/Circle-Icon-Large-Reminder-guide.png)\" \t\t\t>\n\t\t\t<img loading=\"lazy\" decoding=\"async\" width=\"900\" height=\"576\" src=\"https:\/\/ihntogether.org\/wp-content\/uploads\/sites\/4\/2023\/12\/Circle-Icon-Large-Reminder-guide.png\" class=\"attachment-full size-full\" alt=\"\" srcset=\"https:\/\/ihntogether.org\/wp-content\/uploads\/sites\/4\/2023\/12\/Circle-Icon-Large-Reminder-guide.png 900w, https:\/\/ihntogether.org\/wp-content\/uploads\/sites\/4\/2023\/12\/Circle-Icon-Large-Reminder-guide-300x192.png 300w, https:\/\/ihntogether.org\/wp-content\/uploads\/sites\/4\/2023\/12\/Circle-Icon-Large-Reminder-guide-768x492.png 768w, https:\/\/ihntogether.org\/wp-content\/uploads\/sites\/4\/2023\/12\/Circle-Icon-Large-Reminder-guide-156x100.png 156w\" sizes=\"auto, (max-width: 900px) 100vw, 900px\" \/>\t\t<\/figure>\n\t\t<div class=\"entry-content\">\n\n<h2 class=\"wp-block-heading\">Recordatorios importantes<\/h2>\n\n\n\n<p>Si tiene una nueva direcci\u00f3n, un nuevo n\u00famero de tel\u00e9fono o una nueva persona en la familia, inf\u00f3rmenos. Necesitamos saber estos cambios para poder brindarle un mejor servicio. Unos meses antes de que finalice su cobertura cada a\u00f1o, recibir\u00e1 una carta de la Oregon Health Authority que le informar\u00e1 cu\u00e1ndo debe renovarla. Aseg\u00farese de tomar las medidas necesarias para renovarla y no quedarse sin seguro.<\/p>\n\n\n\n<p>M\u00e1s informaci\u00f3n:<\/p>\n\n\n\n<div class=\"wp-block-buttons is-layout-flex wp-block-buttons-is-layout-flex\">\n<div class=\"wp-block-button\"><a class=\"wp-block-button__link wp-element-button\" href=\"https:\/\/ihntogether.org\/es\/sus-beneficios\/renovacion-de-su-plan-de-salud-de-oregon\/\">Renueve su plan de salud de Oregon<\/a><\/div>\n\n\n\n<div class=\"wp-block-button\"><a class=\"wp-block-button__link wp-element-button\" href=\"https:\/\/ihntogether.org\/es\/contactenos\/\">Cont\u00e1ctenos<\/a><\/div>\n<\/div>\n\n<\/div>\n\t<\/section>\n\n\n\n<section id=\"block_4aea697a670d59e9a0dbb1edb2c320b5\" class=\"shs-block block-section grid-container has-gray-warm-background-color\" >\n\t\t<div class=\"entry-content\">\n\n<h2 class=\"wp-block-heading\">En caso de duda, ll\u00e1menos o env\u00edenos un correo electr\u00f3nico<\/h2>\n\n\n\n<p>De lunes a viernes de 8 a. m. a 8 p. m.<\/p>\n\n\n\n<p>Servicio al cliente:&nbsp;<a href=\"tel:541-768-4550\">541-768-4550<\/a><\/p>\n\n\n\n<p>N\u00famero gratuito:&nbsp;<a href=\"tel:800-832-4580\">800-832-4580<\/a><\/p>\n\n\n\n<p>Tel\u00e9fono de texto:&nbsp;<a href=\"tel:800-735-2900\">800-735-2900<\/a><\/p>\n\n\n\n<div class=\"wp-block-buttons is-layout-flex wp-block-buttons-is-layout-flex\">\n<div class=\"wp-block-button\"><a class=\"wp-block-button__link wp-element-button\" href=\"https:\/\/ihntogether.org\/es\/contactenos\/\">Env\u00edanos un correo electr\u00f3nico<\/a><\/div>\n<\/div>\n\n<\/div>\n\t<\/section>","protected":false},"excerpt":{"rendered":"<p>Sabemos que el seguro m\u00e9dico puede ser complicado. Estamos aqu\u00ed para facilitarle el control de su salud, tomar decisiones con confianza y obtener la atenci\u00f3n que necesita.<\/p>","protected":false},"author":18,"featured_media":0,"parent":10,"menu_order":2,"comment_status":"closed","ping_status":"closed","template":"","meta":{"_acf_changed":false,"_searchwp_excluded":"","_shs_workflow_notes":"","_shs_exclude_from_navigation":false,"_shs_promote_article_on_blogs":"","footnotes":""},"class_list":["post-38","page","type-page","status-publish","hentry"],"acf":[],"_links":{"self":[{"href":"https:\/\/ihntogether.org\/es\/wp-json\/wp\/v2\/pages\/38","targetHints":{"allow":["GET"]}}],"collection":[{"href":"https:\/\/ihntogether.org\/es\/wp-json\/wp\/v2\/pages"}],"about":[{"href":"https:\/\/ihntogether.org\/es\/wp-json\/wp\/v2\/types\/page"}],"author":[{"embeddable":true,"href":"https:\/\/ihntogether.org\/es\/wp-json\/wp\/v2\/users\/18"}],"replies":[{"embeddable":true,"href":"https:\/\/ihntogether.org\/es\/wp-json\/wp\/v2\/comments?post=38"}],"version-history":[{"count":0,"href":"https:\/\/ihntogether.org\/es\/wp-json\/wp\/v2\/pages\/38\/revisions"}],"up":[{"embeddable":true,"href":"https:\/\/ihntogether.org\/es\/wp-json\/wp\/v2\/pages\/10"}],"wp:attachment":[{"href":"https:\/\/ihntogether.org\/es\/wp-json\/wp\/v2\/media?parent=38"}],"curies":[{"name":"Gracias","href":"https:\/\/api.w.org\/{rel}","templated":true}]}}