{"id":39,"date":"2023-05-01T15:36:42","date_gmt":"2023-05-01T22:36:42","guid":{"rendered":"https:\/\/samhealth.org\/ihn\/?page_id=39"},"modified":"2025-04-22T09:26:15","modified_gmt":"2025-04-22T16:26:15","slug":"servicios-de-crisis","status":"publish","type":"page","link":"https:\/\/ihntogether.org\/es\/more-services\/crisis-services\/","title":{"rendered":"Servicios de crisis"},"content":{"rendered":"<section id=\"block_224dd6fa445c2c63a86709bce3cf35b5\" class=\"shs-block block-section grid-container has-gray-warm-background-color\" >\n\t\t<div class=\"entry-content\">\n\n<h1 class=\"wp-block-heading\" id=\"h-crisis-hotlines\">L\u00edneas directas de crisis<\/h1>\n\n<\/div>\n\t<\/section>\n\n\n\n<section id=\"block_e3a73a040f1593180f75abdee7a5ffa5\" class=\"shs-block block-section grid-container has-white-background-color\" >\n\t\t<div class=\"entry-content\">\n\n<h2 class=\"wp-block-heading\">\u00bfQu\u00e9 debe hacer si tiene una crisis de salud mental?<\/h2>\n\n\n\n<p>Comience por llamar a su proveedor de salud mental, si tiene uno. Su proveedor est\u00e1 all\u00ed para ayudarlo en caso de una crisis de salud mental. Es posible que tenga un n\u00famero de tel\u00e9fono fuera del horario laboral. Aseg\u00farese de tener ese n\u00famero de tel\u00e9fono guardado y listo para usar.<\/p>\n\n\n\n<p><strong>Si no cuenta con un proveedor de salud mental, llame, env\u00ede un mensaje de texto o chatee al 988 para recibir atenci\u00f3n compasiva y apoyo de consejeros de crisis capacitados. Hay alguien disponible para responder su llamada las 24 horas del d\u00eda, los siete d\u00edas de la semana.<\/strong><\/p>\n\n\n\n<p>Obtenga m\u00e1s informaci\u00f3n sobre 988 en <a href=\"https:\/\/988lifeline.org\/\" target=\"_blank\" rel=\"noreferrer noopener\">988lifeline.org<\/a>.<\/p>\n\n\n\n<h3 class=\"wp-block-heading\">Recursos en su comunidad<\/h3>\n\n\n\n<p><strong>Departamento de Salud del Condado de Benton:<\/strong><\/p>\n\n\n\n<ul class=\"wp-block-list\">\n<li><a href=\"https:\/\/health.bentoncountyor.gov\/crisis-services\/\" target=\"_blank\" rel=\"noreferrer noopener\">Visita el sitio web<\/a>.<\/li>\n\n\n\n<li>Tel\u00e9fono: \u00a0<a href=\"tel:888-232-7192\">888-232-7192<\/a>.<\/li>\n<\/ul>\n\n\n\n<p><strong>Servicios Humanos y de Salud del Condado de Lincoln:<\/strong><\/p>\n\n\n\n<ul class=\"wp-block-list\">\n<li><a href=\"https:\/\/www.co.lincoln.or.us\/636\/Behavioral-Health\" target=\"_blank\" rel=\"noreferrer noopener\">Visita el sitio web<\/a>.<\/li>\n\n\n\n<li>Tel\u00e9fono:\u00a0 <a href=\"tel:866-266-0288\">866-266-0288<\/a>.<\/li>\n<\/ul>\n\n\n\n<p><strong>Salud mental del condado de Linn:<\/strong><\/p>\n\n\n\n<ul class=\"wp-block-list\">\n<li><a href=\"https:\/\/www.linncountyhealth.org\/services\/mental-health\/crisis\/\" target=\"_blank\" rel=\"noreferrer noopener\">Visita el sitio web<\/a>.<\/li>\n\n\n\n<li>Servicios en el lugar: de lunes a viernes de 8:30 a.m. to 5 p.m. en 445 Third Ave SW, Albany, Oregon llamando.<\/li>\n\n\n\n<li>Tel\u00e9fono: \u00a0<a href=\"tel:541-967-3866\">541-967-3866<\/a>\u00a0o\u00a0<a href=\"tel:800-304-7468\">800-304-7468<\/a>.<\/li>\n<\/ul>\n\n\n\n<h3 class=\"wp-block-heading\">L\u00edneas para la vida&nbsp;<\/h3>\n\n\n\n<p><a href=\"https:\/\/www.linesforlife.org\/\" target=\"_blank\" rel=\"noreferrer noopener\">L\u00edneas para la vida<\/a>&nbsp;est\u00e1 ah\u00ed para ayudarle a prevenir el suicidio o el abuso de sustancias. Su personal y voluntarios son especialistas altamente capacitados en intervenci\u00f3n en crisis. Est\u00e1n ah\u00ed para ofrecer ayuda confidencial y esperanza a las personas y sus seres queridos durante una crisis o cuando necesitan ayuda por adicci\u00f3n a las drogas, abuso de alcohol, pensamientos de suicidio y otros problemas de salud mental. Aunque los servicios est\u00e1n disponibles para cualquier persona que los necesite, est\u00e1n destinados a apoyar a quienes luchan contra la adicci\u00f3n y la recuperaci\u00f3n, miembros del servicio militar, veteranos, adultos mayores, j\u00f3venes y sus familias.<\/p>\n\n\n\n<ul class=\"wp-block-list\">\n<li>L\u00ednea de vida contra el suicidio: <a href=\"tel:800-273-8255\">800-273-8255<\/a>.<\/li>\n\n\n\n<li>L\u00ednea de ayuda sobre alcohol y drogas:\u00a0 <a href=\"tel:800-923-4357\">800-923-4357<\/a>.<\/li>\n\n\n\n<li>L\u00ednea de ayuda militar:\u00a0 <a href=\"tel:888-457-4838\">888-457-4838<\/a>.<\/li>\n\n\n\n<li>L\u00ednea Juvenil:\u00a0 <a href=\"tel:877-968-8491\">877-968-8491<\/a>.<\/li>\n<\/ul>\n\n<\/div>\n\t<\/section>\n\n\n\n<section id=\"block_67408a9ca4ec4e13da68c928a8104fdf\" class=\"shs-block block-section grid-container has-charcoal-background-color\" >\n\t\t<div class=\"entry-content\">\n\n<h2 class=\"wp-block-heading\">L\u00ednea c\u00e1lida<\/h2>\n\n\n\n<p>Warmline le brinda la oportunidad de hablar con personas que han vivido problemas de salud mental o adicciones. Es otra opci\u00f3n a una l\u00ednea de crisis. Warmline es operada por \u201cpares\u201d capacitados, personas que est\u00e1n en recuperaci\u00f3n. Puede llamar al&nbsp;<a href=\"http:\/\/communitycounselingsolutions.org\/warmline\/\" target=\"_blank\" rel=\"noreferrer noopener\">David Romprey Oregon Warmline<\/a>&nbsp;en&nbsp;<a href=\"tel:800-698-2392\">800-698-2392<\/a>, siete d\u00edas a la semana de 9 a m a 11 p m.<\/p>\n\n<\/div>\n\t<\/section>\n\n\n\n<section id=\"block_e3a73a040f1593180f75abdee7a5ffa5\" class=\"shs-block block-section grid-container has-white-background-color\" >\n\t\t<div class=\"entry-content\">\n\n<h2 class=\"wp-block-heading\">Cu\u00e1ndo debe acudir a urgencias<\/h2>\n\n\n\n<p>Vaya a la sala de emergencias si no puede comunicarse con su proveedor o servicios de crisis o si siente que podr\u00eda lastimarse a s\u00ed mismo o a otra persona.<br><br>Si tiene una emergencia m\u00e9dica, llame al 911.<\/p>\n\n<\/div>\n\t<\/section>\n\n\n\n<section id=\"block_224dd6fa445c2c63a86709bce3cf35b5\" class=\"shs-block block-section grid-container has-gray-warm-background-color\" >\n\t\t<div class=\"entry-content\">\n\n<h2 class=\"wp-block-heading\">Elaborar un plan de prevenci\u00f3n de crisis<\/h2>\n\n\n\n<p>Un plan de prevenci\u00f3n de crisis le ayudar\u00e1 a usted, a sus personas de apoyo y a su proveedor a prepararse para los momentos en que la vida parezca demasiado dif\u00edcil de manejar. Este plan est\u00e1 dise\u00f1ado para ayudar a hablar sobre lo que podr\u00eda ayudar cuando se necesite apoyo o acci\u00f3n adicional. IHN-CCO lo alienta a hablar con una persona que comprenda sus fortalezas y desaf\u00edos para que lo ayude a elaborar este plan. Es mejor preparar este plan cuando se sienta bien consigo mismo y con su vida.<br><br>Haz un plan que se adapte a ti y funcione para ti. Puedes completar este plan por tu cuenta, con la ayuda de un compa\u00f1ero, un familiar, un amigo o un proveedor de salud mental.<br><br>Mantenga su plan de prevenci\u00f3n de crisis a mano para usted y sus personas de apoyo. Considere tener copias en varios lugares:<\/p>\n\n\n\n<ul class=\"wp-block-list\">\n<li>Mant\u00e9n tu plan en un lugar donde puedas encontrarlo f\u00e1cilmente.<\/li>\n\n\n\n<li>Entregue una copia a su proveedor de salud mental.<\/li>\n\n\n\n<li>Entregue una copia al equipo local de respuesta a crisis psiqui\u00e1tricas.&nbsp;<\/li>\n<\/ul>\n\n<\/div>\n\t<\/section>","protected":false},"excerpt":{"rendered":"<p>Conozca algunos recursos disponibles para los miembros en tiempos de crisis.<\/p>","protected":false},"author":18,"featured_media":0,"parent":11,"menu_order":2,"comment_status":"closed","ping_status":"closed","template":"","meta":{"_acf_changed":false,"_searchwp_excluded":"","_shs_workflow_notes":"","_shs_exclude_from_navigation":false,"_shs_promote_article_on_blogs":"","footnotes":""},"class_list":["post-39","page","type-page","status-publish","hentry"],"acf":[],"_links":{"self":[{"href":"https:\/\/ihntogether.org\/es\/wp-json\/wp\/v2\/pages\/39","targetHints":{"allow":["GET"]}}],"collection":[{"href":"https:\/\/ihntogether.org\/es\/wp-json\/wp\/v2\/pages"}],"about":[{"href":"https:\/\/ihntogether.org\/es\/wp-json\/wp\/v2\/types\/page"}],"author":[{"embeddable":true,"href":"https:\/\/ihntogether.org\/es\/wp-json\/wp\/v2\/users\/18"}],"replies":[{"embeddable":true,"href":"https:\/\/ihntogether.org\/es\/wp-json\/wp\/v2\/comments?post=39"}],"version-history":[{"count":0,"href":"https:\/\/ihntogether.org\/es\/wp-json\/wp\/v2\/pages\/39\/revisions"}],"up":[{"embeddable":true,"href":"https:\/\/ihntogether.org\/es\/wp-json\/wp\/v2\/pages\/11"}],"wp:attachment":[{"href":"https:\/\/ihntogether.org\/es\/wp-json\/wp\/v2\/media?parent=39"}],"curies":[{"name":"Gracias","href":"https:\/\/api.w.org\/{rel}","templated":true}]}}