{"id":4,"date":"2023-04-28T18:54:21","date_gmt":"2023-04-29T01:54:21","guid":{"rendered":"https:\/\/samhealth.org\/ihn\/?page_id=4"},"modified":"2026-03-10T13:11:46","modified_gmt":"2026-03-10T20:11:46","slug":"pagina-principal","status":"publish","type":"page","link":"https:\/\/ihntogether.org\/es\/","title":{"rendered":"IHN\u2013CCO \u2013 P\u00e1gina de inicio"},"content":{"rendered":"<aside role=\"region\" aria-roledescription=\"carousel\" class=\"shs-block slideshow glide\" aria-labelledby=\"carousel_heading\">\n\t<h2 id=\"carousel_heading\" class=\"sr-only\">Anuncios de la IHN-CCO<\/h2>\n\t<div class=\"glide__track\" data-glide-el=\"track\">\n\t\t<ul class=\"glide__slides\" role=\"presentation\">\n\t\t\t\t\t\t\t\t\t\t\t<li id=\"carousel-item-0\" class=\"slide glide__slide grid-container has-white-background-color has-content-right\" role=\"group\" aria-roledescription=\"Slide\" aria-labelledby=\"carousel-item-0__heading\" style=\"background-image: url(https:\/\/ihntogether.org\/wp-content\/uploads\/sites\/4\/SHS-Brand-Illustration-Final-LORES.jpg); background-position:50% 50%;\">\n\t\t\t\t\t<article class=\"slide-content has-contrast-box\">\n\n\t\t\t\t\t\t\n\t\t\t\t\t\t<h3 id=\"carousel-item-0__heading\" class=\"slide-title\">\n\t\t\t\t\t\t<span class=\"slide-title--part is-m\">Samaritan Health Services, InterCommunity Health Network CCO y Samaritan Health Plans se afiliar\u00e1n a MultiCare<\/span>\n\t\t\t\t\t\t\t\t\t\t\t\t<\/h3>\n\n\t\t\t\t\t\t<p><\/p>\n\t\t\t\t\t\t\t\t\t\t\t\t\t<a href=\"https:\/\/samhealth.org\/about-samaritan\/our-organization\/samaritan-multicare-affiliation\/\" target=\"_blank\" class=\"shs-button\" rel=\"noopener\">M\u00e1s informaci\u00f3n<\/a>\n\t\t\t\t\t\t\t\t\t\t\t\t<\/article>\n\t\t\t\t<\/li>\n\t\t\t\t\t\t\t\t\t\t\t\t\t\t\t\t<li id=\"carousel-item-1\" class=\"slide glide__slide grid-container has-gray-warm-background-color has-content-right\" role=\"group\" aria-roledescription=\"Slide\" aria-labelledby=\"carousel-item-1__heading\" style=\"background-image: url(https:\/\/ihntogether.org\/wp-content\/uploads\/sites\/4\/2026-IHN-CCO-Well-Child-Checks-SS.jpg); background-position:50% 50%;\">\n\t\t\t\t\t<article class=\"slide-content has-contrast-box\">\n\n\t\t\t\t\t\t\n\t\t\t\t\t\t<h3 id=\"carousel-item-1__heading\" class=\"slide-title\">\n\t\t\t\t\t\t<span class=\"slide-title--part is-m\">Programe el chequeo m\u00e9dico gratuito para su hijo<\/span>\n\t\t\t\t\t\t\t\t\t\t\t\t<\/h3>\n\n\t\t\t\t\t\t<p><\/p>\n\t\t\t\t\t\t\t\t\t\t\t\t\t<a href=\"https:\/\/samhealth.org\/news\/schedule-a-well-child-visit-with-your-provider\/\" target=\"_blank\" class=\"shs-button\" rel=\"noopener\">M\u00e1s informaci\u00f3n<\/a>\n\t\t\t\t\t\t\t\t\t\t\t\t<\/article>\n\t\t\t\t<\/li>\n\t\t\t\t\t\t\t\t\t\t\t\t\t\t\t\t<li id=\"carousel-item-2\" class=\"slide glide__slide grid-container has-gray-warm-background-color has-content-left\" role=\"group\" aria-roledescription=\"Slide\" aria-labelledby=\"carousel-item-2__heading\" style=\"background-image: url(https:\/\/ihntogether.org\/wp-content\/uploads\/sites\/4\/Dad-holding-small-baby-in-bedroom-SS-scaled.jpg); background-position:70% 60%;\">\n\t\t\t\t\t<article class=\"slide-content has-contrast-box\">\n\n\t\t\t\t\t\t\n\t\t\t\t\t\t<h3 id=\"carousel-item-2__heading\" class=\"slide-title\">\n\t\t\t\t\t\t<span class=\"slide-title--part is-m\">\u00bfQu\u00e9 son las necesidades sociales relacionadas con la salud?<\/span>\n\t\t\t\t\t\t\t\t\t\t\t\t<\/h3>\n\n\t\t\t\t\t\t<p>Pueden incluir servicios relacionados con el clima, la vivienda y la nutrici\u00f3n. Obtenga m\u00e1s informaci\u00f3n y compruebe si re\u00fane los requisitos.<\/p>\n\t\t\t\t\t\t\t\t\t\t\t\t\t<a href=\"https:\/\/ihntogether.org\/es\/transformando-la-atencion-sanitaria\/necesidades-sociales-relacionadas-con-la-salud\/\" target=\"_blank\" class=\"shs-button\">M\u00e1s informaci\u00f3n<\/a>\n\t\t\t\t\t\t\t\t\t\t\t\t<\/article>\n\t\t\t\t<\/li>\n\t\t\t\t\t\t\t\t\t\t\t\t\t\t\t\t<li id=\"carousel-item-3\" class=\"slide glide__slide grid-container has-ash-background-color has-content-left\" role=\"group\" aria-roledescription=\"Slide\" aria-labelledby=\"carousel-item-3__heading\" style=\"background-image: url(https:\/\/ihntogether.org\/wp-content\/uploads\/sites\/4\/supportive-clasped-hands-SS.jpg); background-position:50% 50%;\">\n\t\t\t\t\t<article class=\"slide-content has-contrast-box\">\n\n\t\t\t\t\t\t\n\t\t\t\t\t\t<h3 id=\"carousel-item-3__heading\" class=\"slide-title\">\n\t\t\t\t\t\t<span class=\"slide-title--part is-m\">Apoyando a nuestra comunidad a trav\u00e9s de cambios en las pol\u00edticas federales<\/span>\n\t\t\t\t\t\t\t\t\t\t\t\t<\/h3>\n\n\t\t\t\t\t\t<p>IHN-CCO est\u00e1 profundamente comprometido con su salud, bienestar y acceso equitativo a la atenci\u00f3n, especialmente en tiempos de incertidumbre. <\/p>\n\t\t\t\t\t\t\t\t\t\t\t\t\t<a href=\"https:\/\/ihntogether.org\/es\/en-tu-comunidad\/orientacion-para-miembros\/\" target=\"_blank\" class=\"shs-button\">Lea nuestra gu\u00eda para miembros<\/a>\n\t\t\t\t\t\t\t\t\t\t\t\t<\/article>\n\t\t\t\t<\/li>\n\t\t\t\t\t\t\t\t\t\t\t\t\t\t\t\t<li id=\"carousel-item-4\" class=\"slide glide__slide grid-container has-ash-background-color has-content-left\" role=\"group\" aria-roledescription=\"Slide\" aria-labelledby=\"carousel-item-4__heading\" style=\"background-image: url(https:\/\/ihntogether.org\/wp-content\/uploads\/sites\/4\/2023\/11\/988-crisis-prevention-line-002-SS.jpg); background-position:50% 50%;\">\n\t\t\t\t\t<article class=\"slide-content\">\n\n\t\t\t\t\t\t\t\t\t\t\t\t<figure class=\"image\">\n\t\t\t\t\t\t\t<img decoding=\"async\" src=\"https:\/\/ihntogether.org\/wp-content\/uploads\/sites\/4\/2023\/11\/crisis-lifeline-988-square-103px-100x100.png\" alt=\"\" width=\"100\" height=\"100\" loading=\"lazy\">\n\t\t\t\t\t\t<\/figure>\n\t\t\t\t\t\t\n\t\t\t\t\t\t<h3 id=\"carousel-item-4__heading\" class=\"slide-title\">\n\t\t\t\t\t\t<span class=\"slide-title--part is-m\">La l\u00ednea de ayuda nacional contra el suicidio y las crisis ya est\u00e1 disponible en Oregon<\/span>\n\t\t\t\t\t\t\t\t\t\t\t\t<\/h3>\n\n\t\t\t\t\t\t<p>Puede llamar, enviar un mensaje de texto o chatear al 988 desde cualquier lugar del pa\u00eds para recibir atenci\u00f3n compasiva y apoyo de consejeros de crisis capacitados.<\/p>\n\t\t\t\t\t\t\t\t\t\t\t\t\t<a href=\"https:\/\/ihntogether.org\/es\/oregon-lanza-la-linea-de-ayuda-para-casos-de-suicidio-988\/\" target=\"_blank\" class=\"shs-button\">M\u00e1s informaci\u00f3n<\/a>\n\t\t\t\t\t\t\t<div class=\"has-overlay\"><\/div>\t\t\t\t\t<\/article>\n\t\t\t\t<\/li>\n\t\t\t\t\t\t\t\t\t\t<\/ul>\n\t<\/div>\n\t<div class=\"glide__arrows\" data-glide-el=\"controls\" role=\"group\" aria-label=\"Controles deslizantes\">\n\t\t<button class=\"glide__arrow glide__arrow--left\" data-glide-dir=\"&lt;\" aria-label=\"Diapositiva anterior\"><span class=\"sr-only\">Anterior<\/span><\/button>\n\t\t<button class=\"glide__arrow glide__arrow--right\" data-glide-dir=\"&gt;\" aria-label=\"Diapositiva siguiente\"><span class=\"sr-only\">Pr\u00f3ximo<\/div><\/button>\n\t<\/div>\n\t<div class=\"glide__bullets\" data-glide-el=\"controls&#91;nav&#93;\">\n\t\t\t\t\t<button class=\"glide__bullet\" data-glide-dir=\"=0\"><span class=\"sr-only\">Diapositiva 0<\/span><\/button>\n\t\t\t\t\t\t<button class=\"glide__bullet\" data-glide-dir=\"=1\"><span class=\"sr-only\">Diapositiva 1<\/span><\/button>\n\t\t\t\t\t\t<button class=\"glide__bullet\" data-glide-dir=\"=2\"><span class=\"sr-only\">Diapositiva 2<\/span><\/button>\n\t\t\t\t\t\t<button class=\"glide__bullet\" data-glide-dir=\"=3\"><span class=\"sr-only\">Diapositiva 3<\/span><\/button>\n\t\t\t\t\t\t<button class=\"glide__bullet\" data-glide-dir=\"=4\"><span class=\"sr-only\">Diapositiva 4<\/span><\/button>\n\t\t\t\t<\/div>\n<\/aside>\n\n\n\n<section id=\"block_48bc32607af83f4b9b3242755c0fa2d0\" class=\"shs-block block-slim-section grid-container has-white-background-color\">\n\n\t<div class=\"entry-content\">\n\n<h2 class=\"wp-block-heading\" id=\"h-covid-19-vaccine\">Vacuna para el COVID-19<\/h2>\n\n\n\n<p>Obtenga informaci\u00f3n sobre la vacuna contra el COVID-19 y c\u00f3mo obtenerla de Samaritan Health Services y sus socios de salud del condado. Descubra si es elegible en&nbsp;<a href=\"https:\/\/getvaccinated.oregon.gov\/#\/\" target=\"_blank\" rel=\"noreferrer noopener\">GetVaccinated.Oregon.gov<\/a>.<\/p>\n\n\n\n<div class=\"wp-block-buttons is-layout-flex wp-block-buttons-is-layout-flex\">\n<div class=\"wp-block-button\"><a class=\"wp-block-button__link wp-element-button\" href=\"https:\/\/samhealthplans.org\/plan-members\/coronavirus-updates-for-members\/\" target=\"_blank\" rel=\"noreferrer noopener\">Vacuna para el COVID-19<\/a><\/div>\n<\/div>\n\n<\/div>\n\n\t<\/section>\n\n\n\n<section id=\"block_55eacf4606acfa77aa49a1c30c4c9ade\" class=\"shs-block block-section grid-container has-gray-warm-background-color has-full-bleed-image col-reverse\" >\n\t\t\t<figure class=\"image\"\n\t\t\tstyle=\"background-image: url(https:\/\/ihntogether.org\/wp-content\/uploads\/sites\/4\/2023\/11\/Father-Carrying-Daughter-On-Back.jpg)\" \t\t\t>\n\t\t\t<img decoding=\"async\" src=\"https:\/\/ihntogether.org\/wp-content\/uploads\/sites\/4\/2023\/11\/Father-Carrying-Daughter-On-Back.jpg\" class=\"attachment-full size-full\" alt=\"\" \/>\t\t<\/figure>\n\t\t<div class=\"entry-content\">\n\n<h2 class=\"wp-block-heading\" id=\"h-explore-your-member-benefits\">Explora los beneficios de ser miembro<\/h2>\n\n\n\n<p>Como miembro, usted tiene muchos beneficios de atenci\u00f3n m\u00e9dica. Le facilitamos la comprensi\u00f3n de lo que est\u00e1 cubierto y lo que no. Tambi\u00e9n tiene servicios especiales disponibles cuando los necesita.<\/p>\n\n\n\n<div class=\"wp-block-buttons is-layout-flex wp-block-buttons-is-layout-flex\">\n<div class=\"wp-block-button\"><a class=\"wp-block-button__link wp-element-button\" href=\"https:\/\/ihntogether.org\/es\/sus-beneficios\/resumen-de-sus-beneficios\/\">Conozca los beneficios de ser miembro<\/a><\/div>\n\n\n\n<div class=\"wp-block-button\"><a class=\"wp-block-button__link wp-element-button\" href=\"https:\/\/ihntogether.org\/es\/mas-servicios\/\">Vea qu\u00e9 servicios especiales ofrecemos<\/a><\/div>\n\n\n\n<div class=\"wp-block-button\"><a class=\"wp-block-button__link wp-element-button\" href=\"https:\/\/ihntogether.org\/es\/encontrar-atencion\/busqueda-de-proveedores\/\">Encuentra atenci\u00f3n<\/a><\/div>\n\n\n\n<div class=\"wp-block-button\"><a class=\"wp-block-button__link wp-element-button\" href=\"https:\/\/ihntogether.org\/es\/sus-beneficios\/manual-del-miembro\/\">Manual del miembro<\/a><\/div>\n<\/div>\n\n<\/div>\n\t<\/section>\n\n\n\n<section id=\"block_4efb8cbe6c73d9ce4f65d7d284a21656\" class=\"shs-block block-section grid-container has-white-background-color has-full-bleed-image\" >\n\t\t\t<figure class=\"image\"\n\t\t\tstyle=\"background-image: url(https:\/\/ihntogether.org\/wp-content\/uploads\/sites\/4\/2023\/11\/IHN-Learn-about-your-coverage-960-3.jpg)\" \t\t\t>\n\t\t\t<img loading=\"lazy\" decoding=\"async\" width=\"960\" height=\"600\" src=\"https:\/\/ihntogether.org\/wp-content\/uploads\/sites\/4\/2023\/11\/IHN-Learn-about-your-coverage-960-3.jpg\" class=\"attachment-full size-full\" alt=\"Un primer plano de una tarjeta de beneficios de IHN-CCO sostenida en una ilustraci\u00f3n de una mano.\" srcset=\"https:\/\/ihntogether.org\/wp-content\/uploads\/sites\/4\/2023\/11\/IHN-Learn-about-your-coverage-960-3.jpg 960w, https:\/\/ihntogether.org\/wp-content\/uploads\/sites\/4\/2023\/11\/IHN-Learn-about-your-coverage-960-3-300x188.jpg 300w, https:\/\/ihntogether.org\/wp-content\/uploads\/sites\/4\/2023\/11\/IHN-Learn-about-your-coverage-960-3-768x480.jpg 768w, https:\/\/ihntogether.org\/wp-content\/uploads\/sites\/4\/2023\/11\/IHN-Learn-about-your-coverage-960-3-18x12.jpg 18w, https:\/\/ihntogether.org\/wp-content\/uploads\/sites\/4\/2023\/11\/IHN-Learn-about-your-coverage-960-3-160x100.jpg 160w\" sizes=\"auto, (max-width: 960px) 100vw, 960px\" \/>\t\t<\/figure>\n\t\t<div class=\"entry-content\">\n\n<h2 class=\"wp-block-heading\" id=\"h-ihn-cco-is-your-oregon-health-plan-learn-about-your-coverage\">IHN-CCO es su plan de salud en Oregon: conozca m\u00e1s sobre su cobertura<\/h2>\n\n\n\n<p>\u00bfQuiere saber m\u00e1s sobre su cobertura, su tarjeta de identificaci\u00f3n de miembro o a qui\u00e9n contactar si tiene preguntas? Vea un video para obtener m\u00e1s informaci\u00f3n.<\/p>\n\n\n\n<div class=\"wp-block-buttons is-layout-flex wp-block-buttons-is-layout-flex\">\n<div class=\"wp-block-button\"><a class=\"wp-block-button__link wp-element-button\" href=\"https:\/\/www.youtube.com\/watch?v=ELz2WJUtfWw&amp;t=3s\" target=\"_blank\" rel=\"noreferrer noopener\">View in English<\/a><\/div>\n<\/div>\n\n\n\n<p>\u00bfQuiere saber m\u00e1s sobre su cobertura, su tarjeta de identificaci\u00f3n de miembro oa qui\u00e9n contactar cuando tenga preguntas? Vea este video para obtener m\u00e1s informaci\u00f3n.<\/p>\n\n\n\n<div class=\"wp-block-buttons is-layout-flex wp-block-buttons-is-layout-flex\">\n<div class=\"wp-block-button\"><a class=\"wp-block-button__link wp-element-button\" href=\"https:\/\/www.youtube.com\/watch?v=wqVZpIcwO9g&amp;t=4s\" target=\"_blank\" rel=\"noreferrer noopener\">Ver en espa\u00f1ol<\/a><\/div>\n<\/div>\n\n<\/div>\n\t<\/section>\n\n\n\n<section id=\"block_0b538bcacbc249cb988ab352af3ab811\" class=\"shs-block block-section grid-container has-gray-warm-background-color has-full-bleed-image col-reverse\" >\n\t\t\t<figure class=\"image\"\n\t\t\tstyle=\"background-image: url(https:\/\/ihntogether.org\/wp-content\/uploads\/sites\/4\/woman-at-her-laptop-RECT.jpg)\" \t\t\t>\n\t\t\t<img loading=\"lazy\" decoding=\"async\" width=\"960\" height=\"600\" src=\"https:\/\/ihntogether.org\/wp-content\/uploads\/sites\/4\/woman-at-her-laptop-RECT.jpg\" class=\"attachment-full size-full\" alt=\"Una mujer sentada frente a su computadora port\u00e1til y leyendo mientras est\u00e1 sentada en una mesa en casa.\" srcset=\"https:\/\/ihntogether.org\/wp-content\/uploads\/sites\/4\/woman-at-her-laptop-RECT.jpg 960w, https:\/\/ihntogether.org\/wp-content\/uploads\/sites\/4\/woman-at-her-laptop-RECT-300x188.jpg 300w, https:\/\/ihntogether.org\/wp-content\/uploads\/sites\/4\/woman-at-her-laptop-RECT-768x480.jpg 768w, https:\/\/ihntogether.org\/wp-content\/uploads\/sites\/4\/woman-at-her-laptop-RECT-18x12.jpg 18w, https:\/\/ihntogether.org\/wp-content\/uploads\/sites\/4\/woman-at-her-laptop-RECT-160x100.jpg 160w\" sizes=\"auto, (max-width: 960px) 100vw, 960px\" \/>\t\t<\/figure>\n\t\t<div class=\"entry-content\">\n\n<h2 class=\"wp-block-heading\" id=\"h-what-is-redetermination\">\u00bfQu\u00e9 es la redeterminaci\u00f3n?<\/h2>\n\n\n\n<p>Toda persona que actualmente est\u00e9 cubierta por Medicaid o por el OHP tendr\u00e1 que pasar por el proceso de redeterminaci\u00f3n. Cuando llegue el momento de renovar su plan de salud, recibir\u00e1 una carta del OHP. Debe actualizar su informaci\u00f3n en ese momento para asegurarse de que a\u00fan califica para la cobertura de salud.<\/p>\n\n\n\n<div class=\"wp-block-buttons is-layout-flex wp-block-buttons-is-layout-flex\">\n<div class=\"wp-block-button\"><a class=\"wp-block-button__link wp-element-button\" href=\"https:\/\/ihntogether.org\/es\/sus-beneficios\/renovacion-de-su-plan-de-salud-de-oregon\/\">Obtenga m\u00e1s informaci\u00f3n sobre la redeterminaci\u00f3n<\/a><\/div>\n<\/div>\n\n<\/div>\n\t<\/section>\n\n\n\n<section id=\"block_e4c336ece39f416e86c620901cf1c95a\" class=\"shs-block block-section grid-container has-white-background-color\" >\n\t\t<div class=\"entry-content\">\n\n<h2 class=\"wp-block-heading\" id=\"h-how-we-serve-you\">C\u00f3mo le servimos<\/h2>\n\n\n\n<p>Somos una organizaci\u00f3n de atenci\u00f3n coordinada de la red de salud intercomunitaria. Para simplificarlo, puede llamarnos IHN-CCO. Algunos de ustedes nos conoc\u00edan en el pasado simplemente como IHN. Hoy, somos algo nuevo. Somos m\u00e9dicos locales, gobiernos de condado, organizaciones sin fines de lucro y ciudadanos apasionados que trabajamos juntos para mejorar nuestra salud y atenci\u00f3n m\u00e9dica.<\/p>\n\n\n\n<p>Estas son algunas de las formas en que estamos cambiando el funcionamiento de la atenci\u00f3n m\u00e9dica en su comunidad:<\/p>\n\n\n\n<h3 class=\"wp-block-heading\" id=\"h-community-advisory-council\"><a href=\"https:\/\/ihntogether.org\/es\/consejo-asesor-comunitario\/\">Community Advisory Council<\/a><\/h3>\n\n\n\n<p>Nuestros miembros y otros ciudadanos nos aconsejan sobre lo que es importante. Vea sus consejos para mejorar la salud de su comunidad.<\/p>\n\n\n\n<h3 class=\"wp-block-heading\" id=\"h-transformation-plans\"><a href=\"https:\/\/ihntogether.org\/es\/transformando-la-atencion-sanitaria\/informes-de-transformacion\/\">Planes de transformaci\u00f3n<\/a><\/h3>\n\n\n\n<p>Buscamos continuamente formas de mejorar su atenci\u00f3n m\u00e9dica. Lea nuestros planes para cambiar la atenci\u00f3n m\u00e9dica y conozca los avances que hemos logrado.<\/p>\n\n\n\n<h3 class=\"wp-block-heading\" id=\"h-pilot-projects\"><a href=\"https:\/\/ihntogether.org\/es\/transformando-la-atencion-sanitaria\/proyectos-piloto\/\">Proyectos piloto<\/a><\/h3>\n\n\n\n<p>Los m\u00e9dicos locales y otros colaboradores comunitarios desarrollan continuamente ideas que marcan una diferencia real en la mejora de la atenci\u00f3n m\u00e9dica y el acceso a ella. Obtenga m\u00e1s informaci\u00f3n sobre estos proyectos piloto.&nbsp;<\/p>\n\n<\/div>\n\t<\/section>\n\n\n\n<section id=\"block_fe768090ff175d4212c1940398e6c61a\" class=\"shs-block block-slim-section grid-container has-breeze-background-color\">\n\n\t<div class=\"entry-content\">\n\n<h2 class=\"wp-block-heading\" id=\"h-join-the-ihn-cco-community-advisory-council\">\u00danase al Consejo Asesor Comunitario de IHN-CCO<\/h2>\n\n\n\n<p>El Consejo Asesor Comunitario (CAC) de IHN-CCO est\u00e1 formado por miembros de la comunidad local y representantes del gobierno del condado. Escuche a algunos de nuestros representantes en este breve video y luego obtenga m\u00e1s informaci\u00f3n sobre c\u00f3mo participar en el Consejo.<\/p>\n\n\n\n<div class=\"wp-block-buttons is-layout-flex wp-block-buttons-is-layout-flex\">\n<div class=\"wp-block-button\"><a class=\"wp-block-button__link wp-element-button\" href=\"https:\/\/ihntogether.org\/es\/consejo-asesor-comunitario\/complicarse\/\">M\u00e1s informaci\u00f3n<\/a><\/div>\n<\/div>\n\n<\/div>\n\n\t<\/section>\n\n\n\n<section id=\"block_01d07acfed22759ca7414a02bedb0ef5\" class=\"shs-block block-section grid-container has-ash-background-color\" >\n\t\t<div class=\"entry-content\">\n\n<h2 class=\"wp-block-heading has-text-align-center\" id=\"h-need-help-call-or-email-us\">\u00bfNecesitas ayuda? Ll\u00e1manos o escr\u00edbenos<\/h2>\n\n\n<section id=\"block_2eeda204b07a0ea5f8b6b8445ea40a4c\" class=\"shs-block two-columns\">\n<div class=\"entry-content two-column-grid\">\n<div class=\"entry-content shs-block column\">\n\n<h3 class=\"wp-block-heading has-text-align-center\" id=\"h-call\"><strong>Llamar <\/strong><\/h3>\n\n\n\n<p>El servicio de atenci\u00f3n al cliente est\u00e1 disponible de lunes a viernes,<br>8 a.m. to 8 p.m.<\/p>\n\n\n\n<p><strong>Tel\u00e9fono:<\/strong> &nbsp;<a href=\"tel:541-768-7863\">541-768-7863<\/a><br><strong>Llamada gratuita:&nbsp;<\/strong> <a href=\"tel:866-203-3435\">866-203-3435<\/a><br><strong>Tel\u00e9fono de texto:<\/strong>&nbsp;<a href=\"tel:800-735-2900\">&nbsp;800-735-2900<\/a> o <a href=\"tel:711\">711<\/a><\/p>\n\n<\/div>\n\n\n<div class=\"entry-content shs-block column\">\n\n<h3 class=\"wp-block-heading has-text-align-center\" id=\"h-email\"><strong>Correo electr\u00f3nico<\/strong><\/h3>\n\n\n\n<p>Tambi\u00e9n puedes contactarnos a trav\u00e9s del correo electr\u00f3nico. <\/p>\n\n\n\n<p>Un representante responder\u00e1 a su correo electr\u00f3nico dentro de un d\u00eda h\u00e1bil.<\/p>\n\n\n\n<div class=\"wp-block-buttons is-layout-flex wp-block-buttons-is-layout-flex\">\n<div class=\"wp-block-button\"><a class=\"wp-block-button__link wp-element-button\" href=\"mailto:ihn-cco@samhealth.org\" target=\"_blank\" rel=\"noreferrer noopener\">Enviar un correo electr\u00f3nico<\/a><\/div>\n<\/div>\n\n<\/div>\n\n<\/div>\n<\/section>\n\n\n\n<h3 class=\"wp-block-heading\" id=\"h-translation-interpretation\">Traducci\u00f3n\/Interpretaci\u00f3n<\/h3>\n\n\n\n<p>Si necesita hablar con alguien en otro idioma, ll\u00e1menos durante el horario de oficina, 8 a.m. to 8 p.m., de lunes a viernes. (Para ayuda en espa\u00f1ol, por favor)&nbsp;<a href=\"https:\/\/es.ihntogether.org\/contactenos\">Haga clic aqu\u00ed<\/a>.)<\/p>\n\n\n\n<p>Hay int\u00e9rpretes disponibles sin costo. Los miembros, posibles miembros, familiares o cuidadores pueden solicitar un int\u00e9rprete.<\/p>\n\n<\/div>\n\t<\/section>\n\n\n<section id=\"block_9f6e502d48a0737d2d8bf4efa0f7986e\" class=\"shs-block block-related-news has-gray-warm-background-color\">\n\t<div class=\"list-grid\">\n\t\t<div class=\"list-grid--title\">\n\t\t\t\t\t\t<h2>\n\t\t\t\tNoticias\t\t\t<\/h2>\n\t\t\t\t\t\t\t\t<\/div>\n\t\t\t\t<div class=\"list-grid--layout cols-3\">\n\t\t\t<article class=\"cta--news shs-element-click\">\n\t<img loading=\"lazy\" decoding=\"async\" width=\"360\" height=\"303\" src=\"https:\/\/ihntogether.org\/wp-content\/uploads\/co-Mobile-Medicine-01.jpg\" class=\"attachment-cta size-cta wp-post-image\" alt=\"Cuatro mujeres, dos vestidas de blanco, una de azul y otra de negro, posan frente a un mural en una unidad m\u00e9dica m\u00f3vil.\" \/>\t<h3>\n\t\t<a href=\"https:\/\/samhealth.org\/es\/news\/mobile-prenatal-postpartum-clinic-launches-with-successful-open-house\/\" target=\"_blank\" rel=\"noopener\">\n\t\t\tSe inaugura una cl\u00ednica m\u00f3vil prenatal y posparto con una exitosa jornada de puertas abiertas.\t\t<\/a>\n\t<\/h3>\n<\/article>\n<article class=\"cta--news shs-element-click\">\n\t<img loading=\"lazy\" decoding=\"async\" width=\"360\" height=\"300\" src=\"https:\/\/ihntogether.org\/wp-content\/uploads\/StreetMedicine-CO.jpg\" class=\"attachment-cta size-cta wp-post-image\" alt=\"El Dr. Cosimo Storniolo y una enfermera del equipo de Medicina Callejera de la Cl\u00ednica de Salud Intercomunitaria Samaritana preparan el equipo necesario para atender a la comunidad.\" \/>\t<h3>\n\t\t<a href=\"https:\/\/samhealth.org\/es\/news\/street-medicine-in-action\/\" target=\"_blank\" rel=\"noopener\">\n\t\t\tLa medicina callejera ofrece esperanza y sanaci\u00f3n en las calles de Albany.\t\t<\/a>\n\t<\/h3>\n<\/article>\n<article class=\"cta--news shs-element-click\">\n\t<img loading=\"lazy\" decoding=\"async\" width=\"360\" height=\"300\" src=\"https:\/\/ihntogether.org\/wp-content\/uploads\/sites\/4\/child-with-sister-CO.jpg\" class=\"attachment-cta size-cta wp-post-image\" alt=\"Una hermana mayor abraza a su hermana peque\u00f1a.\" \/>\t<h3>\n\t\t<a href=\"https:\/\/ihntogether.org\/es\/news\/innovative-health-care-change\/\">\n\t\t\tLas voces de la comunidad impulsan cambios innovadores en la atenci\u00f3n m\u00e9dica.\t\t<\/a>\n\t<\/h3>\n<\/article>\n\t\t<\/div>\n\t<\/div>\n\t<\/section>","protected":false},"excerpt":{"rendered":"<p>InterCommunity Health Network CCO es la organizaci\u00f3n de atenci\u00f3n coordinada que atiende a los miembros del plan de salud Oregon en los condados Benton, Lincoln y Linn, Oregon. Estamos comprometidos a mejorar la salud de nuestras comunidades y, al mismo tiempo, reducir o contener el costo de la atenci\u00f3n.<\/p>","protected":false},"author":11,"featured_media":0,"parent":0,"menu_order":0,"comment_status":"closed","ping_status":"closed","template":"","meta":{"_acf_changed":false,"_searchwp_excluded":"","_shs_workflow_notes":"","_shs_exclude_from_navigation":false,"_shs_promote_article_on_blogs":"","footnotes":""},"class_list":["post-4","page","type-page","status-publish","hentry"],"acf":[],"_links":{"self":[{"href":"https:\/\/ihntogether.org\/es\/wp-json\/wp\/v2\/pages\/4","targetHints":{"allow":["GET"]}}],"collection":[{"href":"https:\/\/ihntogether.org\/es\/wp-json\/wp\/v2\/pages"}],"about":[{"href":"https:\/\/ihntogether.org\/es\/wp-json\/wp\/v2\/types\/page"}],"author":[{"embeddable":true,"href":"https:\/\/ihntogether.org\/es\/wp-json\/wp\/v2\/users\/11"}],"replies":[{"embeddable":true,"href":"https:\/\/ihntogether.org\/es\/wp-json\/wp\/v2\/comments?post=4"}],"version-history":[{"count":2,"href":"https:\/\/ihntogether.org\/es\/wp-json\/wp\/v2\/pages\/4\/revisions"}],"predecessor-version":[{"id":4878,"href":"https:\/\/ihntogether.org\/es\/wp-json\/wp\/v2\/pages\/4\/revisions\/4878"}],"wp:attachment":[{"href":"https:\/\/ihntogether.org\/es\/wp-json\/wp\/v2\/media?parent=4"}],"curies":[{"name":"Gracias","href":"https:\/\/api.w.org\/{rel}","templated":true}]}}