{"id":40,"date":"2023-05-01T15:37:03","date_gmt":"2023-05-01T22:37:03","guid":{"rendered":"https:\/\/samhealth.org\/ihn\/?page_id=40"},"modified":"2024-11-14T12:32:15","modified_gmt":"2024-11-14T20:32:15","slug":"trabajadores-de-salud-tradicionales","status":"publish","type":"page","link":"https:\/\/ihntogether.org\/es\/find-care\/traditional-health-workers\/","title":{"rendered":"Trabajadores de la salud tradicionales"},"content":{"rendered":"<section id=\"block_fee522a4e8a40b60201f3378a6de128e\" class=\"shs-block block-section grid-container has-gray-warm-background-color\" >\n\t\t<div class=\"entry-content\">\n\n<h1 class=\"wp-block-heading\" id=\"h-traditional-health-workers\">Trabajadores de la salud tradicionales<\/h1>\n\n<\/div>\n\t<\/section>\n\n\n\n<section id=\"block_cef3219701fcabcb8064efafb53a49c4\" class=\"shs-block block-section grid-container has-white-background-color\" >\n\t\t<div class=\"entry-content\">\n\n<h2 class=\"wp-block-heading\">Con\u00e9ctese con los recursos locales<\/h2>\n\n\n\n<p>Los trabajadores de la salud tradicionales (THW) promueven conductas saludables y pueden vincularlo con ayuda local. Todos los THW brindan recursos, educaci\u00f3n y trabajan con usted en lo que necesite. Pueden ir a su hogar. No necesita aprobaci\u00f3n previa ni una derivaci\u00f3n para ver a un THW. Puede decidir ver a un THW por su cuenta. Todos los THW han completado un programa de capacitaci\u00f3n. Est\u00e1n certificados por OHA.<\/p>\n\n<\/div>\n\t<\/section>\n\n\n\n<section id=\"block_fee522a4e8a40b60201f3378a6de128e\" class=\"shs-block block-section grid-container has-gray-warm-background-color\" >\n\t\t<div class=\"entry-content\">\n\n<h2 class=\"wp-block-heading\">\u00bfC\u00f3mo pueden ayudarme estos servicios?<\/h2>\n\n\n\n<p>Los trabajadores de la salud tradicionales pueden ayudar a concertar citas, encontrar transporte para acudir a las citas, acceder a alimentos, encontrar guarder\u00edas y realizar pruebas de detecci\u00f3n. A menudo, pueden acudir a su domicilio para ayudarle.<\/p>\n\n\n\n<h2 class=\"wp-block-heading\">\u00bfQu\u00e9 tipos de trabajadores de salud tradicionales existen?<\/h2>\n\n\n\n<ul class=\"wp-block-list\">\n<li><strong>Doulas de parto&nbsp;<\/strong>Brindarle apoyo a usted y a su familia durante el embarazo, el parto y despu\u00e9s del parto.<\/li>\n\n\n\n<li><strong>Trabajadores de salud comunitarios<\/strong>&nbsp;ayudarle a adoptar h\u00e1bitos saludables y guiarle en el proceso de salud<br>sistema de atenci\u00f3n.<\/li>\n\n\n\n<li><strong>Navegadores personales de salud<\/strong>&nbsp;Brindamos informaci\u00f3n, asistencia, herramientas y apoyo para ayudarle a tomar las mejores decisiones en materia de atenci\u00f3n m\u00e9dica.<\/li>\n\n\n\n<li><strong>Especialistas en apoyo entre pares<\/strong>&nbsp;Nos centramos en brindarle apoyo durante su recuperaci\u00f3n de adicciones y problemas de salud mental.<\/li>\n\n\n\n<li><strong>Especialistas en bienestar entre pares<\/strong>&nbsp;Son personas que han vivido con una condici\u00f3n de salud mental. Tienen capacitaci\u00f3n para ayudarlo y defenderlo.&nbsp;<\/li>\n<\/ul>\n\n\n\n<h3 class=\"wp-block-heading\">Algunas cosas en las que los THW pueden ayudarle son:<\/h3>\n\n\n\n<ul class=\"wp-block-list\">\n<li>Programar una visita.<\/li>\n\n\n\n<li>Encontrar un transporte para su visita.<\/li>\n\n\n\n<li>Obtener acceso a los alimentos.<\/li>\n\n\n\n<li>Encontrar cuidado infantil.<\/li>\n\n\n\n<li>Realizarse pruebas de detecci\u00f3n.<\/li>\n<\/ul>\n\n\n\n<h2 class=\"wp-block-heading\">\u00bfC\u00f3mo puedo obtener m\u00e1s informaci\u00f3n y conectarme con un trabajador de salud tradicional?<\/h2>\n\n\n\n<p>Comun\u00edquese con nuestro enlace de trabajadores de salud tradicionales para obtener m\u00e1s informaci\u00f3n sobre los trabajadores de salud tradicionales y c\u00f3mo cualquiera de estos tipos de proveedores puede ayudarlo. A nivel local, llame\u00a0\u00a0<a href=\"tel:541-768-7863\">541-768-7863<\/a>, o\u00a0<a href=\"tel:866-203-3435\">866-203-3435<\/a>\u00a0(TTY\u00a0<a href=\"tel:800-735-2900\">800-735-2900<\/a>\u00a0o\u00a0<a href=\"tel:711\">711<\/a>).<\/p>\n\n<\/div>\n\t<\/section>","protected":false},"excerpt":{"rendered":"<p>Aprenda sobre los trabajadores de salud tradicionales y c\u00f3mo obtener ayuda de uno.<\/p>","protected":false},"author":18,"featured_media":0,"parent":12,"menu_order":2,"comment_status":"closed","ping_status":"closed","template":"","meta":{"_acf_changed":false,"_searchwp_excluded":"","_shs_workflow_notes":"","_shs_exclude_from_navigation":false,"_shs_promote_article_on_blogs":"","footnotes":""},"class_list":["post-40","page","type-page","status-publish","hentry"],"acf":[],"_links":{"self":[{"href":"https:\/\/ihntogether.org\/es\/wp-json\/wp\/v2\/pages\/40","targetHints":{"allow":["GET"]}}],"collection":[{"href":"https:\/\/ihntogether.org\/es\/wp-json\/wp\/v2\/pages"}],"about":[{"href":"https:\/\/ihntogether.org\/es\/wp-json\/wp\/v2\/types\/page"}],"author":[{"embeddable":true,"href":"https:\/\/ihntogether.org\/es\/wp-json\/wp\/v2\/users\/18"}],"replies":[{"embeddable":true,"href":"https:\/\/ihntogether.org\/es\/wp-json\/wp\/v2\/comments?post=40"}],"version-history":[{"count":0,"href":"https:\/\/ihntogether.org\/es\/wp-json\/wp\/v2\/pages\/40\/revisions"}],"up":[{"embeddable":true,"href":"https:\/\/ihntogether.org\/es\/wp-json\/wp\/v2\/pages\/12"}],"wp:attachment":[{"href":"https:\/\/ihntogether.org\/es\/wp-json\/wp\/v2\/media?parent=40"}],"curies":[{"name":"Gracias","href":"https:\/\/api.w.org\/{rel}","templated":true}]}}