{"id":41,"date":"2023-05-01T15:37:37","date_gmt":"2023-05-01T22:37:37","guid":{"rendered":"https:\/\/samhealth.org\/ihn\/?page_id=41"},"modified":"2026-04-17T10:56:09","modified_gmt":"2026-04-17T17:56:09","slug":"promocion-y-prevencion-de-la-salud-conductual","status":"publish","type":"page","link":"https:\/\/ihntogether.org\/es\/in-your-community\/behavioral-health-promotion-and-prevention\/","title":{"rendered":"Promoci\u00f3n de la salud conductual"},"content":{"rendered":"<section id=\"block_ff66c27e0d656f1db66e59fc155d4300\" class=\"shs-block block-section grid-container has-gray-warm-background-color\" >\n\t\t<div class=\"entry-content\">\n\n<h1 class=\"wp-block-heading\" id=\"h-behavioral-health-promotion-amp-prevention\">Promoci\u00f3n y prevenci\u00f3n de la salud conductual<\/h1>\n\n<\/div>\n\t<\/section>\n\n\n\n<section id=\"block_6495a3b4e75c466be903e9776fe524d6\" class=\"shs-block block-section grid-container has-white-background-color\" >\n\t\t<div class=\"entry-content\">\n\n<h2 class=\"wp-block-heading\">\u00bfQu\u00e9 es la salud mental?<\/h2>\n\n\n\n<p>La salud mental es tu bienestar emocional, psicol\u00f3gico y social. Afecta qui\u00e9nes somos, c\u00f3mo actuamos en situaciones y c\u00f3mo reaccionamos al estr\u00e9s. La salud mental es importante en todas las etapas de la vida.<\/p>\n\n\n\n<h2 class=\"wp-block-heading\" id=\"h-maintaining-mental-health\">Mantener la salud mental<\/h2>\n\n\n\n<p>Mantener una buena salud mental es importante para el bienestar general, incluyendo la salud f\u00edsica. Si bien no siempre es f\u00e1cil, existen maneras de mantener una buena salud mental. Comprender los pasos y las herramientas que puede utilizar puede conducir a una vida de bienestar mental y f\u00edsico para usted, sus seres queridos y su comunidad.<\/p>\n\n\n\n<p>Una persona con buena salud mental es capaz de sentir y expresar una variedad de emociones, puede construir relaciones positivas con los dem\u00e1s, vive y trabaja de manera productiva y puede interactuar con el mundo que la rodea.<\/p>\n\n\n\n<p>Puede ayudar a un ni\u00f1o a desarrollar resiliencia y buena salud mental concentr\u00e1ndose en sus fortalezas, elogi\u00e1ndolo espec\u00edficamente por un logro, permiti\u00e9ndole expresar todo tipo de emociones, ense\u00f1\u00e1ndole el valor de ayudar a los dem\u00e1s y ayud\u00e1ndolo a comprender c\u00f3mo su comportamiento afecta a los dem\u00e1s.<\/p>\n\n\n\n<h2 class=\"wp-block-heading\">Oportunidades de capacitaci\u00f3n en salud conductual<\/h2>\n\n\n\n<div id=\"block_a0e0c842ece17e662057ec66a1bfe9bc\" class=\"shs-block accordion\">\n\t<h3 class=\"accordion-title\">\n\t\t<button\n\t\t\ttype=\"button\"\n\t\t\tid=\"accordion_title_69e7aa4db18616.99924324\"\n\t\t\tclass=\"accordion-control\" aria-expanded=\"false\"\n\t\t\taria-controls=\"accordion_panel_69e7aa4db18674.47202029\">Capacitaci\u00f3n sobre traumas <span class=\"iconfont-chevron-right\"><\/span><\/button>\n\t<\/h3>\n\t<section\n\t\tid=\"accordion_panel_69e7aa4db18674.47202029\"\n\t\tclass=\"accordion-panel\"\n\t\taria-labelledby=\"accordion_title_69e7aa4db18616.99924324\" style=\"height:0\">\n\t\t<div class=\"entry-content\">\n\n<p>La Atenci\u00f3n Informada sobre el Trauma (TIC) es una estructura organizativa y un marco de tratamiento que implica comprender, reconocer y responder a los efectos de todo tipo de trauma. La TIC enfatiza la seguridad f\u00edsica, psicol\u00f3gica y emocional tanto de los usuarios como de los proveedores, y ayuda a los sobrevivientes a reconstruir un sentido de control y empoderamiento. Las agencias y organizaciones informadas sobre el trauma adoptan principios y pr\u00e1cticas que promueven una cultura de seguridad, empoderamiento y sanaci\u00f3n. Con base en lo que sabemos sobre la prevalencia y el impacto del trauma, es necesario asegurar la adopci\u00f3n generalizada de la atenci\u00f3n informada sobre el trauma.<\/p>\n\n\n\n<p>Obtenga m\u00e1s informaci\u00f3n sobre la atenci\u00f3n informada sobre el trauma y c\u00f3mo las organizaciones pueden y est\u00e1n trabajando para estar m\u00e1s informadas sobre el trauma en Oregon en&nbsp;<a href=\"https:\/\/traumainformedoregon.org\/\" target=\"_blank\" rel=\"noreferrer noopener\">traumainformedoregon.org<\/a>.<\/p>\n\n\n\n<h4 class=\"wp-block-heading\" id=\"h-local-contact-information\">Informaci\u00f3n de contacto local<\/h4>\n\n\n\n<ul class=\"wp-block-list\">\n<li><strong>Condado de Benton:<\/strong>&nbsp;<a href=\"tel:541-766-0160\">541-766-0160<\/a>, <a href=\"mailto:BentonHealthyCommunities@bentoncountyor.gov\">BentonHealthyCommunities@bentoncountyor.gov<\/a><\/li>\n\n\n\n<li><strong>Condado de Lincoln<\/strong>:&nbsp;<a href=\"tel:541-265-0595\">541-265-0595<\/a>, <a href=\"mailto:healthpromotion@co.lincoln.or.us\">healthpromotion@co.lincoln.or.us<\/a><\/li>\n\n\n\n<li><strong>Condado de Linn:<\/strong>&nbsp;<a href=\"tel:541-967-3819\">541-967-3819<\/a>, <a href=\"https:\/\/988lifeline.org\/\" target=\"_blank\" rel=\"noreferrer noopener\">988lifeline.org<\/a><\/li>\n<\/ul>\n\n<\/div>\n\t<\/section>\n<\/div>\n\n\n\n<div id=\"block_17355139b4dbaf5a0519355ed99c109d\" class=\"shs-block accordion\">\n\t<h3 class=\"accordion-title\">\n\t\t<button\n\t\t\ttype=\"button\"\n\t\t\tid=\"accordion_title_69e7aa4db1ce12.42448974\"\n\t\t\tclass=\"accordion-control\" aria-expanded=\"false\"\n\t\t\taria-controls=\"accordion_panel_69e7aa4db1ce55.70119454\">Capacitaci\u00f3n en primeros auxilios en salud mental <span class=\"iconfont-chevron-right\"><\/span><\/button>\n\t<\/h3>\n\t<section\n\t\tid=\"accordion_panel_69e7aa4db1ce55.70119454\"\n\t\tclass=\"accordion-panel\"\n\t\taria-labelledby=\"accordion_title_69e7aa4db1ce12.42448974\" style=\"height:0\">\n\t\t<div class=\"entry-content\">\n\n<p>La mayor\u00eda de las personas saben si alguien se est\u00e1 ahogando o est\u00e1 sufriendo un ataque card\u00edaco y qu\u00e9 hacer si se necesita ayuda. Pero \u00bfsabr\u00edas si alguien est\u00e1 deprimido o est\u00e1 sufriendo un ataque de p\u00e1nico? \u00bfSabr\u00edas c\u00f3mo responder cuando alguien dice que est\u00e1 pensando en suicidarse?<\/p>\n\n\n\n<p>Primeros auxilios en salud mental ense\u00f1a al p\u00fablico c\u00f3mo reconocer los s\u00edntomas de los problemas de salud mental, c\u00f3mo ofrecer y brindar ayuda inicial y c\u00f3mo guiar a una persona hacia tratamientos adecuados y otra ayuda de apoyo.<\/p>\n\n\n\n<p>Est\u00e1 incluido en el Registro Nacional de Programas y Pr\u00e1cticas Basados en Evidencia de la Administraci\u00f3n de Servicios de Salud Mental y Abuso de Sustancias (SAMHSA) y es impartido por instructores certificados de Primeros Auxilios en Salud Mental de EE. UU.<\/p>\n\n\n\n<p>Sea el primero en marcar la diferencia en la vida de alguien y ayude a que los primeros auxilios en salud mental sean tan comunes como la reanimaci\u00f3n cardiopulmonar y los primeros auxilios. Para obtener m\u00e1s informaci\u00f3n, visite&nbsp;<a href=\"https:\/\/www.mentalhealthfirstaid.org\/\" target=\"_blank\" rel=\"noreferrer noopener\">Primeros auxilios para la salud mental.org<\/a>.<\/p>\n\n\n\n<h4 class=\"wp-block-heading\" id=\"h-register-for-a-class-in-your-county\">Reg\u00edstrese para una clase en su condado<\/h4>\n\n\n\n<ul class=\"wp-block-list\">\n<li><strong>Condado de Linn<\/strong> <a href=\"https:\/\/linntogether.org\/community-training\/\" target=\"_blank\" rel=\"noreferrer noopener\">Capacitaci\u00f3n en primeros auxilios en salud mental<\/a><br><a href=\"tel:541-967-3819\">541-967-3819<\/a><br>Correo electr\u00f3nico:&nbsp;&nbsp;<a href=\"mailto:prevention@co.linn.or.us\">prevention@co.linn.or.us<\/a><\/li>\n<\/ul>\n\n\n\n<h4 class=\"wp-block-heading\" id=\"h-local-contact-information-0\">Informaci\u00f3n de contacto local<\/h4>\n\n\n\n<ul class=\"wp-block-list\">\n<li><strong>Condado de Benton:<\/strong>&nbsp;<a href=\"tel:541-766-0160\">541-766-0160<\/a>, <a href=\"mailto:BentonHealthyCommunities@bentoncountyor.gov\">BentonHealthyCommunities@bentoncountyor.gov<\/a><\/li>\n\n\n\n<li><strong>Condado de Lincoln<\/strong>:&nbsp;<a href=\"tel:541-265-0595\">541-265-0595<\/a>, <a href=\"mailto:healthpromotion@co.lincoln.or.us\">healthpromotion@co.lincoln.or.us<\/a><\/li>\n\n\n\n<li><strong>Condado de Linn:<\/strong>&nbsp;<a href=\"tel:541-967-3819\">541-967-3819<\/a>, <a href=\"https:\/\/988lifeline.org\/\" target=\"_blank\" rel=\"noreferrer noopener\">988lifeline.org<\/a><\/li>\n<\/ul>\n\n<\/div>\n\t<\/section>\n<\/div>\n\n\n\n<div id=\"block_2f5f6a804b5486fa3a5f012d9638adad\" class=\"shs-block accordion\">\n\t<h3 class=\"accordion-title\">\n\t\t<button\n\t\t\ttype=\"button\"\n\t\t\tid=\"accordion_title_69e7aa4db20297.32996497\"\n\t\t\tclass=\"accordion-control\" aria-expanded=\"false\"\n\t\t\taria-controls=\"accordion_panel_69e7aa4db202b0.26673411\">Capacitaci\u00f3n en preguntas, persuasi\u00f3n y referencia (QPR) <span class=\"iconfont-chevron-right\"><\/span><\/button>\n\t<\/h3>\n\t<section\n\t\tid=\"accordion_panel_69e7aa4db202b0.26673411\"\n\t\tclass=\"accordion-panel\"\n\t\taria-labelledby=\"accordion_title_69e7aa4db20297.32996497\" style=\"height:0\">\n\t\t<div class=\"entry-content\">\n\n<p>\u00bfCrees que si le preguntas a alguien sobre el suicidio podr\u00edas hacerle pensar en el suicidio? \u00bfAlguna vez has deseado saber qu\u00e9 decirle a alguien que habla sobre la muerte, se hace da\u00f1o o tiene pensamientos suicidas? No est\u00e1s solo.<\/p>\n\n\n\n<p>QPR es una breve capacitaci\u00f3n en intervenci\u00f3n de salud mental de emergencia reconocida a nivel nacional que reemplaza los mitos sobre el suicidio con hechos basados en evidencia y le ense\u00f1a tres pasos simples que cualquiera puede aprender para ayudar a salvar una vida del suicidio.<\/p>\n\n\n\n<p>Para obtener m\u00e1s informaci\u00f3n, visite el&nbsp;<a href=\"https:\/\/www.qprinstitute.com\/about-qpr\" target=\"_blank\" rel=\"noreferrer noopener\">Instituto QPR<\/a>. Para programar una clase, comun\u00edquese con los Servicios de Salud del Condado de Linn al&nbsp;<a href=\"tel:541-967-3819\">541-967-3819<\/a>&nbsp;o&nbsp;<a href=\"mailto:prevention@co.linn.or.us\">prevention@co.linn.or.us<\/a>.<\/p>\n\n\n\n<h4 class=\"wp-block-heading\" id=\"h-local-contact-information-1\">Informaci\u00f3n de contacto local<\/h4>\n\n\n\n<ul class=\"wp-block-list\">\n<li><strong>Condado de Benton:<\/strong>&nbsp;<a href=\"tel:541-766-0160\">541-766-0160<\/a>, <a href=\"mailto:BentonHealthyCommunities@bentoncountyor.gov\">BentonHealthyCommunities@bentoncountyor.gov<\/a><\/li>\n\n\n\n<li><strong>Condado de Lincoln<\/strong>:&nbsp;<a href=\"tel:541-265-0595\">541-265-0595<\/a>, <a href=\"mailto:healthpromotion@co.lincoln.or.us\">healthpromotion@co.lincoln.or.us<\/a><\/li>\n\n\n\n<li><strong>Condado de Linn:<\/strong>&nbsp;<a href=\"tel:541-967-3819\">541-967-3819<\/a>, <a href=\"https:\/\/988lifeline.org\/\" target=\"_blank\" rel=\"noreferrer noopener\">988lifeline.org<\/a><\/li>\n<\/ul>\n\n<\/div>\n\t<\/section>\n<\/div>\n\n\n\n<div id=\"block_445c42f25b06101357502d3fed6051aa\" class=\"shs-block accordion\">\n\t<h3 class=\"accordion-title\">\n\t\t<button\n\t\t\ttype=\"button\"\n\t\t\tid=\"accordion_title_69e7aa4db236f1.41700601\"\n\t\t\tclass=\"accordion-control\" aria-expanded=\"false\"\n\t\t\taria-controls=\"accordion_panel_69e7aa4db23727.62099745\">Capacitaci\u00f3n en t\u00e9cnicas de intervenci\u00f3n aplicada al suicidio (ASIST) <span class=\"iconfont-chevron-right\"><\/span><\/button>\n\t<\/h3>\n\t<section\n\t\tid=\"accordion_panel_69e7aa4db23727.62099745\"\n\t\tclass=\"accordion-panel\"\n\t\taria-labelledby=\"accordion_title_69e7aa4db236f1.41700601\" style=\"height:0\">\n\t\t<div class=\"entry-content\">\n\n<p>\u00bfAlguna vez te ha preocupado que un amigo o familiar est\u00e9 pensando en suicidarse y te gustar\u00eda saber qu\u00e9 decir o c\u00f3mo ayudar? ASIST es un taller interactivo de dos d\u00edas sobre primeros auxilios en caso de suicidio. Ense\u00f1a a los participantes a reconocer cu\u00e1ndo alguien puede tener pensamientos suicidas y c\u00f3mo trabajar con ellos para crear un plan que respalde su seguridad inmediata.<\/p>\n\n\n\n<p>No es necesario ser un profesional para realizar el taller. ASIST es un taller acreditado a nivel nacional y basado en evidencia, al que pueden asistir todos los miembros del p\u00fablico.<\/p>\n\n\n\n<p>Para obtener informaci\u00f3n sobre ASIST, comun\u00edquese con los Servicios de Salud del Condado de Linn al&nbsp;<a href=\"tel:541-967-3819\">541-967-3819<\/a>&nbsp;o&nbsp;<a href=\"mailto:prevention@co.linn.or.us\">prevention@co.linn.or.us<\/a>.<\/p>\n\n\n\n<h4 class=\"wp-block-heading\" id=\"h-local-contact-information-2\"><strong>Informaci\u00f3n de contacto local<\/strong><\/h4>\n\n\n\n<ul class=\"wp-block-list\">\n<li><strong>Condado de Benton:<\/strong>&nbsp;<a href=\"tel:541-766-0160\">541-766-0160<\/a>, <a href=\"mailto:BentonHealthyCommunities@bentoncountyor.gov\">BentonHealthyCommunities@bentoncountyor.gov<\/a><\/li>\n\n\n\n<li><strong>Condado de Lincoln<\/strong>:&nbsp;<a href=\"tel:541-265-0595\">541-265-0595<\/a>, <a href=\"mailto:healthpromotion@co.lincoln.or.us\">healthpromotion@co.lincoln.or.us<\/a><\/li>\n\n\n\n<li><strong>Condado de Linn:<\/strong>&nbsp;<a href=\"tel:541-967-3819\">541-967-3819<\/a>, <a href=\"https:\/\/988lifeline.org\/\" target=\"_blank\" rel=\"noreferrer noopener\">988lifeline.org<\/a><\/li>\n<\/ul>\n\n<\/div>\n\t<\/section>\n<\/div>\n\n\n\n<div id=\"block_098f3cdce2f613bb4c71737486f7d9ec\" class=\"shs-block accordion\">\n\t<h3 class=\"accordion-title\">\n\t\t<button\n\t\t\ttype=\"button\"\n\t\t\tid=\"accordion_title_69e7aa4db25663.13466627\"\n\t\t\tclass=\"accordion-control\" aria-expanded=\"false\"\n\t\t\taria-controls=\"accordion_panel_69e7aa4db25692.06411838\">Soluci\u00f3n colaborativa de problemas para padres <span class=\"iconfont-chevron-right\"><\/span><\/button>\n\t<\/h3>\n\t<section\n\t\tid=\"accordion_panel_69e7aa4db25692.06411838\"\n\t\tclass=\"accordion-panel\"\n\t\taria-labelledby=\"accordion_title_69e7aa4db25663.13466627\" style=\"height:0\">\n\t\t<div class=\"entry-content\">\n\n<p>\u00bfEst\u00e1 desesperado porque sus hijos se portan mal en casa y en la escuela, se frustran f\u00e1cilmente con la vida o se lastiman a s\u00ed mismos o a los dem\u00e1s? La clase de resoluci\u00f3n colaborativa de problemas para padres es un grupo de apoyo para padres que se centra en las familias y los cuidadores de adolescentes y ni\u00f1os que tienen problemas de conducta.<\/p>\n\n\n\n<p>Visita el&nbsp;<a href=\"https:\/\/ofsn.org\/get-support-now\/\" target=\"_blank\" rel=\"noreferrer noopener\">Sitio web de la OFSN<\/a>&nbsp;y selecciona el tipo de ayuda que deseas.<\/p>\n\n<\/div>\n\t<\/section>\n<\/div>\n\n\n\n<p>&nbsp;<\/p>\n\n<\/div>\n\t<\/section>\n\n\n\n<section id=\"block_ff66c27e0d656f1db66e59fc155d4300\" class=\"shs-block block-section grid-container has-gray-warm-background-color\" >\n\t\t<div class=\"entry-content\">\n\n<h2 class=\"wp-block-heading\">Resiliencia en la promoci\u00f3n y prevenci\u00f3n de la salud conductual<\/h2>\n\n\n\n<p>La resiliencia es nuestra capacidad de adaptarnos y superar experiencias traum\u00e1ticas. Todos tenemos la capacidad de desarrollar resiliencia. Hay maneras de desarrollarla en nosotros mismos, en nuestra comunidad y en los ni\u00f1os que nos rodean.<\/p>\n\n\n\n<p>Para aprender m\u00e1s sobre la resiliencia y c\u00f3mo fomentarla en usted y en los dem\u00e1s, descargue estos recursos:<\/p>\n\n\n\n<ul class=\"wp-block-list\">\n<li>Hoja informativa general de la comunidad  <a href=\"https:\/\/ihntogether.org\/wp-content\/uploads\/sites\/4\/2024\/01\/ACE-Resilience-General.pdf\" target=\"_blank\" rel=\"noreferrer noopener\">(English)<\/a>   <a href=\"https:\/\/ihntogether.org\/wp-content\/uploads\/sites\/4\/2024\/01\/ACE-Resilience-General-Spanish.pdf\" target=\"_blank\" rel=\"noreferrer noopener\">(Espa\u00f1ol)<\/a><\/li>\n\n\n\n<li>Hoja informativa para padres  <a href=\"https:\/\/ihntogether.org\/wp-content\/uploads\/sites\/4\/2024\/01\/ACE-Resilience-Parents.pdf\" target=\"_blank\" rel=\"noreferrer noopener\">(English)<\/a><\/li>\n\n\n\n<li>Hoja informativa para educadores  <a href=\"https:\/\/ihntogether.org\/wp-content\/uploads\/sites\/4\/2024\/01\/ACE-Resilience-Educators.pdf\" target=\"_blank\" rel=\"noreferrer noopener\">(English)<\/a><\/li>\n\n\n\n<li>Hoja informativa sobre la comunidad religiosa  <a href=\"https:\/\/ihntogether.org\/wp-content\/uploads\/sites\/4\/2024\/01\/ACE-Resilience-Faith.pdf\" target=\"_blank\" rel=\"noreferrer noopener\">(English)<\/a><\/li>\n\n\n\n<li>Hoja informativa sobre el cumplimiento de la ley  <a href=\"https:\/\/ihntogether.org\/wp-content\/uploads\/sites\/4\/2024\/01\/ACE-resilience-Law-Enforcement.pdf\" target=\"_blank\" rel=\"noreferrer noopener\">(English)<\/a><\/li>\n<\/ul>\n\n<\/div>\n\t<\/section>\n\n\n\n<section id=\"block_f4ac3be4d9bfe7f211ec116299fea875\" class=\"shs-block block-section grid-container has-white-background-color has-full-bleed-image\" >\n\t\t\t<figure class=\"image\"\n\t\t\tstyle=\"background-image: url(https:\/\/ihntogether.org\/wp-content\/uploads\/sites\/4\/2023\/12\/Camp-out.jpg)\" \t\t\t>\n\t\t\t<img loading=\"lazy\" decoding=\"async\" width=\"900\" height=\"576\" src=\"https:\/\/ihntogether.org\/wp-content\/uploads\/sites\/4\/2023\/12\/Camp-out.jpg\" class=\"attachment-full size-full\" alt=\"\" srcset=\"https:\/\/ihntogether.org\/wp-content\/uploads\/sites\/4\/2023\/12\/Camp-out.jpg 900w, https:\/\/ihntogether.org\/wp-content\/uploads\/sites\/4\/2023\/12\/Camp-out-300x192.jpg 300w, https:\/\/ihntogether.org\/wp-content\/uploads\/sites\/4\/2023\/12\/Camp-out-768x492.jpg 768w, https:\/\/ihntogether.org\/wp-content\/uploads\/sites\/4\/2023\/12\/Camp-out-156x100.jpg 156w\" sizes=\"auto, (max-width: 900px) 100vw, 900px\" \/>\t\t<\/figure>\n\t\t<div class=\"entry-content\">\n\n<h2 class=\"wp-block-heading\" id=\"h-building-resilience-be-the-one-to-change-a-child-s-story\">Desarrollando la resiliencia: sea usted quien cambie la historia de un ni\u00f1o<\/h2>\n\n\n\n<p>Todos los ni\u00f1os tienen las habilidades y fortalezas necesarias para afrontar situaciones estresantes. La resiliencia es la capacidad de recuperar la salud y la esperanza despu\u00e9s de situaciones dif\u00edciles. El factor m\u00e1s importante para desarrollar la resiliencia en un ni\u00f1o es que cuente con un adulto estable y cari\u00f1oso en su vida. S\u00e9 t\u00fa quien cambie la historia de un ni\u00f1o. <\/p>\n\n\n\n<h2 class=\"wp-block-heading\" id=\"h-understanding-the-impact-of-adverse-childhood-experiences\">Comprender el impacto de las experiencias adversas en la infancia <\/h2>\n\n\n\n<p>Nuestras experiencias infantiles tienen un enorme impacto en nuestra salud y calidad de vida a lo largo de la vida. Cuando un ni\u00f1o se ve expuesto a un trauma continuo, puede derivar en problemas de salud negativos como enfermedades cr\u00f3nicas, adicciones y problemas de salud mental. Las Experiencias Adversas en la Infancia (EAI) son m\u00e1s comunes de lo que se cree. Aproximadamente dos de cada tres personas en el estado de Oregon han tenido al menos una EAI y una de cada cinco ha tenido cuatro o m\u00e1s.<\/p>\n\n\n\n<p>Obtenga m\u00e1s informaci\u00f3n sobre las ACE y c\u00f3mo afectan la salud conductual, mental y f\u00edsica a lo largo de nuestras vidas.<\/p>\n\n\n\n<p><a href=\"https:\/\/ihntogether.org\/wp-content\/uploads\/sites\/4\/2024\/01\/ACE-Infographic.pdf\" target=\"_blank\" rel=\"noreferrer noopener\">Infograf\u00eda de ACE (English)<\/a><\/p>\n\n<\/div>\n\t<\/section>\n\n\n\n<section id=\"block_3ed23aef9737689da4cef04c943c4ab9\" class=\"shs-block block-section grid-container has-breeze-background-color\" >\n\t\t<div class=\"entry-content\">\n\n<h2 class=\"wp-block-heading\">Atenci\u00f3n basada en el trauma<\/h2>\n\n\n\n<p>La atenci\u00f3n basada en el trauma reconoce que ciertas experiencias pueden ser abrumadoras para las personas que tienen antecedentes de trauma. Este concepto garantiza el compromiso de no repetir estas experiencias y permite que esas personas recuperen su poder y autoestima durante esas experiencias.&nbsp;<\/p>\n\n\n\n<p>Obtenga m\u00e1s informaci\u00f3n sobre la atenci\u00f3n informada sobre el trauma y c\u00f3mo las organizaciones pueden y est\u00e1n trabajando para estar m\u00e1s informadas sobre el trauma en Oregon en&nbsp;<a href=\"https:\/\/traumainformedoregon.org\/\" target=\"_blank\" rel=\"noreferrer noopener\">traumainformedoregon.org<\/a>.<\/p>\n\n<\/div>\n\t<\/section>\n\n\n\n<section id=\"block_df3f5b314785b50215d2728362844b2f\" class=\"shs-block block-section grid-container has-white-background-color has-full-bleed-image\" >\n\t\t\t<figure class=\"image\"\n\t\t\tstyle=\"background-image: url(https:\/\/ihntogether.org\/wp-content\/uploads\/sites\/4\/2023\/12\/Teacher-with-Children.jpg)\" \t\t\t>\n\t\t\t<img loading=\"lazy\" decoding=\"async\" width=\"900\" height=\"576\" src=\"https:\/\/ihntogether.org\/wp-content\/uploads\/sites\/4\/2023\/12\/Teacher-with-Children.jpg\" class=\"attachment-full size-full\" alt=\"\" srcset=\"https:\/\/ihntogether.org\/wp-content\/uploads\/sites\/4\/2023\/12\/Teacher-with-Children.jpg 900w, https:\/\/ihntogether.org\/wp-content\/uploads\/sites\/4\/2023\/12\/Teacher-with-Children-300x192.jpg 300w, https:\/\/ihntogether.org\/wp-content\/uploads\/sites\/4\/2023\/12\/Teacher-with-Children-768x492.jpg 768w, https:\/\/ihntogether.org\/wp-content\/uploads\/sites\/4\/2023\/12\/Teacher-with-Children-156x100.jpg 156w\" sizes=\"auto, (max-width: 900px) 100vw, 900px\" \/>\t\t<\/figure>\n\t\t<div class=\"entry-content\">\n\n<h2 class=\"wp-block-heading\">Recursos adicionales<\/h2>\n\n\n\n<p>A continuaci\u00f3n se muestran algunos recursos de salud mental adicionales que pueden interesarle:<\/p>\n\n\n\n<ul class=\"wp-block-list\">\n<li><a href=\"https:\/\/traumainformedoregon.org\/\" target=\"_blank\" rel=\"noreferrer noopener\">Oreg\u00f3n informado sobre traumas<\/a>.<\/li>\n\n\n\n<li><a href=\"https:\/\/pollywogfamily.org\/resources\/\" target=\"_blank\" rel=\"noreferrer noopener\">Renacuajo<\/a>:Recursos para familias preparadas y saludables.<\/li>\n\n\n\n<li><a href=\"https:\/\/nhchc.org\/wp-content\/uploads\/2020\/01\/Community-Resilience-Cookbook.pdf\" target=\"_blank\" rel=\"noreferrer noopener\">Libro de recetas para la resiliencia comunitaria<\/a>.<\/li>\n\n\n\n<li><a href=\"https:\/\/ihntogether.org\/es\/mas-servicios\/servicios-de-crisis\/\">Servicio de crisis<\/a>. <\/li>\n<\/ul>\n\n<\/div>\n\t<\/section>","protected":false},"excerpt":{"rendered":"<p>Aprenda m\u00e1s sobre salud conductual. Encuentre capacitaci\u00f3n y recursos descargables y en l\u00ednea.<\/p>","protected":false},"author":18,"featured_media":0,"parent":13,"menu_order":2,"comment_status":"closed","ping_status":"closed","template":"","meta":{"_acf_changed":false,"_searchwp_excluded":"","_shs_workflow_notes":"","_shs_exclude_from_navigation":false,"_shs_promote_article_on_blogs":"","footnotes":""},"class_list":["post-41","page","type-page","status-publish","hentry"],"acf":[],"_links":{"self":[{"href":"https:\/\/ihntogether.org\/es\/wp-json\/wp\/v2\/pages\/41","targetHints":{"allow":["GET"]}}],"collection":[{"href":"https:\/\/ihntogether.org\/es\/wp-json\/wp\/v2\/pages"}],"about":[{"href":"https:\/\/ihntogether.org\/es\/wp-json\/wp\/v2\/types\/page"}],"author":[{"embeddable":true,"href":"https:\/\/ihntogether.org\/es\/wp-json\/wp\/v2\/users\/18"}],"replies":[{"embeddable":true,"href":"https:\/\/ihntogether.org\/es\/wp-json\/wp\/v2\/comments?post=41"}],"version-history":[{"count":1,"href":"https:\/\/ihntogether.org\/es\/wp-json\/wp\/v2\/pages\/41\/revisions"}],"predecessor-version":[{"id":5070,"href":"https:\/\/ihntogether.org\/es\/wp-json\/wp\/v2\/pages\/41\/revisions\/5070"}],"up":[{"embeddable":true,"href":"https:\/\/ihntogether.org\/es\/wp-json\/wp\/v2\/pages\/13"}],"wp:attachment":[{"href":"https:\/\/ihntogether.org\/es\/wp-json\/wp\/v2\/media?parent=41"}],"curies":[{"name":"Gracias","href":"https:\/\/api.w.org\/{rel}","templated":true}]}}